{"id":935,"date":"2025-12-28T14:46:21","date_gmt":"2025-12-28T14:46:21","guid":{"rendered":"https:\/\/meditapes.com\/?post_type=product&#038;p=935"},"modified":"2025-12-28T14:46:23","modified_gmt":"2025-12-28T14:46:23","slug":"fabricante-de-tiras-nasales","status":"publish","type":"product","link":"https:\/\/meditapes.com\/es\/product\/fabricante-de-tiras-nasales\/","title":{"rendered":"Fabricante de tiras nasales grandes y medianas: tama\u00f1o personalizado 55 mm 66 mm"},"content":{"rendered":"<div class=\"product-description-container\">\n<h2>Fabricante de tiras nasales grandes y medianas \u2013 Tama\u00f1o personalizado 55 mm 66 mm<\/h2>\n<p>Bienvenido a <strong>Cintas m\u00e9dicas<\/strong>, su fuente principal de ayudas respiratorias de alta calidad. Como un dedicado <strong>fabricante de tiras nasales<\/strong>, entendemos que la eficacia comienza con el ajuste perfecto. Las soluciones est\u00e1ndar de \u201ctalla \u00fanica\u201d a menudo no logran proporcionar un alivio adecuado para diferentes estructuras nasales. Por eso nos especializamos en producir dimensiones espec\u00edficas, incluyendo nuestras populares <strong>tiras nasales de 66 mm<\/strong> para narices m\u00e1s grandes y las est\u00e1ndar <strong>tiras nasales medianas<\/strong> (55 mm), garantizando la m\u00e1xima cobertura y flujo de aire para cada usuario.<\/p>\n<p>Al abastecerse directamente de nuestra <strong>f\u00e1brica de tiras nasales<\/strong>, usted elimina a los intermediarios, asegurando precios competitivos directos de f\u00e1brica mientras accede a capacidades de producci\u00f3n totalmente personalizables. Ya sea propietario de una marca, distribuidor m\u00e9dico o vendedor de comercio electr\u00f3nico, MediTapes ofrece la precisi\u00f3n y consistencia en las que conf\u00eda su negocio.<\/p>\n<h3>La importancia del tallaje de precisi\u00f3n: 55 mm frente a 66 mm<\/h3>\n<p>La eficacia de una tira nasal depende totalmente de su colocaci\u00f3n y su acci\u00f3n de resorte. Si una tira es demasiado corta, no cubrir\u00e1 correctamente el ala de la nariz; si es demasiado larga, puede tocar el \u00e1rea de los ojos o despegarse f\u00e1cilmente. En MediTapes, hemos perfeccionado el proceso de troquelado para ofrecer opciones de tama\u00f1o exactas:<\/p>\n<ul>\n<li><strong>Tiras nasales de 66 mm (Grandes):<\/strong> Dise\u00f1adas para hombres adultos o personas con puentes nasales m\u00e1s anchos. Estas tiras proporcionan una acci\u00f3n de resorte m\u00e1s fuerte debido a su mayor superficie y longitud, lo que las hace ideales para roncadores intensos o atletas de complexi\u00f3n grande.<\/li>\n<li><strong>Tiras nasales medianas (55 mm):<\/strong> El tama\u00f1o est\u00e1ndar de la industria, perfecto para la nariz del adulto promedio (tanto hombres como mujeres) y adolescentes. Estas tiras equilibran la comodidad con una dilataci\u00f3n eficaz.<\/li>\n<li><strong>Tama\u00f1os personalizados:<\/strong> M\u00e1s all\u00e1 de estos est\u00e1ndares, nuestras l\u00edneas de fabricaci\u00f3n pueden ajustarse para producir tama\u00f1os intermedios (como 60 mm) o tama\u00f1os pedi\u00e1tricos bajo pedido.<\/li>\n<\/ul>\n<h3>Capacidades de la f\u00e1brica y garant\u00eda de calidad<\/h3>\n<p>MediTapes no es solo un proveedor; somos un especialista <strong>f\u00e1brica de tiras nasales<\/strong>. Nuestras instalaciones est\u00e1n equipadas con maquinaria de conversi\u00f3n avanzada que garantiza que cada tira se corte al mil\u00edmetro exacto. Utilizamos materiales de alta calidad, incluyendo telas no tejidas porosas y adhesivos hipoalerg\u00e9nicos, asegurando que nuestras tiras permanezcan en su lugar toda la noche sin causar irritaci\u00f3n en la piel.<\/p>\n<p>Nuestro proceso de control de calidad es riguroso. Probamos la \u201cfuerza de recuperaci\u00f3n\u201d \u2014la capacidad de la tira para intentar volver a su forma plana\u2014 para asegurar que eleve eficazmente los conductos nasales. Este compromiso con la calidad nos convierte en el preferido <strong>fabricante de tiras nasales<\/strong> para marcas que no pueden permitirse devoluciones de productos o rese\u00f1as negativas.<\/p>\n<h3>Especificaciones t\u00e9cnicas<\/h3>\n<p>Ofrecemos total transparencia sobre los par\u00e1metros de nuestros productos para ayudarle a tomar decisiones de compra informadas. A continuaci\u00f3n se presentan las especificaciones est\u00e1ndar disponibles para pedidos al por mayor:<\/p>\n<table style=\"width: 100%; border-collapse: collapse; margin-bottom: 20px;\" border=\"1\">\n<tbody>\n<tr style=\"background-color: #f2f2f2;\">\n<td style=\"padding: 10px; border: 1px solid #ddd;\"><strong>Nombre del producto<\/strong><\/td>\n<td style=\"padding: 10px; border: 1px solid #ddd;\">Tiras nasales de corte de precisi\u00f3n<\/td>\n<\/tr>\n<tr>\n<td style=\"padding: 10px; border: 1px solid #ddd;\"><strong>Dimensiones clave (Longitud)<\/strong><\/td>\n<td style=\"padding: 10px; border: 1px solid #ddd;\">66 mm (Grande), 55 mm (Mediana), 60 mm (Universal)<\/td>\n<\/tr>\n<tr style=\"background-color: #f2f2f2;\">\n<td style=\"padding: 10px; border: 1px solid #ddd;\"><strong>Dimensiones clave (Ancho)<\/strong><\/td>\n<td style=\"padding: 10px; border: 1px solid #ddd;\">1,9cm \/ 1,6cm \/ 2,15cm<\/td>\n<\/tr>\n<tr>\n<td style=\"padding: 10px; border: 1px solid #ddd;\"><strong>Opciones de material<\/strong><\/td>\n<td style=\"padding: 10px; border: 1px solid #ddd;\">PE (Polietileno), Tela no tejida, Pel\u00edcula transparente<\/td>\n<\/tr>\n<tr style=\"background-color: #f2f2f2;\">\n<td style=\"padding: 10px; border: 1px solid #ddd;\"><strong>Adhesivo<\/strong><\/td>\n<td style=\"padding: 10px; border: 1px solid #ddd;\">Adhesivo m\u00e9dico sensible a la presi\u00f3n (Hipoalerg\u00e9nico)<\/td>\n<\/tr>\n<tr>\n<td style=\"padding: 10px; border: 1px solid #ddd;\"><strong>Colores<\/strong><\/td>\n<td style=\"padding: 10px; border: 1px solid #ddd;\">Piel, Transparente, Azul, Negro, Rojo, Verde (Personalizable)<\/td>\n<\/tr>\n<tr style=\"background-color: #f2f2f2;\">\n<td style=\"padding: 10px; border: 1px solid #ddd;\"><strong>Embalaje<\/strong><\/td>\n<td style=\"padding: 10px; border: 1px solid #ddd;\">Seg\u00fan los requisitos del cliente (Hojas a granel, envoltorios individuales, cajas para venta al por menor)<\/td>\n<\/tr>\n<\/tbody>\n<\/table>\n<h3>\u00bfPor qu\u00e9 asociarse con MediTapes?<\/h3>\n<p><strong>1. Flexibilidad de personalizaci\u00f3n:<\/strong> Como fabricante directo <strong>f\u00e1brica de tiras nasales<\/strong>, podemos modificar casi cualquier aspecto del producto. \u00bfNecesita un tono espec\u00edfico de azul para su marca deportiva? \u00bfNecesita una tira m\u00e1s ancha de 2,15 cm para una sujeci\u00f3n m\u00e1xima? Podemos hacerlo.<\/p>\n<p><strong>2. Volumen escalable:<\/strong> Ya sea que necesite 5.000 unidades para una prueba o 500.000 unidades para un lanzamiento nacional, nuestras l\u00edneas de producci\u00f3n se escalan para satisfacer su demanda sin comprometer la precisi\u00f3n de nuestros <strong>tiras nasales de 66 mm<\/strong> u otros tama\u00f1os.<\/p>\n<p><strong>3. Precios competitivos:<\/strong> Operamos con principios de fabricaci\u00f3n ajustada (lean manufacturing), transfiri\u00e9ndole los ahorros a usted. Nuestras tarifas al por mayor le permiten mantener m\u00e1rgenes de beneficio saludables mientras ofrece un producto superior a sus clientes.<\/p>\n<h3>Aplicaciones y beneficios para el usuario final<\/h3>\n<p>Sus clientes buscan soluciones para dormir mejor y respirar con m\u00e1s facilidad. Se ha demostrado que nuestras tiras permiten:<\/p>\n<ul>\n<li>Aliviar instant\u00e1neamente la congesti\u00f3n nasal debida a resfriados o alergias.<\/li>\n<li>Reducir o eliminar los ronquidos al abrir las v\u00edas respiratorias nasales.<\/li>\n<li>Mejorar la captaci\u00f3n de ox\u00edgeno durante el rendimiento deportivo.<\/li>\n<\/ul>\n<h3>Cont\u00e1ctenos para obtener una cotizaci\u00f3n directa de f\u00e1brica<\/h3>\n<p>\u00bfEst\u00e1 listo para mejorar su l\u00ednea de productos con lo mejor <strong>tiras nasales medianas<\/strong> y los tama\u00f1os grandes del mercado? As\u00f3ciese con MediTapes hoy mismo. Nuestro equipo est\u00e1 listo para analizar sus necesidades espec\u00edficas de tama\u00f1o y ofrecerle una cotizaci\u00f3n competitiva.<\/p>\n<p>No se conforme con tama\u00f1os gen\u00e9ricos. Obtenga la precisi\u00f3n que su marca merece.<\/p>\n<p style=\"text-align: center; font-size: 1.2em; margin-top: 30px;\"><a style=\"background-color: #e67e22; color: #ffffff; padding: 15px 25px; text-decoration: none; border-radius: 5px;\" href=\"https:\/\/meditapes.com\/es\/contacto\/\" target=\"_blank\" rel=\"noopener\"><strong>Contacte a nuestro equipo de ventas<\/strong><\/a><\/p>\n<p style=\"text-align: center; margin-top: 20px;\">Para consultas de OEM y muestras: <a href=\"mailto:info@meditapes.com\" target=\"_blank\" rel=\"noopener\">info@meditapes.com<\/a><\/p>\n<\/div>","protected":false},"excerpt":{"rendered":"<p>Directo del fabricante: tiras nasales en 55 mm, 66 mm y tama\u00f1os personalizados. Ofrecemos tiras de corte preciso que se adaptan de forma segura a todas las formas de nariz. Nuestra f\u00e1brica garantiza precios competitivos para pedidos al por mayor. Mejore la calidad del sue\u00f1o de sus clientes con nuestra tecnolog\u00eda de tiras nasales comprobada.<\/p>","protected":false},"featured_media":936,"template":"","meta":[],"product_brand":[28],"product_cat":[27,758],"product_tag":[980,981,978,979],"class_list":{"0":"post-935","1":"product","2":"type-product","3":"status-publish","4":"has-post-thumbnail","6":"product_brand-meditapes","7":"product_cat-kinesiology-tapes","8":"product_cat-nasal-strip","9":"product_tag-66mm-nasal-strips","10":"product_tag-medium-nasal-strips","11":"product_tag-nasal-strip-manufacturer","12":"product_tag-nose-strip-factory","14":"first","15":"instock","16":"shipping-taxable","17":"product-type-simple"},"_links":{"self":[{"href":"https:\/\/meditapes.com\/es\/wp-json\/wp\/v2\/product\/935","targetHints":{"allow":["GET"]}}],"collection":[{"href":"https:\/\/meditapes.com\/es\/wp-json\/wp\/v2\/product"}],"about":[{"href":"https:\/\/meditapes.com\/es\/wp-json\/wp\/v2\/types\/product"}],"wp:featuredmedia":[{"embeddable":true,"href":"https:\/\/meditapes.com\/es\/wp-json\/wp\/v2\/media\/936"}],"wp:attachment":[{"href":"https:\/\/meditapes.com\/es\/wp-json\/wp\/v2\/media?parent=935"}],"wp:term":[{"taxonomy":"product_brand","embeddable":true,"href":"https:\/\/meditapes.com\/es\/wp-json\/wp\/v2\/product_brand?post=935"},{"taxonomy":"product_cat","embeddable":true,"href":"https:\/\/meditapes.com\/es\/wp-json\/wp\/v2\/product_cat?post=935"},{"taxonomy":"product_tag","embeddable":true,"href":"https:\/\/meditapes.com\/es\/wp-json\/wp\/v2\/product_tag?post=935"}],"curies":[{"name":"WP","href":"https:\/\/api.w.org\/{rel}","templated":true}]}}