{"id":933,"date":"2025-12-28T14:43:09","date_gmt":"2025-12-28T14:43:09","guid":{"rendered":"https:\/\/meditapes.com\/?post_type=product&#038;p=933"},"modified":"2025-12-28T14:43:10","modified_gmt":"2025-12-28T14:43:10","slug":"medical-grade-nasal-strips","status":"publish","type":"product","link":"https:\/\/meditapes.com\/es\/product\/medical-grade-nasal-strips\/","title":{"rendered":"Tiras nasales de grado m\u00e9dico al por mayor: alivio de la congesti\u00f3n sin medicamentos"},"content":{"rendered":"<div class=\"product-description-container\">\n<h2>Tiras nasales de grado m\u00e9dico al por mayor: Alivio de la congesti\u00f3n sin medicamentos<\/h2>\n<p>Bienvenido a <strong>Cintas m\u00e9dicas<\/strong>, un fabricante mundial de confianza dedicado a proporcionar soluciones respiratorias de alta calidad a los sectores m\u00e9dico y sanitario. Nuestras <strong>Tiras nasales de grado m\u00e9dico al por mayor<\/strong> est\u00e1n dise\u00f1adas para cumplir con los est\u00e1ndares rigurosos de hospitales, cl\u00ednicas del sue\u00f1o y cadenas de farmacias. En una era en la que tanto pacientes como proveedores buscan tratamientos no farmacol\u00f3gicos eficaces, nuestras tiras ofrecen de forma inmediata, <strong>alivio sin medicamentos<\/strong> de la congesti\u00f3n nasal, lo que las convierte en un complemento esencial para cualquier inventario m\u00e9dico.<\/p>\n<p>Entendemos que los proveedores m\u00e9dicos requieren m\u00e1s que un simple producto; necesitan consistencia, seguridad y fiabilidad. MediTapes cumple en todos los frentes, proporcionando <strong>tiras nasales m\u00e9dicas<\/strong> que son seguras para su uso junto con medicamentos orales, adecuadas para tratamientos prolongados y disponibles en grandes vol\u00famenes de <strong>tiras nasales al por mayor<\/strong> configuraciones para agilizar su proceso de adquisici\u00f3n.<\/p>\n<h3>La ventaja cl\u00ednica: Sin medicamentos y segura<\/h3>\n<p>La principal ventaja de nuestras tiras nasales reside en su modo de acci\u00f3n mec\u00e1nico. A diferencia de los aerosoles o pastillas descongestionantes que pueden aumentar la presi\u00f3n arterial o causar somnolencia, nuestras tiras funcionan de forma f\u00edsica. Al adherirse al puente de la nariz, las bandas el\u00e1sticas patentadas intentan enderezarse, elevando suavemente las aletas flexibles de la nariz.<\/p>\n<p>Esta acci\u00f3n abre las fosas nasales, mejorando el flujo de aire hasta en un 31%. Esto hace que nuestra <strong>alivio sin medicamentos<\/strong> soluci\u00f3n sea ideal para grupos de pacientes sensibles, incluyendo:<\/p>\n<ul>\n<li>Mujeres embarazadas que sufren de rinitis gestacional.<\/li>\n<li>Pacientes de edad avanzada que toman m\u00faltiples medicamentos (evitando interacciones farmacol\u00f3gicas).<\/li>\n<li>Pacientes con hipertensi\u00f3n que no pueden tomar descongestionantes est\u00e1ndar.<\/li>\n<\/ul>\n<h3>Materiales hipoalerg\u00e9nicos para la comodidad del paciente<\/h3>\n<p>En un entorno cl\u00ednico, la seguridad de la piel es primordial. MediTapes utiliza un adhesivo especializado de grado m\u00e9dico que es riguroso pero suave. Nuestras <strong>tiras nasales hipoalerg\u00e9nicas<\/strong> est\u00e1n dise\u00f1adas para minimizar el riesgo de dermatitis de contacto o irritaci\u00f3n cut\u00e1nea, incluso con el uso nocturno.<\/p>\n<p>El tejido poroso no tejido permite que la piel respire, evitando la acumulaci\u00f3n de humedad debajo de la tira. Esta atenci\u00f3n a la ciencia de los materiales garantiza que cuando se abastece <strong>tiras nasales al por mayor<\/strong> de nosotros, est\u00e9 proporcionando a los usuarios finales un producto que es tan c\u00f3modo como eficaz.<\/p>\n<h3>Especificaciones t\u00e9cnicas y par\u00e1metros<\/h3>\n<p>Ofrecemos dimensiones precisas para atender a diferentes perfiles demogr\u00e1ficos de pacientes, desde pediatr\u00eda hasta adultos. Nuestras tolerancias de fabricaci\u00f3n est\u00e1n estrictamente controladas para garantizar que cada tira funcione de manera constante.<\/p>\n<table style=\"width: 100%; border-collapse: collapse; margin-bottom: 20px;\" border=\"1\">\n<tbody>\n<tr style=\"background-color: #f2f2f2;\">\n<td style=\"padding: 10px; border: 1px solid #ddd;\"><strong>Nombre del producto<\/strong><\/td>\n<td style=\"padding: 10px; border: 1px solid #ddd;\">Tira nasal de grado m\u00e9dico<\/td>\n<\/tr>\n<tr>\n<td style=\"padding: 10px; border: 1px solid #ddd;\"><strong>Composici\u00f3n del material<\/strong><\/td>\n<td style=\"padding: 10px; border: 1px solid #ddd;\">Tejido poroso no tejido, adhesivo m\u00e9dico sensible a la presi\u00f3n, bandas el\u00e1sticas de PE<\/td>\n<\/tr>\n<tr style=\"background-color: #f2f2f2;\">\n<td style=\"padding: 10px; border: 1px solid #ddd;\"><strong>Dimensiones disponibles (Longitud)<\/strong><\/td>\n<td style=\"padding: 10px; border: 1px solid #ddd;\">6,6 cm (Adulto grande) \/ 5,5 cm (Adulto est\u00e1ndar) \/ 6 cm (Universal)<\/td>\n<\/tr>\n<tr>\n<td style=\"padding: 10px; border: 1px solid #ddd;\"><strong>Dimensiones disponibles (Anchura)<\/strong><\/td>\n<td style=\"padding: 10px; border: 1px solid #ddd;\">1,9cm \/ 1,6cm \/ 2,15cm<\/td>\n<\/tr>\n<tr style=\"background-color: #f2f2f2;\">\n<td style=\"padding: 10px; border: 1px solid #ddd;\"><strong>Opciones de color<\/strong><\/td>\n<td style=\"padding: 10px; border: 1px solid #ddd;\">Piel\/Beige (est\u00e1ndar para medicina), Transparente, Colores personalizados disponibles<\/td>\n<\/tr>\n<tr>\n<td style=\"padding: 10px; border: 1px solid #ddd;\"><strong>Esterilidad\/Embalaje<\/strong><\/td>\n<td style=\"padding: 10px; border: 1px solid #ddd;\">No est\u00e9ril; envasado seg\u00fan los requisitos del cliente (cartones a granel, dispensadores cl\u00ednicos)<\/td>\n<\/tr>\n<\/tbody>\n<\/table>\n<h3>Aplicaciones en el sector sanitario<\/h3>\n<p>Nuestra cinta <strong>tiras nasales m\u00e9dicas<\/strong> son herramientas vers\u00e1tiles utilizadas en diversas disciplinas m\u00e9dicas:<\/p>\n<ul>\n<li><strong>Medicina del sue\u00f1o:<\/strong> Utilizado para reducir el volumen y la frecuencia de los ronquidos, y como terapia complementaria para la apnea obstructiva del sue\u00f1o (AOS) leve.<\/li>\n<li><strong>Otorrinolaringolog\u00eda (O\u00eddo, nariz y garganta):<\/strong> Prescrito para el alivio de los s\u00edntomas del tabique desviado o el colapso cr\u00f3nico de la v\u00e1lvula nasal.<\/li>\n<li><strong>Pr\u00e1ctica general:<\/strong> Recomendado para el alivio de la congesti\u00f3n por resfriado, gripe y alergias.<\/li>\n<li><strong>Cuidados postoperatorios:<\/strong> A veces se utiliza para facilitar la respiraci\u00f3n despu\u00e9s de una rinoplastia (una vez que la cicatrizaci\u00f3n externa es suficiente).<\/li>\n<\/ul>\n<h3>\u00bfPor qu\u00e9 adquirir tiras nasales al por mayor de MediTapes?<\/h3>\n<p>MediTapes se distingue como un socio de primer nivel para <strong>Mayoristas de dispositivos m\u00e9dicos<\/strong> y departamentos de compras hospitalarias a trav\u00e9s de:<\/p>\n<ol>\n<li><strong>Cadena de suministro escalable:<\/strong> Ya sea que necesite 10,000 unidades para una cl\u00ednica local o 1 mill\u00f3n de unidades para una cadena nacional de farmacias, nuestra capacidad de f\u00e1brica garantiza la entrega puntual de <strong>tiras nasales al por mayor<\/strong>.<\/li>\n<li><strong>Embalaje flexible:<\/strong> Entendemos que los hospitales tienen necesidades de embalaje diferentes a las de las tiendas minoristas. Ofrecemos embalajes \u201cseg\u00fan los requisitos del cliente\u201d, incluyendo sobres a granel para mayor eficiencia de costos o cajas listas para la venta al por menor en estantes de farmacias.<\/li>\n<li><strong>Cumplimiento normativo:<\/strong> Cumplimos con estrictos protocolos de fabricaci\u00f3n para asegurar que nuestros <strong>tiras nasales hipoalerg\u00e9nicas<\/strong> cumplan con los est\u00e1ndares de seguridad internacionales.<\/li>\n<\/ol>\n<h3>As\u00f3ciese con nosotros para obtener soluciones de respiraci\u00f3n m\u00e1s seguras<\/h3>\n<p>Mejore su cat\u00e1logo de suministros m\u00e9dicos con un producto que mejora la calidad de vida del paciente de forma sencilla y eficaz. MediTapes est\u00e1 preparada para ser su socio de fabricaci\u00f3n a largo plazo para <strong>alivio sin medicamentos<\/strong> productos.<\/p>\n<p>P\u00f3ngase en contacto con nuestra divisi\u00f3n de ventas m\u00e9dicas hoy mismo para consultar precios al por mayor, solicitar fichas t\u00e9cnicas o pedir muestras para evaluaci\u00f3n.<\/p>\n<p style=\"text-align: center; font-size: 1.2em; margin-top: 30px;\"><a style=\"background-color: #0056b3; color: #ffffff; padding: 15px 25px; text-decoration: none; border-radius: 5px;\" href=\"https:\/\/meditapes.com\/es\/contacto\/\" target=\"_blank\" rel=\"noopener\"><strong>Solicitar cotizaci\u00f3n para venta m\u00e9dica al por mayor<\/strong><\/a><\/p>\n<p style=\"text-align: center; margin-top: 20px;\">O cont\u00e1ctenos por correo electr\u00f3nico: <a href=\"mailto:info@meditapes.com\" target=\"_blank\" rel=\"noopener\">info@meditapes.com<\/a><\/p>\n<\/div>","protected":false},"excerpt":{"rendered":"<p>Obtenga un alivio de la congesti\u00f3n seguro y sin medicamentos con nuestras tiras nasales de grado m\u00e9dico. Estas tiras hipoalerg\u00e9nicas elevan suavemente las fosas nasales para aliviar los ronquidos y los s\u00edntomas del resfriado. Una opci\u00f3n de confianza para proveedores m\u00e9dicos que requieren una calidad constante y opciones flexibles de envasado a granel.<\/p>","protected":false},"featured_media":934,"template":"","meta":[],"product_brand":[28],"product_cat":[27,758],"product_tag":[976,975,977,974],"class_list":{"0":"post-933","1":"product","2":"type-product","3":"status-publish","4":"has-post-thumbnail","6":"product_brand-meditapes","7":"product_cat-kinesiology-tapes","8":"product_cat-nasal-strip","9":"product_tag-bulk-nose-strips","10":"product_tag-drug-free-relief","11":"product_tag-hypoallergenic-nasal-strips","12":"product_tag-medical-nasal-strips","14":"first","15":"instock","16":"shipping-taxable","17":"product-type-simple"},"_links":{"self":[{"href":"https:\/\/meditapes.com\/es\/wp-json\/wp\/v2\/product\/933","targetHints":{"allow":["GET"]}}],"collection":[{"href":"https:\/\/meditapes.com\/es\/wp-json\/wp\/v2\/product"}],"about":[{"href":"https:\/\/meditapes.com\/es\/wp-json\/wp\/v2\/types\/product"}],"wp:featuredmedia":[{"embeddable":true,"href":"https:\/\/meditapes.com\/es\/wp-json\/wp\/v2\/media\/934"}],"wp:attachment":[{"href":"https:\/\/meditapes.com\/es\/wp-json\/wp\/v2\/media?parent=933"}],"wp:term":[{"taxonomy":"product_brand","embeddable":true,"href":"https:\/\/meditapes.com\/es\/wp-json\/wp\/v2\/product_brand?post=933"},{"taxonomy":"product_cat","embeddable":true,"href":"https:\/\/meditapes.com\/es\/wp-json\/wp\/v2\/product_cat?post=933"},{"taxonomy":"product_tag","embeddable":true,"href":"https:\/\/meditapes.com\/es\/wp-json\/wp\/v2\/product_tag?post=933"}],"curies":[{"name":"WP","href":"https:\/\/api.w.org\/{rel}","templated":true}]}}