{"id":927,"date":"2025-12-28T14:35:23","date_gmt":"2025-12-28T14:35:23","guid":{"rendered":"https:\/\/meditapes.com\/?post_type=product&#038;p=927"},"modified":"2025-12-28T14:35:24","modified_gmt":"2025-12-28T14:35:24","slug":"wholesale-anti-snoring-nasal-strips","status":"publish","type":"product","link":"https:\/\/meditapes.com\/es\/product\/wholesale-anti-snoring-nasal-strips\/","title":{"rendered":"Tiras nasales antirronquidos al por mayor para un mejor alivio respiratorio"},"content":{"rendered":"<div class=\"product-description-container\">\n<h2>Tiras nasales antirronquidos premium al por mayor para distribuidores globales<\/h2>\n<p>Bienvenido a <strong>Cintas m\u00e9dicas<\/strong>, su socio de confianza en soluciones de cuidado respiratorio. En el mercado de r\u00e1pido crecimiento de los auxiliares para el sue\u00f1o y el alivio respiratorio, nuestras <strong>Tiras nasales antirronquidos al por mayor<\/strong> se destacan como una soluci\u00f3n de primer nivel, sin medicamentos. Dise\u00f1adas para cadenas de farmacias, marcas privadas y distribuidores m\u00e9dicos, estas tiras est\u00e1n dise\u00f1adas para proporcionar de forma instant\u00e1nea <strong>alivio nasal<\/strong> mediante la expansi\u00f3n mec\u00e1nica de las fosas nasales.<\/p>\n<p>Ya sea que sus clientes sufran de congesti\u00f3n nocturna debido a resfriados y alergias, o sean atletas que buscan optimizar la ingesta de ox\u00edgeno, nuestras <strong>tiras para respirar mejor<\/strong> ofrecen un remedio no invasivo, seguro y eficaz. Al adquirir <strong>tiras nasales al por mayor<\/strong> de MediTapes, se asegura de que su inventario cuente con productos de alta demanda que ofrecen resultados tangibles.<\/p>\n<h3>C\u00f3mo funcionan nuestras tiras nasales: la ciencia de respirar mejor<\/h3>\n<p>A diferencia de los descongestionantes orales que pueden causar somnolencia o nerviosismo, nuestras <strong>tiras antironquidos<\/strong> funcionan de manera puramente mec\u00e1nica. Cada tira contiene bandas flexibles tipo resorte. Cuando se aplican correctamente sobre el puente de la nariz, estas bandas intentan volver a su forma original. Esta acci\u00f3n levanta suavemente los lados de la nariz, ensanchando las v\u00e1lvulas nasales y mejorando significativamente el flujo de aire.<\/p>\n<p>Este mecanismo sencillo pero eficaz las convierte en la opci\u00f3n ideal para <strong>alivio nasal<\/strong>. Reducen la resistencia al flujo de aire en los conductos nasales, que es la causa principal de los ronquidos. Los estudios cl\u00ednicos y los comentarios de los usuarios demuestran sistem\u00e1ticamente que el uso de productos de alta calidad como las <strong>tiras nasales<\/strong> puede reducir la intensidad y frecuencia de los ronquidos, mejorando la calidad del sue\u00f1o tanto para el usuario como para su pareja.<\/p>\n<h3>Especificaciones y par\u00e1metros del producto<\/h3>\n<p>En MediTapes, entendemos que una sola medida no es apta para todos. Ofrecemos una variedad de dimensiones y colores para adaptarse a diferentes perfiles demogr\u00e1ficos, desde ni\u00f1os hasta adultos con estructuras nasales m\u00e1s grandes. A continuaci\u00f3n se presentan las especificaciones detalladas para nuestros productos a granel <strong>tiras nasales<\/strong>:<\/p>\n<table style=\"width: 100%; border-collapse: collapse; margin-bottom: 20px;\" border=\"1\">\n<tbody>\n<tr style=\"background-color: #f2f2f2;\">\n<td style=\"padding: 10px; border: 1px solid #ddd;\"><strong>Nombre del producto<\/strong><\/td>\n<td style=\"padding: 10px; border: 1px solid #ddd;\">Tira nasal (Antirronquidos \/ Deporte \/ Alivio)<\/td>\n<\/tr>\n<tr>\n<td style=\"padding: 10px; border: 1px solid #ddd;\"><strong>Anchos Disponibles<\/strong><\/td>\n<td style=\"padding: 10px; border: 1px solid #ddd;\">1,9cm \/ 1,6cm \/ 2,15cm<\/td>\n<\/tr>\n<tr style=\"background-color: #f2f2f2;\">\n<td style=\"padding: 10px; border: 1px solid #ddd;\"><strong>Longitudes Disponibles<\/strong><\/td>\n<td style=\"padding: 10px; border: 1px solid #ddd;\">6,6 cm \/ 5,5 cm \/ 6 cm<\/td>\n<\/tr>\n<tr>\n<td style=\"padding: 10px; border: 1px solid #ddd;\"><strong>Colores<\/strong><\/td>\n<td style=\"padding: 10px; border: 1px solid #ddd;\">Piel (Beige), Azul, Negro<\/td>\n<\/tr>\n<tr style=\"background-color: #f2f2f2;\">\n<td style=\"padding: 10px; border: 1px solid #ddd;\"><strong>Caracter\u00edsticas del material<\/strong><\/td>\n<td style=\"padding: 10px; border: 1px solid #ddd;\">Adhesivo hipoalerg\u00e9nico, tela no tejida porosa, pel\u00edcula de PE<\/td>\n<\/tr>\n<tr>\n<td style=\"padding: 10px; border: 1px solid #ddd;\"><strong>Opciones de embalaje<\/strong><\/td>\n<td style=\"padding: 10px; border: 1px solid #ddd;\">Totalmente personalizable seg\u00fan los requisitos del cliente (a granel, sobres individuales, cajas de venta al por menor)<\/td>\n<\/tr>\n<\/tbody>\n<\/table>\n<h3>Beneficios clave para sus clientes<\/h3>\n<ul>\n<li><strong>Soluci\u00f3n sin f\u00e1rmacos:<\/strong> Seguro para su uso junto con otros medicamentos. Sin efectos secundarios como mareos o insomnio.<\/li>\n<li><strong>Aplicaci\u00f3n vers\u00e1til:<\/strong> Perfecto para reducir los ronquidos, aliviar la congesti\u00f3n por desviaci\u00f3n del tabique o controlar los s\u00edntomas de la alergia.<\/li>\n<li><strong>Mejora del rendimiento deportivo:<\/strong> Muchos atletas profesionales utilizan nuestras <strong>tiras para respirar mejor<\/strong> para maximizar la ingesta de ox\u00edgeno durante la actividad f\u00edsica intensa.<\/li>\n<li><strong>Uso c\u00f3modo:<\/strong> Fabricadas con materiales transpirables y un adhesivo respetuoso con la piel que permanece en su lugar toda la noche pero se retira sin dolor.<\/li>\n<\/ul>\n<h3>\u00bfPor qu\u00e9 elegir MediTapes para tiras nasales al por mayor?<\/h3>\n<p>Como fabricante l\u00edder, MediTapes se dedica a la calidad y la flexibilidad. No solo vendemos productos; proporcionamos soluciones integrales para la cadena de suministro. Cuando nos elige para sus <strong>tiras nasales al por mayor<\/strong> necesidades, usted se beneficia de:<\/p>\n<p><strong>1. Personalizaci\u00f3n OEM\/ODM:<\/strong> Entendemos el poder del branding. Podemos fabricar estas <strong>tiras antironquidos<\/strong> en los colores especificados (piel, azul, negro) y empaquetarlas seg\u00fan sus requisitos de dise\u00f1o exactos. Ya sea que necesite cajas de venta al por menor de 10 unidades o env\u00edos a granel para el reempaquetado, nos adaptamos a sus necesidades.<\/p>\n<p><strong>2. Calidad constante:<\/strong> Nuestro proceso de fabricaci\u00f3n cumple con estrictos est\u00e1ndares de control de calidad. Nos aseguramos de que cada lote de <strong>alivio nasal<\/strong> tiras proporcione una adhesi\u00f3n y una fuerza de resorte constantes.<\/p>\n<p><strong>3. Precios B2B competitivos:<\/strong> Al comprar directamente a MediTapes, elimina intermediarios, garantizando que obtenga el mejor margen posible en sus <strong>tiras para respirar mejor<\/strong>.<\/p>\n<h3>Mercados objetivo y aplicaciones<\/h3>\n<p>Nuestra cinta <strong>tiras nasales al por mayor<\/strong> est\u00e1n actualmente en alta demanda en diversos sectores:<\/p>\n<ul>\n<li><strong>Farmacias minoristas y droguer\u00edas:<\/strong> Un producto esencial de venta libre para las secciones de resfriados y gripe.<\/li>\n<li><strong>Cl\u00ednicas del sue\u00f1o:<\/strong> Recomendado como tratamiento de primera l\u00ednea y no invasivo para el ronquido leve.<\/li>\n<li><strong>Minoristas de art\u00edculos deportivos:<\/strong> Comercializado para corredores, ciclistas y usuarios de gimnasio que buscan una ventaja en su rendimiento.<\/li>\n<li><strong>Mercados en l\u00ednea (Amazon\/eBay):<\/strong> Perfecto para vendedores de marca propia que buscan un producto ligero y de alta rotaci\u00f3n.<\/li>\n<\/ul>\n<h3>Cont\u00e1ctenos hoy mismo para obtener una cotizaci\u00f3n<\/h3>\n<p>\u00bfEst\u00e1 listo para ampliar su l\u00ednea de productos con lo mejor <strong>tiras antironquidos<\/strong> del mercado? Al\u00edese con MediTapes hoy mismo para asegurar que sus clientes reciban lo <strong>alivio nasal<\/strong> que se merecen.<\/p>\n<p>Para muestras, precios y opciones de personalizaci\u00f3n, visite nuestra p\u00e1gina de contacto o env\u00ede un correo electr\u00f3nico directamente a nuestro equipo de ventas.<\/p>\n<p style=\"text-align: center; font-size: 1.2em; margin-top: 30px;\"><a style=\"background-color: #0073aa; color: #ffffff; padding: 15px 25px; text-decoration: none; border-radius: 5px;\" href=\"https:\/\/meditapes.com\/es\/contacto\/\" target=\"_blank\" rel=\"noopener\"><strong>Solicite un presupuesto ahora<\/strong><\/a><\/p>\n<p style=\"text-align: center; margin-top: 20px;\">O env\u00edenos un correo electr\u00f3nico a: <a href=\"mailto:info@meditapes.com\" target=\"_blank\" rel=\"noopener\">info@meditapes.com<\/a><\/p>\n<\/div>","protected":false},"excerpt":{"rendered":"<p>Respire mejor al instante con nuestras tiras nasales antirronquidos premium. Dise\u00f1adas para un flujo de aire m\u00e1ximo, estas tiras proporcionan alivio de la congesti\u00f3n sin medicamentos. Ideales para farmacias y cl\u00ednicas del sue\u00f1o que buscan un suministro confiable de tiras nasales al por mayor. Tama\u00f1os personalizables disponibles.<\/p>","protected":false},"featured_media":928,"template":"","meta":[],"product_brand":[28],"product_cat":[27,758],"product_tag":[845,965,963,964],"class_list":{"0":"post-927","1":"product","2":"type-product","3":"status-publish","4":"has-post-thumbnail","6":"product_brand-meditapes","7":"product_cat-kinesiology-tapes","8":"product_cat-nasal-strip","9":"product_tag-anti-snoring-strips","10":"product_tag-breathe-better-strips","11":"product_tag-nasal-relief","12":"product_tag-wholesale-nasal-strips","14":"first","15":"instock","16":"shipping-taxable","17":"product-type-simple"},"_links":{"self":[{"href":"https:\/\/meditapes.com\/es\/wp-json\/wp\/v2\/product\/927","targetHints":{"allow":["GET"]}}],"collection":[{"href":"https:\/\/meditapes.com\/es\/wp-json\/wp\/v2\/product"}],"about":[{"href":"https:\/\/meditapes.com\/es\/wp-json\/wp\/v2\/types\/product"}],"wp:featuredmedia":[{"embeddable":true,"href":"https:\/\/meditapes.com\/es\/wp-json\/wp\/v2\/media\/928"}],"wp:attachment":[{"href":"https:\/\/meditapes.com\/es\/wp-json\/wp\/v2\/media?parent=927"}],"wp:term":[{"taxonomy":"product_brand","embeddable":true,"href":"https:\/\/meditapes.com\/es\/wp-json\/wp\/v2\/product_brand?post=927"},{"taxonomy":"product_cat","embeddable":true,"href":"https:\/\/meditapes.com\/es\/wp-json\/wp\/v2\/product_cat?post=927"},{"taxonomy":"product_tag","embeddable":true,"href":"https:\/\/meditapes.com\/es\/wp-json\/wp\/v2\/product_tag?post=927"}],"curies":[{"name":"WP","href":"https:\/\/api.w.org\/{rel}","templated":true}]}}