{"id":919,"date":"2025-12-28T14:20:34","date_gmt":"2025-12-28T14:20:34","guid":{"rendered":"https:\/\/meditapes.com\/?post_type=product&#038;p=919"},"modified":"2025-12-28T14:20:36","modified_gmt":"2025-12-28T14:20:36","slug":"private-label-anti-wrinkle-face-tape","status":"publish","type":"product","link":"https:\/\/meditapes.com\/es\/product\/private-label-anti-wrinkle-face-tape\/","title":{"rendered":"Cinta facial antiarrugas de marca privada: Parches alisadores nocturnos"},"content":{"rendered":"<h1>Cinta facial antiarrugas de marca privada: Parches alisadores nocturnos<\/h1>\n<p>Bienvenido a <strong>Cintas m\u00e9dicas<\/strong>, el destino principal para la fabricaci\u00f3n est\u00e9tica de alta calidad. Nos especializamos en empoderar a marcas de belleza, spas y minoristas para que lancen sus propias l\u00edneas de productos exitosas. Nuestra oferta insignia, la <strong>Cinta Facial Antiarrugas<\/strong>, est\u00e1 dise\u00f1ada para satisfacer la creciente demanda mundial de soluciones antienvejecimiento no invasivas. Si busca un socio fiable para <strong>Cuidado de la Piel de Marca Blanca<\/strong>, nuestros <strong>Parches Nocturnos<\/strong> ofrecen la combinaci\u00f3n perfecta de eficacia, seguridad y comercializaci\u00f3n.<\/p>\n<p>Como fabricante especializado, MediTapes entiende que sus clientes exigen resultados visibles sin intervenci\u00f3n quir\u00fargica. Nuestros <strong>parches eliminadores de l\u00edneas de expresi\u00f3n<\/strong> est\u00e1n dise\u00f1ados para ofrecer precisamente eso, suavizando la piel mientras sus clientes duermen.<\/p>\n<h2>C\u00f3mo funciona nuestra Cinta Facial Antiarrugas<\/h2>\n<p>El concepto detr\u00e1s de nuestra <strong>Cinta Facial Antiarrugas<\/strong> se basa en una ciencia mec\u00e1nica probada. Las arrugas faciales, especialmente las l\u00edneas glabelares (l\u00edneas de expresi\u00f3n) y las patas de gallo, suelen estar causadas por movimientos musculares repetitivos. Nuestros parches act\u00faan como una f\u00e9rula para la piel.<\/p>\n<p>Al aplicar estos <strong>Parches Nocturnos<\/strong> antes de acostarse, la cinta mantiene la piel tensa y evita que los m\u00fasculos faciales se contraigan. Este \u201centrenamiento muscular\u201d permite que la piel se relaje y recupere su textura suave. Adem\u00e1s, el parche crea una capa oclusiva que retiene la humedad, evitando la p\u00e9rdida de agua transepid\u00e9rmica. Este refuerzo de hidrataci\u00f3n rellena la piel, haciendo que las l\u00edneas de expresi\u00f3n sean significativamente menos visibles por la ma\u00f1ana.<\/p>\n<h2>Especificaciones y Par\u00e1metros del Producto<\/h2>\n<p>La precisi\u00f3n es clave en la fabricaci\u00f3n. A continuaci\u00f3n se presentan las especificaciones est\u00e1ndar de nuestros parches faciales. Como <strong>Cuidado de la Piel de Marca Blanca<\/strong> experto, MediTapes ofrece personalizaci\u00f3n completa, pero nuestra plantilla est\u00e1ndar est\u00e1 lista para su implementaci\u00f3n inmediata.<\/p>\n<table style=\"border-collapse: collapse; width: 100%; border: 1px solid #e0e0e0; margin-bottom: 20px;\">\n<tbody>\n<tr style=\"background-color: #f7f7f7;\">\n<td style=\"padding: 15px; border: 1px solid #e0e0e0; width: 30%;\"><strong>Nombre del producto<\/strong><\/td>\n<td style=\"padding: 15px; border: 1px solid #e0e0e0;\">Parche para arrugas faciales (Cinta facial antiarrugas)<\/td>\n<\/tr>\n<tr>\n<td style=\"padding: 15px; border: 1px solid #e0e0e0;\"><strong>Dimensiones (Tama\u00f1o)<\/strong><\/td>\n<td style=\"padding: 15px; border: 1px solid #e0e0e0;\">Ancho: 9,5 cm<br \/>\nLargo: 9,5 cm<\/td>\n<\/tr>\n<tr style=\"background-color: #f7f7f7;\">\n<td style=\"padding: 15px; border: 1px solid #e0e0e0;\"><strong>Color<\/strong><\/td>\n<td style=\"padding: 15px; border: 1px solid #e0e0e0;\">Skin (Nude\/Beige) \u2013 Natural look for discreet usage.<\/td>\n<\/tr>\n<tr>\n<td style=\"padding: 15px; border: 1px solid #e0e0e0;\"><strong>Empaque<\/strong><\/td>\n<td style=\"padding: 15px; border: 1px solid #e0e0e0;\"><strong>Seg\u00fan los requisitos del cliente<\/strong> (Contamos con cajas personalizadas, bolsas de aluminio y branding).<\/td>\n<\/tr>\n<tr style=\"background-color: #f7f7f7;\">\n<td style=\"padding: 15px; border: 1px solid #e0e0e0;\"><strong>Aplicaci\u00f3n<\/strong><\/td>\n<td style=\"padding: 15px; border: 1px solid #e0e0e0;\">\u00c1reas de la frente, mejillas, cuello y ment\u00f3n.<\/td>\n<\/tr>\n<\/tbody>\n<\/table>\n<h2>\u00bfPor qu\u00e9 elegir MediTapes para el cuidado de la piel de marca propia?<\/h2>\n<p>En el competitivo mercado de la belleza, destacar es esencial. MediTapes no es solo un proveedor; somos su socio estrat\u00e9gico en la construcci\u00f3n de una marca. Nuestro <strong>Cinta Facial Antiarrugas<\/strong> es el candidato ideal para marca propia por varias razones:<\/p>\n<h3>1. Excelencia en personalizaci\u00f3n<\/h3>\n<p>Si bien nuestro tama\u00f1o de parche est\u00e1ndar es un vers\u00e1til 9,5 cm x 9,5 cm, entendemos que los diferentes mercados tienen necesidades distintas. Ya sea que necesite formas troqueladas espec\u00edficas para el \u00e1rea debajo de los ojos o tiras grandes para el cuello, podemos ajustar el herramental para adaptarlo a su visi\u00f3n. M\u00e1s importante a\u00fan, nuestro embalaje es totalmente personalizable. Desde cajas de papel ecol\u00f3gicas hasta lujosos sobres, empaquetamos <strong>seg\u00fan los requisitos del cliente<\/strong> para garantizar que se preserve la est\u00e9tica de su marca.<\/p>\n<h3>2. Proven \u201cFrown Line Remover\u201d Formula<\/h3>\n<p>El marketing es m\u00e1s f\u00e1cil cuando el producto funciona. Nuestra cinta est\u00e1 formulada espec\u00edficamente para ser un eficaz <strong>parches eliminadores de l\u00edneas de expresi\u00f3n<\/strong>. El adhesivo es lo suficientemente fuerte como para mantenerse firme durante toda la noche, pero lo suficientemente suave como para retirarse sin dar tirones ni irritar la delicada piel del rostro. Este equilibrio es dif\u00edcil de lograr, pero MediTapes lo ha dominado.<\/p>\n<h3>3. Materiales seguros e hipoalerg\u00e9nicos<\/h3>\n<p>La seguridad es nuestra m\u00e1xima prioridad. Nuestros <strong>Parches Nocturnos<\/strong> est\u00e1n fabricados con materiales transpirables e hipoalerg\u00e9nicos aptos para pieles sensibles. No contienen l\u00e1tex y han sido probados para garantizar que no causen brotes, lo que los convierte en una adici\u00f3n segura a cualquier rutina de cuidado de la piel.<\/p>\n<h2>Instrucciones de aplicaci\u00f3n para sus clientes<\/h2>\n<p>Para garantizar que sus clientes obtengan los mejores resultados de sus productos de marca <strong>Cinta Facial Antiarrugas<\/strong>, recomendamos la siguiente gu\u00eda de uso:<\/p>\n<ul>\n<li><strong>Paso 1:<\/strong> Limpie y seque bien el rostro. La cinta se adhiere mejor a la piel libre de aceites pesados o cremas densas.<\/li>\n<li><strong>Paso 2:<\/strong> Despegue el parche del soporte protector.<\/li>\n<li><strong>Paso 3:<\/strong> Con una mano, alise suavemente la piel para aplanar la arruga (no estire la piel en exceso).<\/li>\n<li><strong>Paso 4:<\/strong> Aplique el parche sobre el \u00e1rea deseada.<\/li>\n<li><strong>Paso 5:<\/strong> Deje actuar durante la noche. Los <strong>Parches Nocturnos<\/strong> funcionan mejor cuando se usan durante 6-8 horas.<\/li>\n<li><strong>Paso 6:<\/strong> Por la ma\u00f1ana, retire suavemente la cinta humedeci\u00e9ndola ligeramente o despeg\u00e1ndola despacio.<\/li>\n<\/ul>\n<h2>As\u00f3ciese con MediTapes hoy mismo<\/h2>\n<p>\u00bfEst\u00e1 listo para lanzar un producto de belleza de gran demanda y alto margen? El mercado de herramientas antienvejecimiento no invasivas est\u00e1 en pleno auge. Al asociarse con MediTapes, obtiene acceso a una fabricaci\u00f3n de primera calidad para <strong>Cinta Facial Antiarrugas<\/strong> que har\u00e1 que sus clientes regresen.<\/p>\n<p>Ofrecemos Cantidades M\u00ednimas de Pedido (MOQ) bajas y flexibles para empresas emergentes y descuentos por volumen para distribuidores establecidos. Perm\u00edtanos ayudarle a crear la mejor <strong>Cuidado de la Piel de Marca Blanca<\/strong> l\u00ednea.<\/p>\n<p><strong>Obtenga una cotizaci\u00f3n o solicite muestras:<\/strong><\/p>\n<p>P\u00f3ngase en contacto con nuestro equipo de ventas B2B dedicado para analizar sus necesidades de embalaje y precios.<\/p>\n<p style=\"text-align: center; margin-top: 30px;\"><a style=\"background-color: #2c3e50; color: #ffffff; padding: 15px 30px; text-decoration: none; font-weight: bold; border-radius: 5px;\" href=\"https:\/\/meditapes.com\/es\/contacto\/\" target=\"_blank\" rel=\"noopener\">CONT\u00c1CTENOS AHORA<\/a><\/p>\n<p style=\"text-align: center; margin-top: 20px;\">O env\u00edenos un correo electr\u00f3nico directamente a: <a style=\"color: #2c3e50; font-weight: bold;\" href=\"mailto:info@meditapes.com\">info@meditapes.com<\/a><\/p>\n<p style=\"text-align: center; font-size: 0.9em; color: #666;\">Visite nuestro sitio web para obtener m\u00e1s informaci\u00f3n sobre nuestras capacidades de fabricaci\u00f3n: <a href=\"https:\/\/meditapes.com\/es\/\" target=\"_blank\" rel=\"noopener\">www.meditapes.com<\/a><\/p>","protected":false},"excerpt":{"rendered":"<p>Cree su propia marca con nuestra Cinta Facial Antiarrugas. Estos eficaces parches faciales combaten las l\u00edneas de expresi\u00f3n y las patas de gallo mientras duerme. Fabricados con materiales respetuosos con la piel, hidratan y reafirman el cutis. Ideal para l\u00edneas de cuidado de la piel de marca blanca que buscan resultados probados.<\/p>","protected":false},"featured_media":920,"template":"","meta":[],"product_brand":[28],"product_cat":[27,757],"product_tag":[947,950,948,949],"class_list":{"0":"post-919","1":"product","2":"type-product","3":"status-publish","4":"has-post-thumbnail","6":"product_brand-meditapes","7":"product_cat-kinesiology-tapes","8":"product_cat-facial-wrinkle-patch","9":"product_tag-anti-wrinkle-face-tape","10":"product_tag-frown-line-remover","11":"product_tag-overnight-patches","12":"product_tag-private-label-skincare","14":"first","15":"instock","16":"shipping-taxable","17":"product-type-simple"},"_links":{"self":[{"href":"https:\/\/meditapes.com\/es\/wp-json\/wp\/v2\/product\/919","targetHints":{"allow":["GET"]}}],"collection":[{"href":"https:\/\/meditapes.com\/es\/wp-json\/wp\/v2\/product"}],"about":[{"href":"https:\/\/meditapes.com\/es\/wp-json\/wp\/v2\/types\/product"}],"wp:featuredmedia":[{"embeddable":true,"href":"https:\/\/meditapes.com\/es\/wp-json\/wp\/v2\/media\/920"}],"wp:attachment":[{"href":"https:\/\/meditapes.com\/es\/wp-json\/wp\/v2\/media?parent=919"}],"wp:term":[{"taxonomy":"product_brand","embeddable":true,"href":"https:\/\/meditapes.com\/es\/wp-json\/wp\/v2\/product_brand?post=919"},{"taxonomy":"product_cat","embeddable":true,"href":"https:\/\/meditapes.com\/es\/wp-json\/wp\/v2\/product_cat?post=919"},{"taxonomy":"product_tag","embeddable":true,"href":"https:\/\/meditapes.com\/es\/wp-json\/wp\/v2\/product_tag?post=919"}],"curies":[{"name":"WP","href":"https:\/\/api.w.org\/{rel}","templated":true}]}}