{"id":909,"date":"2025-12-28T13:59:31","date_gmt":"2025-12-28T13:59:31","guid":{"rendered":"https:\/\/meditapes.com\/?post_type=product&#038;p=909"},"modified":"2025-12-28T13:59:32","modified_gmt":"2025-12-28T13:59:32","slug":"custom-cross-kinesiology-tape","status":"publish","type":"product","link":"https:\/\/meditapes.com\/es\/product\/custom-cross-kinesiology-tape\/","title":{"rendered":"Cinta de kinesiolog\u00eda cruzada personalizada (Grid Tape) para recuperaci\u00f3n deportiva \u2013 Marca propia"},"content":{"rendered":"<p><!-- Product Introduction --><\/p>\n<h2>Cinta de kinesiolog\u00eda Cross personalizada \/ Cinta de rejilla para recuperaci\u00f3n deportiva \u2013 Su socio de marca blanca<\/h2>\n<p>Bienvenido a <strong>Cintas m\u00e9dicas<\/strong>, el fabricante l\u00edder en la industria de soluciones de medicina deportiva. Nos enorgullece ofrecer nuestro producto premium <strong>Cinta de kinesiolog\u00eda Cross personalizada<\/strong>, dise\u00f1ada espec\u00edficamente para marcas que buscan ampliar su cartera en el mercado de la recuperaci\u00f3n deportiva. Tambi\u00e9n conocida como <strong>Cinta de rejilla<\/strong>, este producto innovador es una cinta de forma reticular, no medicada, que se ha vuelto esencial para atletas que buscan una recuperaci\u00f3n r\u00e1pida y el manejo del dolor sin intervenci\u00f3n qu\u00edmica.<\/p>\n<p>En MediTapes, entendemos que la identidad de su marca es primordial. Por ello nos especializamos en <strong>cinta de marca blanca<\/strong> servicios, ofreci\u00e9ndole soluciones de <strong>Cinta de kinesiolog\u00eda OEM<\/strong> totalmente personalizables. Ya sea que suministre a gimnasios, cl\u00ednicas de fisioterapia o tiendas de deportes al por menor, nuestras capacidades directas de f\u00e1brica aseguran que obtenga un producto de alta calidad que lleve su marca \u00fanica.<\/p>\n<p><!-- Mechanism of Action --><\/p>\n<h3>\u00bfPor qu\u00e9 elegir la cinta de rejilla para la recuperaci\u00f3n deportiva?<\/h3>\n<p><strong>Cinta de kinesiolog\u00eda Cross<\/strong> funciona con un principio diferente al de las cintas terap\u00e9uticas el\u00e1sticas tradicionales. Se aplica directamente sobre los puntos gatillo, puntos de acupuntura o \u00e1reas de alta tensi\u00f3n muscular. El patr\u00f3n de rejilla est\u00e1 dise\u00f1ado para restaurar el equilibrio bioel\u00e9ctrico del cuerpo y elevar la piel microsc\u00f3picamente. Para sus clientes centrados en la <strong>Cinta de recuperaci\u00f3n deportiva<\/strong>, los beneficios incluyen:<\/p>\n<ul>\n<li><strong>Alivio del dolor focalizado:<\/strong> Trata eficazmente los puntos de dolor locales y los nudos musculares.<\/li>\n<li><strong>Movilidad mejorada:<\/strong> Alivia la tensi\u00f3n sin restringir el rango de movimiento, lo que la hace perfecta para atletas activos.<\/li>\n<li><strong>Terapia no invasiva:<\/strong> Una soluci\u00f3n sin f\u00e1rmacos que favorece los procesos naturales de curaci\u00f3n del cuerpo.<\/li>\n<li><strong>Durabilidad resistente al agua:<\/strong> Nuestro adhesivo de alta calidad garantiza que la cinta permanezca en su lugar durante entrenamientos intensos, sudoraci\u00f3n y duchas.<\/li>\n<\/ul>\n<p><!-- Product Parameters Table --><\/p>\n<h3>Especificaciones del producto y opciones de personalizaci\u00f3n<\/h3>\n<p>Como fabricante OEM profesional, ofrecemos una amplia gama de especificaciones para satisfacer las diversas necesidades del mercado. A continuaci\u00f3n se presentan los par\u00e1metros t\u00e9cnicos est\u00e1ndar de nuestras <strong>Cinta de kinesiolog\u00eda Cross<\/strong> l\u00e1minas:<\/p>\n<table style=\"border-collapse: collapse; width: 100%; margin-bottom: 20px;\" border=\"1\">\n<tbody>\n<tr style=\"background-color: #f2f2f2;\">\n<td style=\"padding: 10px; width: 35%;\"><strong>Nombre del producto<\/strong><\/td>\n<td style=\"padding: 10px;\"><strong>Cinta de kinesiolog\u00eda cruzada personalizada (Cross Tape)<\/strong><\/td>\n<\/tr>\n<tr>\n<td style=\"padding: 10px;\"><strong>Material<\/strong><\/td>\n<td style=\"padding: 10px;\">Mezcla de poli\u00e9ster y algod\u00f3n con adhesivo acr\u00edlico<\/td>\n<\/tr>\n<tr style=\"background-color: #f2f2f2;\">\n<td style=\"padding: 10px;\"><strong>Opciones de ancho de l\u00e1mina<\/strong><\/td>\n<td style=\"padding: 10px;\">5,8 cm \/ 6,2 cm \/ 7,4 cm \/ 7,8 cm<\/td>\n<\/tr>\n<tr>\n<td style=\"padding: 10px;\"><strong>Opciones de longitud de l\u00e1mina<\/strong><\/td>\n<td style=\"padding: 10px;\">9,7 cm \/ 9,9 cm \/ 9,8 cm<\/td>\n<\/tr>\n<tr style=\"background-color: #f2f2f2;\">\n<td style=\"padding: 10px;\"><strong>Colores disponibles<\/strong><\/td>\n<td style=\"padding: 10px;\">Piel (Beige), Rosa, Azul, Rojo, Blanco<\/td>\n<\/tr>\n<tr>\n<td style=\"padding: 10px;\"><strong>Tama\u00f1os de cuadr\u00edcula (Tipos)<\/strong><\/td>\n<td style=\"padding: 10px;\">Tipo A (Peque\u00f1o), Tipo B (Mediano), Tipo C (Grande) \u2013 personalizable por l\u00e1mina<\/td>\n<\/tr>\n<tr style=\"background-color: #f2f2f2;\">\n<td style=\"padding: 10px;\"><strong>Servicio de embalaje<\/strong><\/td>\n<td style=\"padding: 10px;\">Embalaje: De acuerdo con los requisitos del cliente (Cajas personalizadas, bl\u00edsteres, a granel)<\/td>\n<\/tr>\n<\/tbody>\n<\/table>\n<p><!-- Private Label Services --><\/p>\n<h3>Servicios integrales de cintas de marca privada<\/h3>\n<p>Construir una marca requiere m\u00e1s que solo un producto; requiere una presentaci\u00f3n que resuene con su audiencia. MediTapes ofrece soporte <strong>Cinta de kinesiolog\u00eda OEM<\/strong> integral:<\/p>\n<ul>\n<li><strong>Dise\u00f1o de empaque personalizado:<\/strong> Podemos fabricar cajas listas para la venta al por menor con su logotipo, colores de marca y texto instructivo en varios idiomas.<\/li>\n<li><strong>Impresi\u00f3n en el papel de soporte:<\/strong> Aumente la visibilidad de su marca imprimiendo su logotipo directamente en el papel de soporte de las l\u00e1minas de cinta.<\/li>\n<li><strong>Surtido flexible de colores:<\/strong> Combine colores como rosa, azul y rojo para crear paquetes variados atractivos para los estantes de venta al por menor.<\/li>\n<li><strong>Opciones de cantidad m\u00ednima de pedido (MOQ) baja:<\/strong> Trabajamos con empresas de todos los tama\u00f1os para ofrecer soluciones de fabricaci\u00f3n escalables.<\/li>\n<\/ul>\n<p><!-- Quality Assurance --><\/p>\n<h3>\u00bfPor qu\u00e9 asociarse con MediTapes?<\/h3>\n<p>La calidad es la base de <strong>Cinta de recuperaci\u00f3n deportiva<\/strong>. Los atletas exigen confiabilidad y nuestro proceso de fabricaci\u00f3n garantiza la consistencia en cada lote. Nuestra <strong>Cinta de rejilla<\/strong> est\u00e1 fabricada con adhesivo acr\u00edlico m\u00e9dico hipoalerg\u00e9nico y sin l\u00e1tex, lo que garantiza que sea segura para la piel sensible y, al mismo tiempo, lo suficientemente fuerte como para soportar una actividad deportiva intensa.<\/p>\n<p>Al elegir a MediTapes como su proveedor, est\u00e1 eligiendo un socio de f\u00e1brica comprometido a ayudar a su empresa a crecer a trav\u00e9s de una calidad de producto superior y una gesti\u00f3n confiable de la cadena de suministro.<\/p>\n<p><!-- CTA Section --><\/p>\n<p style=\"text-align: center; font-size: 1.2em; margin-top: 30px;\"><strong>\u00bfEst\u00e1 listo para lanzar su propia marca de Cross Kinesiology Tape?<\/strong><br \/>\n<a style=\"color: #ffffff; background-color: #d32f2f; padding: 10px 20px; text-decoration: none; border-radius: 5px; display: inline-block; margin-top: 10px;\" href=\"https:\/\/meditapes.com\/es\/contacto\/\" target=\"_blank\" rel=\"noopener\"><strong>Solicite una cotizaci\u00f3n de marca privada<\/strong><\/a><\/p>\n<p style=\"text-align: center; margin-top: 20px;\">Explore nuestra gama completa de productos en <a href=\"https:\/\/meditapes.com\/es\/\" target=\"_blank\" rel=\"noopener\">https:\/\/meditapes.com\/<\/a> o p\u00f3ngase en contacto directamente con nuestro equipo de ventas en <a href=\"mailto:info@meditapes.com\">info@meditapes.com<\/a> para analizar sus requisitos personalizados.<\/p>","protected":false},"excerpt":{"rendered":"<p>Potencie su marca con nuestra cinta Cross Tape personalizada. Dise\u00f1ada para la recuperaci\u00f3n deportiva, esta cinta de rejilla ayuda a equilibrar los m\u00fasculos y las articulaciones. Ofrecemos servicios completos de marca blanca para la cinta de kinesiolog\u00eda Cross, incluyendo embalajes y colores personalizados (piel, rosa, azul). Ideal para marcas deportivas que buscan soluciones OEM.<\/p>","protected":false},"featured_media":910,"template":"","meta":[],"product_brand":[28],"product_cat":[27,756],"product_tag":[927,928,762,89,929],"class_list":{"0":"post-909","1":"product","2":"type-product","3":"status-publish","4":"has-post-thumbnail","6":"product_brand-meditapes","7":"product_cat-kinesiology-tapes","8":"product_cat-cross-tape","9":"product_tag-cross-kinesiology-tape","10":"product_tag-grid-tape","11":"product_tag-oem-kinesiology-tape","12":"product_tag-private-label-tape","13":"product_tag-sports-recovery-tape","15":"first","16":"instock","17":"shipping-taxable","18":"product-type-simple"},"_links":{"self":[{"href":"https:\/\/meditapes.com\/es\/wp-json\/wp\/v2\/product\/909","targetHints":{"allow":["GET"]}}],"collection":[{"href":"https:\/\/meditapes.com\/es\/wp-json\/wp\/v2\/product"}],"about":[{"href":"https:\/\/meditapes.com\/es\/wp-json\/wp\/v2\/types\/product"}],"wp:featuredmedia":[{"embeddable":true,"href":"https:\/\/meditapes.com\/es\/wp-json\/wp\/v2\/media\/910"}],"wp:attachment":[{"href":"https:\/\/meditapes.com\/es\/wp-json\/wp\/v2\/media?parent=909"}],"wp:term":[{"taxonomy":"product_brand","embeddable":true,"href":"https:\/\/meditapes.com\/es\/wp-json\/wp\/v2\/product_brand?post=909"},{"taxonomy":"product_cat","embeddable":true,"href":"https:\/\/meditapes.com\/es\/wp-json\/wp\/v2\/product_cat?post=909"},{"taxonomy":"product_tag","embeddable":true,"href":"https:\/\/meditapes.com\/es\/wp-json\/wp\/v2\/product_tag?post=909"}],"curies":[{"name":"WP","href":"https:\/\/api.w.org\/{rel}","templated":true}]}}