{"id":899,"date":"2025-12-28T13:35:50","date_gmt":"2025-12-28T13:35:50","guid":{"rendered":"https:\/\/meditapes.com\/?post_type=product&#038;p=899"},"modified":"2025-12-28T13:35:51","modified_gmt":"2025-12-28T13:35:51","slug":"custom-logo-breast-lift-tape","status":"publish","type":"product","link":"https:\/\/meditapes.com\/es\/product\/custom-logo-breast-lift-tape\/","title":{"rendered":"Cinta de levantamiento de senos con logotipo personalizado para soporte de copa A-G, 5 cm\/7.5 cm"},"content":{"rendered":"<h2>Cinta de levantamiento de senos con logotipo personalizado para soporte de copa A-G, 5 cm\/7.5 cm<\/h2>\n<p>Bienvenido a <strong>Cintas m\u00e9dicas<\/strong>, su socio de confianza en la fabricaci\u00f3n de soluciones adhesivas corporales de primera calidad. Nos especializamos en ayudar a las empresas a lanzar y escalar sus propias marcas con nuestras soluciones de nivel superior <strong>Cinta de levantamiento de senos y cinta corporal con logotipo personalizado<\/strong>. Dise\u00f1ada para atender una amplia gama de tipos de cuerpo, dise\u00f1ada espec\u00edficamente para <strong>Soporte para copas A-G<\/strong>, nuestra cinta combina seguridad de grado m\u00e9dico con un poder de levantamiento superior. Ya sea que sea una marca de lencer\u00eda, un distribuidor de belleza o un emprendedor de comercio electr\u00f3nico, nuestros servicios de OEM y etiqueta privada est\u00e1n adaptados para satisfacer sus demandas de mercado \u00fanicas.<\/p>\n<h3>Construya su marca con cinta corporal con logotipo personalizado<\/h3>\n<p>En el competitivo mercado de la belleza, la identidad de marca lo es todo. MediTapes le permite destacar al ofrecer servicios integrales de <strong>Cinta corporal con logotipo personalizado<\/strong> servicios. No solo vendemos cinta; le ayudamos a crear un producto que lleve su firma. Nuestras opciones de personalizaci\u00f3n le permiten imprimir su logotipo \u00fanico directamente en el papel de respaldo o incluso en el propio tejido de la cinta.<\/p>\n<p>Adem\u00e1s, ofrecemos soluciones de embalaje totalmente personalizables. Desde cajas de lujo hasta tubos ecol\u00f3gicos, nos aseguramos de que su <strong>Cinta para senos de marca privada<\/strong> se vea tan profesional por fuera como funciona por dentro. Al elegir nuestros servicios de personalizaci\u00f3n, no solo est\u00e1 comprando un producto; est\u00e1 invirtiendo en un activo de marca que genera lealtad y reconocimiento de los clientes.<\/p>\n<h3>Soporte superior para cada cuerpo: Cinta para senos de talla grande<\/h3>\n<p>Uno de los vac\u00edos significativos en el mercado es el soporte confiable para tallas de busto m\u00e1s grandes. Nuestro equipo de ingenier\u00eda ha desarrollado una f\u00f3rmula de fuerte adhesi\u00f3n espec\u00edficamente para abordar esta necesidad, convirtiendo nuestro producto en la mejor <strong>Cinta para senos de talla grande<\/strong>. Capaz de soportar tama\u00f1os de copa desde la A hasta la G, nuestra cinta proporciona un levantamiento seguro que desaf\u00eda la gravedad sin comprometer la comodidad.<\/p>\n<p>Las cintas est\u00e1ndar a menudo no logran soportar pesos mayores, lo que provoca fallas en el vestuario e insatisfacci\u00f3n del cliente. MediTapes utiliza una mezcla de algod\u00f3n de alta elasticidad (95% Algod\u00f3n, 5% Spandex) que se estira y se mueve con el cuerpo mientras mantiene la tensi\u00f3n. Esto garantiza que sus clientes, independientemente de su tama\u00f1o, experimenten la libertad y la confianza de una <strong>Cinta de sujetador adhesiva<\/strong> que realmente funciona.<\/p>\n<h3>Seguro, suave e hipoalerg\u00e9nico<\/h3>\n<p>La seguridad es primordial en MediTapes. Entendemos que nuestro <strong>Cinta corporal<\/strong> se aplica en \u00e1reas sensibles, raz\u00f3n por la cual utilizamos \u00fanicamente materiales de alta calidad y grado m\u00e9dico. Nuestro adhesivo es completamente libre de l\u00e1tex e hipoalerg\u00e9nico, lo que reduce significativamente el riesgo de irritaci\u00f3n cut\u00e1nea o reacciones al\u00e9rgicas. Es lo suficientemente suave para su uso durante todo el d\u00eda, pero lo suficientemente resistente para soportar la humedad y el movimiento.<\/p>\n<p>Ofrecer un producto seguro es crucial para mantener una reputaci\u00f3n de marca positiva. Con nuestros materiales de seguridad certificada, puede comercializar su <strong>Cinta para senos de marca privada<\/strong> con confianza, sabiendo que cumple con los est\u00e1ndares internacionales de seguridad y es apto para clientes con piel sensible.<\/p>\n<h3>Par\u00e1metros del producto<\/h3>\n<p>Nuestras capacidades de fabricaci\u00f3n son flexibles para adaptarse a sus requisitos espec\u00edficos. A continuaci\u00f3n se presentan las especificaciones t\u00e9cnicas de nuestra Cinta para Levantamiento de Senos:<\/p>\n<table style=\"border-collapse: collapse; width: 100%; border: 1px solid #ddd; margin-bottom: 20px;\">\n<tbody>\n<tr style=\"background-color: #f9f9f9;\">\n<td style=\"padding: 12px; border: 1px solid #ddd;\"><strong>Nombre del producto<\/strong><\/td>\n<td style=\"padding: 12px; border: 1px solid #ddd;\">Cinta para Levantamiento de Senos \/ Cinta Corporal<\/td>\n<\/tr>\n<tr>\n<td style=\"padding: 12px; border: 1px solid #ddd;\"><strong>Anchos Disponibles<\/strong><\/td>\n<td style=\"padding: 12px; border: 1px solid #ddd;\">5 cm \/ 7,5 cm (Ideal para diversos tama\u00f1os de copa)<\/td>\n<\/tr>\n<tr style=\"background-color: #f9f9f9;\">\n<td style=\"padding: 12px; border: 1px solid #ddd;\"><strong>Longitud<\/strong><\/td>\n<td style=\"padding: 12px; border: 1px solid #ddd;\">5 m por rollo (Est\u00e1ndar)<\/td>\n<\/tr>\n<tr>\n<td style=\"padding: 12px; border: 1px solid #ddd;\"><strong>Colores<\/strong><\/td>\n<td style=\"padding: 12px; border: 1px solid #ddd;\">Piel (Beige), Negro y otros colores personalizados<\/td>\n<\/tr>\n<tr style=\"background-color: #f9f9f9;\">\n<td style=\"padding: 12px; border: 1px solid #ddd;\"><strong>Composici\u00f3n del material<\/strong><\/td>\n<td style=\"padding: 12px; border: 1px solid #ddd;\">95% Algod\u00f3n + 5% Spandex + Adhesivo Acr\u00edlico<\/td>\n<\/tr>\n<tr>\n<td style=\"padding: 12px; border: 1px solid #ddd;\"><strong>Tipo de adhesivo<\/strong><\/td>\n<td style=\"padding: 12px; border: 1px solid #ddd;\">Hipoalerg\u00e9nico, sin l\u00e1tex, resistente al agua<\/td>\n<\/tr>\n<tr style=\"background-color: #f9f9f9;\">\n<td style=\"padding: 12px; border: 1px solid #ddd;\"><strong>Embalaje<\/strong><\/td>\n<td style=\"padding: 12px; border: 1px solid #ddd;\">Totalmente personalizable de acuerdo con los requisitos del cliente<\/td>\n<\/tr>\n<\/tbody>\n<\/table>\n<h3>\u00bfPor qu\u00e9 asociarse con MediTapes para servicios OEM?<\/h3>\n<p>MediTapes es m\u00e1s que un simple fabricante; somos un socio estrat\u00e9gico para marcas globales. He aqu\u00ed por qu\u00e9 las empresas eligen nuestras <strong>Cinta de sujetador adhesiva<\/strong> soluciones:<\/p>\n<ul>\n<li><strong>Experiencia en soporte para copas de la A a la G:<\/strong> Hemos perfeccionado el equilibrio entre una fuerte adhesi\u00f3n y la seguridad de la piel, garantizando que nuestro <strong>Cinta para senos de talla grande<\/strong> funciona donde otros fallan.<\/li>\n<li><strong>MOQs flexibles:<\/strong> Trabajamos con empresas de todos los tama\u00f1os, ofreciendo cantidades m\u00ednimas de pedido competitivas para ayudarle a empezar desde poco o a escalar r\u00e1pidamente.<\/li>\n<li><strong>Prototipado r\u00e1pido:<\/strong> \u00bfDesea ver su logotipo en el producto? Ofrecemos servicios de muestreo r\u00e1pidos para que pueda aprobar la calidad y el dise\u00f1o de su <strong>Cinta corporal con logotipo personalizado<\/strong> antes de la producci\u00f3n en masa.<\/li>\n<li><strong>Log\u00edstica global:<\/strong> Hemos establecido canales de env\u00edo fiables para garantizar que sus productos lleguen a tiempo a cualquier parte del mundo.<\/li>\n<\/ul>\n<h3>Aplicaciones y tendencias del mercado<\/h3>\n<p>El mercado de la cinta corporal se est\u00e1 expandiendo m\u00e1s all\u00e1 de la moda nupcial. Hoy en d\u00eda, <strong>Cinta de sujetador adhesiva<\/strong> es un elemento esencial en la ropa deportiva, los trajes de ba\u00f1o y la moda cotidiana. Al disponer de un producto vers\u00e1til que funciona para copas de la A a la G, posiciona su marca para captar a un p\u00fablico m\u00e1s amplio. La tendencia hacia la inclusi\u00f3n hace que nuestro <strong>Cinta para senos de talla grande<\/strong> sea un art\u00edculo de alta demanda, garantizando que usted atienda las necesidades de cada consumidor moderno.<\/p>\n<h3>Comience hoy mismo con su propia marca de distribuidor<\/h3>\n<p>Don\u2019t miss the opportunity to dominate the market with a high-quality, branded product. MediTapes is here to support your vision with the best <strong>Cinta para senos de marca privada<\/strong> servicios de fabricaci\u00f3n en la industria.<\/p>\n<p>Para obtener m\u00e1s informaci\u00f3n sobre nuestros productos, opciones de personalizaci\u00f3n o para solicitar un presupuesto, visite nuestro sitio web en <a href=\"https:\/\/meditapes.com\/es\/\" target=\"_blank\" rel=\"noopener\">https:\/\/meditapes.com\/<\/a>. Tambi\u00e9n puede ponerse en contacto con nuestro equipo de ventas especializado a trav\u00e9s de nuestro <a href=\"https:\/\/meditapes.com\/es\/contacto\/\" target=\"_blank\" rel=\"noopener\">P\u00e1gina de contacto<\/a> o enviarnos un correo electr\u00f3nico a <a href=\"mailto:info@meditapes.com\" target=\"_blank\" rel=\"noopener\">info@meditapes.com<\/a>.<\/p>\n<p>Let\u2019s create the next big brand in body care together with MediTapes!<\/p>","protected":false},"excerpt":{"rendered":"<p>Cree su propia marca con nuestra cinta de levantamiento de senos con logotipo personalizado. Dise\u00f1ada para copas A-G, esta cinta corporal de fuerte adhesi\u00f3n garantiza una sujeci\u00f3n durante todo el d\u00eda. Libre de l\u00e1tex y suave con la piel. Ideal para marcas de etiqueta privada que buscan soluciones de cinta de levantamiento de senos de alta calidad. Cont\u00e1ctenos para servicios OEM.<\/p>","protected":false},"featured_media":900,"template":"","meta":[],"product_brand":[28],"product_cat":[27,755],"product_tag":[908,910,909,911],"class_list":{"0":"post-899","1":"product","2":"type-product","3":"status-publish","4":"has-post-thumbnail","6":"product_brand-meditapes","7":"product_cat-kinesiology-tapes","8":"product_cat-breast-lift-tape","9":"product_tag-custom-logo-body-tape","10":"product_tag-plus-size-breast-tape","11":"product_tag-private-label-boob-tape","12":"product_tag-sticky-bra-tape","14":"first","15":"instock","16":"shipping-taxable","17":"product-type-simple"},"_links":{"self":[{"href":"https:\/\/meditapes.com\/es\/wp-json\/wp\/v2\/product\/899","targetHints":{"allow":["GET"]}}],"collection":[{"href":"https:\/\/meditapes.com\/es\/wp-json\/wp\/v2\/product"}],"about":[{"href":"https:\/\/meditapes.com\/es\/wp-json\/wp\/v2\/types\/product"}],"wp:featuredmedia":[{"embeddable":true,"href":"https:\/\/meditapes.com\/es\/wp-json\/wp\/v2\/media\/900"}],"wp:attachment":[{"href":"https:\/\/meditapes.com\/es\/wp-json\/wp\/v2\/media?parent=899"}],"wp:term":[{"taxonomy":"product_brand","embeddable":true,"href":"https:\/\/meditapes.com\/es\/wp-json\/wp\/v2\/product_brand?post=899"},{"taxonomy":"product_cat","embeddable":true,"href":"https:\/\/meditapes.com\/es\/wp-json\/wp\/v2\/product_cat?post=899"},{"taxonomy":"product_tag","embeddable":true,"href":"https:\/\/meditapes.com\/es\/wp-json\/wp\/v2\/product_tag?post=899"}],"curies":[{"name":"WP","href":"https:\/\/api.w.org\/{rel}","templated":true}]}}