{"id":897,"date":"2025-12-28T13:29:44","date_gmt":"2025-12-28T13:29:44","guid":{"rendered":"https:\/\/meditapes.com\/?post_type=product&#038;p=897"},"modified":"2025-12-28T13:29:46","modified_gmt":"2025-12-28T13:29:46","slug":"wholesale-boob-tape","status":"publish","type":"product","link":"https:\/\/meditapes.com\/es\/product\/wholesale-boob-tape\/","title":{"rendered":"Venta al por mayor de cinta para senos, rollo de levantamiento de senos resistente al agua y al sudor"},"content":{"rendered":"<h2>Cinta para levantamiento de senos al por mayor, rollo impermeable y resistente al sudor<\/h2>\n<p>Bienvenido a <strong>Cintas m\u00e9dicas<\/strong>, su destino principal para soluciones de adhesivos corporales de alta calidad. Como proveedor l\u00edder en la industria est\u00e9tica y m\u00e9dica, nos enorgullece presentar nuestro producto estrella: la <strong>Cinta para levantamiento de senos al por mayor, rollo impermeable y resistente al sudor<\/strong>. Dise\u00f1ado para ofrecer versatilidad, seguridad y un rendimiento superior, este producto es la soluci\u00f3n definitiva para minoristas de moda, boutiques de novias y salones de belleza que buscan ofrecer a sus clientes lo mejor en soporte invisible.<\/p>\n<h3>La soluci\u00f3n definitiva de sujetador invisible<\/h3>\n<p>En el mundo de la moda moderna, los sujetadores tradicionales a menudo limitan las opciones de vestuario. Nuestra <strong>Cinta para sujetador invisible<\/strong> libera a las mujeres para que puedan usar escotes en la espalda, sin tirantes y pronunciados con absoluta confianza. A diferencia de la lencer\u00eda est\u00e1ndar, nuestra cinta proporciona un levantamiento personalizable que se adapta a cada forma y tama\u00f1o de cuerpo \u00fanico. Ya sea que sus clientes se est\u00e9n preparando para una boda, una gala o un d\u00eda en la playa, esta cinta garantiza una silueta impecable sin el volumen de aros o tirantes.<\/p>\n<p>Para las empresas que buscan <strong>Cinta para el pecho al por mayor<\/strong> oportunidades, MediTapes ofrece un producto que se agota r\u00e1pidamente. La demanda de soluciones eficaces de levantamiento de senos no quir\u00fargicas est\u00e1 en su punto m\u00e1s alto, y nuestra cinta ofrece resultados de grado profesional que hacen que los clientes regresen.<\/p>\n<h3>Durabilidad inigualable: resistente al agua y al sudor<\/h3>\n<p>Uno de los mayores desaf\u00edos con los adhesivos corporales es la longevidad, especialmente en condiciones de humedad o durante la actividad f\u00edsica. Nuestro producto destaca como una verdadera <strong>Cinta corporal resistente al agua<\/strong>. Dise\u00f1ada con tecnolog\u00eda adhesiva avanzada, resiste la humedad, el sudor y el vapor, lo que la convierte en la compa\u00f1era perfecta para trajes de ba\u00f1o, vestidos de verano e incluso trajes de baile.<\/p>\n<p>Sus clientes pueden bailar toda la noche o nadar con confianza, sabiendo que su soporte est\u00e1 seguro. Esta fiabilidad es un argumento de venta clave para los distribuidores, ya que reduce las tasas de devoluci\u00f3n y aumenta la satisfacci\u00f3n del cliente. Al incluir nuestra cinta resistente al agua en su cat\u00e1logo, est\u00e1 proporcionando un producto que cumple exactamente lo prometido.<\/p>\n<h3>La seguridad es lo primero: hipoalerg\u00e9nica y respetuosa con la piel<\/h3>\n<p>En MediTapes, priorizamos la salud de la piel. Entendemos que aplicar adhesivo directamente en \u00e1reas sensibles requiere los m\u00e1s altos est\u00e1ndares de seguridad. Es por eso que fabricamos una <strong>Cinta para el pecho hipoalerg\u00e9nica<\/strong> que no contiene l\u00e1tex y es suave con la piel. Nuestro adhesivo acr\u00edlico de grado m\u00e9dico proporciona una sujeci\u00f3n fuerte sin causar irritaci\u00f3n ni enrojecimiento al retirarlo.<\/p>\n<p>Este compromiso con la seguridad hace que nuestra cinta sea adecuada para una amplia gama de usuarios finales, incluidos aquellos con piel sensible. Al ofrecer una opci\u00f3n hipoalerg\u00e9nica, ampl\u00eda su base de clientes potenciales y genera confianza en el compromiso de su marca con productos de salud y belleza de calidad.<\/p>\n<h3>Especificaciones del producto<\/h3>\n<p>Nuestra cinta para levantamiento de senos es vers\u00e1til y puede personalizarse para satisfacer las necesidades espec\u00edficas del mercado. A continuaci\u00f3n, se detallan los par\u00e1metros de nuestro producto:<\/p>\n<table style=\"border-collapse: collapse; width: 100%; border: 1px solid #ddd;\">\n<tbody>\n<tr style=\"background-color: #f9f9f9;\">\n<td style=\"padding: 10px; border: 1px solid #ddd;\"><strong>Nombre del producto<\/strong><\/td>\n<td style=\"padding: 10px; border: 1px solid #ddd;\">Cinta para levantamiento de senos \/ Boob Tape<\/td>\n<\/tr>\n<tr>\n<td style=\"padding: 10px; border: 1px solid #ddd;\"><strong>Material<\/strong><\/td>\n<td style=\"padding: 10px; border: 1px solid #ddd;\">95% Algod\u00f3n + 5% Spandex (El\u00e1stico y transpirable)<\/td>\n<\/tr>\n<tr style=\"background-color: #f9f9f9;\">\n<td style=\"padding: 10px; border: 1px solid #ddd;\"><strong>Ancho<\/strong><\/td>\n<td style=\"padding: 10px; border: 1px solid #ddd;\">5 cm \/ 7,5 cm (Personalizable)<\/td>\n<\/tr>\n<tr>\n<td style=\"padding: 10px; border: 1px solid #ddd;\"><strong>Longitud<\/strong><\/td>\n<td style=\"padding: 10px; border: 1px solid #ddd;\">5 m (Rollo est\u00e1ndar)<\/td>\n<\/tr>\n<tr style=\"background-color: #f9f9f9;\">\n<td style=\"padding: 10px; border: 1px solid #ddd;\"><strong>Colores<\/strong><\/td>\n<td style=\"padding: 10px; border: 1px solid #ddd;\">Piel (Beige), Negro, Canela, Caf\u00e9, etc.<\/td>\n<\/tr>\n<tr>\n<td style=\"padding: 10px; border: 1px solid #ddd;\"><strong>Adhesivo<\/strong><\/td>\n<td style=\"padding: 10px; border: 1px solid #ddd;\">Grado m\u00e9dico, hipoalerg\u00e9nico, libre de l\u00e1tex<\/td>\n<\/tr>\n<tr style=\"background-color: #f9f9f9;\">\n<td style=\"padding: 10px; border: 1px solid #ddd;\"><strong>Embalaje<\/strong><\/td>\n<td style=\"padding: 10px; border: 1px solid #ddd;\">Seg\u00fan los requisitos del cliente (disponible OEM\/ODM)<\/td>\n<\/tr>\n<\/tbody>\n<\/table>\n<h3>\u00bfPor qu\u00e9 elegir MediTapes para sus necesidades al por mayor?<\/h3>\n<p>Seleccionar el <strong>Cinta para el pecho al por mayor<\/strong> socio adecuado es fundamental para el crecimiento de su negocio. MediTapes no es solo un proveedor; somos su socio estrat\u00e9gico. He aqu\u00ed por qu\u00e9 los compradores globales nos eligen:<\/p>\n<ul>\n<li><strong>Personalizaci\u00f3n (OEM\/ODM):<\/strong> Entendemos el poder del branding. Ofrecemos opciones completas de personalizaci\u00f3n, desde el color y el tama\u00f1o de la cinta hasta cajas impresas personalizadas y logotipos en el papel de respaldo. Cree su propia l\u00ednea de marca blanca de <strong>Cinta corporal resistente al agua<\/strong> con facilidad.<\/li>\n<li><strong>Cadena de suministro escalable:<\/strong> Ya sea que se trate de una peque\u00f1a boutique probando el mercado o una gran cadena minorista que necesite miles de rollos, nuestra capacidad de producci\u00f3n puede satisfacer sus demandas de manera eficiente.<\/li>\n<li><strong>Env\u00edo global:<\/strong> Atendemos a clientes en todo el mundo, garantizando que sus <strong>Cinta para sujetador invisible<\/strong> pedidos lleguen a tiempo, siempre.<\/li>\n<li><strong>Garant\u00eda de calidad:<\/strong> Cada rollo de nuestra <strong>Cinta para el pecho hipoalerg\u00e9nica<\/strong> se somete a un riguroso control de calidad para garantizar una adhesi\u00f3n constante y la integridad del tejido.<\/li>\n<\/ul>\n<h3>Diversas aplicaciones para su mercado<\/h3>\n<p>La versatilidad de nuestra cinta para levantamiento de senos abre m\u00faltiples v\u00edas de ingresos para su negocio. No es solo para ropa formal; es un accesorio esencial para:<\/p>\n<ul>\n<li><strong>Atletismo:<\/strong> Proporciona reducci\u00f3n del rebote y soporte durante la pr\u00e1ctica deportiva.<\/li>\n<li><strong>Trajes de ba\u00f1o:<\/strong> Su naturaleza impermeable lo hace ideal para el soporte de bikinis.<\/li>\n<li><strong>Soporte posquir\u00fargico:<\/strong> Puede utilizarse para una compresi\u00f3n suave y soporte en entornos de medicina est\u00e9tica.<\/li>\n<li><strong>Moda cotidiana:<\/strong> Perfecto para tops tipo halter, escotes en V profundos y prendas con la espalda descubierta.<\/li>\n<\/ul>\n<h3>Cont\u00e1ctenos para obtener una cotizaci\u00f3n<\/h3>\n<p>\u00bfEst\u00e1 listo para elevar su inventario de productos con las mejores soluciones de realce de busto del mercado? As\u00f3ciese con <strong>Cintas m\u00e9dicas<\/strong> hoy mismo. Estamos comprometidos a ofrecerle productos de primera calidad y un servicio excepcional.<\/p>\n<p>Para consultas sobre precios, muestras o personalizaci\u00f3n de marca, visite nuestro sitio web en <a href=\"https:\/\/meditapes.com\/es\/\" target=\"_blank\" rel=\"noopener\">https:\/\/meditapes.com\/<\/a>. Tambi\u00e9n puede ponerse en contacto con nuestro equipo de ventas directamente a trav\u00e9s de nuestra <a href=\"https:\/\/meditapes.com\/es\/contacto\/\" target=\"_blank\" rel=\"noopener\">P\u00e1gina de contacto<\/a> o env\u00edenos un correo electr\u00f3nico a <a href=\"mailto:info@meditapes.com\" target=\"_blank\" rel=\"noopener\">info@meditapes.com<\/a>.<\/p>\n<p>Asegure su suministro de <strong>Cinta para realce de busto al por mayor<\/strong> ahora y brinde a sus clientes el realce que se merecen!<\/p>","protected":false},"excerpt":{"rendered":"<p>Cinta premium de levantamiento de senos para un soporte invisible. Nuestra cinta para el pecho (Boob Tape) al por mayor es resistente al agua, al sudor e hipoalerg\u00e9nica. Perfecta para vestidos sin tirantes y trajes de ba\u00f1o. Ofrecemos personalizaci\u00f3n de marca para minoristas. Asegure hoy mismo las mejores ofertas al por mayor de cinta de levantamiento de senos para su sal\u00f3n o boutique.<\/p>","protected":false},"featured_media":898,"template":"","meta":[],"product_brand":[28],"product_cat":[27,755],"product_tag":[904,907,906,905],"class_list":{"0":"post-897","1":"product","2":"type-product","3":"status-publish","4":"has-post-thumbnail","6":"product_brand-meditapes","7":"product_cat-kinesiology-tapes","8":"product_cat-breast-lift-tape","9":"product_tag-boob-tape-wholesale","10":"product_tag-hypoallergenic-breast-tape","11":"product_tag-invisible-bra-tape","12":"product_tag-waterproof-body-tape","14":"first","15":"instock","16":"shipping-taxable","17":"product-type-simple"},"_links":{"self":[{"href":"https:\/\/meditapes.com\/es\/wp-json\/wp\/v2\/product\/897","targetHints":{"allow":["GET"]}}],"collection":[{"href":"https:\/\/meditapes.com\/es\/wp-json\/wp\/v2\/product"}],"about":[{"href":"https:\/\/meditapes.com\/es\/wp-json\/wp\/v2\/types\/product"}],"wp:featuredmedia":[{"embeddable":true,"href":"https:\/\/meditapes.com\/es\/wp-json\/wp\/v2\/media\/898"}],"wp:attachment":[{"href":"https:\/\/meditapes.com\/es\/wp-json\/wp\/v2\/media?parent=897"}],"wp:term":[{"taxonomy":"product_brand","embeddable":true,"href":"https:\/\/meditapes.com\/es\/wp-json\/wp\/v2\/product_brand?post=897"},{"taxonomy":"product_cat","embeddable":true,"href":"https:\/\/meditapes.com\/es\/wp-json\/wp\/v2\/product_cat?post=897"},{"taxonomy":"product_tag","embeddable":true,"href":"https:\/\/meditapes.com\/es\/wp-json\/wp\/v2\/product_tag?post=897"}],"curies":[{"name":"WP","href":"https:\/\/api.w.org\/{rel}","templated":true}]}}