{"id":886,"date":"2025-12-27T14:52:59","date_gmt":"2025-12-27T14:52:59","guid":{"rendered":"https:\/\/meditapes.com\/?post_type=product&#038;p=886"},"modified":"2025-12-27T14:53:01","modified_gmt":"2025-12-27T14:53:01","slug":"kinesiology-face-lift-tape","status":"publish","type":"product","link":"https:\/\/meditapes.com\/es\/product\/kinesiology-face-lift-tape\/","title":{"rendered":"Cinta kinesiol\u00f3gica de levantamiento facial para l\u00ednea en V y antiarrugas \u2013 Servicio OEM"},"content":{"rendered":"<h2>Cinta de Kinesiolog\u00eda Profesional para Levantamiento Facial para Esculpir la L\u00ednea V y Antienvejecimiento<\/h2>\n<p>Bienvenido a <strong>Cintas m\u00e9dicas<\/strong>, su socio principal para soluciones est\u00e9ticas de alta calidad. A medida que la demanda de tratamientos de belleza no quir\u00fargicos se dispara, nuestra <strong>Cinta de estiramiento facial<\/strong> se destaca como un producto de primer nivel dise\u00f1ado para salones de belleza profesionales, spas y marcas de cosm\u00e9ticos. Dise\u00f1ada con precisi\u00f3n, esta <strong>cinta de kinesiolog\u00eda para el rostro<\/strong> ofrece un m\u00e9todo seguro y no invasivo para lograr efectos de levantamiento instant\u00e1neo, reducir arrugas y definir los contornos faciales.<\/p>\n<p>A diferencia de las cintas adhesivas est\u00e1ndar, nuestra <strong>cinta antiarrugas<\/strong> est\u00e1 fabricada espec\u00edficamente para la delicada piel del rostro y el cuello. Utiliza los principios de la kinesiolog\u00eda para levantar suavemente la piel de la fascia muscular subyacente. Esta acci\u00f3n promueve la circulaci\u00f3n sangu\u00ednea, mejora el drenaje linf\u00e1tico y ayuda a suavizar las l\u00edneas finas y arrugas de manera efectiva. Ya sea que sus clientes busquen una l\u00ednea V definida o una soluci\u00f3n para la hinchaz\u00f3n matutina, MediTapes <strong>Cinta de estiramiento facial<\/strong> es la herramienta definitiva para su r\u00e9gimen de belleza.<\/p>\n<h3>Especificaciones del producto<\/h3>\n<p>Entendemos que los compradores B2B requieren especificaciones precisas. A continuaci\u00f3n se detallan los par\u00e1metros de nuestra <strong>Cinta de estiramiento facial<\/strong>:<\/p>\n<table style=\"width: 100%; border-collapse: collapse; margin-bottom: 20px;\" border=\"1\">\n<tbody>\n<tr style=\"height: 30px;\">\n<td style=\"width: 30%; padding: 10px; background-color: #f4f4f4;\"><strong>Nombre del producto<\/strong><\/td>\n<td style=\"width: 70%; padding: 10px;\">Cinta de Levantamiento Facial (Cinta de Belleza Kinesiol\u00f3gica)<\/td>\n<\/tr>\n<tr style=\"height: 30px;\">\n<td style=\"padding: 10px; background-color: #f4f4f4;\"><strong>Ancho<\/strong><\/td>\n<td style=\"padding: 10px;\">1 cm \/ 2,5 cm (Ideal para diferentes \u00e1reas faciales)<\/td>\n<\/tr>\n<tr style=\"height: 30px;\">\n<td style=\"padding: 10px; background-color: #f4f4f4;\"><strong>Longitud<\/strong><\/td>\n<td style=\"padding: 10px;\">5 m por rollo<\/td>\n<\/tr>\n<tr style=\"height: 30px;\">\n<td style=\"padding: 10px; background-color: #f4f4f4;\"><strong>Opciones de color<\/strong><\/td>\n<td style=\"padding: 10px;\">Piel (Beige), Azul, Rosa, Negro y m\u00e1s<\/td>\n<\/tr>\n<tr style=\"height: 30px;\">\n<td style=\"padding: 10px; background-color: #f4f4f4;\"><strong>Material<\/strong><\/td>\n<td style=\"padding: 10px;\">95% Algod\u00f3n + 5% Elastano (Alta Elasticidad)<\/td>\n<\/tr>\n<tr style=\"height: 30px;\">\n<td style=\"padding: 10px; background-color: #f4f4f4;\"><strong>Adhesivo<\/strong><\/td>\n<td style=\"padding: 10px;\">Pegamento acr\u00edlico hipoalerg\u00e9nico de grado m\u00e9dico<\/td>\n<\/tr>\n<tr style=\"height: 30px;\">\n<td style=\"padding: 10px; background-color: #f4f4f4;\"><strong>Embalaje<\/strong><\/td>\n<td style=\"padding: 10px;\">Personalizable seg\u00fan los requisitos del cliente (Soporte OEM\/ODM)<\/td>\n<\/tr>\n<\/tbody>\n<\/table>\n<h3>\u00bfPor qu\u00e9 elegir la Cinta de Kinesiolog\u00eda MediTapes para el Rostro?<\/h3>\n<p>En <strong>Cintas m\u00e9dicas<\/strong>, la calidad es nuestra prioridad. Nuestra <strong>Cinta de estiramiento facial<\/strong> se fabrica para cumplir con los m\u00e1s altos est\u00e1ndares de la industria, garantizando la seguridad y eficacia para los usuarios finales.<\/p>\n<ul>\n<li><strong>Hipoalerg\u00e9nica y transpirable:<\/strong> El rostro es sensible. Nuestro <strong>cinta antiarrugas<\/strong> utiliza un adhesivo de grado m\u00e9dico con patr\u00f3n de ondas que permite que la piel respire. Reduce significativamente el riesgo de irritaci\u00f3n, por lo que es adecuado para su uso nocturno o prolongado.<\/li>\n<li><strong>Elasticidad superior para el levantamiento:<\/strong> Imitando la elasticidad de la piel humana (160%-170%), nuestra <strong>cinta V-line<\/strong> proporciona la cantidad perfecta de tensi\u00f3n. Eleva f\u00edsicamente la piel fl\u00e1cida alrededor de la mand\u00edbula, las mejillas y el cuello sin restringir el movimiento ni causar molestias.<\/li>\n<li><strong>Resistente al agua y duradero:<\/strong> Dise\u00f1ada para mantenerse en su lugar, nuestra cinta resiste el sudor y la humedad, asegurando que el efecto de levantamiento dure todo el d\u00eda o la noche.<\/li>\n<li><strong>Aplicaciones vers\u00e1tiles:<\/strong>\n<ul>\n<li><strong>Frente:<\/strong> Suaviza las l\u00edneas de expresi\u00f3n horizontales.<\/li>\n<li><strong>Ojos:<\/strong> Eleva los p\u00e1rpados ca\u00eddos y reduce las patas de gallo.<\/li>\n<li><strong>Mejillas y mand\u00edbula:<\/strong> Crea una <strong>l\u00ednea en V<\/strong> definida y reduce la apariencia de la papada.<\/li>\n<li><strong>Cuello:<\/strong> Tensa la piel fl\u00e1cida del cuello (cuello de pavo).<\/li>\n<\/ul>\n<\/li>\n<\/ul>\n<h3>Servicios OEM y ODM: Construya su propia marca de belleza<\/h3>\n<p>\u00bfBusca lanzar su propia l\u00ednea de <strong>Cinta de estiramiento facial<\/strong>? MediTapes es su socio de fabricaci\u00f3n de confianza. Nos especializamos en soluciones personalizadas adaptadas a la identidad de su marca.<\/p>\n<p>Ofrecemos amplias opciones de personalizaci\u00f3n para nuestros clientes B2B:<\/p>\n<ol>\n<li><strong>Tama\u00f1os personalizados:<\/strong> Aunque 1 cm y 2,5 cm son los est\u00e1ndares, podemos cortar la cinta en cualquier ancho que su mercado requiera.<\/li>\n<li><strong>Embalaje de marca propia:<\/strong> Desde cajas individuales hasta bl\u00edsteres, podemos imprimir su logotipo y dise\u00f1o directamente en el empaque.<\/li>\n<li><strong>Variedad de colores:<\/strong> Diferencie su marca con nuestra amplia gama de colores, incluidos piel, azul, rosa y negro.<\/li>\n<li><strong>Impresi\u00f3n en la cinta:<\/strong> Incluso podemos imprimir su logotipo directamente en la tela de la <strong>cinta de kinesiolog\u00eda para el rostro<\/strong> para una m\u00e1xima visibilidad de la marca.<\/li>\n<\/ol>\n<h3>C\u00f3mo funciona la cinta de kinesiolog\u00eda para el levantamiento facial<\/h3>\n<p>La ciencia detr\u00e1s de nuestra <strong>Cinta de estiramiento facial<\/strong> reside en su capacidad para influir en la fascia y el sistema linf\u00e1tico. Cuando se aplica correctamente, la cinta levanta la piel de forma microsc\u00f3pica. Esta descompresi\u00f3n crea espacio entre la piel y los m\u00fasculos subyacentes. El resultado es una mejora en la circulaci\u00f3n y el flujo linf\u00e1tico, lo que ayuda a eliminar las toxinas que causan hinchaz\u00f3n y edema. Simult\u00e1neamente, la acci\u00f3n de levantamiento mec\u00e1nico \u201creentrena\u201d los m\u00fasculos faciales, ayudando a contrarrestar la gravedad y prevenir la formaci\u00f3n de arrugas est\u00e1ticas profundas.<\/p>\n<h3>As\u00f3ciese con MediTapes hoy mismo<\/h3>\n<p>Invierta en un producto que es tendencia a nivel mundial. Nuestra <strong>Cinta de estiramiento facial<\/strong> es un art\u00edculo de bajo costo y alto margen que atrae a un amplio sector demogr\u00e1fico, desde entusiastas del cuidado de la piel hasta maquilladores profesionales. Aseg\u00farese de que su inventario cuente con los mejores <strong>cinta de kinesiolog\u00eda para el rostro<\/strong> en el mercado.<\/p>\n<p>\u00bfEst\u00e1 listo para realizar un pedido o solicitar una muestra? P\u00f3ngase en contacto con nuestro equipo de ventas para analizar sus requisitos de venta al por mayor o OEM.<\/p>\n<p style=\"text-align: center; margin-top: 30px;\"><a style=\"background-color: #28a745; color: white; padding: 15px 30px; text-decoration: none; border-radius: 5px; font-weight: bold; font-size: 18px;\" href=\"https:\/\/meditapes.com\/es\/contacto\/\" target=\"_blank\" rel=\"noopener\">Obtenga una cotizaci\u00f3n ahora<\/a><\/p>\n<p style=\"text-align: center; margin-top: 20px;\">Para consultas directas, env\u00edenos un correo electr\u00f3nico a: <a style=\"color: #0073aa; font-weight: bold;\" href=\"mailto:info@meditapes.com\" target=\"_blank\" rel=\"noopener\">info@meditapes.com<\/a><\/p>","protected":false},"excerpt":{"rendered":"<p>Cinta de Levantamiento Facial Premium dise\u00f1ada para el moldeado instant\u00e1neo de la l\u00ednea V y la reducci\u00f3n de arrugas. Nuestra Cinta de Kinesiolog\u00eda para el Rostro es hipoalerg\u00e9nica y transpirable, ideal para pieles sensibles. Perfecta para salones de belleza y spas que buscan soluciones efectivas de cinta antiarrugas. Tama\u00f1os y empaques personalizados disponibles.<\/p>","protected":false},"featured_media":887,"template":"","meta":[],"product_brand":[28],"product_cat":[27,754],"product_tag":[889,887,890,888],"class_list":{"0":"post-886","1":"product","2":"type-product","3":"status-publish","4":"has-post-thumbnail","6":"product_brand-meditapes","7":"product_cat-kinesiology-tapes","8":"product_cat-face-lift-tape","9":"product_tag-anti-wrinkle-tape","10":"product_tag-face-lift-tape","11":"product_tag-kinesiology-tape-for-face","12":"product_tag-v-line-tape","14":"first","15":"instock","16":"shipping-taxable","17":"product-type-simple"},"_links":{"self":[{"href":"https:\/\/meditapes.com\/es\/wp-json\/wp\/v2\/product\/886","targetHints":{"allow":["GET"]}}],"collection":[{"href":"https:\/\/meditapes.com\/es\/wp-json\/wp\/v2\/product"}],"about":[{"href":"https:\/\/meditapes.com\/es\/wp-json\/wp\/v2\/types\/product"}],"wp:featuredmedia":[{"embeddable":true,"href":"https:\/\/meditapes.com\/es\/wp-json\/wp\/v2\/media\/887"}],"wp:attachment":[{"href":"https:\/\/meditapes.com\/es\/wp-json\/wp\/v2\/media?parent=886"}],"wp:term":[{"taxonomy":"product_brand","embeddable":true,"href":"https:\/\/meditapes.com\/es\/wp-json\/wp\/v2\/product_brand?post=886"},{"taxonomy":"product_cat","embeddable":true,"href":"https:\/\/meditapes.com\/es\/wp-json\/wp\/v2\/product_cat?post=886"},{"taxonomy":"product_tag","embeddable":true,"href":"https:\/\/meditapes.com\/es\/wp-json\/wp\/v2\/product_tag?post=886"}],"curies":[{"name":"WP","href":"https:\/\/api.w.org\/{rel}","templated":true}]}}