{"id":865,"date":"2025-12-27T14:18:20","date_gmt":"2025-12-27T14:18:20","guid":{"rendered":"https:\/\/meditapes.com\/?post_type=product&#038;p=865"},"modified":"2025-12-27T14:18:21","modified_gmt":"2025-12-27T14:18:21","slug":"cotton-mouth-tape","status":"publish","type":"product","link":"https:\/\/meditapes.com\/es\/product\/cotton-mouth-tape\/","title":{"rendered":"Cinta bucal de algod\u00f3n para dormir \u2013 Tiras antironquidos al por mayor"},"content":{"rendered":"<div class=\"product-description\">\n<h2>Cinta Bucal de Algod\u00f3n Premium para Dormir \u2013 La Soluci\u00f3n Definitiva Antironquidos<\/h2>\n<p>Bienvenido a <strong>Cintas m\u00e9dicas<\/strong>, su socio de confianza para soluciones de ayuda al sue\u00f1o de alta calidad. Nuestro producto estrella, la <strong>Cinta Bucal de Algod\u00f3n para Dormir<\/strong>, est\u00e1 dise\u00f1ada por expertos para ayudar a los usuarios a realizar la transici\u00f3n de la respiraci\u00f3n bucal a la nasal, asegurando un sue\u00f1o m\u00e1s profundo y reparador. Como fabricante l\u00edder dedicado al mercado B2B, proporcionamos <strong>tiras antironquidos<\/strong> superiores que combinan comodidad, seguridad y eficacia.<\/p>\n<p>Ya sea que usted sea un distribuidor m\u00e9dico, una cadena de farmacias o el propietario de una marca de comercio electr\u00f3nico, nuestra <strong>cinta de respiraci\u00f3n nasal<\/strong> es la incorporaci\u00f3n perfecta a su cat\u00e1logo. Dise\u00f1ado con precisi\u00f3n y materiales respetuosos con la piel, este producto responde a la creciente demanda mundial de soluciones para los ronquidos no invasivas.<\/p>\n<h3>Especificaciones y Par\u00e1metros del Producto<\/h3>\n<p>En <strong>Cintas m\u00e9dicas<\/strong>, priorizamos la transparencia y la calidad. A continuaci\u00f3n se presentan los par\u00e1metros espec\u00edficos de nuestra <strong>Cinta bucal de algod\u00f3n<\/strong>:<\/p>\n<ul>\n<li><strong>Nombre del producto:<\/strong> Cinta Bucal de Algod\u00f3n (Tiras Antironquidos)<\/li>\n<li><strong>Material:<\/strong> Tejido de algod\u00f3n transpirable de alta calidad con adhesivo hipoalerg\u00e9nico.<\/li>\n<li><strong>Dimensiones:<\/strong>\n<ul>\n<li><strong>Ancho:<\/strong> 4,1 cm<\/li>\n<li><strong>Largo:<\/strong> 7,6 cm<\/li>\n<\/ul>\n<\/li>\n<li><strong>Colores disponibles:<\/strong> Piel (Beige), Azul, Morado, Amarillo y otros colores personalizados bajo pedido.<\/li>\n<li><strong>Dise\u00f1o:<\/strong> Forma ergon\u00f3mica dise\u00f1ada para cubrir la boca de forma segura sin causar molestias.<\/li>\n<li><strong>Embalaje:<\/strong> Totalmente personalizable seg\u00fan los requisitos del cliente (soporte OEM\/ODM).<\/li>\n<\/ul>\n<h3>\u00bfPor qu\u00e9 elegir nuestra cinta bucal de algod\u00f3n para dormir?<\/h3>\n<p>Respirar por la boca durante el sue\u00f1o es una causa com\u00fan de ronquidos, boca seca y una higiene del sue\u00f1o deficiente. Nuestra <strong>La cinta bucal para dormir<\/strong> act\u00faa como un recordatorio suave para mantener los labios cerrados, animando al cuerpo a respirar por la nariz. He aqu\u00ed por qu\u00e9 nuestro producto destaca en el competitivo mercado de <strong>cinta de ayuda para el sue\u00f1o<\/strong>:<\/p>\n<h4>1. Comodidad y seguridad superiores<\/h4>\n<p>A diferencia de otras cintas de pl\u00e1stico que pueden irritar la piel, nuestras tiras est\u00e1n fabricadas con algod\u00f3n suave de grado m\u00e9dico. El adhesivo es lo suficientemente fuerte para mantenerse en su lugar toda la noche, pero lo suficientemente suave para retirarse sin dolor por la ma\u00f1ana. Esto hace que nuestras <strong>tiras antironquidos<\/strong> sean aptas para pieles sensibles.<\/p>\n<h4>2. Promueve una respiraci\u00f3n nasal saludable<\/h4>\n<p>La respiraci\u00f3n nasal filtra, calienta y humedece el aire antes de que llegue a los pulmones. Al utilizar nuestras <strong>cinta de respiraci\u00f3n nasal<\/strong>, los usuarios pueden aumentar la absorci\u00f3n de ox\u00edgeno y reducir las vibraciones en la garganta que causan los ronquidos. Las dimensiones de <strong>4,1 cm por 7,6 cm<\/strong> proporcionan una cobertura \u00f3ptima para asegurar que la boca permanezca cerrada de manera efectiva.<\/p>\n<h4>3. Personalizable para su marca (OEM\/ODM)<\/h4>\n<p>Entendemos que cada mercado es \u00fanico. Por eso ofrecemos amplias opciones de personalizaci\u00f3n. Ya sea que necesite la cinta en <strong>azul, p\u00farpura, amarillo o color piel<\/strong>, o requiera un embalaje minorista espec\u00edfico, <strong>Cintas m\u00e9dicas<\/strong> lo tiene cubierto. Podemos imprimir su logotipo en el embalaje o en el papel de soporte, ayud\u00e1ndole a construir una identidad de marca s\u00f3lida.<\/p>\n<h3>La ciencia detr\u00e1s de la cinta<\/h3>\n<p>\u00bfPor qu\u00e9 <strong>La cinta bucal para dormir<\/strong> se est\u00e1 convirtiendo en una tendencia mundial? Los estudios demuestran que la respiraci\u00f3n bucal habitual puede provocar problemas dentales, cambios en la estructura facial (en ni\u00f1os) y apnea del sue\u00f1o. Nuestra <strong>Cinta bucal de algod\u00f3n<\/strong> sirve como una intervenci\u00f3n mec\u00e1nica sencilla. No es un medicamento; es una herramienta de entrenamiento de h\u00e1bitos.<\/p>\n<p>Al asegurar la mand\u00edbula y los labios, la lengua se posiciona de forma natural contra el paladar, lo que abre las v\u00edas respiratorias. Este sencillo mecanismo hace que nuestra <strong>tiras antironquidos<\/strong> sea una de las soluciones m\u00e1s rentables para el alivio de los ronquidos disponibles hoy en d\u00eda.<\/p>\n<h3>Aplicaci\u00f3n y uso<\/h3>\n<p>El uso de nuestro producto es sencillo, lo cual es un argumento de venta clave para sus clientes finales:<\/p>\n<ol>\n<li>Lave y seque minuciosamente los labios y la piel circundante.<\/li>\n<li>Retire el\/la <strong>Cinta bucal de algod\u00f3n<\/strong> del protector.<\/li>\n<li>Aplique suavemente la cinta de forma vertical u horizontal sobre los labios (seg\u00fan el estilo de forma espec\u00edfico adaptado al tama\u00f1o de 4,1 cm x 7,6 cm).<\/li>\n<li>Presione suavemente para asegurar la adhesi\u00f3n.<\/li>\n<\/ol>\n<h3>As\u00f3ciese con MediTapes hoy mismo<\/h3>\n<p>En <strong>Cintas m\u00e9dicas<\/strong>, somos m\u00e1s que un simple fabricante; somos su socio estrat\u00e9gico en la industria de la salud y el bienestar. Garantizamos cadenas de suministro estables, precios mayoristas competitivos y un estricto control de calidad para cada lote de <strong>cinta de ayuda para el sue\u00f1o<\/strong> que producimos.<\/p>\n<p>\u00bfEst\u00e1 listo para ampliar su l\u00ednea de productos con nuestro \u00e9xito de ventas <strong>Cinta bucal de algod\u00f3n<\/strong>? Ofrecemos cantidades m\u00ednimas de pedido (MOQ) flexibles y env\u00edos r\u00e1pidos a destinos internacionales.<\/p>\n<p>Para consultas, muestras o para analizar sus necesidades de embalaje personalizado, visite nuestra p\u00e1gina de contacto o env\u00edenos un correo electr\u00f3nico directamente. Perm\u00edtanos ayudarle a que el mundo duerma mejor.<\/p>\n<p style=\"text-align: center; margin-top: 30px;\"><strong>Obtenga una cotizaci\u00f3n ahora:<\/strong><\/p>\n<p style=\"text-align: center; margin-top: 30px;\">\n<a style=\"background-color: #28a745; color: white; padding: 10px 20px; text-decoration: none; border-radius: 5px; font-weight: bold;\" href=\"https:\/\/meditapes.com\/es\/contacto\/\" target=\"_blank\" rel=\"noopener\">Cont\u00e1ctenos<\/a><\/p>\n<p>O env\u00edenos un correo electr\u00f3nico a: <a href=\"mailto:info@meditapes.com\" target=\"_blank\" rel=\"noopener\">info@meditapes.com<\/a><br \/>\nVisite nuestro sitio web: <a href=\"https:\/\/meditapes.com\/es\/\" target=\"_blank\" rel=\"noopener\">www.meditapes.com<\/a><\/p>\n<\/div>","protected":false},"excerpt":{"rendered":"<p>Deje de respirar por la boca y mejore la calidad del sue\u00f1o con nuestra cinta bucal de algod\u00f3n premium para dormir. Estas tiras antironquidos suaves y transpirables promueven la respiraci\u00f3n nasal al instante. Disponibles en colores piel, azul y morado. Ideales para compras al por mayor con opciones de embalaje personalizadas.<\/p>","protected":false},"featured_media":866,"template":"","meta":[],"product_brand":[28],"product_cat":[27,752],"product_tag":[845,826,853,860],"class_list":{"0":"post-865","1":"product","2":"type-product","3":"status-publish","4":"has-post-thumbnail","6":"product_brand-meditapes","7":"product_cat-kinesiology-tapes","8":"product_cat-cotton-mouth-tape","9":"product_tag-anti-snoring-strips","10":"product_tag-mouth-tape-for-sleeping","11":"product_tag-nasal-breathing-tape","12":"product_tag-sleep-aid-tape","14":"first","15":"instock","16":"shipping-taxable","17":"product-type-simple"},"_links":{"self":[{"href":"https:\/\/meditapes.com\/es\/wp-json\/wp\/v2\/product\/865","targetHints":{"allow":["GET"]}}],"collection":[{"href":"https:\/\/meditapes.com\/es\/wp-json\/wp\/v2\/product"}],"about":[{"href":"https:\/\/meditapes.com\/es\/wp-json\/wp\/v2\/types\/product"}],"wp:featuredmedia":[{"embeddable":true,"href":"https:\/\/meditapes.com\/es\/wp-json\/wp\/v2\/media\/866"}],"wp:attachment":[{"href":"https:\/\/meditapes.com\/es\/wp-json\/wp\/v2\/media?parent=865"}],"wp:term":[{"taxonomy":"product_brand","embeddable":true,"href":"https:\/\/meditapes.com\/es\/wp-json\/wp\/v2\/product_brand?post=865"},{"taxonomy":"product_cat","embeddable":true,"href":"https:\/\/meditapes.com\/es\/wp-json\/wp\/v2\/product_cat?post=865"},{"taxonomy":"product_tag","embeddable":true,"href":"https:\/\/meditapes.com\/es\/wp-json\/wp\/v2\/product_tag?post=865"}],"curies":[{"name":"WP","href":"https:\/\/api.w.org\/{rel}","templated":true}]}}