{"id":857,"date":"2025-12-27T13:57:02","date_gmt":"2025-12-27T13:57:02","guid":{"rendered":"https:\/\/meditapes.com\/?post_type=product&#038;p=857"},"modified":"2025-12-27T13:57:04","modified_gmt":"2025-12-27T13:57:04","slug":"breathable-non-woven-mouth-tape","status":"publish","type":"product","link":"https:\/\/meditapes.com\/es\/product\/breathable-non-woven-mouth-tape\/","title":{"rendered":"Tiras de cinta bucal de tela no tejida transpirable \u2013 Adhesivo suave para ni\u00f1os y adultos"},"content":{"rendered":"<div class=\"product-details-container\" style=\"font-family: Arial, sans-serif; line-height: 1.6; color: #333;\">\n<h2>Tiras de cinta bucal de material no tejido transpirable: La soluci\u00f3n suave para un sue\u00f1o saludable<\/h2>\n<p>Bienvenido a <strong>Cintas m\u00e9dicas<\/strong>, el l\u00edder de la industria en soluciones avanzadas para conciliar el sue\u00f1o. Nos enorgullece presentar nuestras <strong>Tiras de cinta bucal de material no tejido transpirable<\/strong>, dise\u00f1adas por expertos para apoyar la <strong>Correcci\u00f3n de la respiraci\u00f3n oral<\/strong> para toda la familia. Ya sea que usted sea un padre preocupado por el desarrollo facial de su hijo o un adulto que busca una mejor calidad de sue\u00f1o, nuestras tiras ofrecen una soluci\u00f3n segura, eficaz y respaldada cient\u00edficamente.<\/p>\n<p>La respiraci\u00f3n bucal es un problema com\u00fan que puede provocar ronquidos, sequedad de boca, problemas dentales y un sue\u00f1o inquieto. Nuestras <strong>Tiras bucales suaves<\/strong> funcionan fomentando suavemente que la boca permanezca cerrada durante el sue\u00f1o, promoviendo la respiraci\u00f3n nasal natural. Esta transici\u00f3n a la respiraci\u00f3n nasal ayuda a filtrar el aire, regula la ingesta de ox\u00edgeno y garantiza un descanso nocturno m\u00e1s profundo y reparador.<\/p>\n<h3>\u00bfPor qu\u00e9 elegir la cinta bucal de material no tejido de MediTapes?<\/h3>\n<p>A diferencia de las cintas adhesivas est\u00e1ndar que pueden ser agresivas para la piel, nuestro producto est\u00e1 fabricado espec\u00edficamente para la delicada zona facial. He aqu\u00ed por qu\u00e9 nuestra <strong>Cinta bucal transpirable<\/strong> se destaca en el mercado global:<\/p>\n<ul>\n<li><strong>Cinta de grado m\u00e9dico de primera calidad:<\/strong> La seguridad es nuestra m\u00e1xima prioridad. Utilizamos un adhesivo especializado de <strong>Cinta de Grado M\u00e9dico<\/strong> hipoalerg\u00e9nico y libre de l\u00e1tex. Proporciona una adhesi\u00f3n segura durante toda la noche, pero est\u00e1 formulado para retirarse f\u00e1cilmente sin dolor ni residuos pegajosos, lo que lo hace perfecto para pieles sensibles.<\/li>\n<li><strong>Transpirabilidad superior:<\/strong> El material base es una tela no tejida de alta calidad. Su estructura porosa permite que el aire circule libremente a trav\u00e9s de la cinta. Esta naturaleza \u201ctranspirable\u201d evita la acumulaci\u00f3n de humedad alrededor de los labios, reduciendo significativamente el riesgo de irritaci\u00f3n cut\u00e1nea o erupciones causadas a menudo por las cintas a base de pl\u00e1stico.<\/li>\n<li><strong>Dise\u00f1ada para ni\u00f1os y adultos:<\/strong> Entendemos que la piel de los ni\u00f1os requiere un cuidado especial. Nuestras <strong>Tiras bucales suaves<\/strong> son lo suficientemente suaves para el uso pedi\u00e1trico (para corregir la respiraci\u00f3n bucal a temprana edad) y, al mismo tiempo, lo suficientemente resistentes para adultos. El dise\u00f1o es compatible con diversas formas, como las c\u00f3modas en X o en I, para minimizar la cobertura y maximizar la eficacia.<\/li>\n<li><strong>Correcci\u00f3n eficaz de la respiraci\u00f3n bucal:<\/strong> El uso constante entrena el cerebro y los m\u00fasculos de la mand\u00edbula para mantener una postura de boca cerrada. Esto es esencial para la salud a largo plazo, ya que ayuda a alinear los dientes en los ni\u00f1os y a reducir los ronquidos en los adultos.<\/li>\n<\/ul>\n<h3>Especificaciones del producto<\/h3>\n<p>En <strong>Cintas m\u00e9dicas<\/strong>, ofrecemos opciones de fabricaci\u00f3n vers\u00e1tiles para adaptarnos a los requisitos de su marca. Nuestra <strong>Cinta bucal de tela no tejida<\/strong> es totalmente personalizable. A continuaci\u00f3n se presentan los par\u00e1metros t\u00e9cnicos est\u00e1ndar disponibles para pedidos al por mayor:<\/p>\n<table style=\"width: 100%; border-collapse: collapse; border: 1px solid #ddd; margin-bottom: 20px;\" border=\"1\" cellspacing=\"0\" cellpadding=\"12\">\n<tbody>\n<tr style=\"background-color: #f4f4f4;\">\n<td style=\"width: 30%;\"><strong>Nombre del producto<\/strong><\/td>\n<td>Cinta bucal de tela no tejida<\/td>\n<\/tr>\n<tr>\n<td><strong>Tipo de material<\/strong><\/td>\n<td>Tela no tejida porosa (grado m\u00e9dico)<\/td>\n<\/tr>\n<tr style=\"background-color: #f4f4f4;\">\n<td><strong>Anchos Disponibles<\/strong><\/td>\n<td>4,5 cm \/ 4 cm \/ 4,5 cm (Personalizable bajo petici\u00f3n)<\/td>\n<\/tr>\n<tr>\n<td><strong>Longitudes Disponibles<\/strong><\/td>\n<td>5,5 cm \/ 6 cm \/ 6,5 cm (Personalizable bajo petici\u00f3n)<\/td>\n<\/tr>\n<tr style=\"background-color: #f4f4f4;\">\n<td><strong>Color \/ Dise\u00f1o<\/strong><\/td>\n<td>Impreso (Admite patrones personalizados, dibujos infantiles o logotipos de marca)<\/td>\n<\/tr>\n<tr>\n<td><strong>Caracter\u00edstica adhesiva<\/strong><\/td>\n<td>Suave, hipoalerg\u00e9nico, sin residuos<\/td>\n<\/tr>\n<tr style=\"background-color: #f4f4f4;\">\n<td><strong>Opciones de embalaje<\/strong><\/td>\n<td>Seg\u00fan los requisitos del cliente (p. ej., 30 unidades\/caja, estuches de viaje, paquetes a granel)<\/td>\n<\/tr>\n<\/tbody>\n<\/table>\n<h3>C\u00f3mo utilizar para obtener los mejores resultados<\/h3>\n<p>Para asegurar la eficacia del <strong>Correcci\u00f3n de la respiraci\u00f3n oral<\/strong> proceso, siga estos sencillos pasos:<\/p>\n<ol>\n<li><strong>Limpieza:<\/strong> Lave y seque bien la piel alrededor de los labios. Los aceites o las cremas hidratantes pueden reducir la adhesi\u00f3n.<\/li>\n<li><strong>Aplicaci\u00f3n:<\/strong> Retire el protector de la <strong>Cinta bucal transpirable<\/strong>. Cierre los labios suavemente y coloque la tira centrada sobre la boca.<\/li>\n<li><strong>Fijaci\u00f3n:<\/strong> Presione ligeramente para activar el adhesivo.<\/li>\n<li><strong>Retirada:<\/strong> Por la ma\u00f1ana, retire suavemente la cinta. Nuestras <strong>Tiras bucales suaves<\/strong> est\u00e1n dise\u00f1adas para retirarse f\u00e1cilmente sin tirar de la piel.<\/li>\n<\/ol>\n<h3>Venta al por mayor y personalizaci\u00f3n B2B (OEM\/ODM)<\/h3>\n<p><strong>Cintas m\u00e9dicas<\/strong> es su socio de fabricaci\u00f3n dedicado. Nos especializamos en atender a clientes B2B, incluyendo farmacias, cl\u00ednicas del sue\u00f1o y marcas de comercio electr\u00f3nico. Ofrecemos amplios servicios de personalizaci\u00f3n para nuestros <strong>Cinta de Grado M\u00e9dico<\/strong> productos:<\/p>\n<ul>\n<li><strong>Formas personalizadas:<\/strong> forma de X, forma de I, forma de labios y m\u00e1s.<\/li>\n<li><strong>Impresi\u00f3n de marca:<\/strong> Podemos imprimir su logotipo o dise\u00f1os divertidos para ni\u00f1os directamente en la cinta.<\/li>\n<li><strong>Envases para Venta al P\u00fablico:<\/strong> Desde el dise\u00f1o hasta el empaquetado final, nos encargamos de todo (\u201cEmbalaje: Seg\u00fan los requisitos del cliente\u201d).<\/li>\n<\/ul>\n<div style=\"background-color: #e8f4fd; border-left: 6px solid #2c76c7; padding: 20px; margin-top: 30px;\">\n<h4 style=\"margin-top: 0; color: #2c76c7;\">\u00bfListo para realizar un pedido o solicitar muestras?<\/h4>\n<p>Si busca un proveedor confiable de <strong>Cinta bucal transpirable<\/strong> y <strong>Correcci\u00f3n de la respiraci\u00f3n oral<\/strong> dispositivos, no busque m\u00e1s.<\/p>\n<p>Visite nuestro sitio web para m\u00e1s detalles: <a style=\"color: #2c76c7; text-decoration: underline;\" href=\"https:\/\/meditapes.com\/es\/\" target=\"_blank\" rel=\"noopener\">https:\/\/meditapes.com\/<\/a><\/p>\n<p>Para consultas al por mayor, listas de precios y opciones de personalizaci\u00f3n, p\u00f3ngase en contacto directamente con nuestro equipo de ventas a trav\u00e9s de nuestra p\u00e1gina de contacto: <a style=\"color: #2c76c7; text-decoration: underline;\" href=\"https:\/\/meditapes.com\/es\/contacto\/\" target=\"_blank\" rel=\"noopener\"><strong>Cont\u00e1ctenos<\/strong><\/a> o env\u00edenos un correo electr\u00f3nico a <a style=\"color: #2c76c7; text-decoration: underline;\" href=\"mailto:info@meditapes.com\" target=\"_blank\" rel=\"noopener\"><strong>info@meditapes.com<\/strong><\/a>.<\/p>\n<\/div>\n<\/div>","protected":false},"excerpt":{"rendered":"<p>Correcci\u00f3n de la respiraci\u00f3n segura y c\u00f3moda: Descubra nuestra cinta bucal de material no tejido de alta calidad, con un dise\u00f1o \u00fanico en forma de X o I. Esta cinta bucal transpirable utiliza un adhesivo de grado m\u00e9dico, lo que la hace segura para pieles sensibles. Perfecta para corregir los h\u00e1bitos de respiraci\u00f3n oral tanto en ni\u00f1os como en adultos. Disponibilidad de pedidos al por mayor.<\/p>","protected":false},"featured_media":858,"template":"","meta":[],"product_brand":[28],"product_cat":[27,751],"product_tag":[833,848,764,847],"class_list":{"0":"post-857","1":"product","2":"type-product","3":"status-publish","4":"has-post-thumbnail","6":"product_brand-meditapes","7":"product_cat-kinesiology-tapes","8":"product_cat-non-woven-mouth-tape","9":"product_tag-breathable-mouth-tape","10":"product_tag-gentle-mouth-strips","11":"product_tag-medical-grade-tape","12":"product_tag-oral-breathing-correction","14":"first","15":"instock","16":"shipping-taxable","17":"product-type-simple"},"_links":{"self":[{"href":"https:\/\/meditapes.com\/es\/wp-json\/wp\/v2\/product\/857","targetHints":{"allow":["GET"]}}],"collection":[{"href":"https:\/\/meditapes.com\/es\/wp-json\/wp\/v2\/product"}],"about":[{"href":"https:\/\/meditapes.com\/es\/wp-json\/wp\/v2\/types\/product"}],"wp:featuredmedia":[{"embeddable":true,"href":"https:\/\/meditapes.com\/es\/wp-json\/wp\/v2\/media\/858"}],"wp:attachment":[{"href":"https:\/\/meditapes.com\/es\/wp-json\/wp\/v2\/media?parent=857"}],"wp:term":[{"taxonomy":"product_brand","embeddable":true,"href":"https:\/\/meditapes.com\/es\/wp-json\/wp\/v2\/product_brand?post=857"},{"taxonomy":"product_cat","embeddable":true,"href":"https:\/\/meditapes.com\/es\/wp-json\/wp\/v2\/product_cat?post=857"},{"taxonomy":"product_tag","embeddable":true,"href":"https:\/\/meditapes.com\/es\/wp-json\/wp\/v2\/product_tag?post=857"}],"curies":[{"name":"WP","href":"https:\/\/api.w.org\/{rel}","templated":true}]}}