{"id":855,"date":"2025-12-27T13:54:39","date_gmt":"2025-12-27T13:54:39","guid":{"rendered":"https:\/\/meditapes.com\/?post_type=product&#038;p=855"},"modified":"2025-12-27T13:54:41","modified_gmt":"2025-12-27T13:54:41","slug":"custom-non-woven-mouth-tape","status":"publish","type":"product","link":"https:\/\/meditapes.com\/es\/product\/custom-non-woven-mouth-tape\/","title":{"rendered":"Cinta bucal de tela no tejida personalizada para dormir y soluci\u00f3n contra los ronquidos"},"content":{"rendered":"<div class=\"product-description-container\">\n<h2>Transforme la calidad del sue\u00f1o con la cinta bucal de tela no tejida personalizada de MediTapes<\/h2>\n<p>Bienvenido a <strong>Cintas m\u00e9dicas<\/strong>, su socio de confianza para soluciones de descanso de alta calidad. Nuestro producto estrella, el <strong>Cinta bucal personalizada de tela no tejida para dormir y soluci\u00f3n antirronquidos<\/strong>, est\u00e1 dise\u00f1ado para abordar la creciente demanda global de ayudas para el sue\u00f1o eficaces y no invasivas. Dise\u00f1ada para importadores B2B, distribuidores y marcas de marca blanca, nuestra <strong>Cinta bucal para dormir<\/strong> ofrece una forma superior de fomentar la <strong>Respiraci\u00f3n nasal<\/strong> y mejorar la salud general.<\/p>\n<h3>\u00bfPor qu\u00e9 elegir la cinta bucal de tela no tejida? La ciencia de la respiraci\u00f3n nasal.<\/h3>\n<p>Respirar por la boca durante el sue\u00f1o es una causa com\u00fan de ronquidos, boca seca y una higiene del sue\u00f1o deficiente. Nuestra <strong>Cinta bucal de tela no tejida<\/strong> act\u00faa como un recordatorio suave para mantener los labios sellados, obligando al cuerpo a respirar por la nariz. La respiraci\u00f3n nasal es crucial porque filtra, calienta y humidifica el aire, aumentando la absorci\u00f3n de ox\u00edgeno y promoviendo un sue\u00f1o profundo y reparador. Al integrar nuestras <strong>Tiras antirronquidos<\/strong> en su l\u00ednea de productos, est\u00e1 ofreciendo a los usuarios finales una soluci\u00f3n cient\u00edficamente respaldada para los ronquidos y los s\u00edntomas de la apnea del sue\u00f1o.<\/p>\n<h3>Caracter\u00edsticas y beneficios clave<\/h3>\n<ul>\n<li><strong>Material de tela no tejida premium:<\/strong> A diferencia de las cintas a base de pl\u00e1stico, nuestro tejido no tejido es poroso y ultra transpirable. Esto garantiza que la piel alrededor de los labios se mantenga fresca y libre de irritaciones durante toda la noche.<\/li>\n<li><strong>Adhesivo hipoalerg\u00e9nico y suave:<\/strong> La seguridad es primordial. Utilizamos un adhesivo hipoalerg\u00e9nico de grado m\u00e9dico que fija la <strong>Cinta bucal para dormir<\/strong> firmemente en su lugar, pero permite retirarla sin dolor por la ma\u00f1ana, sin dejar residuos pegajosos.<\/li>\n<li><strong>Dise\u00f1o ergon\u00f3mico:<\/strong> La cinta est\u00e1 dise\u00f1ada para adaptarse a los contornos de la boca, siendo adecuada para diversas formas de rostro (en forma de X, en forma de I, etc.).<\/li>\n<li><strong>Reducci\u00f3n efectiva de los ronquidos:<\/strong> Al evitar que la mand\u00edbula se abra, estos <strong>Tiras antirronquidos<\/strong> reducen significativamente la vibraci\u00f3n de los tejidos de la garganta, lo que resulta en una noche m\u00e1s tranquila para el usuario y su pareja.<\/li>\n<\/ul>\n<h3>Especificaciones del producto<\/h3>\n<p>En <strong>Cintas m\u00e9dicas<\/strong>, entendemos que una sola talla no sirve para todos. Nuestras l\u00edneas de producci\u00f3n est\u00e1n equipadas para manejar diversas especificaciones y satisfacer las necesidades de su mercado. A continuaci\u00f3n, se presentan los par\u00e1metros est\u00e1ndar de nuestros <strong>Cinta bucal de tela no tejida<\/strong>:<\/p>\n<table style=\"border-collapse: collapse; width: 100%; border-color: #ddd;\" border=\"1\" cellspacing=\"0\" cellpadding=\"10\">\n<tbody>\n<tr style=\"background-color: #f9f9f9;\">\n<td style=\"width: 30%;\"><strong>Nombre del producto<\/strong><\/td>\n<td>Cinta bucal de tela no tejida<\/td>\n<\/tr>\n<tr>\n<td><strong>Material<\/strong><\/td>\n<td>Tejido no tejido transpirable de alta calidad<\/td>\n<\/tr>\n<tr style=\"background-color: #f9f9f9;\">\n<td><strong>Opciones de ancho<\/strong><\/td>\n<td>4,5 cm \/ 4 cm \/ 4,5 cm (Personalizable)<\/td>\n<\/tr>\n<tr>\n<td><strong>Opciones de longitud<\/strong><\/td>\n<td>5,5 cm \/ 6 cm \/ 6,5 cm (Personalizable)<\/td>\n<\/tr>\n<tr style=\"background-color: #f9f9f9;\">\n<td><strong>Color\/Dise\u00f1o<\/strong><\/td>\n<td>Impreso (Admite logotipos\/patrones personalizados)<\/td>\n<\/tr>\n<tr>\n<td><strong>Tipo de adhesivo<\/strong><\/td>\n<td>Grado m\u00e9dico, hipoalerg\u00e9nico<\/td>\n<\/tr>\n<tr style=\"background-color: #f9f9f9;\">\n<td><strong>Embalaje<\/strong><\/td>\n<td>Seg\u00fan los requisitos del cliente (a granel, en caja, paquetes de viaje)<\/td>\n<\/tr>\n<\/tbody>\n<\/table>\n<p>&nbsp;<\/p>\n<h3>Servicios de personalizaci\u00f3n y OEM (enfoque B2B)<\/h3>\n<p>Como fabricante especializado, <strong>Cintas m\u00e9dicas<\/strong> se especializa en servicios OEM y ODM. Sabemos que la imagen de marca es vital para su negocio. Ya sea que necesite los <strong>Cinta bucal de tela no tejida<\/strong> en formas espec\u00edficas (forma de X, forma de I), colores \u00fanicos o embalajes minoristas personalizados con su logotipo, lo tenemos cubierto.<\/p>\n<p>Nuestras opciones de embalaje flexible (\u201cEmbalaje: seg\u00fan los requisitos del cliente\u201d) le permiten dirigirse a diferentes segmentos del mercado, desde paquetes a granel econ\u00f3micos para cl\u00ednicas hasta juegos en cajas premium para estantes minoristas.<\/p>\n<h3>Escenarios de aplicaci\u00f3n<\/h3>\n<p>Nuestra cinta <strong>Respiraci\u00f3n nasal<\/strong> estos dispositivos son vers\u00e1tiles y adecuados para una amplia gama de usuarios finales:<\/p>\n<ul>\n<li><strong>Uso diario en el hogar:<\/strong> Para personas que buscan dejar de roncar y mejorar la calidad del sue\u00f1o.<\/li>\n<li><strong>Viajes:<\/strong> Compacto y ligero, perfecto para usar en aviones o en hoteles para evitar la sequedad de boca.<\/li>\n<li><strong>Usuarios de CPAP:<\/strong> Frecuentemente utilizado en conjunto con m\u00e1quinas CPAP para prevenir fugas bucales.<\/li>\n<li><strong>Atenci\u00f3n pedi\u00e1trica:<\/strong> Versiones suaves disponibles para ayudar a corregir h\u00e1bitos de respiraci\u00f3n oral en ni\u00f1os (bajo supervisi\u00f3n).<\/li>\n<\/ul>\n<h3>As\u00f3ciese con MediTapes hoy mismo<\/h3>\n<p>Eleve su inventario de productos para el sue\u00f1o con lo mejor <strong>Cinta bucal de tela no tejida<\/strong> del mercado. Estamos comprometidos con la calidad, los precios competitivos y la entrega confiable para nuestros socios globales.<\/p>\n<p>\u00bfListo para discutir su pedido personalizado? Visite nuestro sitio web en <a href=\"https:\/\/meditapes.com\/es\/\" target=\"_blank\" rel=\"noopener\">https:\/\/meditapes.com\/<\/a> para m\u00e1s informaci\u00f3n.<\/p>\n<p style=\"background-color: #eef7ff; padding: 15px; border-left: 5px solid #0073aa;\"><strong>Obtenga una cotizaci\u00f3n ahora:<\/strong><br \/>\nPara consultas sobre precios, cantidades m\u00ednimas de pedido (MOQ) y muestras, visite nuestra p\u00e1gina de contacto en <a href=\"https:\/\/meditapes.com\/es\/contacto\/\" target=\"_blank\" rel=\"noopener\"><strong>Cont\u00e1ctenos<\/strong><\/a> o env\u00ede un correo electr\u00f3nico directamente a nuestro equipo de ventas en <a href=\"mailto:info@meditapes.com\" target=\"_blank\" rel=\"noopener\"><strong>info@meditapes.com<\/strong><\/a>. Ayudemos al mundo a dormir mejor juntos.<\/p>\n<\/div>","protected":false},"excerpt":{"rendered":"<p>Soluci\u00f3n premium para el descanso: Nuestra cinta bucal de tela no tejida est\u00e1 dise\u00f1ada para fomentar la respiraci\u00f3n nasal y reducir los ronquidos de manera efectiva. Fabricada con material suave e hipoalerg\u00e9nico, esta cinta bucal para dormir garantiza comodidad durante toda la noche. Ideal para marcas de descanso que buscan ayudas antirronquidos transpirables y personalizables.<\/p>","protected":false},"featured_media":856,"template":"","meta":[],"product_brand":[28],"product_cat":[27,751],"product_tag":[845,843,846,844],"class_list":{"0":"post-855","1":"product","2":"type-product","3":"status-publish","4":"has-post-thumbnail","6":"product_brand-meditapes","7":"product_cat-kinesiology-tapes","8":"product_cat-non-woven-mouth-tape","9":"product_tag-anti-snoring-strips","10":"product_tag-non-woven-mouth-tape","11":"product_tag-nose-breathing","12":"product_tag-sleep-mouth-tape","14":"first","15":"instock","16":"shipping-taxable","17":"product-type-simple"},"_links":{"self":[{"href":"https:\/\/meditapes.com\/es\/wp-json\/wp\/v2\/product\/855","targetHints":{"allow":["GET"]}}],"collection":[{"href":"https:\/\/meditapes.com\/es\/wp-json\/wp\/v2\/product"}],"about":[{"href":"https:\/\/meditapes.com\/es\/wp-json\/wp\/v2\/types\/product"}],"wp:featuredmedia":[{"embeddable":true,"href":"https:\/\/meditapes.com\/es\/wp-json\/wp\/v2\/media\/856"}],"wp:attachment":[{"href":"https:\/\/meditapes.com\/es\/wp-json\/wp\/v2\/media?parent=855"}],"wp:term":[{"taxonomy":"product_brand","embeddable":true,"href":"https:\/\/meditapes.com\/es\/wp-json\/wp\/v2\/product_brand?post=855"},{"taxonomy":"product_cat","embeddable":true,"href":"https:\/\/meditapes.com\/es\/wp-json\/wp\/v2\/product_cat?post=855"},{"taxonomy":"product_tag","embeddable":true,"href":"https:\/\/meditapes.com\/es\/wp-json\/wp\/v2\/product_tag?post=855"}],"curies":[{"name":"WP","href":"https:\/\/api.w.org\/{rel}","templated":true}]}}