{"id":849,"date":"2025-12-27T13:31:34","date_gmt":"2025-12-27T13:31:34","guid":{"rendered":"https:\/\/meditapes.com\/?post_type=product&#038;p=849"},"modified":"2025-12-27T13:31:35","modified_gmt":"2025-12-27T13:31:35","slug":"bulk-sleep-mouth-tape","status":"publish","type":"product","link":"https:\/\/meditapes.com\/es\/product\/bulk-sleep-mouth-tape\/","title":{"rendered":"Cinta bucal para dormir en forma de X al por mayor \u2013 Adhesivo de seda de bamb\u00fa transpirable"},"content":{"rendered":"<p><!-- Product Title --><\/p>\n<h1>Cinta bucal para dormir en forma de X al por mayor \u2013 Adhesivo de seda de bamb\u00fa transpirable<\/h1>\n<p><!-- Introduction: Hooking the B2B Buyer --><\/p>\n<p>En el competitivo mercado de los auxiliares para dormir, la diferenciaci\u00f3n es clave. En <strong>Cintas m\u00e9dicas<\/strong>, ofrecemos una soluci\u00f3n especializada que combina el dise\u00f1o ergon\u00f3mico con materiales de primera calidad: nuestra <strong>Cinta bucal para dormir en forma de X al por mayor<\/strong>. Dise\u00f1ado para distribuidores globales, farmacias y cl\u00ednicas del sue\u00f1o, este producto atiende la creciente demanda de cintas para el alivio de los ronquidos c\u00f3modas y no invasivas.<\/p>\n<p>A diferencia de las cintas de cobertura total que pueden causar ansiedad en algunos usuarios, nuestra innovadora <strong>cinta bucal para dormir en forma de X<\/strong> proporciona una sensaci\u00f3n f\u00edsica y psicol\u00f3gica de libertad, al tiempo que promueve eficazmente la respiraci\u00f3n nasal. Elaborada a partir de nuestro distintivo <strong>adhesivo de seda de bamb\u00fa<\/strong>, garantiza una alta transpirabilidad y una m\u00ednima irritaci\u00f3n de la piel, lo que la convierte en la opci\u00f3n ideal para las personas con sue\u00f1o sensible. Al adquirir nuestra <strong>cinta bucal al por mayor<\/strong>, est\u00e1 proporcionando a sus clientes una soluci\u00f3n respaldada cient\u00edficamente para mejorar la salud del sue\u00f1o.<\/p>\n<h2>Por qu\u00e9 el dise\u00f1o en forma de \u201cX\u201d es un \u00e9xito en el mercado<\/h2>\n<p>La forma en \u201cX\u201d se est\u00e1 convirtiendo r\u00e1pidamente en la favorita de los consumidores. Su geometr\u00eda \u00fanica ofrece ventajas espec\u00edficas que puede destacar en su comercializaci\u00f3n:<\/p>\n<ul>\n<li><strong>Ansiedad reducida:<\/strong> El dise\u00f1o en X cubre menos superficie que las tiras s\u00f3lidas, por lo que resulta menos intimidante para los usuarios que la utilizan por primera vez.<\/li>\n<li><strong>Flujo de aire central:<\/strong> Aunque mantiene los labios unidos para evitar la respiraci\u00f3n bucal, los huecos de la forma en X permiten el flujo de aire de emergencia, lo que aumenta la seguridad y la confianza del usuario.<\/li>\n<li><strong>Adhesi\u00f3n flexible:<\/strong> Los cuatro puntos de la X proporcionan una sujeci\u00f3n segura que se desplaza con los micromovimientos naturales de la boca durante el sue\u00f1o, reduciendo la posibilidad de que la cinta se desprenda.<\/li>\n<\/ul>\n<h2>Material de primera calidad: Adhesivo de seda de bamb\u00fa transpirable<\/h2>\n<p>La calidad del material es lo que genera la fidelidad de los clientes. Nuestra <strong>Cinta bucal transpirable<\/strong>\u00a0est\u00e1 fabricada con tejido de seda de bamb\u00fa (ray\u00f3n) de alta calidad. Este material es superior a las cintas est\u00e1ndar de algod\u00f3n o PE por varias razones:<\/p>\n<ul>\n<li><strong>Estructura microporosa:<\/strong> Permite que la humedad y el calor escapen, evitando la sensaci\u00f3n de \u201clabios sudorosos\u201d que interrumpe el sue\u00f1o.<\/li>\n<li><strong>Gel hipoalerg\u00e9nico:<\/strong> Utilizamos un adhesivo de grado m\u00e9dico que es suave con los labios pero lo suficientemente fuerte como para durar toda la noche. Se retira sin dolor y sin dejar residuos pegajosos.<\/li>\n<li><strong>Atractivo ecol\u00f3gico:<\/strong> El concepto derivado del bamb\u00fa atrae al creciente sector demogr\u00e1fico de consumidores con conciencia ecol\u00f3gica.<\/li>\n<\/ul>\n<h2>Especificaciones del producto<\/h2>\n<p>Como fabricante directo, <strong>Cintas m\u00e9dicas<\/strong> garantiza un estricto control de calidad en cada especificaci\u00f3n. A continuaci\u00f3n se detallan los par\u00e1metros t\u00e9cnicos de nuestra <strong>Cinta bucal de seda de bamb\u00fa<\/strong>\u00a0serie. <em>Nota: Para los pedidos con forma de X, utilizamos troquelado de precisi\u00f3n basado en estos est\u00e1ndares de materiales.<\/em><\/p>\n<table style=\"width: 100%; border-collapse: collapse; margin: 20px 0; border: 1px solid #ddd;\" border=\"1\">\n<thead>\n<tr style=\"background-color: #f8f8f8;\">\n<th style=\"padding: 12px; text-align: left;\">Caracter\u00edstica<\/th>\n<th style=\"padding: 12px; text-align: left;\">Descripci\u00f3n<\/th>\n<\/tr>\n<\/thead>\n<tbody>\n<tr>\n<td style=\"padding: 10px; font-weight: bold;\">Nombre del producto<\/td>\n<td style=\"padding: 10px;\">Cinta bucal de seda de bamb\u00fa (Serie con forma de X)<\/td>\n<\/tr>\n<tr>\n<td style=\"padding: 10px; font-weight: bold;\">Dimensiones base<\/td>\n<td style=\"padding: 10px;\"><strong>Ancho:<\/strong> 3,8 cm<br \/>\n<strong>Largo:<\/strong> 7,6 cm<br \/>\n<em>(Este es el tama\u00f1o de hoja est\u00e1ndar antes de o incluyendo el corte en forma de X)<\/em><\/td>\n<\/tr>\n<tr>\n<td style=\"padding: 10px; font-weight: bold;\">Opciones de color<\/td>\n<td style=\"padding: 10px;\">Azul \/ Piel (Nude) \/ Rosa \/ Negro \/ Impresi\u00f3n personalizada<\/td>\n<\/tr>\n<tr>\n<td style=\"padding: 10px; font-weight: bold;\">Material<\/td>\n<td style=\"padding: 10px;\">Tejido de ray\u00f3n de seda de bamb\u00fa transpirable<\/td>\n<\/tr>\n<tr>\n<td style=\"padding: 10px; font-weight: bold;\">Embalaje<\/td>\n<td style=\"padding: 10px;\">Personalizable (por ejemplo, 30 unidades\/paquete, 90 unidades\/caja) seg\u00fan los requisitos del cliente<\/td>\n<\/tr>\n<\/tbody>\n<\/table>\n<h2>Servicios de venta al por mayor y OEM para cinta bucal a granel<\/h2>\n<p><strong>Cintas m\u00e9dicas<\/strong> es su socio estrat\u00e9gico para escalar su marca de productos para el sue\u00f1o. Nos especializamos en la <strong>cinta bucal al por mayor<\/strong>\u00a0producci\u00f3n con opciones de personalizaci\u00f3n flexibles:<\/p>\n<h3>1. Etiquetado privado<\/h3>\n<p>Construya su propia identidad de marca. Podemos imprimir su logotipo en el papel de soporte o directamente en la cinta (seg\u00fan el dise\u00f1o). Tambi\u00e9n ofrecemos servicios completos de dise\u00f1o de cajas personalizadas para minoristas para que su <strong>cinta para el alivio de los ronquidos<\/strong>\u00a0destaque en Amazon o en los estantes de las farmacias.<\/p>\n<h3>2. Cantidades de embalaje personalizadas<\/h3>\n<p>Tanto si desea un paquete de prueba de 30 tiras como un paquete econ\u00f3mico de 120 tiras, podemos ajustar la cantidad de embalaje para que se adapte a su estrategia de mercado.<\/p>\n<h3>3. Personalizaci\u00f3n de colores<\/h3>\n<p>Si bien el color piel\/beige es el m\u00e1s popular, observamos una tendencia creciente en colores como el azul y el rosa para el marketing en redes sociales. Puede solicitar una mezcla de colores en su env\u00edo al por mayor.<\/p>\n<h2>La ciencia del alivio de los ronquidos<\/h2>\n<p>\u00bfPor qu\u00e9 invertir en <strong>cinta para el alivio de los ronquidos<\/strong>? La respiraci\u00f3n bucal es una de las principales causas de los ronquidos. Cuando la mand\u00edbula se abre durante el sue\u00f1o, la lengua cae hacia atr\u00e1s, obstruyendo las v\u00edas respiratorias y provocando vibraci\u00f3n (ronquidos). Nuestra <strong>cinta bucal para dormir en forma de X<\/strong>\u00a0sujeta suavemente la mand\u00edbula y mantiene la boca cerrada, fomentando la respiraci\u00f3n nasal. La respiraci\u00f3n nasal filtra el aire y aumenta la absorci\u00f3n de ox\u00edgeno, lo que permite un sue\u00f1o m\u00e1s profundo y reparador.<\/p>\n<h2>As\u00f3ciese con MediTapes hoy mismo<\/h2>\n<p>Asegure su cadena de suministro con un fabricante que comprenda la calidad y la consistencia. Aumente su inventario con nuestra cinta bucal transpirable de primera calidad y ofrezca a sus clientes el sue\u00f1o que se merecen.<\/p>\n<div style=\"background-color: #f0f7ff; border: 1px solid #d0e3ff; padding: 25px; margin-top: 30px; border-radius: 5px;\">\n<h3 style=\"margin-top: 0; color: #0056b3;\">Solicite un presupuesto para pedidos al por mayor<\/h3>\n<p>\u00bfEst\u00e1 listo para analizar precios y muestras? P\u00f3ngase en contacto directamente con nuestro equipo de ventas B2B. Respondemos a todas las consultas en un plazo de 24 horas.<\/p>\n<ul style=\"list-style-type: none; padding-left: 0;\">\n<li style=\"margin-bottom: 10px;\"><strong>Env\u00edenos un correo electr\u00f3nico:<\/strong> <a style=\"color: #0056b3; font-weight: bold;\" href=\"mailto:info@meditapes.com\">info@meditapes.com<\/a><\/li>\n<li style=\"margin-bottom: 10px;\"><strong>Consulta en l\u00ednea:<\/strong> <a style=\"color: #0056b3; font-weight: bold;\" href=\"https:\/\/meditapes.com\/es\/contacto\/\" target=\"_blank\" rel=\"noopener noreferrer\">https:\/\/meditapes.com\/contact-us\/<\/a><\/li>\n<li><strong>Visitar sitio web:<\/strong> <a style=\"color: #0056b3; font-weight: bold;\" href=\"https:\/\/meditapes.com\/es\/\" target=\"_blank\" rel=\"noopener noreferrer\">https:\/\/meditapes.com\/<\/a><\/li>\n<\/ul>\n<\/div>","protected":false},"excerpt":{"rendered":"<p>Aumente su inventario con nuestra cinta bucal para dormir en forma de X. Elaborada con adhesivo de seda de bamb\u00fa suave, fomenta suavemente la respiraci\u00f3n nasal para mejorar la calidad del sue\u00f1o. Este dise\u00f1o transpirable es la opci\u00f3n preferida para los clientes que buscan un alivio eficaz de los ronquidos. Disponible al por mayor para distribuidores globales de cintas bucales para dormir.<\/p>","protected":false},"featured_media":850,"template":"","meta":[],"product_brand":[28],"product_cat":[27,750],"product_tag":[833,835,832,834],"class_list":{"0":"post-849","1":"product","2":"type-product","3":"status-publish","4":"has-post-thumbnail","6":"product_brand-meditapes","7":"product_cat-kinesiology-tapes","8":"product_cat-bamboo-silk-mouth-tape","9":"product_tag-breathable-mouth-tape","10":"product_tag-bulk-mouth-tape","11":"product_tag-sleep-mouth-tape-x-shape","12":"product_tag-snoring-relief-tape","14":"first","15":"instock","16":"shipping-taxable","17":"product-type-simple"},"_links":{"self":[{"href":"https:\/\/meditapes.com\/es\/wp-json\/wp\/v2\/product\/849","targetHints":{"allow":["GET"]}}],"collection":[{"href":"https:\/\/meditapes.com\/es\/wp-json\/wp\/v2\/product"}],"about":[{"href":"https:\/\/meditapes.com\/es\/wp-json\/wp\/v2\/types\/product"}],"wp:featuredmedia":[{"embeddable":true,"href":"https:\/\/meditapes.com\/es\/wp-json\/wp\/v2\/media\/850"}],"wp:attachment":[{"href":"https:\/\/meditapes.com\/es\/wp-json\/wp\/v2\/media?parent=849"}],"wp:term":[{"taxonomy":"product_brand","embeddable":true,"href":"https:\/\/meditapes.com\/es\/wp-json\/wp\/v2\/product_brand?post=849"},{"taxonomy":"product_cat","embeddable":true,"href":"https:\/\/meditapes.com\/es\/wp-json\/wp\/v2\/product_cat?post=849"},{"taxonomy":"product_tag","embeddable":true,"href":"https:\/\/meditapes.com\/es\/wp-json\/wp\/v2\/product_tag?post=849"}],"curies":[{"name":"WP","href":"https:\/\/api.w.org\/{rel}","templated":true}]}}