{"id":831,"date":"2025-12-27T11:29:53","date_gmt":"2025-12-27T11:29:53","guid":{"rendered":"https:\/\/meditapes.com\/?post_type=product&#038;p=831"},"modified":"2025-12-27T11:29:55","modified_gmt":"2025-12-27T11:29:55","slug":"pre-cut-printed-kinesiology-tape","status":"publish","type":"product","link":"https:\/\/meditapes.com\/es\/product\/pre-cut-printed-kinesiology-tape\/","title":{"rendered":"Tiras de cinta de kinesiolog\u00eda impresas precortadas \u2013 F\u00e1cil aplicaci\u00f3n para deportes"},"content":{"rendered":"<h1 id=\"pre-cut-printed-kinesiology-tape-strips-easy-application-for-sports\">Tiras de cinta de kinesiolog\u00eda impresas precortadas \u2013 F\u00e1cil aplicaci\u00f3n para deportes<\/h1>\n<h2 id=\"the-ultimate-convenience-ready-to-use-cotton-therapeutic-strips\">La m\u00e1xima comodidad: tiras terap\u00e9uticas de algod\u00f3n listas para usar<\/h2>\n<p>En el acelerado mundo del deporte y la rehabilitaci\u00f3n, el tiempo es un activo valioso. Los atletas en la banda y los fisioterapeutas en cl\u00ednicas concurridas no siempre tienen tiempo para medir y cortar rollos de cinta. <strong>Cintas m\u00e9dicas<\/strong> presenta la soluci\u00f3n perfecta: nuestras <strong>tiras de cinta de kinesiolog\u00eda impresas precortadas<\/strong>.<\/p>\n<p>Dise\u00f1adas para un uso instant\u00e1neo, estas <strong>cintas deportivas de f\u00e1cil aplicaci\u00f3n<\/strong> las tiras eliminan la necesidad de usar tijeras, ofreciendo una experiencia de vendaje sin complicaciones y sin comprometer el soporte de grado profesional. Como proveedores directos de f\u00e1brica, ofrecemos estas <strong>cintas de kinesiolog\u00eda precortadas<\/strong> soluciones a distribuidores globales que desean ofrecer a sus clientes la combinaci\u00f3n definitiva de comodidad, estilo y eficacia terap\u00e9utica.<\/p>\n<hr \/>\n<h3 id=\"why-switch-to-pre-cut-k-tape-strips-\">\u00bfPor qu\u00e9 cambiar a las tiras de cinta de kinesiolog\u00eda precortadas?<\/h3>\n<p>Los rollos est\u00e1ndar son ideales para la personalizaci\u00f3n, pero <strong>cintas de kinesiolog\u00eda precortadas<\/strong> ofrece ventajas distintivas que atraen a un segmento masivo del mercado:<\/p>\n<h4 id=\"1-precision-and-consistency\">1. Precisi\u00f3n y consistencia<\/h4>\n<p>Cada tira est\u00e1 cortada a m\u00e1quina siguiendo especificaciones exactas (normalmente longitudes de 25 cm). Esto asegura una aplicaci\u00f3n de tensi\u00f3n constante en cada ocasi\u00f3n. Adem\u00e1s, nuestras <strong>tiras de cinta K<\/strong> cuentan con esquinas redondeadas a m\u00e1quina. A diferencia de las esquinas cuadradas cortadas a mano que se enganchan en la ropa y se despegan f\u00e1cilmente, nuestros bordes redondeados permanecen seguros durante d\u00edas, prolongando significativamente el tiempo de uso.<\/p>\n<h4 id=\"2-no-scissors-required-easy-application\">2. Sin necesidad de tijeras: f\u00e1cil aplicaci\u00f3n<\/h4>\n<p>Esta es la definitiva <strong>cintas deportivas de f\u00e1cil aplicaci\u00f3n<\/strong>. El papel de soporte est\u00e1 perforado para que se pueda rasgar f\u00e1cilmente, lo que permite a los usuarios aplicar la cinta en cualquier lugar (en el vestuario, en el gimnasio o en el campo) sin necesidad de herramientas adicionales. Esto permite a los pacientes realizar su propio vendaje de forma eficaz en casa, mejorando el cumplimiento de los protocolos de rehabilitaci\u00f3n.<\/p>\n<h4 id=\"3-targeted-support-for-key-areas\">3. Soporte focalizado para \u00e1reas clave<\/h4>\n<p>Nuestra cinta <strong>Tiras terap\u00e9uticas de algod\u00f3n<\/strong> son vers\u00e1tiles. Est\u00e1n precortadas a la longitud perfecta para lesiones comunes.<\/p>\n<ul>\n<li><strong>Rodillas:<\/strong> Ideal para la rodilla del corredor y problemas de alineaci\u00f3n patelar.<\/li>\n<li><strong>Hombros:<\/strong> con el tama\u00f1o perfecto para el soporte del manguito rotador.<\/li>\n<li><strong>Espalda:<\/strong> Se combinan f\u00e1cilmente para formar un patr\u00f3n en \u201cX\u201d o \u201cH\u201d para el alivio del dolor lumbar.<\/li>\n<\/ul>\n<h4 id=\"4-printed-designs-for-branding\">4. Dise\u00f1os impresos para imagen de marca<\/h4>\n<p>Al igual que nuestros rollos, estas tiras est\u00e1n fabricadas con nuestro material premium <strong>Cinta de kinesiolog\u00eda de tela de algod\u00f3n estampada<\/strong>. Podemos imprimir marcas instructivas directamente en la cinta para guiar la aplicaci\u00f3n, o el logotipo de su marca para aumentar la visibilidad.<\/p>\n<hr \/>\n<h3 id=\"product-specifications\">Especificaciones del producto<\/h3>\n<p>Nuestras tiras precortadas mantienen la alta calidad de nuestros rollos est\u00e1ndar pero con mayor comodidad.<\/p>\n<table>\n<thead>\n<tr>\n<th style=\"text-align: left;\">Especificaci\u00f3n<\/th>\n<th style=\"text-align: left;\">Detalles<\/th>\n<\/tr>\n<\/thead>\n<tbody>\n<tr>\n<td style=\"text-align: left;\"><strong>Nombre del producto<\/strong><\/td>\n<td style=\"text-align: left;\"><strong>Cinta de kinesiolog\u00eda de tela de algod\u00f3n estampada<\/strong><\/td>\n<\/tr>\n<tr>\n<td style=\"text-align: left;\"><strong>Material<\/strong><\/td>\n<td style=\"text-align: left;\">97% Algod\u00f3n + 3% Spandex (Transpirable y El\u00e1stico)<\/td>\n<\/tr>\n<tr>\n<td style=\"text-align: left;\"><strong>Adhesivo<\/strong><\/td>\n<td style=\"text-align: left;\">Pegamento acr\u00edlico m\u00e9dico hipoalerg\u00e9nico (Patr\u00f3n en ondas)<\/td>\n<\/tr>\n<tr>\n<td style=\"text-align: left;\"><strong>Dimensiones de la tira<\/strong><\/td>\n<td style=\"text-align: left;\">Est\u00e1ndar <strong>5cm x 25cm<\/strong> (Tiras en I)<\/td>\n<\/tr>\n<tr>\n<td style=\"text-align: left;\"><strong>Formas disponibles<\/strong><\/td>\n<td style=\"text-align: left;\">Tiras en I (Est\u00e1ndar), Tiras en Y, Tiras en X, Cortes en abanico (Personalizables)<\/td>\n<\/tr>\n<tr>\n<td style=\"text-align: left;\"><strong>Esquinas<\/strong><\/td>\n<td style=\"text-align: left;\"><strong>Esquinas prerredondeadas<\/strong> para evitar que se despeguen<\/td>\n<\/tr>\n<tr>\n<td style=\"text-align: left;\"><strong>Colores\/Patrones<\/strong><\/td>\n<td style=\"text-align: left;\">Piel, azul, rosa, negro, impresiones personalizadas<\/td>\n<\/tr>\n<tr>\n<td style=\"text-align: left;\"><strong>Embalaje<\/strong><\/td>\n<td style=\"text-align: left;\">Caja para venta al por menor (ej. 20 tiras\/caja) o dispensador a granel. <strong>Seg\u00fan los requisitos del cliente<\/strong><\/td>\n<\/tr>\n<tr>\n<td style=\"text-align: left;\"><strong>Elasticidad<\/strong><\/td>\n<td style=\"text-align: left;\">Elasticidad de 160% \u2013 170%<\/td>\n<\/tr>\n<\/tbody>\n<\/table>\n<hr \/>\n<h3 id=\"application-scenarios-who-needs-pre-cut-strips-\">Escenarios de aplicaci\u00f3n: \u00bfQui\u00e9n necesita tiras precortadas?<\/h3>\n<ul>\n<li><strong>Consumidores minoristas:<\/strong> Usuarios que prefieren hacerlo ellos mismos y encuentran intimidante cortar rollos. Nuestro embalaje listo para la venta lo convierte en un \u00e9xito de ventas en farmacias y tiendas de deportes.<\/li>\n<li><strong>Entrenadores personales:<\/strong> Permite a los entrenadores vendar r\u00e1pidamente a un cliente durante una sesi\u00f3n sin perder tiempo en la preparaci\u00f3n.<\/li>\n<li><strong>Medicina para eventos:<\/strong> Para maratones o triatlones donde los m\u00e9dicos necesitan vendar a cientos de atletas r\u00e1pidamente, <strong>cintas de kinesiolog\u00eda precortadas<\/strong> es un salvavidas log\u00edstico.<\/li>\n<\/ul>\n<h3 id=\"factory-direct-advantages-from-meditapes\">Ventajas directas de f\u00e1brica de MediTapes<\/h3>\n<p>Suministro <strong>cintas de kinesiolog\u00eda precortadas<\/strong> directamente de MediTapes le otorga una ventaja competitiva.<\/p>\n<ol>\n<li><strong>Eficiencia de costes:<\/strong> El precorte se realiza en nuestras l\u00edneas industriales automatizadas, lo que reduce los costos de mano de obra en comparaci\u00f3n con el corte manual. Le trasladamos estos ahorros a usted.<\/li>\n<li><strong>Embalaje Personalizado:<\/strong> Destacamos en la creaci\u00f3n de envases para venta minorista listos para el estante. Podemos empaquetar 10, 20 o 100 tiras por caja, personalizadas con el dise\u00f1o de su marca y manuales de instrucciones.<\/li>\n<li><strong>Control de calidad:<\/strong> Nos aseguramos de que la perforaci\u00f3n en el papel de soporte sea precisa, lo que facilita el proceso de \u201crasgar y aplicar\u201d para el usuario final.<\/li>\n<\/ol>\n<hr \/>\n<h3 id=\"frequently-asked-questions-faq-\">Preguntas frecuentes (FAQ)<\/h3>\n<p><strong>P: \u00bfSon las tiras precortadas tan eficaces como los rollos?<\/strong><br \/>\nR: S\u00ed, por supuesto. Utilizan exactamente el mismo <strong>Tiras terap\u00e9uticas de algod\u00f3n<\/strong> material y adhesivo m\u00e9dico. La \u00fanica diferencia es la conveniencia del corte.<\/p>\n<p><strong>P: \u00bfPuedo obtener tiras precortadas en formas de \u201cY\u201d o \u201cX\u201d?<\/strong><br \/>\nR: S\u00ed. Si bien la tira est\u00e1ndar en \u201cI\u201d (5 cm x 25 cm) es la m\u00e1s popular, podemos fabricar cortes en \u201cY\u201d, \u201cX\u201d o en \u201cAbanico\u201d seg\u00fan sus requisitos de OEM.<\/p>\n<p><strong>P: \u00bfC\u00f3mo se aplican?<\/strong><br \/>\nR: Es sencillo. Rasgue el papel protector por el medio o por un extremo (el anclaje), aplique el anclaje con un 0% de estiramiento, aplique la zona terap\u00e9utica con el estiramiento deseado y finalice el extremo con un 0% de estiramiento.<\/p>\n<hr \/>\n<h3 id=\"request-a-sample-kit\">Solicite un kit de muestras<\/h3>\n<p>Experimente la conveniencia de primera mano. Contacte con <strong>Cintas m\u00e9dicas<\/strong> hoy mismo para pedir muestras de nuestro <strong>cintas deportivas de f\u00e1cil aplicaci\u00f3n<\/strong> y hable sobre sus necesidades de marca privada.<\/p>\n<ul>\n<li><strong>Sitio web:<\/strong> <a href=\"https:\/\/meditapes.com\/es\/\" target=\"_blank\" rel=\"noopener\">https:\/\/meditapes.com\/<\/a><\/li>\n<li><strong>P\u00e1gina de contacto:<\/strong> <a href=\"https:\/\/meditapes.com\/es\/contacto\/\" target=\"_blank\" rel=\"noopener\">https:\/\/meditapes.com\/contact-us\/<\/a><\/li>\n<li><strong>Correo electr\u00f3nico:<\/strong> <a href=\"mailto:info@meditapes.com\" target=\"_blank\" rel=\"noopener\">info@meditapes.com<\/a><\/li>\n<\/ul>\n<hr \/>","protected":false},"excerpt":{"rendered":"<p>Ahorre tiempo con la cinta de kinesiolog\u00eda impresa precortada. Estas tiras de cinta de algod\u00f3n listas para usar est\u00e1n dise\u00f1adas para una f\u00e1cil aplicaci\u00f3n en rodillas, hombros y espalda. Nuestra cinta deportiva impresa ofrece una tensi\u00f3n constante y un soporte fiable. Adquirir cinta de kinesiolog\u00eda precortada directamente de f\u00e1brica garantiza el mejor precio.<\/p>","protected":false},"featured_media":832,"template":"","meta":[],"product_brand":[28],"product_cat":[27,748],"product_tag":[809,807,808,771],"class_list":{"0":"post-831","1":"product","2":"type-product","3":"status-publish","4":"has-post-thumbnail","6":"product_brand-meditapes","7":"product_cat-kinesiology-tapes","8":"product_cat-cotton-fabric-printed-kinesiology-tape","9":"product_tag-cotton-therapeutic-strips","10":"product_tag-easy-apply-sports-tape","11":"product_tag-k-tape-strips","12":"product_tag-pre-cut-kinesiology-tape","14":"first","15":"instock","16":"shipping-taxable","17":"product-type-simple"},"_links":{"self":[{"href":"https:\/\/meditapes.com\/es\/wp-json\/wp\/v2\/product\/831","targetHints":{"allow":["GET"]}}],"collection":[{"href":"https:\/\/meditapes.com\/es\/wp-json\/wp\/v2\/product"}],"about":[{"href":"https:\/\/meditapes.com\/es\/wp-json\/wp\/v2\/types\/product"}],"wp:featuredmedia":[{"embeddable":true,"href":"https:\/\/meditapes.com\/es\/wp-json\/wp\/v2\/media\/832"}],"wp:attachment":[{"href":"https:\/\/meditapes.com\/es\/wp-json\/wp\/v2\/media?parent=831"}],"wp:term":[{"taxonomy":"product_brand","embeddable":true,"href":"https:\/\/meditapes.com\/es\/wp-json\/wp\/v2\/product_brand?post=831"},{"taxonomy":"product_cat","embeddable":true,"href":"https:\/\/meditapes.com\/es\/wp-json\/wp\/v2\/product_cat?post=831"},{"taxonomy":"product_tag","embeddable":true,"href":"https:\/\/meditapes.com\/es\/wp-json\/wp\/v2\/product_tag?post=831"}],"curies":[{"name":"WP","href":"https:\/\/api.w.org\/{rel}","templated":true}]}}