{"id":827,"date":"2025-12-27T11:21:47","date_gmt":"2025-12-27T11:21:47","guid":{"rendered":"https:\/\/meditapes.com\/?post_type=product&#038;p=827"},"modified":"2025-12-27T11:21:48","modified_gmt":"2025-12-27T11:21:48","slug":"waterproof-printed-kinesiology-tape","status":"publish","type":"product","link":"https:\/\/meditapes.com\/es\/product\/waterproof-printed-kinesiology-tape\/","title":{"rendered":"Rollos de cinta de kinesiolog\u00eda impresos impermeables \u2013 Soporte muscular atl\u00e9tico"},"content":{"rendered":"<h1 id=\"waterproof-printed-kinesiology-tape-rolls-athletic-muscle-support\">Rollos de cinta de kinesiolog\u00eda impresos impermeables \u2013 Soporte muscular atl\u00e9tico<\/h1>\n<h2 id=\"unleash-unstoppable-performance-with-meditapes-waterproof-series\">Desate un rendimiento imparable con la serie impermeable de MediTapes<\/h2>\n<p>Para atletas de \u00e9lite e individuos activos, el sudor y el agua nunca deben ser una barrera para la recuperaci\u00f3n y el soporte. En <strong>Cintas m\u00e9dicas<\/strong>, hemos dise\u00f1ado la soluci\u00f3n definitiva para entornos de alta intensidad: nuestra <strong>Cinta de kinesiolog\u00eda impresa impermeable<\/strong>. Dise\u00f1ada para soportar las condiciones m\u00e1s exigentes, desde la piscina hasta la meta de un marat\u00f3n, esta cinta ofrece un firme <strong>soporte muscular atl\u00e9tico<\/strong> cuando m\u00e1s importa.<\/p>\n<p>Como fabricante especializado, MediTapes ofrece <strong>rollos de cinta K<\/strong> que combinan una tecnolog\u00eda de adhesi\u00f3n superior con tela de algod\u00f3n transpirable. Ya sea que usted sea un distribuidor que busca <strong>cinta deportiva resistente al sudor<\/strong> o una marca que busca un socio OEM confiable, nuestra serie impermeable es el referente de la industria en cuanto a durabilidad y rendimiento.<\/p>\n<hr \/>\n<h3 id=\"the-ultimate-waterproof-technology\">La tecnolog\u00eda impermeable definitiva<\/h3>\n<p>Lo que distingue a nuestro producto es la formulaci\u00f3n avanzada de su adhesivo. A diferencia de las cintas est\u00e1ndar que se despegan una vez sumergidas, la nuestra <strong>Cinta de kinesiolog\u00eda impermeable<\/strong> cuenta con un adhesivo acr\u00edlico m\u00e9dico especializado que se activa con el calor.<\/p>\n<ul>\n<li><strong>Durabilidad a prueba de nataci\u00f3n:<\/strong> Dise\u00f1ada para nadadores y triatletas, esta cinta se mantiene firmemente en su lugar incluso despu\u00e9s de una exposici\u00f3n prolongada al agua clorada o al agua salada.<\/li>\n<li><strong>Acci\u00f3n resistente al sudor:<\/strong> Para deportes de alta intensidad como el CrossFit o el f\u00fatbol, el sudor excesivo puede comprometer la integridad de la cinta. Nuestra <strong>cinta deportiva resistente al sudor<\/strong> utiliza un dise\u00f1o de tejido poroso que absorbe la humedad, asegurando que la adhesi\u00f3n se mantenga fuerte incluso en los entrenamientos m\u00e1s intensos.<\/li>\n<li><strong>Algod\u00f3n de secado r\u00e1pido:<\/strong> Mientras que el pegamento repele el agua, el <strong>Cinta de kinesiolog\u00eda de tela de algod\u00f3n estampada<\/strong> material se seca r\u00e1pidamente, evitando la maceraci\u00f3n de la piel y garantizando la comodidad durante 3 a 5 d\u00edas de uso.<\/li>\n<\/ul>\n<h3 id=\"dynamic-athletic-muscle-support\">Soporte muscular atl\u00e9tico din\u00e1mico<\/h3>\n<p>Nuestra cinta no se trata solo de adherirse; se trata de rendir. El <strong>soporte muscular atl\u00e9tico<\/strong> proporcionado por MediTapes se basa en principios biomec\u00e1nicos.<\/p>\n<ul>\n<li><strong>Imita la elasticidad de la piel:<\/strong> Con una capacidad de estiramiento de 160-170%, la cinta se mueve con el cuerpo, no contra \u00e9l. Eleva la piel microsc\u00f3picamente para mejorar la circulaci\u00f3n sangu\u00ednea y el drenaje linf\u00e1tico.<\/li>\n<li><strong>Reducci\u00f3n de la fatiga:<\/strong> Al proporcionar soporte externo a los m\u00fasculos y tendones, la cinta ayuda a reducir la vibraci\u00f3n y la fatiga muscular, permitiendo a los atletas esforzarse m\u00e1s durante m\u00e1s tiempo.<\/li>\n<li><strong>Prevenci\u00f3n de lesiones:<\/strong> Una aplicaci\u00f3n adecuada puede estabilizar las articulaciones y evitar la sobreextensi\u00f3n sin restringir el rango de movimiento.<\/li>\n<\/ul>\n<hr \/>\n<h3 id=\"product-specifications\">Especificaciones del producto<\/h3>\n<p>Ofrecemos opciones totalmente personalizables para nuestros clientes B2B. A continuaci\u00f3n se presentan los par\u00e1metros t\u00e9cnicos de nuestros rollos de cinta de kinesiolog\u00eda impresa impermeable.<\/p>\n<table>\n<thead>\n<tr>\n<th style=\"text-align: left;\">Caracter\u00edstica<\/th>\n<th style=\"text-align: left;\">Detalles de las especificaciones<\/th>\n<\/tr>\n<\/thead>\n<tbody>\n<tr>\n<td style=\"text-align: left;\"><strong>Nombre del producto<\/strong><\/td>\n<td style=\"text-align: left;\"><strong>Cinta de kinesiolog\u00eda de tela de algod\u00f3n estampada<\/strong><\/td>\n<\/tr>\n<tr>\n<td style=\"text-align: left;\"><strong>Material<\/strong><\/td>\n<td style=\"text-align: left;\">97% Algod\u00f3n + 3% Spandex (Tratamiento resistente al agua)<\/td>\n<\/tr>\n<tr>\n<td style=\"text-align: left;\"><strong>Adhesivo<\/strong><\/td>\n<td style=\"text-align: left;\">Pegamento acr\u00edlico m\u00e9dico extrafuerte (impermeable e hipoalerg\u00e9nico)<\/td>\n<\/tr>\n<tr>\n<td style=\"text-align: left;\"><strong>Opciones de ancho<\/strong><\/td>\n<td style=\"text-align: left;\">2.5 cm \/ 3.8 cm \/ 5 cm \/ 7.5 cm<\/td>\n<\/tr>\n<tr>\n<td style=\"text-align: left;\"><strong>Longitud<\/strong><\/td>\n<td style=\"text-align: left;\">Rollo est\u00e1ndar de 5 m (Continuo)<\/td>\n<\/tr>\n<tr>\n<td style=\"text-align: left;\"><strong>Opciones de color<\/strong><\/td>\n<td style=\"text-align: left;\">Piel, Azul, Rosa, Negro y patrones impresos personalizados<\/td>\n<\/tr>\n<tr>\n<td style=\"text-align: left;\"><strong>Impresi\u00f3n<\/strong><\/td>\n<td style=\"text-align: left;\">Tecnolog\u00eda de tinta resistente a la decoloraci\u00f3n (Logotipos personalizados disponibles)<\/td>\n<\/tr>\n<tr>\n<td style=\"text-align: left;\"><strong>Embalaje<\/strong><\/td>\n<td style=\"text-align: left;\"><strong>Seg\u00fan los requisitos del cliente<\/strong> (Caja personalizada\/Envoltura retr\u00e1ctil)<\/td>\n<\/tr>\n<tr>\n<td style=\"text-align: left;\"><strong>Tiempo de uso<\/strong><\/td>\n<td style=\"text-align: left;\">3-5 d\u00edas (resistente al agua y al sudor)<\/td>\n<\/tr>\n<\/tbody>\n<\/table>\n<hr \/>\n<h3 id=\"customization-and-branding\">Personalizaci\u00f3n e imagen de marca<\/h3>\n<p>En el mercado deportivo competitivo, la visibilidad es clave. Nuestra <strong>Cinta de kinesiolog\u00eda impresa impermeable<\/strong> sirve como un lienzo funcional para su marca.<\/p>\n<ul>\n<li><strong>Impresi\u00f3n vibrante:<\/strong> Utilizamos tecnolog\u00eda de impresi\u00f3n avanzada para garantizar que su logotipo o dise\u00f1o personalizado permanezca n\u00edtido y vibrante, incluso despu\u00e9s de la exposici\u00f3n al agua y al sol.<\/li>\n<li><strong>Rollos de cinta kinesiol\u00f3gica al por mayor:<\/strong> Suministramos <strong>rollos de cinta K<\/strong> al por mayor, lo que permite una gesti\u00f3n de inventario rentable para mayoristas y grandes cl\u00ednicas.<\/li>\n<li><strong>Servicios OEM:<\/strong> Desde el di\u00e1metro del n\u00facleo hasta el dise\u00f1o de la caja exterior, cada aspecto del producto puede adaptarse para reflejar su identidad de marca.<\/li>\n<\/ul>\n<h3 id=\"why-partner-with-meditapes-\">\u00bfPor qu\u00e9 asociarse con MediTapes?<\/h3>\n<p><strong>Cintas m\u00e9dicas<\/strong> es su v\u00ednculo directo con una fabricaci\u00f3n de alta calidad.<\/p>\n<ol>\n<li><strong>Precios directos de f\u00e1brica:<\/strong> Elimine al intermediario y obtenga las mejores tarifas en <strong>Cinta de kinesiolog\u00eda impermeable<\/strong>.<\/li>\n<li><strong>Garant\u00eda de calidad:<\/strong> Sometemos a pruebas rigurosas nuestras afirmaciones de impermeabilidad. Cada lote se somete a pruebas de retenci\u00f3n de adhesi\u00f3n para garantizar que cumple con el est\u00e1ndar de resistencia a la nataci\u00f3n.<\/li>\n<li><strong>Cadena de suministro global:<\/strong> Contamos con una amplia experiencia en env\u00edos a Norteam\u00e9rica, Europa y otros destinos, encarg\u00e1ndonos de la log\u00edstica para que usted pueda centrarse en las ventas.<\/li>\n<\/ol>\n<hr \/>\n<h3 id=\"frequently-asked-questions-faq-\">Preguntas frecuentes (FAQ)<\/h3>\n<p><strong>P: \u00bfCu\u00e1nto tiempo permanece la cinta impermeable durante la nataci\u00f3n?<\/strong><br \/>\nR: Cuando se aplica correctamente (sobre la piel limpia y seca, 30 minutos antes de la actividad), nuestra <strong>cinta deportiva resistente al sudor<\/strong> puede mantenerse fijada durante m\u00faltiples sesiones de nataci\u00f3n en un per\u00edodo de 3 a 5 d\u00edas.<\/p>\n<p><strong>P: \u00bfPuedo imprimir el logotipo de mi equipo en la cinta impermeable?<\/strong><br \/>\nR: S\u00ed, por supuesto. Nos especializamos en cintas impresas. La tinta que utilizamos tambi\u00e9n es resistente al agua y no se correr\u00e1 ni perder\u00e1 color en la piscina.<\/p>\n<p><strong>P: \u00bfCu\u00e1l es el pedido m\u00ednimo (MOQ) para rollos impresos personalizados?<\/strong><br \/>\nR: Ofrecemos pedidos m\u00ednimos flexibles para apoyar el crecimiento de su negocio. P\u00f3ngase en contacto con nuestro equipo de ventas para obtener cifras espec\u00edficas sobre la impresi\u00f3n personalizada.<\/p>\n<hr \/>\n<h3 id=\"get-a-quote-today\">Obtenga una cotizaci\u00f3n hoy<\/h3>\n<p>No permita que una cinta de calidad inferior da\u00f1e su reputaci\u00f3n. C\u00e1mbiese a <strong>los rollos de cinta kinesiol\u00f3gica impresa impermeable de MediTapes<\/strong> y ofrezca a sus clientes la <strong>soporte muscular atl\u00e9tico<\/strong> que se merecen.<\/p>\n<ul>\n<li><strong>Visite nuestro sitio web:<\/strong> <a href=\"https:\/\/meditapes.com\/es\/\" target=\"_blank\" rel=\"noopener\">https:\/\/meditapes.com\/<\/a><\/li>\n<li><strong>Cont\u00e1ctenos:<\/strong> <a href=\"https:\/\/meditapes.com\/es\/contacto\/\" target=\"_blank\" rel=\"noopener\">https:\/\/meditapes.com\/contact-us\/<\/a><\/li>\n<li><strong>Correo electr\u00f3nico:<\/strong> <a href=\"mailto:info@meditapes.com\" target=\"_blank\" rel=\"noopener\">info@meditapes.com<\/a><\/li>\n<\/ul>\n<hr \/>","protected":false},"excerpt":{"rendered":"<p>Asegure un rendimiento \u00f3ptimo con la cinta de kinesiolog\u00eda impresa impermeable. Esta cinta atl\u00e9tica de algod\u00f3n duradera es resistente al sudor y al agua, lo que la hace perfecta para la nataci\u00f3n y los deportes de alta intensidad. La cinta muscular impresa imita la elasticidad de la piel para reducir la fatiga. Rollos de cinta de kinesiolog\u00eda al por mayor disponibles ahora.<\/p>","protected":false},"featured_media":828,"template":"","meta":[],"product_brand":[28],"product_cat":[27,748],"product_tag":[800,802,801,779],"class_list":{"0":"post-827","1":"product","2":"type-product","3":"status-publish","4":"has-post-thumbnail","6":"product_brand-meditapes","7":"product_cat-kinesiology-tapes","8":"product_cat-cotton-fabric-printed-kinesiology-tape","9":"product_tag-athletic-muscle-tape","10":"product_tag-k-tape-rolls","11":"product_tag-sweat-resistant-sports-tape","12":"product_tag-waterproof-kinesiology-tape","14":"first","15":"instock","16":"shipping-taxable","17":"product-type-simple"},"_links":{"self":[{"href":"https:\/\/meditapes.com\/es\/wp-json\/wp\/v2\/product\/827","targetHints":{"allow":["GET"]}}],"collection":[{"href":"https:\/\/meditapes.com\/es\/wp-json\/wp\/v2\/product"}],"about":[{"href":"https:\/\/meditapes.com\/es\/wp-json\/wp\/v2\/types\/product"}],"wp:featuredmedia":[{"embeddable":true,"href":"https:\/\/meditapes.com\/es\/wp-json\/wp\/v2\/media\/828"}],"wp:attachment":[{"href":"https:\/\/meditapes.com\/es\/wp-json\/wp\/v2\/media?parent=827"}],"wp:term":[{"taxonomy":"product_brand","embeddable":true,"href":"https:\/\/meditapes.com\/es\/wp-json\/wp\/v2\/product_brand?post=827"},{"taxonomy":"product_cat","embeddable":true,"href":"https:\/\/meditapes.com\/es\/wp-json\/wp\/v2\/product_cat?post=827"},{"taxonomy":"product_tag","embeddable":true,"href":"https:\/\/meditapes.com\/es\/wp-json\/wp\/v2\/product_tag?post=827"}],"curies":[{"name":"WP","href":"https:\/\/api.w.org\/{rel}","templated":true}]}}