{"id":819,"date":"2025-12-27T11:04:23","date_gmt":"2025-12-27T11:04:23","guid":{"rendered":"https:\/\/meditapes.com\/?post_type=product&#038;p=819"},"modified":"2025-12-27T11:12:36","modified_gmt":"2025-12-27T11:12:36","slug":"custom-logo-synthetic-sports-tape","status":"publish","type":"product","link":"https:\/\/meditapes.com\/es\/product\/custom-logo-synthetic-sports-tape\/","title":{"rendered":"Cinta deportiva sint\u00e9tica con logotipo personalizado \u2013 Cinta de fisioterapia de ray\u00f3n transpirable"},"content":{"rendered":"<h1 id=\"custom-logo-synthetic-sports-tape-breathable-rayon-physio-tape\">Cinta deportiva sint\u00e9tica con logotipo personalizado \u2013 Cinta de fisioterapia de ray\u00f3n transpirable<\/h1>\n<p>En el competitivo mundo del deporte y la rehabilitaci\u00f3n, su marca necesita destacar. En <strong>Cintas m\u00e9dicas<\/strong>, ofrecemos la soluci\u00f3n definitiva de branding: <strong>Cinta Deportiva Sint\u00e9tica con Logotipo Personalizado<\/strong>. Combinamos la mec\u00e1nica de alto rendimiento del tejido sint\u00e9tico de primera calidad con tecnolog\u00eda de impresi\u00f3n de vanguardia, lo que le permite crear un producto que no solo es terap\u00e9utico, sino tambi\u00e9n una poderosa herramienta de marketing.<\/p>\n<p>Ya sea un equipo deportivo, una franquicia de fisioterapia o un minorista de equipos de fitness, nuestros <strong>servicios de cinta de kinesiolog\u00eda OEM<\/strong> le proporcionan una \u201cvalla publicitaria andante\u201d en los m\u00fasculos de atletas de \u00e9lite.<\/p>\n<h2 id=\"why-choose-synthetic-rayon-for-your-brand-\">\u00bfPor qu\u00e9 elegir el ray\u00f3n sint\u00e9tico para su marca?<\/h2>\n<p>Al crear una l\u00ednea de productos premium, el material importa. Mientras que el algod\u00f3n es el est\u00e1ndar, <strong>el ray\u00f3n sint\u00e9tico<\/strong> es de \u00e9lite. Nuestra <strong>cinta de fisioterapia transpirable<\/strong> est\u00e1 fabricada con microfibras sint\u00e9ticas de alta calidad que ofrecen un acabado elegante y brillante. Esta est\u00e9tica premium es perfecta para imprimir logotipos n\u00edtidos y vibrantes que no se desvanecen ni se deforman.<\/p>\n<ul>\n<li><strong>Calidad de impresi\u00f3n superior:<\/strong> La superficie lisa de nuestra <strong>cinta de fisioterapia sint\u00e9tica<\/strong> permite una impresi\u00f3n de mayor resoluci\u00f3n en comparaci\u00f3n con la textura aterciopelada del algod\u00f3n. Su <strong>cinta deportiva con logotipo personalizado<\/strong> lucir\u00e1 n\u00edtida, profesional y de alta gama.<\/li>\n<li><strong>Transpirable y de secado r\u00e1pido:<\/strong> Las fibras sint\u00e9ticas est\u00e1n dise\u00f1adas para repeler el agua y absorber el sudor de manera eficiente. Esto hace que la cinta sea altamente transpirable, evitando la maceraci\u00f3n de la piel incluso durante entrenamientos intensos o nataci\u00f3n.<\/li>\n<li><strong>Tensi\u00f3n constante:<\/strong> A diferencia del algod\u00f3n, que puede estirarse con el tiempo, el ray\u00f3n sint\u00e9tico mantiene su elasticidad (retroceso) durante todo el tiempo de uso, garantizando un soporte constante para sus clientes.<\/li>\n<\/ul>\n<h2 id=\"comprehensive-private-label-solutions\">Soluciones integrales de marca blanca<\/h2>\n<p><strong>Cintas m\u00e9dicas<\/strong> es un l\u00edder mundial en <strong>marca blanca de cinta de ray\u00f3n<\/strong> fabricaci\u00f3n. No solo vendemos cinta; le ayudamos a construir una marca. Entendemos los desaf\u00edos del abastecimiento, por lo que ofrecemos:<\/p>\n<h3 id=\"1-flexible-customization-options\">1. Opciones de personalizaci\u00f3n flexibles<\/h3>\n<p>Ofrecemos m\u00faltiples niveles de personalizaci\u00f3n de marca para su <strong>servicios de cinta de kinesiolog\u00eda OEM<\/strong>:<\/p>\n<ul>\n<li><strong>Impresi\u00f3n en tela:<\/strong> Imprima su logotipo o patr\u00f3n personalizado directamente sobre la tela brillante de ray\u00f3n. Podemos realizar logotipos repetidos en un solo color o dise\u00f1os a todo color.<\/li>\n<li><strong>Papel de soporte:<\/strong> Personalice el papel protector con su sitio web, instrucciones o marca de agua de su logotipo.<\/li>\n<li><strong>Embalaje:<\/strong> Desde cajas de un solo rollo hasta dispensadores cl\u00ednicos y envases bl\u00edster, dise\u00f1amos empaques que destacan en el estante de venta al p\u00fablico.<\/li>\n<\/ul>\n<h3 id=\"2-flexible-moqs-minimum-order-quantities-\">2. Cantidades m\u00ednimas de pedido (MOQ) flexibles<\/h3>\n<p>Creemos en el apoyo a empresas de todos los tama\u00f1os. Ya sea que necesite un lote peque\u00f1o para un evento promocional o un contenedor completo para distribuci\u00f3n global, ofrecemos t\u00e9rminos de MOQ flexibles para poner en marcha su <strong>cinta deportiva con logotipo personalizado<\/strong> proyecto.<\/p>\n<h3 id=\"3-fast-global-shipping\">3. Env\u00edo global r\u00e1pido<\/h3>\n<p>El tiempo es dinero. Nuestro proceso de fabricaci\u00f3n optimizado garantiza que sus pedidos personalizados se produzcan y env\u00eden r\u00e1pidamente a su almac\u00e9n, asegurando que nunca se quede sin existencias.<\/p>\n<h2 id=\"product-specifications\">Especificaciones del producto<\/h2>\n<p>Nuestra cinta <strong>Cinta Deportiva Sint\u00e9tica con Logotipo Personalizado<\/strong> est\u00e1 fabricado bajo est\u00e1ndares m\u00e9dicos profesionales. A continuaci\u00f3n, se detallan los par\u00e1metros t\u00e9cnicos adaptados para nuestros clientes OEM:<\/p>\n<table>\n<thead>\n<tr>\n<th style=\"text-align: left;\">Par\u00e1metro<\/th>\n<th style=\"text-align: left;\">Detalles de las especificaciones<\/th>\n<\/tr>\n<\/thead>\n<tbody>\n<tr>\n<td style=\"text-align: left;\"><strong>Nombre del producto<\/strong><\/td>\n<td style=\"text-align: left;\"><strong>Cinta de kinesiolog\u00eda de tela sint\u00e9tica<\/strong><\/td>\n<\/tr>\n<tr>\n<td style=\"text-align: left;\"><strong>Material<\/strong><\/td>\n<td style=\"text-align: left;\">Ray\u00f3n sint\u00e9tico de calidad superior (superficie brillante\/reflectante)<\/td>\n<\/tr>\n<tr>\n<td style=\"text-align: left;\"><strong>Adhesivo<\/strong><\/td>\n<td style=\"text-align: left;\">Acr\u00edlico de grado m\u00e9dico activado por calor (sin l\u00e1tex)<\/td>\n<\/tr>\n<tr>\n<td style=\"text-align: left;\"><strong>Personalizaci\u00f3n<\/strong><\/td>\n<td style=\"text-align: left;\"><strong>Cinta deportiva con logotipo personalizado<\/strong> (Impresi\u00f3n en tela, papel, n\u00facleo, caja)<\/td>\n<\/tr>\n<tr>\n<td style=\"text-align: left;\"><strong>Opciones de ancho<\/strong><\/td>\n<td style=\"text-align: left;\"><strong>2.5 cm \/ 3.8 cm \/ 5 cm \/ 7.5 cm<\/strong> (Anchos personalizados disponibles)<\/td>\n<\/tr>\n<tr>\n<td style=\"text-align: left;\"><strong>Longitud<\/strong><\/td>\n<td style=\"text-align: left;\"><strong>5 m<\/strong> (Est\u00e1ndar de venta al por menor) o longitudes personalizadas<\/td>\n<\/tr>\n<tr>\n<td style=\"text-align: left;\"><strong>Colores<\/strong><\/td>\n<td style=\"text-align: left;\"><strong>Piel \/ Azul \/ Rosa \/ Negro<\/strong> (O combinaci\u00f3n personalizada de Pantone)<\/td>\n<\/tr>\n<tr>\n<td style=\"text-align: left;\"><strong>Elasticidad<\/strong><\/td>\n<td style=\"text-align: left;\">160% \u2013 170% (Alta resistencia a la tracci\u00f3n)<\/td>\n<\/tr>\n<tr>\n<td style=\"text-align: left;\"><strong>Transpirabilidad<\/strong><\/td>\n<td style=\"text-align: left;\">Alta (las fibras sint\u00e9ticas absorben la humedad r\u00e1pidamente)<\/td>\n<\/tr>\n<tr>\n<td style=\"text-align: left;\"><strong>Embalaje<\/strong><\/td>\n<td style=\"text-align: left;\"><strong>Seg\u00fan los requisitos del cliente<\/strong> (Soporte completo de dise\u00f1o OEM)<\/td>\n<\/tr>\n<\/tbody>\n<\/table>\n<h2 id=\"the-business-value-of-branded-tape\">El valor comercial de la cinta con marca<\/h2>\n<p>\u00bfPor qu\u00e9 invertir en <strong>marca blanca de cinta de ray\u00f3n<\/strong> productos?<\/p>\n<ol>\n<li><strong>Visibilidad de marca:<\/strong> Cada vez que un atleta usa su cinta en un gimnasio, un marat\u00f3n o una competici\u00f3n de CrossFit, est\u00e1 publicitando su marca ante un p\u00fablico relevante.<\/li>\n<li><strong>Fidelizaci\u00f3n de clientes:<\/strong> Ofrecer un producto de alta calidad, <strong>cinta de fisioterapia transpirable<\/strong> genera confianza. Cuando los usuarios experimentan la comodidad y durabilidad superiores de nuestro material sint\u00e9tico, asocian esa calidad con el nombre de su marca.<\/li>\n<li><strong>Mayores m\u00e1rgenes:<\/strong> Vender su propio producto de marca propia le permite controlar mejor los precios y los m\u00e1rgenes que revender marcas gen\u00e9ricas.<\/li>\n<\/ol>\n<h2 id=\"applications\">Aplicaciones<\/h2>\n<p>Nuestra cinta <strong>Cinta de kinesiolog\u00eda de tela sint\u00e9tica<\/strong> es vers\u00e1til y adecuado para:<\/p>\n<ul>\n<li><strong>Cl\u00ednicas Deportivas:<\/strong> Mejore su imagen profesional utilizando cintas con la marca de su cl\u00ednica en los pacientes.<\/li>\n<li><strong>Gimnasios y Centros de CrossFit:<\/strong> Venda cintas personalizadas con su marca en la recepci\u00f3n para sus miembros.<\/li>\n<li><strong>Eventos de Marat\u00f3n y Triatl\u00f3n:<\/strong> Ideal como mercanc\u00eda para eventos debido a su resistencia al agua y al sudor.<\/li>\n<\/ul>\n<h2 id=\"start-your-custom-order-today\">Inicie su pedido personalizado hoy mismo<\/h2>\n<p>Listo para lanzar su propia l\u00ednea premium de <strong>cinta de fisioterapia transpirable<\/strong>? <strong>Cintas m\u00e9dicas<\/strong> est\u00e1 aqu\u00ed para guiarle durante todo el proceso, desde el dise\u00f1o hasta la entrega.<\/p>\n<p>No se conforme con lo gen\u00e9rico. Eleve su negocio con <strong>Cinta Deportiva Sint\u00e9tica con Logotipo Personalizado<\/strong> que rinde tan bien como se ve.<\/p>\n<p><strong>Cont\u00e1ctenos para obtener un presupuesto y una maqueta:<\/strong><\/p>\n<ul>\n<li><strong>Correo electr\u00f3nico:<\/strong> <a href=\"mailto:info@meditapes.com\" target=\"_blank\" rel=\"noopener\">info@meditapes.com<\/a><\/li>\n<li><strong>Sitio web:<\/strong> <a href=\"https:\/\/meditapes.com\/es\/\" target=\"_blank\" rel=\"noopener\">https:\/\/meditapes.com\/<\/a><\/li>\n<li><strong>P\u00e1gina de contacto:<\/strong> <a href=\"https:\/\/meditapes.com\/es\/contacto\/\" target=\"_blank\" rel=\"noopener\">https:\/\/meditapes.com\/contact-us\/<\/a><\/li>\n<\/ul>\n<p><strong>Cintas m\u00e9dicas<\/strong> \u2013 Su Socio de Confianza para la <strong>Cinta de kinesiolog\u00eda OEM<\/strong> Fabricaci\u00f3n.<\/p>","protected":false},"excerpt":{"rendered":"<p>Impulse su marca con nuestra Cinta Deportiva Sint\u00e9tica con Logotipo Personalizado. Fabricada con ray\u00f3n transpirable, esta cinta de fisioterapia sint\u00e9tica ofrece un tacto premium y una tensi\u00f3n superior. Ofrecemos una cantidad m\u00ednima de pedido (MOQ) flexible y env\u00edos r\u00e1pidos para compradores B2B globales. Cont\u00e1ctenos hoy mismo para solicitar su cinta de kinesiolog\u00eda sint\u00e9tica de marca.<\/p>","protected":false},"featured_media":820,"template":"","meta":[],"product_brand":[28],"product_cat":[27,747],"product_tag":[791,790,762,792],"class_list":{"0":"post-819","1":"product","2":"type-product","3":"status-publish","4":"has-post-thumbnail","6":"product_brand-meditapes","7":"product_cat-kinesiology-tapes","8":"product_cat-synthetic-fabric-kinesiology-tape","9":"product_tag-breathable-physio-tape","10":"product_tag-custom-logo-sports-tape","11":"product_tag-oem-kinesiology-tape","12":"product_tag-rayon-tape-private-label","14":"first","15":"instock","16":"shipping-taxable","17":"product-type-simple"},"_links":{"self":[{"href":"https:\/\/meditapes.com\/es\/wp-json\/wp\/v2\/product\/819","targetHints":{"allow":["GET"]}}],"collection":[{"href":"https:\/\/meditapes.com\/es\/wp-json\/wp\/v2\/product"}],"about":[{"href":"https:\/\/meditapes.com\/es\/wp-json\/wp\/v2\/types\/product"}],"wp:featuredmedia":[{"embeddable":true,"href":"https:\/\/meditapes.com\/es\/wp-json\/wp\/v2\/media\/820"}],"wp:attachment":[{"href":"https:\/\/meditapes.com\/es\/wp-json\/wp\/v2\/media?parent=819"}],"wp:term":[{"taxonomy":"product_brand","embeddable":true,"href":"https:\/\/meditapes.com\/es\/wp-json\/wp\/v2\/product_brand?post=819"},{"taxonomy":"product_cat","embeddable":true,"href":"https:\/\/meditapes.com\/es\/wp-json\/wp\/v2\/product_cat?post=819"},{"taxonomy":"product_tag","embeddable":true,"href":"https:\/\/meditapes.com\/es\/wp-json\/wp\/v2\/product_tag?post=819"}],"curies":[{"name":"WP","href":"https:\/\/api.w.org\/{rel}","templated":true}]}}