{"id":803,"date":"2025-12-27T08:12:59","date_gmt":"2025-12-27T08:12:59","guid":{"rendered":"https:\/\/meditapes.com\/?post_type=product&#038;p=803"},"modified":"2025-12-27T08:13:01","modified_gmt":"2025-12-27T08:13:01","slug":"hypoallergenic-athletic-tape","status":"publish","type":"product","link":"https:\/\/meditapes.com\/es\/product\/hypoallergenic-athletic-tape\/","title":{"rendered":"Cinta atl\u00e9tica de algod\u00f3n hipoalerg\u00e9nica \u2013 F\u00e1brica de cinta terap\u00e9utica el\u00e1stica"},"content":{"rendered":"<h1 id=\"hypoallergenic-athletic-tape-cotton-elastic-therapeutic-tape-factory\">Cinta atl\u00e9tica de algod\u00f3n hipoalerg\u00e9nica \u2013 F\u00e1brica de cinta terap\u00e9utica el\u00e1stica<\/h1>\n<p>Bienvenido a <strong>Cintas m\u00e9dicas<\/strong>, su fuente principal de soluciones de medicina deportiva de alto rendimiento. Como una dedicada <strong>F\u00e1brica de cintas de kinesiolog\u00eda<\/strong>, nos especializamos en la fabricaci\u00f3n de productos que resuelven problemas del mundo real para atletas y pacientes. Nuestra insignia <strong>Cinta atl\u00e9tica de algod\u00f3n hipoalerg\u00e9nica<\/strong> la serie est\u00e1 dise\u00f1ada espec\u00edficamente para abordar el desaf\u00edo de la sensibilidad de la piel sin comprometer el soporte estructural o la durabilidad.<\/p>\n<h2 id=\"the-safe-choice-advanced-hypoallergenic-protection\">La opci\u00f3n segura: protecci\u00f3n hipoalerg\u00e9nica avanzada<\/h2>\n<p>Para muchos atletas y pacientes, el vendaje tradicional puede provocar dermatitis de contacto o reacciones al\u00e9rgicas. MediTapes resuelve esto con nuestra avanzada <strong>Cinta hipoalerg\u00e9nica<\/strong>. Utilizamos un adhesivo acr\u00edlico de grado m\u00e9dico especialmente formulado que es 100% libre de l\u00e1tex. Esto garantiza que nuestra cinta sea segura para su uso en:<\/p>\n<ul>\n<li>Pacientes pedi\u00e1tricos con piel delicada.<\/li>\n<li>Pacientes geri\u00e1tricos que requieren soporte articular.<\/li>\n<li>Atletas de alto rendimiento que usan cinta durante periodos prolongados.<\/li>\n<\/ul>\n<p>Al abastecerse directamente de nuestra <strong>F\u00e1brica de cintas de kinesiolog\u00eda<\/strong>, se le garantiza un producto donde cada lote es probado para biocompatibilidad y seguridad.<\/p>\n<h2 id=\"superior-cotton-construction-for-elastic-therapy\">Construcci\u00f3n de algod\u00f3n superior para terapia el\u00e1stica<\/h2>\n<p>Nuestra cinta <strong>Cinta terap\u00e9utica el\u00e1stica<\/strong> est\u00e1 fabricada con una mezcla de algod\u00f3n de primera calidad (97% algod\u00f3n, 3% spandex). Esta elecci\u00f3n de material es deliberada. El algod\u00f3n es naturalmente transpirable y suave, lo que permite una excelente permeabilidad al aire.<\/p>\n<h3 id=\"key-performance-features-\">Caracter\u00edsticas clave de rendimiento:<\/h3>\n<ol>\n<li><strong>Irritaci\u00f3n cut\u00e1nea reducida:<\/strong> El tejido de algod\u00f3n poroso trabaja en conjunto con nuestra aplicaci\u00f3n de adhesivo con patr\u00f3n de ondas. Este dise\u00f1o permite que la piel respire y el sudor se evapore, evitando la acumulaci\u00f3n de humedad que a menudo causa picaz\u00f3n y erupciones bajo el vendaje est\u00e1ndar <strong>Cinta atl\u00e9tica<\/strong>.<\/li>\n<li><strong>Soporte para m\u00fasculos y articulaciones:<\/strong> A pesar de ser suave con la piel, esta cinta es sumamente potente. Imita la elasticidad de la piel humana (estir\u00e1ndose hasta un 140%), proporcionando un soporte din\u00e1mico que facilita la funci\u00f3n muscular y estabiliza las articulaciones sin restringir el rango de movimiento.<\/li>\n<li><strong>Durabilidad resistente al agua:<\/strong> Nuestra f\u00f3rmula est\u00e1 dise\u00f1ada para soportar los rigores de los deportes de resistencia. Ya sea un marat\u00f3n o una competencia de nataci\u00f3n, la cinta se mantiene firme de 3 a 5 d\u00edas, proporcionando beneficios terap\u00e9uticos continuos.<\/li>\n<\/ol>\n<hr \/>\n<h2 id=\"technical-specifications-product-parameters\">Especificaciones t\u00e9cnicas y par\u00e1metros del producto<\/h2>\n<p>Ofrecemos especificaciones flexibles para satisfacer las diversas necesidades del mercado global. A continuaci\u00f3n se presentan los par\u00e1metros detallados de nuestra <strong>Cinta atl\u00e9tica hipoalerg\u00e9nica<\/strong>:<\/p>\n<table>\n<thead>\n<tr>\n<th style=\"text-align: left;\">Par\u00e1metro<\/th>\n<th style=\"text-align: left;\">Especificaci\u00f3n<\/th>\n<\/tr>\n<\/thead>\n<tbody>\n<tr>\n<td style=\"text-align: left;\"><strong>Nombre del producto<\/strong><\/td>\n<td style=\"text-align: left;\"><strong>Cinta kinesiol\u00f3gica de tejido de algod\u00f3n<\/strong><\/td>\n<\/tr>\n<tr>\n<td style=\"text-align: left;\"><strong>Composici\u00f3n del material<\/strong><\/td>\n<td style=\"text-align: left;\">Tejido de algod\u00f3n de alta calidad + Hilo el\u00e1stico de spandex<\/td>\n<\/tr>\n<tr>\n<td style=\"text-align: left;\"><strong>Tipo de adhesivo<\/strong><\/td>\n<td style=\"text-align: left;\"><strong>Hipoalerg\u00e9nico<\/strong> Pegamento acr\u00edlico m\u00e9dico (sin l\u00e1tex)<\/td>\n<\/tr>\n<tr>\n<td style=\"text-align: left;\"><strong>Opciones de ancho<\/strong><\/td>\n<td style=\"text-align: left;\"><strong>2.5 cm \/ 3.8 cm \/ 5 cm \/ 7.5 cm<\/strong><\/td>\n<\/tr>\n<tr>\n<td style=\"text-align: left;\"><strong>Longitud del rollo<\/strong><\/td>\n<td style=\"text-align: left;\"><strong>5 m<\/strong> (Est\u00e1ndar)<\/td>\n<\/tr>\n<tr>\n<td style=\"text-align: left;\"><strong>Opciones de color<\/strong><\/td>\n<td style=\"text-align: left;\"><strong>Piel \/ Azul \/ Rosa \/ Negro<\/strong> etc.<\/td>\n<\/tr>\n<tr>\n<td style=\"text-align: left;\"><strong>Elasticidad<\/strong><\/td>\n<td style=\"text-align: left;\">130% \u2013 140%<\/td>\n<\/tr>\n<tr>\n<td style=\"text-align: left;\"><strong>Impermeable<\/strong><\/td>\n<td style=\"text-align: left;\">S\u00ed (resistente al sudor y al agua)<\/td>\n<\/tr>\n<tr>\n<td style=\"text-align: left;\"><strong>Embalaje<\/strong><\/td>\n<td style=\"text-align: left;\"><strong>Seg\u00fan los requisitos del cliente<\/strong> (Marca privada disponible)<\/td>\n<\/tr>\n<tr>\n<td style=\"text-align: left;\"><strong>Origen<\/strong><\/td>\n<td style=\"text-align: left;\">Directo de <strong>Cintas m\u00e9dicas<\/strong> F\u00e1brica<\/td>\n<\/tr>\n<\/tbody>\n<\/table>\n<hr \/>\n<h2 id=\"why-buy-direct-from-a-kinesiology-tape-factory-\">\u00bfPor qu\u00e9 comprar directamente de una f\u00e1brica de cintas de kinesiolog\u00eda?<\/h2>\n<p>En el competitivo entorno B2B, asociarse directamente con el fabricante le otorga una ventaja estrat\u00e9gica. Como especialista, <strong>F\u00e1brica de cintas de kinesiolog\u00eda<\/strong>, MediTapes ofrece:<\/p>\n<ul>\n<li><strong>Precios de f\u00e1brica competitivos:<\/strong> Elimine a los intermediarios. Al adquirir sus <strong>Cinta atl\u00e9tica<\/strong> directamente con nosotros, asegura el mejor margen posible para su negocio de distribuci\u00f3n.<\/li>\n<li><strong>Control de calidad:<\/strong> Supervisamos cada paso del proceso de producci\u00f3n, desde el tejido de la tela hasta el recubrimiento del adhesivo. Esto garantiza que cada rollo de <strong>Cinta terap\u00e9utica el\u00e1stica<\/strong> cumpla con los est\u00e1ndares m\u00e9dicos internacionales (CE, ISO, FDA).<\/li>\n<li><strong>Personalizaci\u00f3n (OEM\/ODM):<\/strong> No solo vendemos cinta; construimos marcas. Podemos personalizar:\n<ul>\n<li><strong>Tama\u00f1os:<\/strong> \u00bfNecesita un ancho de 10 cm para grupos musculares grandes o un rollo de 32 m a granel para cl\u00ednicas? Podemos producirlo.<\/li>\n<li><strong>Colores:<\/strong> M\u00e1s all\u00e1 de nuestros colores est\u00e1ndar Piel\/Azul\/Rosa\/Negro, podemos igualar colores espec\u00edficos de equipos.<\/li>\n<li><strong>Embalaje:<\/strong> Desde paquetes de bl\u00edster para minoristas hasta cajas cl\u00ednicas a granel, empaquetamos <strong>seg\u00fan los requisitos del cliente<\/strong>.<\/li>\n<\/ul>\n<\/li>\n<\/ul>\n<h2 id=\"application-scenarios\">Escenarios de aplicaci\u00f3n<\/h2>\n<p>Nuestra cinta <strong>Cinta hipoalerg\u00e9nica<\/strong> es la opci\u00f3n preferida para:<\/p>\n<ul>\n<li><strong>Equipos deportivos:<\/strong> Para jugadores que requieren vendajes frecuentes y no pueden permitirse el tiempo de inactividad de la piel debido a la irritaci\u00f3n.<\/li>\n<li><strong>Cl\u00ednicas de fisioterapia:<\/strong> Ideal para la recuperaci\u00f3n posoperatoria donde la integridad de la piel podr\u00eda verse comprometida.<\/li>\n<li><strong>Farmacias minoristas:<\/strong> Un producto de venta libre de alta demanda para consumidores que buscan un alivio del dolor seguro y sin f\u00e1rmacos.<\/li>\n<\/ul>\n<hr \/>\n<h2 id=\"secure-your-supply-today\">Asegure su suministro hoy mismo<\/h2>\n<p>No comprometa la seguridad ni la calidad. Elija <strong>Cintas m\u00e9dicas<\/strong> para <strong>Cinta atl\u00e9tica hipoalerg\u00e9nica<\/strong> en que sus clientes puedan confiar. As\u00f3ciese con una f\u00e1brica que prioriza la salud de la piel y el rendimiento.<\/p>\n<p><strong>Cont\u00e1ctenos para obtener una cotizaci\u00f3n de f\u00e1brica:<\/strong><\/p>\n<ul>\n<li><strong>Sitio web:<\/strong> <a href=\"https:\/\/meditapes.com\/es\/\" target=\"_blank\" rel=\"noopener\">https:\/\/meditapes.com\/<\/a><\/li>\n<li><strong>P\u00e1gina de consultas:<\/strong> <a href=\"https:\/\/meditapes.com\/es\/contacto\/\" target=\"_blank\" rel=\"noopener\">https:\/\/meditapes.com\/contact-us\/<\/a><\/li>\n<li><strong>Correo electr\u00f3nico:<\/strong> <a href=\"mailto:info@meditapes.com\" target=\"_blank\" rel=\"noopener\">info@meditapes.com<\/a><\/li>\n<\/ul>\n<p><strong>MediTapes \u2013 El est\u00e1ndar de f\u00e1brica para el soporte muscular hipoalerg\u00e9nico.<\/strong><\/p>","protected":false},"excerpt":{"rendered":"<p>Cinta atl\u00e9tica hipoalerg\u00e9nica segura y eficaz. Fabricada en nuestra f\u00e1brica, esta cinta terap\u00e9utica el\u00e1stica de algod\u00f3n reduce la irritaci\u00f3n de la piel. Presenta una fuerte adhesi\u00f3n para deportes de resistencia. Obtenga precios de f\u00e1brica competitivos en pedidos al por mayor de colores piel\/azul\/rosa\/negro.<\/p>","protected":false},"featured_media":806,"template":"","meta":[],"product_brand":[28],"product_cat":[27,746],"product_tag":[284,767,65,768],"class_list":{"0":"post-803","1":"product","2":"type-product","3":"status-publish","4":"has-post-thumbnail","6":"product_brand-meditapes","7":"product_cat-kinesiology-tapes","8":"product_cat-cotton-fabric-kinesiology-tape","9":"product_tag-athletic-tape","10":"product_tag-elastic-therapeutic-tape","11":"product_tag-hypoallergenic-tape","12":"product_tag-kinesiology-tape-factory","14":"first","15":"instock","16":"shipping-taxable","17":"product-type-simple"},"_links":{"self":[{"href":"https:\/\/meditapes.com\/es\/wp-json\/wp\/v2\/product\/803","targetHints":{"allow":["GET"]}}],"collection":[{"href":"https:\/\/meditapes.com\/es\/wp-json\/wp\/v2\/product"}],"about":[{"href":"https:\/\/meditapes.com\/es\/wp-json\/wp\/v2\/types\/product"}],"wp:featuredmedia":[{"embeddable":true,"href":"https:\/\/meditapes.com\/es\/wp-json\/wp\/v2\/media\/806"}],"wp:attachment":[{"href":"https:\/\/meditapes.com\/es\/wp-json\/wp\/v2\/media?parent=803"}],"wp:term":[{"taxonomy":"product_brand","embeddable":true,"href":"https:\/\/meditapes.com\/es\/wp-json\/wp\/v2\/product_brand?post=803"},{"taxonomy":"product_cat","embeddable":true,"href":"https:\/\/meditapes.com\/es\/wp-json\/wp\/v2\/product_cat?post=803"},{"taxonomy":"product_tag","embeddable":true,"href":"https:\/\/meditapes.com\/es\/wp-json\/wp\/v2\/product_tag?post=803"}],"curies":[{"name":"WP","href":"https:\/\/api.w.org\/{rel}","templated":true}]}}