{"id":799,"date":"2025-12-27T07:37:19","date_gmt":"2025-12-27T07:37:19","guid":{"rendered":"https:\/\/meditapes.com\/?post_type=product&#038;p=799"},"modified":"2025-12-27T08:09:44","modified_gmt":"2025-12-27T08:09:44","slug":"cotton-kinesiology-tape","status":"publish","type":"product","link":"https:\/\/meditapes.com\/es\/product\/cotton-kinesiology-tape\/","title":{"rendered":"Cinta de kinesiolog\u00eda de algod\u00f3n al por mayor \u2013 Cinta impermeable de recuperaci\u00f3n deportiva OEM"},"content":{"rendered":"<h1 id=\"cotton-kinesiology-tape-bulk-waterproof-sports-recovery-tape-oem\">Cinta de kinesiolog\u00eda de algod\u00f3n al por mayor \u2013 Cinta de recuperaci\u00f3n deportiva impermeable OEM<\/h1>\n<p>Bienvenido a <strong>Cintas m\u00e9dicas<\/strong>, su socio de confianza para soluciones de rehabilitaci\u00f3n m\u00e9dica y deportiva de primera calidad. Como fabricante l\u00edder, nos especializamos en proporcionar productos de alta calidad <strong>Cinta de kinesiolog\u00eda de algod\u00f3n al por mayor<\/strong> suministros a distribuidores globales, cl\u00ednicas y marcas deportivas. Nuestra serie cl\u00e1sica de algod\u00f3n est\u00e1 dise\u00f1ada para imitar la elasticidad de la piel humana, ofreciendo un soporte muscular eficaz y alivio del dolor sin restringir el movimiento.<\/p>\n<h2 id=\"product-overview-the-gold-standard-in-muscle-recovery\">Descripci\u00f3n general del producto: El est\u00e1ndar de oro en recuperaci\u00f3n muscular<\/h2>\n<p>Nuestra cinta <strong>Cinta kinesiol\u00f3gica de tejido de algod\u00f3n<\/strong> est\u00e1 dise\u00f1ado para el rendimiento. Ya sea que sus clientes sean atletas profesionales que necesiten una <strong>Cinta deportiva impermeable<\/strong> fiable para nataci\u00f3n y deportes de resistencia, o fisioterapeutas que busquen una <strong>Cinta de recuperaci\u00f3n muscular<\/strong> suave para la rehabilitaci\u00f3n de pacientes, MediTapes ofrece una calidad constante.<\/p>\n<p>Fabricada con una mezcla de primera calidad de algod\u00f3n de alto grado y fibras el\u00e1sticas de spandex, esta cinta permite una elasticidad unidireccional (estiramiento longitudinal). Esta propiedad \u00fanica levanta la piel microsc\u00f3picamente para mejorar la circulaci\u00f3n sangu\u00ednea y el drenaje linf\u00e1tico, acelerando el proceso de curaci\u00f3n natural del cuerpo.<\/p>\n<h3 id=\"key-features-benefits\">Caracter\u00edsticas y beneficios clave<\/h3>\n<ul>\n<li><strong>Tejido de algod\u00f3n transpirable:<\/strong> Fabricado con algod\u00f3n transpirable de alta calidad que absorbe la humedad y el sudor, previniendo la irritaci\u00f3n de la piel durante el uso prolongado.<\/li>\n<li><strong>Adhesi\u00f3n superior (impermeable):<\/strong> Cuenta con un adhesivo acr\u00edlico de grado m\u00e9dico activado por calor aplicado en un patr\u00f3n de ondas. Esto asegura que la cinta permanezca colocada durante 3-5 d\u00edas, incluso durante la sudoraci\u00f3n intensa o la ducha, lo que la convierte en la definitiva <strong>Cinta deportiva impermeable<\/strong>.<\/li>\n<li><strong>Sin l\u00e1tex e hipoalerg\u00e9nica:<\/strong> Segura para tipos de piel sensibles. Priorizamos la seguridad del paciente asegur\u00e1ndonos de que nuestros materiales est\u00e9n libres de l\u00e1tex y productos qu\u00edmicos agresivos.<\/li>\n<li><strong>Elasticidad:<\/strong> Se estira hasta el 130%-140% de su longitud original, coincidiendo estrechamente con la elasticidad de la piel humana para dar soporte a los m\u00fasculos sin limitar el rango de movimiento.<\/li>\n<li><strong>Aplicaciones vers\u00e1tiles:<\/strong> Ideal para tratar lesiones deportivas (como el codo de tenista, la rodilla del corredor), reducir el edema y corregir la alineaci\u00f3n de las articulaciones.<\/li>\n<\/ul>\n<hr \/>\n<h2 id=\"technical-specifications-product-parameters-\">Especificaciones t\u00e9cnicas (Par\u00e1metros del producto)<\/h2>\n<p>En MediTapes, entendemos que las diferentes terapias requieren diferentes especificaciones. A continuaci\u00f3n se detallan los par\u00e1metros de nuestro <strong>Cinta kinesiol\u00f3gica de tejido de algod\u00f3n<\/strong>:<\/p>\n<table>\n<thead>\n<tr>\n<th style=\"text-align: left;\">Par\u00e1metro<\/th>\n<th style=\"text-align: left;\">Especificaci\u00f3n<\/th>\n<\/tr>\n<\/thead>\n<tbody>\n<tr>\n<td style=\"text-align: left;\"><strong>Nombre del producto<\/strong><\/td>\n<td style=\"text-align: left;\"><strong>Cinta kinesiol\u00f3gica de tejido de algod\u00f3n<\/strong><\/td>\n<\/tr>\n<tr>\n<td style=\"text-align: left;\"><strong>Material<\/strong><\/td>\n<td style=\"text-align: left;\">95%+ Algod\u00f3n, Hilo el\u00e1stico de Spandex, Pegamento acr\u00edlico m\u00e9dico<\/td>\n<\/tr>\n<tr>\n<td style=\"text-align: left;\"><strong>Tama\u00f1os (Ancho)<\/strong><\/td>\n<td style=\"text-align: left;\"><strong>2.5 cm \/ 3.8 cm \/ 5 cm \/ 7.5 cm<\/strong> (Anchos personalizados disponibles)<\/td>\n<\/tr>\n<tr>\n<td style=\"text-align: left;\"><strong>Tama\u00f1o (Largo)<\/strong><\/td>\n<td style=\"text-align: left;\"><strong>5 m<\/strong> (Longitud de rollo est\u00e1ndar)<\/td>\n<\/tr>\n<tr>\n<td style=\"text-align: left;\"><strong>Colores<\/strong><\/td>\n<td style=\"text-align: left;\"><strong>Piel (Beige) \/ Azul \/ Rosa \/ Negro<\/strong> (M\u00e1s colores disponibles bajo pedido)<\/td>\n<\/tr>\n<tr>\n<td style=\"text-align: left;\"><strong>Elasticidad<\/strong><\/td>\n<td style=\"text-align: left;\">Estiramiento de 130% \u2013 140%<\/td>\n<\/tr>\n<tr>\n<td style=\"text-align: left;\"><strong>Fuerza adhesiva<\/strong><\/td>\n<td style=\"text-align: left;\">&gt; 3N\/cm (Grado m\u00e9dico)<\/td>\n<\/tr>\n<tr>\n<td style=\"text-align: left;\"><strong>Resistencia al agua<\/strong><\/td>\n<td style=\"text-align: left;\">S\u00ed (Resistente al agua \/ Resistente al sudor)<\/td>\n<\/tr>\n<tr>\n<td style=\"text-align: left;\"><strong>Certificaciones<\/strong><\/td>\n<td style=\"text-align: left;\">CE, ISO13485, FDA<\/td>\n<\/tr>\n<tr>\n<td style=\"text-align: left;\"><strong>Empaque<\/strong><\/td>\n<td style=\"text-align: left;\"><strong>Seg\u00fan los requisitos del cliente<\/strong> (Caja personalizada \/ Envoltura retr\u00e1ctil \/ Tubo)<\/td>\n<\/tr>\n<\/tbody>\n<\/table>\n<hr \/>\n<h2 id=\"oem-private-label-services-build-your-brand-with-meditapes\">Servicios OEM y de marca propia: Construya su marca con MediTapes<\/h2>\n<p>\u00bfEst\u00e1 buscando un <strong>Cinta de kinesiolog\u00eda OEM<\/strong> fabricante para lanzar su propia marca? MediTapes es su socio de f\u00e1brica ideal. Entendemos que en el mercado B2B, la imagen de marca lo es todo.<\/p>\n<p>Ofrecemos opciones de personalizaci\u00f3n integrales para ayudar a que su producto destaque en el estante:<\/p>\n<ol>\n<li><strong>Impresi\u00f3n de n\u00facleo personalizada:<\/strong> Podemos imprimir su logotipo en el n\u00facleo de papel interno de la cinta.<\/li>\n<li><strong>Impresi\u00f3n en el papel de respaldo:<\/strong> A\u00f1ada su logotipo o l\u00edneas de cuadr\u00edcula de corte en el papel protector.<\/li>\n<li><strong>Embalaje Personalizado:<\/strong> Desde cajas individuales hasta cajas maestras, dise\u00f1amos el embalaje <strong>Seg\u00fan los requisitos del cliente<\/strong>. Ya sea que necesite un paquete cl\u00ednico a granel o un dise\u00f1o listo para la venta al por menor, lo tenemos cubierto.<\/li>\n<li><strong>Personalizaci\u00f3n de color:<\/strong> Adem\u00e1s de nuestros colores est\u00e1ndar Piel, Azul, Rosa y Negro, podemos te\u00f1ir la tela para que coincida con sus colores Pantone espec\u00edficos.<\/li>\n<\/ol>\n<p>Al elegir MediTapes para sus <strong>pedidos al por mayor de cintas de kinesiolog\u00eda,<\/strong> est\u00e1 garantizando precios directos de f\u00e1brica sin comprometer el control de calidad.<\/p>\n<hr \/>\n<h2 id=\"why-choose-meditapes-\">\u00bfPor qu\u00e9 elegir MediTapes?<\/h2>\n<p>En el competitivo mercado de los consumibles m\u00e9dicos, <strong>Cintas m\u00e9dicas<\/strong> destaca por nuestro compromiso con la calidad y el servicio.<\/p>\n<ul>\n<li><strong>Experiencia en exportaci\u00f3n global:<\/strong> Exportamos con \u00e9xito a Norteam\u00e9rica, Europa y el Sudeste Asi\u00e1tico, comprendiendo los est\u00e1ndares regulatorios y de calidad de estas regiones.<\/li>\n<li><strong>Cadena de suministro estable:<\/strong> Nuestra capacidad de fabricaci\u00f3n garantiza la entrega puntual para grandes <strong>pedidos al por mayor de cintas de kinesiolog\u00eda,<\/strong> pedidos.<\/li>\n<li><strong>Soporte profesional:<\/strong> Nuestro equipo conoce las tendencias de la fisioterapia y las demandas del mercado.<\/li>\n<\/ul>\n<h2 id=\"applications\">Aplicaciones<\/h2>\n<p>Nuestra cinta <strong>Cinta kinesiol\u00f3gica de tejido de algod\u00f3n<\/strong> se utiliza ampliamente en:<\/p>\n<ul>\n<li><strong>Medicina deportiva:<\/strong> Protecci\u00f3n para atletismo, ciclismo, nataci\u00f3n y deportes de equipo.<\/li>\n<li><strong>Cl\u00ednicas de rehabilitaci\u00f3n:<\/strong> Recuperaci\u00f3n postoperatoria y manejo del dolor cr\u00f3nico.<\/li>\n<li><strong>Hospitales:<\/strong> Tratamiento para el linfedema y soporte ortop\u00e9dico.<\/li>\n<li><strong>Terapia ocupacional:<\/strong> Soporte de articulaciones para trabajadores con lesiones por esfuerzo repetitivo.<\/li>\n<\/ul>\n<hr \/>\n<h2 id=\"order-your-samples-today\">Solicite sus muestras hoy mismo<\/h2>\n<p>\u00bfEst\u00e1 listo para experimentar la calidad de nuestros <strong>Cinta de recuperaci\u00f3n muscular<\/strong>? Cont\u00e1ctenos hoy mismo para solicitar muestras o recibir una cotizaci\u00f3n competitiva para su pedido al por mayor. Permita que MediTapes sea el pilar de su negocio de suministros m\u00e9dicos.<\/p>\n<ul>\n<li><strong>Visite nuestro sitio web:<\/strong> <a href=\"https:\/\/meditapes.com\/es\/\" target=\"_blank\" rel=\"noopener\">https:\/\/meditapes.com\/<\/a><\/li>\n<li><strong>Cont\u00e1ctenos directamente:<\/strong> <a href=\"https:\/\/meditapes.com\/es\/contacto\/\" target=\"_blank\" rel=\"noopener\">https:\/\/meditapes.com\/contact-us\/<\/a><\/li>\n<li><strong>Correo electr\u00f3nico para consultas:<\/strong> <a href=\"mailto:info@meditapes.com\" target=\"_blank\" rel=\"noopener\">info@meditapes.com<\/a><\/li>\n<\/ul>\n<p><strong>MediTapes \u2013 Apoyando su movimiento, fortaleciendo su negocio.<\/strong><\/p>","protected":false},"excerpt":{"rendered":"<p>\u00bfBusca cinta de kinesiolog\u00eda de algod\u00f3n de primera calidad? Nuestra cinta transpirable e impermeable ofrece un soporte muscular superior. Ideal para la recuperaci\u00f3n deportiva y el alivio del dolor. Ofrecemos cinta de kinesiolog\u00eda al por mayor con embalaje OEM personalizado para su marca. Adhesivo sin l\u00e1tex y respetuoso con la piel.<\/p>","protected":false},"featured_media":804,"template":"","meta":[],"product_brand":[28],"product_cat":[27,746],"product_tag":[759,761,762,760],"class_list":{"0":"post-799","1":"product","2":"type-product","3":"status-publish","4":"has-post-thumbnail","6":"product_brand-meditapes","7":"product_cat-kinesiology-tapes","8":"product_cat-cotton-fabric-kinesiology-tape","9":"product_tag-kinesiology-tape-bulk","10":"product_tag-muscle-recovery-tape","11":"product_tag-oem-kinesiology-tape","12":"product_tag-waterproof-sports-tape","14":"first","15":"instock","16":"shipping-taxable","17":"product-type-simple"},"_links":{"self":[{"href":"https:\/\/meditapes.com\/es\/wp-json\/wp\/v2\/product\/799","targetHints":{"allow":["GET"]}}],"collection":[{"href":"https:\/\/meditapes.com\/es\/wp-json\/wp\/v2\/product"}],"about":[{"href":"https:\/\/meditapes.com\/es\/wp-json\/wp\/v2\/types\/product"}],"wp:featuredmedia":[{"embeddable":true,"href":"https:\/\/meditapes.com\/es\/wp-json\/wp\/v2\/media\/804"}],"wp:attachment":[{"href":"https:\/\/meditapes.com\/es\/wp-json\/wp\/v2\/media?parent=799"}],"wp:term":[{"taxonomy":"product_brand","embeddable":true,"href":"https:\/\/meditapes.com\/es\/wp-json\/wp\/v2\/product_brand?post=799"},{"taxonomy":"product_cat","embeddable":true,"href":"https:\/\/meditapes.com\/es\/wp-json\/wp\/v2\/product_cat?post=799"},{"taxonomy":"product_tag","embeddable":true,"href":"https:\/\/meditapes.com\/es\/wp-json\/wp\/v2\/product_tag?post=799"}],"curies":[{"name":"WP","href":"https:\/\/api.w.org\/{rel}","templated":true}]}}