{"id":788,"date":"2025-12-25T14:43:28","date_gmt":"2025-12-25T14:43:28","guid":{"rendered":"https:\/\/meditapes.com\/?post_type=product&#038;p=788"},"modified":"2025-12-25T14:53:40","modified_gmt":"2025-12-25T14:53:40","slug":"clear-pvc-hockey-tape","status":"publish","type":"product","link":"https:\/\/meditapes.com\/es\/product\/clear-pvc-hockey-tape\/","title":{"rendered":"Cinta de hockey de PVC transparente para espinilleras \u2013 Cinta para medias duradera al por mayor"},"content":{"rendered":"<h1 id=\"clear-pvc-hockey-tape-for-shin-pads-durable-sock-tape-wholesale\">Cinta de hockey de PVC transparente para espinilleras \u2013 Cinta para medias duradera al por mayor<\/h1>\n<p>En <strong>Cintas m\u00e9dicas<\/strong>, entendemos que en el vertiginoso mundo del hockey sobre hielo, cada pieza del equipo es fundamental. Nuestra <strong>cinta de hockey de PVC transparente<\/strong>, tambi\u00e9n conocida com\u00fanmente como <strong>cinta para medias de hockey<\/strong> o <strong>cinta transparente para espinilleras<\/strong>, est\u00e1 dise\u00f1ada para satisfacer las rigurosas exigencias tanto de atletas profesionales como de jugadores aficionados. Como fabricante especializado, proporcionamos soluciones de <strong>cinta deportiva de PVC<\/strong> de alta calidad a distribuidores, gerentes de equipos y minoristas de todo el mundo.<\/p>\n<h2 id=\"why-choose-meditapes-pvc-hockey-tape-\">\u00bfPor qu\u00e9 elegir la cinta de hockey de PVC MediTapes?<\/h2>\n<p>A diferencia de las cintas de tela est\u00e1ndar utilizadas para los palos de hockey, nuestra <strong>Cinta de PVC para hockey<\/strong> est\u00e1 formulada espec\u00edficamente para asegurar espinilleras y medias. Es el h\u00e9roe invisible del uniforme de hockey, proporcionando el equilibrio perfecto entre resistencia, elasticidad y comodidad.<\/p>\n<h3 id=\"1-superior-elasticity-for-player-comfort\">1. Elasticidad superior para la comodidad del jugador<\/h3>\n<p>La funci\u00f3n principal de <strong>cinta transparente para espinilleras<\/strong> es sujetar la espinillera de forma segura contra la pierna. Sin embargo, las cintas est\u00e1ndar pueden ser demasiado r\u00edgidas, creando un \u201cefecto torniquete\u201d que restringe el flujo sangu\u00edneo y la expansi\u00f3n muscular durante el patinaje. <strong>Cintas m\u00e9dicas<\/strong> utiliza una formulaci\u00f3n de PVC blando especializada que ofrece una elasticidad superior. Nuestra cinta se estira con los m\u00fasculos del jugador, asegurando que el equipo permanezca fijo en su lugar sin comprometer la comodidad ni la circulaci\u00f3n.<\/p>\n<h3 id=\"2-water-resistant-and-ice-ready\">2. Resistente al agua y lista para el hielo<\/h3>\n<p>El hockey se juega en un entorno h\u00famedo y fr\u00edo. Una cinta que se despega al mojarse es in\u00fatil. Nuestra <strong>Cinta de PVC para hockey<\/strong> cuenta con un adhesivo resistente a la humedad que rinde excepcionalmente bien en temperaturas de congelaci\u00f3n y condiciones h\u00famedas. Ya sea en el primer periodo o en la pr\u00f3rroga, nuestra cinta mantiene su adherencia.<\/p>\n<h3 id=\"3-transparent-and-professional-look\">3. Aspecto transparente y profesional<\/h3>\n<p>La etiquetamos como <strong>Color: Transparente<\/strong> por una raz\u00f3n. Los equipos invierten mucho en sus uniformes. Nuestro <strong>cinta transparente para espinilleras<\/strong> es totalmente transparente, permitiendo que los colores y logotipos del equipo en las medias se vean perfectamente. Proporciona un aspecto limpio y profesional que cumple con las regulaciones de la liga.<\/p>\n<h3 id=\"4-residue-free-removal\">4. Eliminaci\u00f3n sin residuos<\/h3>\n<p>No hay nada peor que los residuos pegajosos que arruinan las costosas medias de hockey. Nuestra f\u00f3rmula adhesiva patentada proporciona una sujeci\u00f3n fuerte durante el juego pero se desprende limpiamente cuando el juego termina. Los jugadores pueden rasgar la cinta f\u00e1cilmente a mano, dejando su equipo limpio y listo para el pr\u00f3ximo encuentro.<\/p>\n<hr \/>\n<h2 id=\"technical-specifications\">Especificaciones t\u00e9cnicas<\/h2>\n<p>Como proveedor dedicado B2B, <strong>Cintas m\u00e9dicas<\/strong> ofrece opciones de fabricaci\u00f3n flexibles para adaptarse a las necesidades espec\u00edficas de su mercado. A continuaci\u00f3n se presentan los par\u00e1metros t\u00e9cnicos est\u00e1ndar para nuestro <strong>Cinta de PVC para hockey<\/strong>.<\/p>\n<table>\n<thead>\n<tr>\n<th style=\"text-align: left;\">Par\u00e1metro<\/th>\n<th style=\"text-align: left;\">Especificaci\u00f3n<\/th>\n<\/tr>\n<\/thead>\n<tbody>\n<tr>\n<td style=\"text-align: left;\"><strong>Nombre del producto<\/strong><\/td>\n<td style=\"text-align: left;\"><strong>Cinta de PVC para hockey<\/strong><\/td>\n<\/tr>\n<tr>\n<td style=\"text-align: left;\"><strong>Material<\/strong><\/td>\n<td style=\"text-align: left;\">PVC blando de calidad superior<\/td>\n<\/tr>\n<tr>\n<td style=\"text-align: left;\"><strong>Color<\/strong><\/td>\n<td style=\"text-align: left;\"><strong>Transparente (Claro)<\/strong><\/td>\n<\/tr>\n<tr>\n<td style=\"text-align: left;\"><strong>Opciones de ancho<\/strong><\/td>\n<td style=\"text-align: left;\"><strong>1,25 cm \/ 2,5 cm \/ 3,8 cm \/ 5 cm<\/strong> (Personalizable)<\/td>\n<\/tr>\n<tr>\n<td style=\"text-align: left;\"><strong>Opciones de longitud<\/strong><\/td>\n<td style=\"text-align: left;\"><strong>9,1 m \/ 13,7 m<\/strong> (Personalizable)<\/td>\n<\/tr>\n<tr>\n<td style=\"text-align: left;\"><strong>Tipo de adhesivo<\/strong><\/td>\n<td style=\"text-align: left;\">A base de solvente \/ A base de caucho (alta adherencia, bajo residuo)<\/td>\n<\/tr>\n<tr>\n<td style=\"text-align: left;\"><strong>Tama\u00f1o del n\u00facleo<\/strong><\/td>\n<td style=\"text-align: left;\">Est\u00e1ndar de 1.5 pulgadas o 3 pulgadas<\/td>\n<\/tr>\n<tr>\n<td style=\"text-align: left;\"><strong>Empaque<\/strong><\/td>\n<td style=\"text-align: left;\"><strong>Seg\u00fan los requisitos del cliente<\/strong> (Envoltura individual, retractilado en torre, bl\u00edster)<\/td>\n<\/tr>\n<\/tbody>\n<\/table>\n<p><em>Nota: Si tiene requisitos espec\u00edficos de ancho, largo o marca, comun\u00edquese con nuestro equipo de ingenier\u00eda.<\/em><\/p>\n<hr \/>\n<h2 id=\"applications-and-usage\">Aplicaciones y uso<\/h2>\n<p>Aunque est\u00e1 dise\u00f1ada principalmente como <strong>cinta para medias de hockey<\/strong>, la versatilidad de este <strong>cinta deportiva de PVC<\/strong> lo hace adecuado para diversas aplicaciones:<\/p>\n<ul>\n<li><strong>Hockey sobre hielo y hockey sobre c\u00e9sped:<\/strong> Se utiliza para encintar el exterior de los calcetines justo debajo de la rodilla y por encima del m\u00fasculo de la pantorrilla para evitar que las espinilleras se deslicen o roten.<\/li>\n<li><strong>F\u00fatbol:<\/strong> Utilizado por los jugadores para asegurar las espinilleras y mantener los calcetines subidos sin necesidad de usar correas inc\u00f3modas.<\/li>\n<li><strong>Agrupaci\u00f3n general de equipos:<\/strong> Su naturaleza resistente y el\u00e1stica lo hace excelente para agrupar equipos deportivos sueltos para el transporte.<\/li>\n<\/ul>\n<h2 id=\"oem-customization-services-b2b-\">Servicios de OEM y personalizaci\u00f3n (B2B)<\/h2>\n<p>En <strong>Cintas m\u00e9dicas<\/strong>, somos m\u00e1s que un simple proveedor; somos su socio de fabricaci\u00f3n. Nos especializamos en servicios OEM para marcas que buscan expandir sus l\u00edneas de productos con alta calidad <strong>Cinta de PVC para hockey<\/strong>.<\/p>\n<ul>\n<li><strong>Personalizaci\u00f3n de Marca:<\/strong> Podemos imprimir su logotipo en el n\u00facleo de papel o en la pel\u00edcula del embalaje.<\/li>\n<li><strong>Embalaje Personalizado:<\/strong> Desde embalajes a granel para vestuarios hasta bl\u00edsteres listos para la venta al por menor con c\u00f3digos de barras, nos encargamos de todo <strong>seg\u00fan los requisitos del cliente<\/strong>.<\/li>\n<li><strong>Variaci\u00f3n de tama\u00f1o:<\/strong> \u00bfNecesita un rollo m\u00e1s ancho de 5 cm para jugadores m\u00e1s grandes o un rollo compacto de 1,25 cm? Podemos cortarlo seg\u00fan sus especificaciones exactas.<\/li>\n<\/ul>\n<hr \/>\n<h2 id=\"faq-frequently-asked-questions-about-pvc-hockey-tape\">Preguntas frecuentes: Preguntas frecuentes sobre la cinta de hockey de PVC<\/h2>\n<p><strong>P: \u00bfEs esta cinta diferente de la cinta de tela utilizada en los palos?<\/strong><br \/>\nR: S\u00ed, absolutamente. La cinta para palos suele estar hecha de tela de algod\u00f3n para mejorar el agarre del disco. Nuestra <strong>Cinta de PVC para hockey<\/strong> est\u00e1 hecha de polietileno (PVC), que es resistente al agua, el\u00e1stico y se utiliza exclusivamente para asegurar protecciones y calcetines, no para el manejo del palo.<\/p>\n<p><strong>P: \u00bfPuedo pedir tama\u00f1os mezclados en un solo env\u00edo?<\/strong><br \/>\nR: S\u00ed, como mayorista B2B, permitimos cargas de contenedores mixtos. Puede combinar diferentes anchos (por ejemplo, 2,5 cm y 3,8 cm) para satisfacer las diversas necesidades de sus clientes.<\/p>\n<p><strong>P: \u00bfLa cinta se corta a mano?<\/strong><br \/>\nR: S\u00ed, nuestra <strong>cinta transparente para espinilleras<\/strong> est\u00e1 dise\u00f1ada para cortarse a mano para mayor comodidad en el vestuario, eliminando la necesidad de tijeras.<\/p>\n<p><strong>P: \u00bfCu\u00e1l es su plazo de entrega para pedidos al por mayor?<\/strong><br \/>\nR: Generalmente, la producci\u00f3n demora de 15 a 25 d\u00edas, dependiendo de la cantidad del pedido y la complejidad del embalaje. Cont\u00e1ctenos para obtener un cronograma preciso.<\/p>\n<hr \/>\n<h2 id=\"secure-your-order-with-meditapes-today\">Asegure su pedido con MediTapes hoy mismo<\/h2>\n<p>No comprometa la seguridad ni la comodidad de los jugadores. Abastezca sus estantes o equipe a su equipo con lo mejor. <strong>cinta de hockey de PVC transparente<\/strong> en el mercado.<\/p>\n<p><strong>\u00bfEst\u00e1 listo para realizar un pedido o solicitar una muestra?<\/strong><\/p>\n<ul>\n<li><strong>Visite nuestro sitio web:<\/strong> <a href=\"https:\/\/meditapes.com\/es\/\" target=\"_blank\" rel=\"noopener\">https:\/\/meditapes.com\/<\/a><\/li>\n<li><strong>P\u00f3ngase en contacto con nuestro equipo de ventas:<\/strong> <a href=\"https:\/\/meditapes.com\/es\/contacto\/\" target=\"_blank\" rel=\"noopener\">https:\/\/meditapes.com\/contact-us\/<\/a><\/li>\n<li><strong>Env\u00edenos un correo electr\u00f3nico directamente:<\/strong> <a href=\"mailto:info@meditapes.com\" target=\"_blank\" rel=\"noopener\">info@meditapes.com<\/a><\/li>\n<\/ul>\n<p><strong>Cintas m\u00e9dicas<\/strong> \u2013 Su socio de confianza para soluciones profesionales de vendaje deportivo.<\/p>\n<hr \/>","protected":false},"excerpt":{"rendered":"<p>Asegure su equipamiento con nuestra cinta de hockey de PVC transparente, dise\u00f1ada espec\u00edficamente para espinilleras. Esta cinta transparente para medias ofrece una elasticidad superior y una fuerte adhesi\u00f3n para mantener las espinilleras en su lugar durante el juego intenso. Resistente al agua y duradera, nuestra cinta de hockey de PVC garantiza comodidad sin deslizamientos.<\/p>","protected":false},"featured_media":789,"template":"","meta":[],"product_brand":[28],"product_cat":[23,637],"product_tag":[734,735,736],"class_list":{"0":"post-788","1":"product","2":"type-product","3":"status-publish","4":"has-post-thumbnail","6":"product_brand-meditapes","7":"product_cat-sports-tapes","8":"product_cat-pvc-hockey-tape","9":"product_tag-clear-shin-pad-tape","10":"product_tag-hockey-sock-tape","11":"product_tag-pvc-sports-tape","13":"first","14":"instock","15":"shipping-taxable","16":"product-type-simple"},"_links":{"self":[{"href":"https:\/\/meditapes.com\/es\/wp-json\/wp\/v2\/product\/788","targetHints":{"allow":["GET"]}}],"collection":[{"href":"https:\/\/meditapes.com\/es\/wp-json\/wp\/v2\/product"}],"about":[{"href":"https:\/\/meditapes.com\/es\/wp-json\/wp\/v2\/types\/product"}],"wp:featuredmedia":[{"embeddable":true,"href":"https:\/\/meditapes.com\/es\/wp-json\/wp\/v2\/media\/789"}],"wp:attachment":[{"href":"https:\/\/meditapes.com\/es\/wp-json\/wp\/v2\/media?parent=788"}],"wp:term":[{"taxonomy":"product_brand","embeddable":true,"href":"https:\/\/meditapes.com\/es\/wp-json\/wp\/v2\/product_brand?post=788"},{"taxonomy":"product_cat","embeddable":true,"href":"https:\/\/meditapes.com\/es\/wp-json\/wp\/v2\/product_cat?post=788"},{"taxonomy":"product_tag","embeddable":true,"href":"https:\/\/meditapes.com\/es\/wp-json\/wp\/v2\/product_tag?post=788"}],"curies":[{"name":"WP","href":"https:\/\/api.w.org\/{rel}","templated":true}]}}