{"id":766,"date":"2025-12-25T13:25:17","date_gmt":"2025-12-25T13:25:17","guid":{"rendered":"https:\/\/meditapes.com\/?post_type=product&#038;p=766"},"modified":"2025-12-25T13:25:19","modified_gmt":"2025-12-25T13:25:19","slug":"38mm-white-rayon-sports-tape-bulk-strong-adhesion-joint-fixation","status":"publish","type":"product","link":"https:\/\/meditapes.com\/es\/product\/38mm-white-rayon-sports-tape-bulk-strong-adhesion-joint-fixation\/","title":{"rendered":"Cinta deportiva de ray\u00f3n blanco de 38 mm al por mayor: fijaci\u00f3n articular de fuerte adhesi\u00f3n"},"content":{"rendered":"<h1 id=\"38mm-white-rayon-sports-tape-bulk-strong-adhesion-joint-fixation\">Cinta deportiva de ray\u00f3n blanco de 38 mm al por mayor: fijaci\u00f3n articular de fuerte adhesi\u00f3n<\/h1>\n<p>En <strong>Cintas m\u00e9dicas<\/strong>, entendemos que en el mundo del deporte profesional y la rehabilitaci\u00f3n, el fallo del equipo no es una opci\u00f3n. Nuestra <strong>Cinta deportiva de ray\u00f3n blanco de 38 mm<\/strong> est\u00e1 dise\u00f1ada para rendir bajo presi\u00f3n. Como el est\u00e1ndar de la industria para el vendaje r\u00edgido, esta cinta de alto rendimiento es la soluci\u00f3n preferida para profesionales de la medicina deportiva, entrenadores atl\u00e9ticos y cl\u00ednicas de fisioterapia en todo el mundo.<\/p>\n<p>Si est\u00e1 buscando una <strong>Cinta de fijaci\u00f3n articular<\/strong> fiable que combine una alta resistencia a la tracci\u00f3n con una compatibilidad superior con la piel, MediTapes ofrece la calidad que necesita a precios mayoristas competitivos.<\/p>\n<h2 id=\"the-gold-standard-why-38mm-rayon-\">El est\u00e1ndar de oro: \u00bfPor qu\u00e9 ray\u00f3n de 38 mm?<\/h2>\n<p>Aunque ofrecemos varios anchos, la <strong>cinta deportiva de 38 mm<\/strong> es ampliamente considerada como el tama\u00f1o m\u00e1s vers\u00e1til en el kit de un entrenador atl\u00e9tico. Es el ancho perfecto para vendar tobillos, rodillas y hombros, \u00e1reas que requieren un soporte sustancial sin comprometer la capacidad del atleta para rendir.<\/p>\n<p>A diferencia de las cintas de algod\u00f3n est\u00e1ndar, nuestra <strong>Cinta deportiva de tela de ray\u00f3n<\/strong> est\u00e1 fabricada con ray\u00f3n (viscosa) de alta resistencia a la tracci\u00f3n. Este tejido sint\u00e9tico es m\u00e1s fuerte que el algod\u00f3n y proporciona un punto final r\u00edgido, lo que significa que no se estira. Esto es crucial para limitar el movimiento de las articulaciones y prevenir la hiperextensi\u00f3n o el da\u00f1o de los ligamentos durante deportes de alto impacto como el rugby, el f\u00fatbol y el baloncesto.<\/p>\n<h2 id=\"key-features-of-meditapes-rayon-tape\">Caracter\u00edsticas clave de la cinta de ray\u00f3n MediTapes<\/h2>\n<h3 id=\"1-superior-zinc-oxide-adhesive\">1. Adhesivo de \u00f3xido de zinc superior<\/h3>\n<p>La caracter\u00edstica que define a nuestro producto es su estatus como una <strong>Cinta de fuerte adhesi\u00f3n<\/strong>. Utilizamos una formulaci\u00f3n de adhesivo de \u00f3xido de zinc de grado m\u00e9dico que garantiza:<\/p>\n<ul>\n<li><strong>Adherencia inmediata:<\/strong> Se adhiere instant\u00e1neamente a la piel o al vendaje base de espuma.<\/li>\n<li><strong>Resistencia al sudor:<\/strong> El adhesivo est\u00e1 dise\u00f1ado para soportar la humedad y las altas temperaturas, asegurando que la cinta se mantenga fija en su lugar incluso durante los partidos m\u00e1s agotadores.<\/li>\n<li><strong>Fiabilidad:<\/strong> Proporciona una fuerza de sujeci\u00f3n constante que no se desliza, manteniendo una fundamental <strong>fijaci\u00f3n articular<\/strong> durante toda la duraci\u00f3n del juego.<\/li>\n<\/ul>\n<h3 id=\"2-serrated-edge-for-fast-application\">2. Borde dentado para una aplicaci\u00f3n r\u00e1pida<\/h3>\n<p>El tiempo es esencial en la l\u00ednea de banda. Nuestra cinta cuenta con un corte de precisi\u00f3n <strong>borde dentado<\/strong> (patr\u00f3n en zigzag). Esto permite:<\/p>\n<ul>\n<li><strong>F\u00e1cil rasgado a mano:<\/strong> No se requieren tijeras. Puede rasgar la cinta limpiamente a mano, tanto longitudinal como transversalmente.<\/li>\n<li><strong>Velocidad:<\/strong> Los entrenadores pueden aplicar patrones de vendaje complejos, como el \u201cOcho\u201d o el \u201cBloqueo de tal\u00f3n\u201d, de forma r\u00e1pida y eficiente.<\/li>\n<li><strong>Bordes limpios:<\/strong> El corte dentado evita el deshilachado y los hilos sueltos, garantizando una aplicaci\u00f3n impecable y profesional.<\/li>\n<\/ul>\n<h3 id=\"3-breathable-and-comfortable\">3. Transpirable y c\u00f3moda<\/h3>\n<p>A pesar de ser un <strong>Cinta de fuerte adhesi\u00f3n<\/strong>, nuestro tejido de ray\u00f3n est\u00e1 tejido para ser poroso. Esta transpirabilidad permite que la humedad se evapore de la piel, reduciendo el riesgo de maceraci\u00f3n cut\u00e1nea (ablandamiento) e irritaci\u00f3n, lo cual es com\u00fan con las cintas pl\u00e1sticas no transpirables.<\/p>\n<h2 id=\"product-specifications\">Especificaciones del producto<\/h2>\n<p>Ofrecemos una personalizaci\u00f3n completa para adaptarnos a sus requisitos espec\u00edficos del mercado. A continuaci\u00f3n se presentan los par\u00e1metros t\u00e9cnicos de nuestra <strong>Cinta deportiva de tela de ray\u00f3n<\/strong>:<\/p>\n<table>\n<thead>\n<tr>\n<th style=\"text-align: left;\">Caracter\u00edstica<\/th>\n<th style=\"text-align: left;\">Detalles de las especificaciones<\/th>\n<\/tr>\n<\/thead>\n<tbody>\n<tr>\n<td style=\"text-align: left;\"><strong>Nombre del producto<\/strong><\/td>\n<td style=\"text-align: left;\"><strong>Cinta deportiva de tejido de ray\u00f3n \/ Cinta de flejado r\u00edgida<\/strong><\/td>\n<\/tr>\n<tr>\n<td style=\"text-align: left;\"><strong>Material<\/strong><\/td>\n<td style=\"text-align: left;\">Tejido de ray\u00f3n de alta resistencia (no el\u00e1stico)<\/td>\n<\/tr>\n<tr>\n<td style=\"text-align: left;\"><strong>Anchura est\u00e1ndar<\/strong><\/td>\n<td style=\"text-align: left;\"><strong>3,8 cm (38 mm)<\/strong> \u2013 <em>M\u00e1s popular<\/em><\/td>\n<\/tr>\n<tr>\n<td style=\"text-align: left;\"><strong>Otros anchos<\/strong><\/td>\n<td style=\"text-align: left;\">1,25 cm \/ 2,5 cm \/ 5 cm<\/td>\n<\/tr>\n<tr>\n<td style=\"text-align: left;\"><strong>Longitud<\/strong><\/td>\n<td style=\"text-align: left;\"><strong>13,7 m<\/strong> (Est\u00e1ndar)<\/td>\n<\/tr>\n<tr>\n<td style=\"text-align: left;\"><strong>Tipo de borde<\/strong><\/td>\n<td style=\"text-align: left;\"><strong>Borde dentado<\/strong> (F\u00e1cil de rasgar)<\/td>\n<\/tr>\n<tr>\n<td style=\"text-align: left;\"><strong>Colores<\/strong><\/td>\n<td style=\"text-align: left;\"><strong>Blanco \/ Piel (Canela)<\/strong><\/td>\n<\/tr>\n<tr>\n<td style=\"text-align: left;\"><strong>Adhesivo<\/strong><\/td>\n<td style=\"text-align: left;\"><strong>\u00d3xido de zinc<\/strong> (Fuerte adhesi\u00f3n) o Hot Melt<\/td>\n<\/tr>\n<tr>\n<td style=\"text-align: left;\"><strong>Funci\u00f3n<\/strong><\/td>\n<td style=\"text-align: left;\"><strong>Fijaci\u00f3n articular<\/strong>, vendaje funcional r\u00edgido, prevenci\u00f3n de lesiones<\/td>\n<\/tr>\n<tr>\n<td style=\"text-align: left;\"><strong>Embalaje<\/strong><\/td>\n<td style=\"text-align: left;\"><strong>Seg\u00fan los requisitos del cliente<\/strong> (Bandeja a granel, caja individual, bl\u00edster)<\/td>\n<\/tr>\n<\/tbody>\n<\/table>\n<h2 id=\"applications-the-ultimate-joint-fixation-tape\">Aplicaciones: La cinta definitiva para la fijaci\u00f3n articular<\/h2>\n<p>Nuestra cinta <strong>cinta deportiva de 38 mm<\/strong> se utiliza principalmente para t\u00e9cnicas de inmovilizaci\u00f3n r\u00edgida.<\/p>\n<ul>\n<li><strong>Estabilidad de tobillo:<\/strong> La naturaleza r\u00edgida del ray\u00f3n act\u00faa como un ligamento externo, previniendo los esguinces por inversi\u00f3n y eversi\u00f3n.<\/li>\n<li><strong>Vendaje de rodilla:<\/strong> Ideal para el vendaje de McConnell para corregir problemas de alineaci\u00f3n de la r\u00f3tula.<\/li>\n<li><strong>Soporte de hombro:<\/strong> Utilizado para limitar el rango de movimiento en lesiones de la articulaci\u00f3n acromioclavicular (AC).<\/li>\n<li><strong>Prevenci\u00f3n:<\/strong> Muchos atletas profesionales utilizan nuestras <strong>Cinta de fijaci\u00f3n articular<\/strong> de forma profil\u00e1ctica (antes de que ocurra la lesi\u00f3n) para proporcionar soporte estructural adicional durante los juegos.<\/li>\n<\/ul>\n<h2 id=\"bulk-wholesale-oem-services\">Venta al por mayor y servicios OEM<\/h2>\n<p><strong>Cintas m\u00e9dicas<\/strong> se especializa en atender a clientes B2B. Ya sea que suministre a una red hospitalaria, una cadena de cl\u00ednicas de fisioterapia o una liga deportiva, nuestras soluciones a granel est\u00e1n dise\u00f1adas para maximizar su margen.<\/p>\n<ul>\n<li><strong>Calidad consistente:<\/strong> Cada rollo de <strong>cinta deportiva de 38 mm<\/strong> se somete a un riguroso control de calidad para garantizar una tensi\u00f3n de desenrollado y una fuerza adhesiva constantes.<\/li>\n<li><strong>Personalizaci\u00f3n de Marca:<\/strong> Podemos imprimir el logotipo de su marca en el n\u00facleo interno y dise\u00f1ar cajas de embalaje personalizadas para mejorar su presencia en el punto de venta.<\/li>\n<li><strong>Env\u00edo global:<\/strong> Contamos con una amplia experiencia exportando a los principales mercados de Europa, Am\u00e9rica del Norte y Australasia.<\/li>\n<\/ul>\n<h2 id=\"how-to-order\">C\u00f3mo realizar un pedido<\/h2>\n<p>Equipe a su equipo o abastezca sus estantes con los m\u00e1s resistentes <strong>Cinta deportiva de tela de ray\u00f3n<\/strong> en el mercado. Al\u00edese con MediTapes para obtener fiabilidad, calidad y precios competitivos.<\/p>\n<p><strong>Cont\u00e1ctenos hoy mismo para solicitar un presupuesto o una muestra gratuita.<\/strong><\/p>\n<ul>\n<li><strong>Visite nuestro sitio web:<\/strong> <a href=\"https:\/\/meditapes.com\/es\/\" target=\"_blank\" rel=\"noopener\">https:\/\/meditapes.com\/<\/a><\/li>\n<li><strong>P\u00e1gina de contacto:<\/strong> <a href=\"https:\/\/meditapes.com\/es\/contacto\/\" target=\"_blank\" rel=\"noopener\">https:\/\/meditapes.com\/contact-us\/<\/a><\/li>\n<li><strong>Env\u00edenos un correo electr\u00f3nico:<\/strong> <a href=\"mailto:info@meditapes.com\" target=\"_blank\" rel=\"noopener\">info@meditapes.com<\/a><\/li>\n<\/ul>\n<p>Elija <strong>Cintas m\u00e9dicas<\/strong> \u2013 Donde <strong>Cinta de fuerte adhesi\u00f3n<\/strong> se une al rendimiento profesional.<\/p>","protected":false},"excerpt":{"rendered":"<p>Compre cinta deportiva de ray\u00f3n blanco de 38 mm al por mayor para uso en equipos profesionales. Proporciona una fijaci\u00f3n articular de fuerte adhesi\u00f3n para prevenir lesiones durante el juego. Esta cinta deportiva de ray\u00f3n es el est\u00e1ndar de oro para el vendaje r\u00edgido atl\u00e9tico y funciona perfectamente para tobillos y rodillas.<\/p>","protected":false},"featured_media":767,"template":"","meta":[],"product_brand":[28],"product_cat":[23,634],"product_tag":[690,689,691,93],"class_list":{"0":"post-766","1":"product","2":"type-product","3":"status-publish","4":"has-post-thumbnail","6":"product_brand-meditapes","7":"product_cat-sports-tapes","8":"product_cat-rayon-fabric-sports-tape","9":"product_tag-38mm-sports-tape","10":"product_tag-38mm-white-rayon-sports-tape","11":"product_tag-joint-fixation-tape","12":"product_tag-strong-adhesion-tape","14":"first","15":"instock","16":"shipping-taxable","17":"product-type-simple"},"_links":{"self":[{"href":"https:\/\/meditapes.com\/es\/wp-json\/wp\/v2\/product\/766","targetHints":{"allow":["GET"]}}],"collection":[{"href":"https:\/\/meditapes.com\/es\/wp-json\/wp\/v2\/product"}],"about":[{"href":"https:\/\/meditapes.com\/es\/wp-json\/wp\/v2\/types\/product"}],"wp:featuredmedia":[{"embeddable":true,"href":"https:\/\/meditapes.com\/es\/wp-json\/wp\/v2\/media\/767"}],"wp:attachment":[{"href":"https:\/\/meditapes.com\/es\/wp-json\/wp\/v2\/media?parent=766"}],"wp:term":[{"taxonomy":"product_brand","embeddable":true,"href":"https:\/\/meditapes.com\/es\/wp-json\/wp\/v2\/product_brand?post=766"},{"taxonomy":"product_cat","embeddable":true,"href":"https:\/\/meditapes.com\/es\/wp-json\/wp\/v2\/product_cat?post=766"},{"taxonomy":"product_tag","embeddable":true,"href":"https:\/\/meditapes.com\/es\/wp-json\/wp\/v2\/product_tag?post=766"}],"curies":[{"name":"WP","href":"https:\/\/api.w.org\/{rel}","templated":true}]}}