{"id":760,"date":"2025-12-25T13:12:57","date_gmt":"2025-12-25T13:12:57","guid":{"rendered":"https:\/\/meditapes.com\/?post_type=product&#038;p=760"},"modified":"2025-12-25T13:12:59","modified_gmt":"2025-12-25T13:12:59","slug":"high-strength-rayon-athletic-tape","status":"publish","type":"product","link":"https:\/\/meditapes.com\/es\/product\/high-strength-rayon-athletic-tape\/","title":{"rendered":"Cinta atl\u00e9tica de ray\u00f3n de alta resistencia \u2013 Vendaje McConnell con \u00f3xido de zinc"},"content":{"rendered":"<h1 id=\"high-strength-rayon-athletic-tape-zinc-oxide-mcconnell-taping\">Cinta atl\u00e9tica de ray\u00f3n de alta resistencia \u2013 Vendaje McConnell con \u00f3xido de zinc<\/h1>\n<p>En <strong>Cintas m\u00e9dicas<\/strong>, nos especializamos en brindar soluciones de vendaje de grado m\u00e9dico para fisioterapeutas, cl\u00ednicas de medicina deportiva y equipos atl\u00e9ticos profesionales en todo el mundo. Nuestra <strong>Cinta atl\u00e9tica de ray\u00f3n de alta resistencia<\/strong> es el pin\u00e1culo de la tecnolog\u00eda de vendaje r\u00edgido. Dise\u00f1ada espec\u00edficamente para aplicaciones de fisioterapia, esta <strong>Cinta atl\u00e9tica de ray\u00f3n<\/strong> es la opci\u00f3n preferida para las reconocidas <strong>t\u00e9cnicas de vendaje McConnell<\/strong> , ofreciendo un soporte inquebrantable donde m\u00e1s importa.<\/p>\n<p>Ya sea que usted sea un distribuidor m\u00e9dico que busca expandir su cat\u00e1logo ortop\u00e9dico o un proveedor de clubes deportivos que busca un inventario confiable, nuestra cinta de ray\u00f3n con infusi\u00f3n de \u00f3xido de zinc ofrece el rendimiento que los profesionales exigen.<\/p>\n<h2 id=\"what-is-rayon-athletic-tape-\">\u00bfQu\u00e9 es la cinta atl\u00e9tica de ray\u00f3n?<\/h2>\n<p>A diferencia de las cintas deportivas de algod\u00f3n est\u00e1ndar, <strong>Cinta atl\u00e9tica de ray\u00f3n<\/strong> est\u00e1 fabricada con un tejido de ray\u00f3n de alta resistencia (seda artificial). Este material se elige por su superior resistencia a la tracci\u00f3n y resistencia al estiramiento. En entornos m\u00e9dicos de alta exigencia, mantener la posici\u00f3n correcta de una articulaci\u00f3n o r\u00f3tula es fundamental. Nuestra cinta no \u201ccede\u201d bajo presi\u00f3n, lo que garantiza que el vendaje permanezca ajustado y eficaz durante toda la duraci\u00f3n del juego o de los ejercicios de rehabilitaci\u00f3n.<\/p>\n<p>Esta rigidez la convierte en la definitiva <strong>cinta para vendaje McConnell<\/strong>. Desarrollado originalmente para el manejo del s\u00edndrome de dolor patelofemoral (SDPF), el vendaje McConnell requiere una cinta que pueda tirar f\u00edsicamente de la r\u00f3tula y mantenerla en una alineaci\u00f3n espec\u00edfica. Las cintas el\u00e1sticas est\u00e1ndar no pueden lograr esto; solo nuestra cinta de ray\u00f3n de alta resistencia proporciona la correcci\u00f3n mec\u00e1nica necesaria.<\/p>\n<h2 id=\"key-features-benefits\">Caracter\u00edsticas y beneficios clave<\/h2>\n<h3 id=\"1-premium-zinc-oxide-adhesive\">1. Adhesivo de \u00f3xido de zinc de primera calidad<\/h3>\n<p>La eficacia de cualquier cinta de vendaje reside en su pegamento. Nuestro producto es una <strong>cinta de \u00f3xido de zinc de alta calidad<\/strong>. El adhesivo est\u00e1 formulado para proporcionar una sujeci\u00f3n segura y duradera incluso en condiciones de humedad o durante una sudoraci\u00f3n intensa.<\/p>\n<ul>\n<li><strong>Fuerte adherencia:<\/strong> Fija las articulaciones de forma segura para restringir movimientos perjudiciales.<\/li>\n<li><strong>Respetuoso con la piel:<\/strong> Aunque es resistente, nuestra f\u00f3rmula de \u00f3xido de zinc est\u00e1 dise\u00f1ada para minimizar la irritaci\u00f3n (recomendamos el uso de un vendaje protector para pieles sensibles).<\/li>\n<li><strong>Sin residuos:<\/strong> Removes cleanly without leaving sticky gum on the athlete\u2019s skin.<\/li>\n<\/ul>\n<h3 id=\"2-serrated-edge-for-ease-of-use\">2. Borde dentado para facilitar su uso<\/h3>\n<p>La rapidez es esencial en la l\u00ednea de banda. Nuestra <strong>Cinta atl\u00e9tica de ray\u00f3n<\/strong> cuenta con un corte de precisi\u00f3n <strong>borde dentado<\/strong> (corte en zig-zag). Este dise\u00f1o permite que fisioterapeutas y entrenadores rasguen la cinta f\u00e1cilmente con la mano \u2014tanto longitudinal como transversalmente\u2014 sin necesidad de tijeras. Esta caracter\u00edstica reduce significativamente el tiempo de aplicaci\u00f3n durante el tratamiento de lesiones agudas.<\/p>\n<h3 id=\"3-breathable-and-water-resistant\">3. Transpirable y resistente al agua<\/h3>\n<p>El tejido de ray\u00f3n es poroso, lo que permite que la piel respire y evita la acumulaci\u00f3n de humedad que puede derivar en la maceraci\u00f3n cut\u00e1nea. Adem\u00e1s, el material de ray\u00f3n es naturalmente resistente al agua, lo que lo convierte en una excelente opci\u00f3n para deportes de invierno o condiciones de juego h\u00famedas.<\/p>\n<h2 id=\"product-specifications\">Especificaciones del producto<\/h2>\n<p>Ofrecemos personalizaci\u00f3n completa para satisfacer las demandas espec\u00edficas de su mercado. A continuaci\u00f3n se detallan los par\u00e1metros t\u00e9cnicos est\u00e1ndar de nuestra <strong>Cinta deportiva de tela de ray\u00f3n<\/strong>:<\/p>\n<table>\n<thead>\n<tr>\n<th style=\"text-align: left;\">Caracter\u00edstica<\/th>\n<th style=\"text-align: left;\">Detalles de las especificaciones<\/th>\n<\/tr>\n<\/thead>\n<tbody>\n<tr>\n<td style=\"text-align: left;\"><strong>Nombre del producto<\/strong><\/td>\n<td style=\"text-align: left;\"><strong>Cinta deportiva de tejido de ray\u00f3n \/ Cinta atl\u00e9tica de ray\u00f3n<\/strong><\/td>\n<\/tr>\n<tr>\n<td style=\"text-align: left;\"><strong>Material<\/strong><\/td>\n<td style=\"text-align: left;\">Tejido de ray\u00f3n de alta resistencia (Viscosa)<\/td>\n<\/tr>\n<tr>\n<td style=\"text-align: left;\"><strong>Opciones de ancho<\/strong><\/td>\n<td style=\"text-align: left;\"><strong>1,25 cm \/ 2,5 cm \/ 3,8 cm \/ 5 cm<\/strong><\/td>\n<\/tr>\n<tr>\n<td style=\"text-align: left;\"><strong>Longitud<\/strong><\/td>\n<td style=\"text-align: left;\"><strong>13,7 m<\/strong> (Est\u00e1ndar)<\/td>\n<\/tr>\n<tr>\n<td style=\"text-align: left;\"><strong>Tipo de borde<\/strong><\/td>\n<td style=\"text-align: left;\"><strong>Borde dentado<\/strong> (F\u00e1cil rasgado manual)<\/td>\n<\/tr>\n<tr>\n<td style=\"text-align: left;\"><strong>Colores<\/strong><\/td>\n<td style=\"text-align: left;\"><strong>Blanco \/ Piel (Canela)<\/strong><\/td>\n<\/tr>\n<tr>\n<td style=\"text-align: left;\"><strong>Tipo de adhesivo<\/strong><\/td>\n<td style=\"text-align: left;\"><strong>\u00d3xido de zinc<\/strong> \/ Hot Melt (Disponible sin l\u00e1tex)<\/td>\n<\/tr>\n<tr>\n<td style=\"text-align: left;\"><strong>Aplicaci\u00f3n<\/strong><\/td>\n<td style=\"text-align: left;\">Vendaje McConnell, inmovilizaci\u00f3n de articulaciones, vendaje r\u00edgido<\/td>\n<\/tr>\n<tr>\n<td style=\"text-align: left;\"><strong>Empaque<\/strong><\/td>\n<td style=\"text-align: left;\"><strong>Seg\u00fan los requisitos del cliente<\/strong> (Caja OEM, cilindro, bandeja)<\/td>\n<\/tr>\n<\/tbody>\n<\/table>\n<h2 id=\"application-scenarios\">Escenarios de aplicaci\u00f3n<\/h2>\n<p>Nuestra cinta <strong>Cinta atl\u00e9tica de ray\u00f3n<\/strong> es una herramienta vers\u00e1til en cualquier kit m\u00e9dico. Se utiliza principalmente para:<\/p>\n<ul>\n<li><strong>Vendaje McConnell:<\/strong> Corregir el alineamiento de la r\u00f3tula para aliviar el dolor de rodilla.<\/li>\n<li><strong>Vendaje de hombro:<\/strong> Estabilizaci\u00f3n de la articulaci\u00f3n AC despu\u00e9s de una lesi\u00f3n.<\/li>\n<li><strong>Soporte de tobillo y mu\u00f1eca:<\/strong> Proporcionar inmovilizaci\u00f3n r\u00edgida para prevenir esguinces y distensiones.<\/li>\n<li><strong>Lesi\u00f3n de Turf Toe:<\/strong> Restringir el rango de movimiento en el dedo gordo del pie.<\/li>\n<\/ul>\n<h2 id=\"why-partner-with-meditapes-\">\u00bfPor qu\u00e9 asociarse con MediTapes?<\/h2>\n<p><strong>Cintas m\u00e9dicas<\/strong> es m\u00e1s que un simple fabricante; somos su socio estrat\u00e9gico en la cadena de suministro de medicina deportiva.<\/p>\n<ol>\n<li><strong>Directo de f\u00e1brica:<\/strong> Al abastecerse directamente con nosotros, elimina intermediarios y asegura precios competitivos al por mayor.<\/li>\n<li><strong>OEM y marca blanca:<\/strong> Podemos personalizar la impresi\u00f3n del n\u00facleo, el dise\u00f1o de la caja y las especificaciones de la cinta para construir su identidad de marca.<\/li>\n<li><strong>Garant\u00eda de calidad:<\/strong> Cada lote de <strong>cinta de \u00f3xido de zinc<\/strong> se somete a rigurosas pruebas de resistencia al desprendimiento, resistencia a la tracci\u00f3n y estabilidad del adhesivo.<\/li>\n<\/ol>\n<h2 id=\"how-to-use-for-best-results\">C\u00f3mo utilizar para obtener los mejores resultados<\/h2>\n<p>Para garantizar la m\u00e1xima eficacia de nuestra <strong>cinta para vendaje McConnell<\/strong>:<\/p>\n<ol>\n<li>Aseg\u00farese de que la piel est\u00e9 limpia, seca y libre de aceites o lociones.<\/li>\n<li>Aplique una capa de cinta de vendaje hipoalerg\u00e9nica si el paciente tiene la piel sensible.<\/li>\n<li>Aplique la cinta de ray\u00f3n firmemente en la direcci\u00f3n requerida para la correcci\u00f3n.<\/li>\n<li>Frote la cinta despu\u00e9s de la aplicaci\u00f3n para activar el adhesivo y lograr una fijaci\u00f3n segura.<\/li>\n<\/ol>\n<h2 id=\"contact-us\">Cont\u00e1ctenos<\/h2>\n<p>\u00bfListo para mejorar su l\u00ednea de productos con la m\u00e1s resistente <strong>Cinta atl\u00e9tica de ray\u00f3n<\/strong> del mercado? P\u00f3ngase en contacto con <strong>Cintas m\u00e9dicas<\/strong> hoy mismo para solicitar un presupuesto o muestras.<\/p>\n<ul>\n<li><strong>Sitio web:<\/strong> <a href=\"https:\/\/meditapes.com\/es\/\" target=\"_blank\" rel=\"noopener\">https:\/\/meditapes.com\/<\/a><\/li>\n<li><strong>Solicite una cotizaci\u00f3n:<\/strong> <a href=\"https:\/\/meditapes.com\/es\/contacto\/\" target=\"_blank\" rel=\"noopener\">https:\/\/meditapes.com\/contact-us\/<\/a><\/li>\n<li><strong>Soporte por correo electr\u00f3nico:<\/strong> <a href=\"mailto:info@meditapes.com\" target=\"_blank\" rel=\"noopener\">info@meditapes.com<\/a><\/li>\n<\/ul>\n<p>Asegure su inventario con <strong>Cintas m\u00e9dicas<\/strong> \u2013 El nombre de confianza en vendajes deportivos profesionales.<\/p>","protected":false},"excerpt":{"rendered":"<p>Dise\u00f1ada para fisioterapia, esta cinta atl\u00e9tica de ray\u00f3n es perfecta para las t\u00e9cnicas de vendaje McConnell. El adhesivo de \u00f3xido de zinc garantiza una sujeci\u00f3n duradera sin irritaci\u00f3n. Elija nuestra cinta atl\u00e9tica de ray\u00f3n para un soporte confiable en entornos m\u00e9dicos de alta exigencia.<\/p>","protected":false},"featured_media":761,"template":"","meta":[],"product_brand":[28],"product_cat":[23,634],"product_tag":[680,682,681,436],"class_list":{"0":"post-760","1":"product","2":"type-product","3":"status-publish","4":"has-post-thumbnail","6":"product_brand-meditapes","7":"product_cat-sports-tapes","8":"product_cat-rayon-fabric-sports-tape","9":"product_tag-high-strength-rayon-athletic-tape","10":"product_tag-mcconnell-taping-tape","11":"product_tag-rayon-athletic-tape","12":"product_tag-zinc-oxide-tape","14":"first","15":"instock","16":"shipping-taxable","17":"product-type-simple"},"_links":{"self":[{"href":"https:\/\/meditapes.com\/es\/wp-json\/wp\/v2\/product\/760","targetHints":{"allow":["GET"]}}],"collection":[{"href":"https:\/\/meditapes.com\/es\/wp-json\/wp\/v2\/product"}],"about":[{"href":"https:\/\/meditapes.com\/es\/wp-json\/wp\/v2\/types\/product"}],"wp:featuredmedia":[{"embeddable":true,"href":"https:\/\/meditapes.com\/es\/wp-json\/wp\/v2\/media\/761"}],"wp:attachment":[{"href":"https:\/\/meditapes.com\/es\/wp-json\/wp\/v2\/media?parent=760"}],"wp:term":[{"taxonomy":"product_brand","embeddable":true,"href":"https:\/\/meditapes.com\/es\/wp-json\/wp\/v2\/product_brand?post=760"},{"taxonomy":"product_cat","embeddable":true,"href":"https:\/\/meditapes.com\/es\/wp-json\/wp\/v2\/product_cat?post=760"},{"taxonomy":"product_tag","embeddable":true,"href":"https:\/\/meditapes.com\/es\/wp-json\/wp\/v2\/product_tag?post=760"}],"curies":[{"name":"WP","href":"https:\/\/api.w.org\/{rel}","templated":true}]}}