{"id":750,"date":"2025-12-25T12:37:43","date_gmt":"2025-12-25T12:37:43","guid":{"rendered":"https:\/\/meditapes.com\/?post_type=product&#038;p=750"},"modified":"2025-12-25T12:37:45","modified_gmt":"2025-12-25T12:37:45","slug":"serrated-edge-cotton-sports-tape","status":"publish","type":"product","link":"https:\/\/meditapes.com\/es\/product\/serrated-edge-cotton-sports-tape\/","title":{"rendered":"Cinta deportiva de algod\u00f3n con borde dentado cinta de vendaje atl\u00e9tico de f\u00e1cil rasgado"},"content":{"rendered":"<h1 id=\"serrated-edge-cotton-sports-tape-easy-tear-athletic-strapping-tape\">Cinta deportiva de algod\u00f3n con borde dentado cinta de vendaje atl\u00e9tico de f\u00e1cil rasgado<\/h1>\n<h2 id=\"product-overview\">Descripci\u00f3n general del producto<\/h2>\n<p>En <strong>Cintas m\u00e9dicas<\/strong>, sabemos que en el fragor de un partido, cada segundo cuenta. Presentamos nuestra cinta premium <strong>Cinta deportiva de algod\u00f3n con borde dentado cinta de vendaje atl\u00e9tico de f\u00e1cil rasgado<\/strong>, la soluci\u00f3n definitiva para fisioterapeutas, entrenadores atl\u00e9ticos y equipos deportivos que exigen rapidez sin comprometer la estabilidad.<\/p>\n<p>A diferencia de las cintas tradicionales de borde liso que a menudo requieren tijeras o una fuerza considerable para romperse, nuestra especializada <strong>cinta deportiva de f\u00e1cil rasgado<\/strong> est\u00e1 dise\u00f1ada para una aplicaci\u00f3n r\u00e1pida. Ya sea que est\u00e9 vendando el tobillo de un futbolista en la banda o asegurando los dedos de un jugador de voleibol durante un tiempo muerto, esta <strong>Cinta rasgable a mano<\/strong> asegura que pueda proporcionar soporte inmediato de manera eficiente y efectiva.<\/p>\n<h2 id=\"key-features-benefits\">Caracter\u00edsticas y beneficios clave<\/h2>\n<h3 id=\"1-zigzag-technology-for-instant-application\">1. Tecnolog\u00eda Zigzag para Aplicaci\u00f3n Instant\u00e1nea<\/h3>\n<p>La caracter\u00edstica destacada de este producto son sus bordes cortados con precisi\u00f3n. Conocida frecuentemente en la industria como <strong>cinta zigzag<\/strong>, los bordes dentados reducen dr\u00e1sticamente la fuerza de rasgado necesaria para romper la cinta, al tiempo que mantienen una alta resistencia a la tracci\u00f3n cuando se tira longitudinalmente. Este dise\u00f1o permite un rasgado limpio y r\u00e1pido tanto en direcci\u00f3n horizontal como vertical. Esto la convierte en la perfecta <strong>cinta atl\u00e9tica dentada<\/strong> para entornos de alta presi\u00f3n donde llevar tijeras es poco pr\u00e1ctico o peligroso.<\/p>\n<h3 id=\"2-rigid-support-stabilization\">2. Soporte R\u00edgido y Estabilizaci\u00f3n<\/h3>\n<p>Aunque es una <strong>cinta deportiva de f\u00e1cil rasgado<\/strong>, no sacrifica el soporte. Basada en un sustrato de algod\u00f3n 100% no el\u00e1stico, esta cinta proporciona una inmovilizaci\u00f3n r\u00edgida. Restringe eficazmente el rango de movimiento de las articulaciones, actuando como un ligamento externo. Esto la hace ideal para prevenir lesiones comunes como esguinces de tobillo, hiperextensi\u00f3n de mu\u00f1eca y atascos de dedos.<\/p>\n<h3 id=\"3-breathable-cotton-comfort\">3. Comodidad de Algod\u00f3n Transpirable<\/h3>\n<p>Nuestra cinta <strong>Cinta deportiva de tela de algod\u00f3n<\/strong> se fabrica utilizando algod\u00f3n poroso de alta calidad. Esto permite que la transpiraci\u00f3n escape, evitando la acumulaci\u00f3n de humedad que puede causar que la cinta se deslice o provocar la maceraci\u00f3n de la piel. La naturaleza transpirable del tejido garantiza que la cinta permanezca c\u00f3moda incluso durante un uso prolongado en condiciones de humedad.<\/p>\n<h3 id=\"4-versatile-sizing-and-colors\">4. Tama\u00f1os y Colores Vers\u00e1tiles<\/h3>\n<p>Entendemos que diferentes atletas y lesiones requieren especificaciones diferentes. Como profesional <strong>cinta atl\u00e9tica dentada<\/strong> Como fabricante, MediTapes ofrece una amplia gama de anchos y largos. Ya sea que necesite un vendaje estrecho para los dedos o una cinta ancha para articulaciones grandes, contamos con las especificaciones para satisfacer sus necesidades.<\/p>\n<h2 id=\"technical-specifications\">Especificaciones t\u00e9cnicas<\/h2>\n<p>A continuaci\u00f3n se detallan los par\u00e1metros de nuestra <strong>Cinta deportiva de tela de algod\u00f3n<\/strong>. Ofrecemos personalizaci\u00f3n completa para nuestros socios mayoristas.<\/p>\n<table>\n<thead>\n<tr>\n<th style=\"text-align: left;\"><strong>Par\u00e1metro<\/strong><\/th>\n<th style=\"text-align: left;\"><strong>Detalles de las especificaciones<\/strong><\/th>\n<\/tr>\n<\/thead>\n<tbody>\n<tr>\n<td style=\"text-align: left;\"><strong>Nombre del producto<\/strong><\/td>\n<td style=\"text-align: left;\">Cinta deportiva de tejido de algod\u00f3n (dentada\/f\u00e1cil rasgado)<\/td>\n<\/tr>\n<tr>\n<td style=\"text-align: left;\"><strong>Material<\/strong><\/td>\n<td style=\"text-align: left;\">Sustrato de algod\u00f3n 100%<\/td>\n<\/tr>\n<tr>\n<td style=\"text-align: left;\"><strong>Tipo de borde<\/strong><\/td>\n<td style=\"text-align: left;\"><strong>Dentado (zigzag\/borde de sierra)<\/strong> \/ Liso tambi\u00e9n disponible<\/td>\n<\/tr>\n<tr>\n<td style=\"text-align: left;\"><strong>Facilidad de corte<\/strong><\/td>\n<td style=\"text-align: left;\">Rasgable a mano (bidireccional)<\/td>\n<\/tr>\n<tr>\n<td style=\"text-align: left;\"><strong>Opciones de ancho<\/strong><\/td>\n<td style=\"text-align: left;\">1,25 cm \/ 2,5 cm \/ 3,8 cm \/ 5 cm<\/td>\n<\/tr>\n<tr>\n<td style=\"text-align: left;\"><strong>Opciones de longitud<\/strong><\/td>\n<td style=\"text-align: left;\">9,1 m \/ 10 m \/ 13,7 m<\/td>\n<\/tr>\n<tr>\n<td style=\"text-align: left;\"><strong>Opciones de color<\/strong><\/td>\n<td style=\"text-align: left;\">Blanco \/ Piel (Beige)<\/td>\n<\/tr>\n<tr>\n<td style=\"text-align: left;\"><strong>Embalaje<\/strong><\/td>\n<td style=\"text-align: left;\">Seg\u00fan los requisitos del cliente (personalizaci\u00f3n de marca disponible)<\/td>\n<\/tr>\n<\/tbody>\n<\/table>\n<h2 id=\"applications-and-usage\">Aplicaciones y uso<\/h2>\n<p>Nuestra cinta <strong>Cinta rasgable a mano<\/strong> es un elemento esencial en los maletines de equipo de pr\u00e1cticamente todas las disciplinas deportivas.<\/p>\n<ul>\n<li><strong>Vendaje r\u00e1pido (Speed Taping):<\/strong> La <strong>cinta zigzag<\/strong> el borde es perfecto para las t\u00e9cnicas de \u201cvendaje r\u00e1pido\u201d utilizadas en el rugby y el f\u00fatbol americano, donde el uso de guantes voluminosos o las limitaciones de tiempo dificultan el empleo de tijeras.<\/li>\n<li><strong>Inmovilizaci\u00f3n articular:<\/strong> Utilice los anchos de 3,8 cm o 5 cm para inmovilizaciones seguras de tobillo y vendajes en ocho para prevenir esguinces por inversi\u00f3n.<\/li>\n<li><strong>Soporte para dedos y pulgar:<\/strong> Los anchos de 1,25 cm y 2,5 cm son ideales para el \u201cvendaje solidario\u201d de dedos o para asegurar las articulaciones del pulgar en baloncesto y escalada.<\/li>\n<li><strong>Fijaci\u00f3n de equipamiento:<\/strong> M\u00e1s all\u00e1 del cuerpo, esta <strong>cinta deportiva de f\u00e1cil rasgado<\/strong> es excelente para fijar espinilleras, calcetines o bolsas de hielo r\u00e1pidamente.<\/li>\n<\/ul>\n<h2 id=\"why-choose-meditapes-\">\u00bfPor qu\u00e9 elegir MediTapes?<\/h2>\n<p><strong>Cintas m\u00e9dicas<\/strong> se dedica a ofrecer soluciones de vendaje m\u00e9dico y deportivo de alta calidad. Al adquirir su <strong>cinta atl\u00e9tica dentada<\/strong> con nosotros, se beneficia de:<\/p>\n<ol>\n<li><strong>Excelencia en la fabricaci\u00f3n:<\/strong> Nuestra tecnolog\u00eda de corte dentado garantiza un patr\u00f3n de \u201czigzag\u201d constante en cada rollo, lo que evita el deshilachado y asegura un rasgado limpio en todo momento.<\/li>\n<li><strong>Soluciones personalizadas:<\/strong> Como se indica en nuestras especificaciones, el embalaje se realiza \u201cseg\u00fan los requisitos del cliente\u201d. Podemos fabricar n\u00facleos, cajas y envoltorios retr\u00e1ctiles personalizados para realzar su marca.<\/li>\n<li><strong>Suministro fiable:<\/strong> Somos un socio de confianza para cl\u00ednicas, distribuidores y ligas deportivas a nivel mundial.<\/li>\n<\/ol>\n<h2 id=\"storage-and-handling\">Almacenamiento y manejo<\/h2>\n<p>Para garantizar que su <strong>cinta zigzag<\/strong> mantenga sus propiedades adhesivas y su facilidad de rasgado, almac\u00e9nela en un lugar fresco y seco (20 \u00b0C a 25 \u00b0C). Evite la luz solar directa. Apl\u00edquela sobre la piel limpia y seca (libre de aceites y lociones) para una \u00f3ptima adhesi\u00f3n.<\/p>\n<h2 id=\"contact-us-for-wholesale-inquiries\">Cont\u00e1ctenos para consultas al por mayor<\/h2>\n<p>Actualice su inventario hoy mismo con lo m\u00e1s eficiente <strong>Cinta rasgable a mano<\/strong> del mercado. Contactar <strong>Cintas m\u00e9dicas<\/strong> para obtener precios mayoristas competitivos y solicitudes de muestras.<\/p>\n<ul>\n<li><strong>Visite nuestro sitio web:<\/strong> <a href=\"https:\/\/meditapes.com\/es\/\" target=\"_blank\" rel=\"noopener\">https:\/\/meditapes.com\/<\/a><\/li>\n<li><strong>P\u00e1gina de contacto:<\/strong> <a href=\"https:\/\/meditapes.com\/es\/contacto\/\" target=\"_blank\" rel=\"noopener\">https:\/\/meditapes.com\/contact-us\/<\/a><\/li>\n<li><strong>Env\u00edenos un correo electr\u00f3nico:<\/strong> <a href=\"mailto:info@meditapes.com\" target=\"_blank\" rel=\"noopener\">info@meditapes.com<\/a><\/li>\n<\/ul>\n<p>Experimente la diferencia de un producto de calidad profesional <strong>Cinta deportiva de algod\u00f3n con borde dentado<\/strong>\u2014donde la velocidad se une a la estabilidad.<\/p>","protected":false},"excerpt":{"rendered":"<p>Experimente una aplicaci\u00f3n r\u00e1pida con nuestra Cinta Deportiva de Algod\u00f3n con Borde Dentado. Esta cinta de vendaje atl\u00e9tico de f\u00e1cil rasgado garantiza un vendaje eficiente durante los partidos sin necesidad de tijeras. La cinta deportiva de algod\u00f3n transpirable proporciona una fijaci\u00f3n confiable y est\u00e1 disponible en colores blanco y piel para un uso vers\u00e1til.<\/p>","protected":false},"featured_media":751,"template":"","meta":[],"product_brand":[28],"product_cat":[23,632],"product_tag":[664,440,665,662,663],"class_list":{"0":"post-750","1":"product","2":"type-product","3":"status-publish","4":"has-post-thumbnail","6":"product_brand-meditapes","7":"product_cat-sports-tapes","8":"product_cat-cotton-fabric-sports-tape","9":"product_tag-easy-tear-sports-tape","10":"product_tag-hand-tearable-tape","11":"product_tag-serrated-athletic-tape","12":"product_tag-serrated-edge-cotton-sports-tape","13":"product_tag-zigzag-tape","15":"first","16":"instock","17":"shipping-taxable","18":"product-type-simple"},"_links":{"self":[{"href":"https:\/\/meditapes.com\/es\/wp-json\/wp\/v2\/product\/750","targetHints":{"allow":["GET"]}}],"collection":[{"href":"https:\/\/meditapes.com\/es\/wp-json\/wp\/v2\/product"}],"about":[{"href":"https:\/\/meditapes.com\/es\/wp-json\/wp\/v2\/types\/product"}],"wp:featuredmedia":[{"embeddable":true,"href":"https:\/\/meditapes.com\/es\/wp-json\/wp\/v2\/media\/751"}],"wp:attachment":[{"href":"https:\/\/meditapes.com\/es\/wp-json\/wp\/v2\/media?parent=750"}],"wp:term":[{"taxonomy":"product_brand","embeddable":true,"href":"https:\/\/meditapes.com\/es\/wp-json\/wp\/v2\/product_brand?post=750"},{"taxonomy":"product_cat","embeddable":true,"href":"https:\/\/meditapes.com\/es\/wp-json\/wp\/v2\/product_cat?post=750"},{"taxonomy":"product_tag","embeddable":true,"href":"https:\/\/meditapes.com\/es\/wp-json\/wp\/v2\/product_tag?post=750"}],"curies":[{"name":"WP","href":"https:\/\/api.w.org\/{rel}","templated":true}]}}