{"id":743,"date":"2025-12-25T11:35:33","date_gmt":"2025-12-25T11:35:33","guid":{"rendered":"https:\/\/meditapes.com\/?post_type=product&#038;p=743"},"modified":"2025-12-25T11:35:34","modified_gmt":"2025-12-25T11:35:34","slug":"oem-custom-color-cotton-fabric-sports-tape","status":"publish","type":"product","link":"https:\/\/meditapes.com\/es\/product\/oem-custom-color-cotton-fabric-sports-tape\/","title":{"rendered":"F\u00e1brica fabricante de cintas deportivas de tela de algod\u00f3n en colores personalizados OEM"},"content":{"rendered":"<h2 id=\"-oem-custom-color-cotton-fabric-sports-tape-manufacturer-factory-\"><strong>F\u00e1brica fabricante de cintas deportivas de tela de algod\u00f3n en colores personalizados OEM<\/strong><\/h2>\n<h3 id=\"-build-your-own-sports-medicine-brand-with-meditapes-\"><strong>Cree su propia marca de medicina deportiva con MediTapes<\/strong><\/h3>\n<p>En el competitivo mundo de la distribuci\u00f3n de medicina deportiva, tener una identidad de marca distintiva es la clave para dominar el mercado. En <strong>Cintas m\u00e9dicas<\/strong>, no somos solo un proveedor; somos su socio estrat\u00e9gico de fabricaci\u00f3n. Como fabricante l\u00edder de <strong>cintas en China<\/strong>, nos especializamos en ofrecer soluciones integrales de <strong>cinta deportiva OEM<\/strong> que le permiten lanzar cintas atl\u00e9ticas de marca privada de alta calidad, adaptadas a sus especificaciones exactas.<\/p>\n<p>Ya sea que se trate de una marca deportiva global, un distribuidor regional o un proveedor de clubes especializados, nuestra f\u00e1brica de \u00faltima generaci\u00f3n ofrece la flexibilidad y escalabilidad que necesita. Desde el <strong>dise\u00f1o de cinta de marca personalizada<\/strong> hasta el embalaje final, nuestro <strong>Cinta deportiva de tela de algod\u00f3n de colores<\/strong> sirve como el lienzo perfecto para el crecimiento de su negocio.<\/p>\n<hr \/>\n<h3 id=\"-why-choose-meditapes-for-private-label-manufacturing-\"><strong>\u00bfPor qu\u00e9 elegir MediTapes para la fabricaci\u00f3n de marca privada?<\/strong><\/h3>\n<h4 id=\"-1-complete-brand-customization-private-label-tape-\"><strong>1. Personalizaci\u00f3n completa de la marca (Cinta de marca privada)<\/strong><\/h4>\n<p>Entendemos que su marca es su activo. Nuestros <strong>cinta de marca blanca<\/strong> servicios van m\u00e1s all\u00e1 del simple embalaje. Ofrecemos opciones de personalizaci\u00f3n profunda para garantizar que el producto se sienta exclusivamente suyo:<\/p>\n<ul>\n<li><strong>Impresi\u00f3n en el n\u00facleo de papel:<\/strong> Podemos imprimir su logotipo, sitio web o eslogan directamente dentro del n\u00facleo de cart\u00f3n de cada rollo, lo que garantiza que su marca sea visible hasta que se utilice el \u00faltimo cent\u00edmetro de cinta.<\/li>\n<li><strong>Te\u00f1ido de tela personalizado:<\/strong> Aunque ofrecemos colores est\u00e1ndar como rojo, azul, negro y verde, tambi\u00e9n podemos igualar la tela de algod\u00f3n con el sistema Pantone para que coincida con los colores espec\u00edficos de su equipo o corporativos.<\/li>\n<li><strong>Embalaje de Marca:<\/strong> Destaque en el estante con cajas minoristas, bl\u00edsteres o botes tubulares totalmente personalizados con su dise\u00f1o.<\/li>\n<\/ul>\n<h4 id=\"-2-factory-direct-quality-consistency-\"><strong>2. Calidad y consistencia directas de f\u00e1brica<\/strong><\/h4>\n<p>Como fabricante directo <strong>cintas en China<\/strong>, controlamos cada paso del proceso de producci\u00f3n, desde el tejido del sustrato de algod\u00f3n hasta el recubrimiento del adhesivo. Nuestro <strong>Cinta deportiva de tela de algod\u00f3n de colores<\/strong> se somete a pruebas rigurosas de:<\/p>\n<ul>\n<li><strong>Tensi\u00f3n de desenrollado:<\/strong> Garantizar que la cinta se desprenda del rollo suavemente (desenrollado constante).<\/li>\n<li><strong>Fuerza de adhesi\u00f3n:<\/strong> Uso de adhesivos de grado m\u00e9dico (a menudo de \u00f3xido de zinc) que proporcionan una fijaci\u00f3n fuerte sin irritaci\u00f3n cut\u00e1nea.<\/li>\n<li><strong>Calidad de los bordes:<\/strong> La tecnolog\u00eda de corte de precisi\u00f3n garantiza bordes <strong>Bordes lisos<\/strong> o definidos <strong>Bordes dentados<\/strong> para un f\u00e1cil rasgado.<\/li>\n<\/ul>\n<h4 id=\"-3-flexible-moqs-scalable-production-\"><strong>3. Cantidades m\u00ednimas de pedido (MOQ) flexibles y producci\u00f3n escalable<\/strong><\/h4>\n<p>Ya sea que est\u00e9 probando un nuevo mercado con un peque\u00f1o pedido piloto o reponiendo existencias para una cadena minorista nacional, nuestras l\u00edneas de producci\u00f3n est\u00e1n dise\u00f1adas para manejar pedidos de todos los tama\u00f1os. Ofrecemos Cantidades M\u00ednimas de Pedido (MOQ) competitivas para <strong>cinta deportiva OEM<\/strong> proyectos con el fin de apoyar tanto a empresas emergentes como a empresas consolidadas.<\/p>\n<hr \/>\n<h3 id=\"-customizable-product-specifications-\"><strong>Especificaciones de producto personalizables<\/strong><\/h3>\n<p>Podemos fabricar <strong>Cinta deportiva de tela de algod\u00f3n de colores<\/strong> para satisfacer las diversas necesidades de su mercado local. A continuaci\u00f3n se presentan los par\u00e1metros de personalizaci\u00f3n est\u00e1ndar disponibles:<\/p>\n<table>\n<thead>\n<tr>\n<th style=\"text-align: left;\">Caracter\u00edstica<\/th>\n<th style=\"text-align: left;\">Opciones de personalizaci\u00f3n<\/th>\n<\/tr>\n<\/thead>\n<tbody>\n<tr>\n<td style=\"text-align: left;\"><strong>Nombre del producto<\/strong><\/td>\n<td style=\"text-align: left;\">Cinta de flejado r\u00edgida OEM \/ Cinta atl\u00e9tica<\/td>\n<\/tr>\n<tr>\n<td style=\"text-align: left;\"><strong>Material de base<\/strong><\/td>\n<td style=\"text-align: left;\">100% algod\u00f3n de alta calidad (transpirable y no el\u00e1stico)<\/td>\n<\/tr>\n<tr>\n<td style=\"text-align: left;\"><strong>Anchos disponibles<\/strong><\/td>\n<td style=\"text-align: left;\"><strong>1,25 cm<\/strong> (Dedo), <strong>2,5 cm<\/strong> (Pulgar), <strong>3,8 cm<\/strong> (Tobillo \u2013 est\u00e1ndar), <strong>5 cm<\/strong> (Hombro\/rodilla)<\/td>\n<\/tr>\n<tr>\n<td style=\"text-align: left;\"><strong>Longitudes del rollo<\/strong><\/td>\n<td style=\"text-align: left;\"><strong>9,1 m<\/strong>, <strong>13,7 m<\/strong> (Est\u00e1ndar) o longitudes personalizadas (p. ej., 10 m, 15 yardas)<\/td>\n<\/tr>\n<tr>\n<td style=\"text-align: left;\"><strong>Acabado de los bordes<\/strong><\/td>\n<td style=\"text-align: left;\"><strong>Borde dentado<\/strong> (Zig-zag para rasgado manual) o <strong>Borde liso<\/strong> (Corte recto)<\/td>\n<\/tr>\n<tr>\n<td style=\"text-align: left;\"><strong>Colores<\/strong><\/td>\n<td style=\"text-align: left;\">Piel, negro, blanco, rojo, azul, verde, amarillo, rosa, naranja, etc.<\/td>\n<\/tr>\n<tr>\n<td style=\"text-align: left;\"><strong>Tipo de adhesivo<\/strong><\/td>\n<td style=\"text-align: left;\">Hot Melt, \u00f3xido de zinc (opciones sin l\u00e1tex disponibles)<\/td>\n<\/tr>\n<tr>\n<td style=\"text-align: left;\"><strong>Personalizaci\u00f3n del n\u00facleo<\/strong><\/td>\n<td style=\"text-align: left;\">N\u00facleo blanco liso o <strong>N\u00facleo impreso personalizado<\/strong> con su logotipo<\/td>\n<\/tr>\n<tr>\n<td style=\"text-align: left;\"><strong>Embalaje<\/strong><\/td>\n<td style=\"text-align: left;\">Bandeja a granel, bolsa de pl\u00e1stico individual, bl\u00edster, caja a color, tubo de pl\u00e1stico<\/td>\n<\/tr>\n<\/tbody>\n<\/table>\n<hr \/>\n<h3 id=\"-the-oem-process-how-it-works-\"><strong>El proceso OEM: c\u00f3mo funciona<\/strong><\/h3>\n<p>Asociarse con <strong>Cintas m\u00e9dicas<\/strong> es una experiencia profesional y optimizada dise\u00f1ada para ahorrarle tiempo y costos.<\/p>\n<ol>\n<li><strong>Consulta y especificaciones:<\/strong> Usted nos proporciona las especificaciones deseadas (ancho, largo, color) y los archivos del logotipo en formato vectorial.<\/li>\n<li><strong>Muestreo y creaci\u00f3n de prototipos:<\/strong> Producimos una muestra de preproducci\u00f3n de su <strong>dise\u00f1o de cinta de marca personalizada<\/strong> para su aprobaci\u00f3n, con el fin de asegurar que el color y la calidad cumplan con sus est\u00e1ndares.<\/li>\n<li><strong>Dise\u00f1o de empaque:<\/strong> Nuestro equipo de dise\u00f1o puede asistirle en la diagramaci\u00f3n del arte para su caja de venta al por menor o bl\u00edster.<\/li>\n<li><strong>Producci\u00f3n en masa:<\/strong> Una vez aprobado, nuestra f\u00e1brica inicia la producci\u00f3n en masa con estrictos controles de calidad.<\/li>\n<li><strong>Log\u00edstica global:<\/strong> Nos encargamos de la documentaci\u00f3n de exportaci\u00f3n y el env\u00edo para garantizar que sus productos lleguen de forma segura a su almac\u00e9n.<\/li>\n<\/ol>\n<hr \/>\n<h3 id=\"-who-we-serve-\"><strong>A qui\u00e9n servimos<\/strong><\/h3>\n<ul>\n<li><strong>Marcas de medicina deportiva:<\/strong> Ampl\u00ede su cat\u00e1logo con una l\u00ednea completa de soluciones de vendaje r\u00edgido.<\/li>\n<li><strong>Equipos deportivos profesionales:<\/strong> Obtenga cintas en los colores exactos de su equipo para una apariencia profesional en el campo.<\/li>\n<li><strong>Cadenas de gimnasios y CrossFit:<\/strong> Venda su propia cinta de marca en la recepci\u00f3n para sus miembros.<\/li>\n<li><strong>Distribuidores m\u00e9dicos:<\/strong> Abastecimiento confiable y conforme a los est\u00e1ndares ISO <strong>cinta de marca blanca<\/strong> a precios directos de f\u00e1brica.<\/li>\n<\/ul>\n<hr \/>\n<h3 id=\"-start-your-oem-project-today-\"><strong>Inicie su proyecto OEM hoy mismo<\/strong><\/h3>\n<p>No se conforme con productos gen\u00e9ricos. Construya una marca en la que los atletas conf\u00eden con <strong>Cintas m\u00e9dicas<\/strong>. Como su dedicado <strong>cintas en China<\/strong>, estamos listos para dar vida a su visi\u00f3n.<\/p>\n<p><strong>Cont\u00e1ctenos para una consulta gratuita y la lista de precios OEM.<\/strong><\/p>\n<ul>\n<li><strong>Sitio web oficial:<\/strong> <a href=\"https:\/\/meditapes.com\/es\/\" target=\"_blank\" rel=\"noopener\">https:\/\/meditapes.com\/<\/a><\/li>\n<li><strong>Consulte ahora:<\/strong> <a href=\"https:\/\/meditapes.com\/es\/contacto\/\" target=\"_blank\" rel=\"noopener\">https:\/\/meditapes.com\/contact-us\/<\/a><\/li>\n<li><strong>Correo electr\u00f3nico:<\/strong> <a href=\"mailto:info@meditapes.com\" target=\"_blank\" rel=\"noopener\">info@meditapes.com<\/a><\/li>\n<\/ul>\n<p><strong>MediTapes \u2013 Su socio en la fabricaci\u00f3n de protecci\u00f3n deportiva profesional.<\/strong><\/p>","protected":false},"excerpt":{"rendered":"<p>Construya su marca con nuestra cinta deportiva de tela de algod\u00f3n de colores. Como f\u00e1brica l\u00edder, ofrecemos servicios OEM para anchos, longitudes y embalajes personalizados. Esta cinta deportiva de algod\u00f3n de alta adherencia se puede personalizar para que coincida con los colores del equipo. Colabore con nosotros para una fabricaci\u00f3n confiable.<\/p>","protected":false},"featured_media":744,"template":"","meta":[],"product_brand":[28],"product_cat":[23,633],"product_tag":[652,650,651,89,653],"class_list":{"0":"post-743","1":"product","2":"type-product","3":"status-publish","4":"has-post-thumbnail","6":"product_brand-meditapes","7":"product_cat-sports-tapes","8":"product_cat-color-cotton-fabric-sports-tape","9":"product_tag-custom-brand-tape","10":"product_tag-oem-custom-color-cotton-fabric-sports-tape","11":"product_tag-oem-sports-tape","12":"product_tag-private-label-tape","13":"product_tag-tape-manufacturer-china","15":"first","16":"instock","17":"shipping-taxable","18":"product-type-simple"},"_links":{"self":[{"href":"https:\/\/meditapes.com\/es\/wp-json\/wp\/v2\/product\/743","targetHints":{"allow":["GET"]}}],"collection":[{"href":"https:\/\/meditapes.com\/es\/wp-json\/wp\/v2\/product"}],"about":[{"href":"https:\/\/meditapes.com\/es\/wp-json\/wp\/v2\/types\/product"}],"wp:featuredmedia":[{"embeddable":true,"href":"https:\/\/meditapes.com\/es\/wp-json\/wp\/v2\/media\/744"}],"wp:attachment":[{"href":"https:\/\/meditapes.com\/es\/wp-json\/wp\/v2\/media?parent=743"}],"wp:term":[{"taxonomy":"product_brand","embeddable":true,"href":"https:\/\/meditapes.com\/es\/wp-json\/wp\/v2\/product_brand?post=743"},{"taxonomy":"product_cat","embeddable":true,"href":"https:\/\/meditapes.com\/es\/wp-json\/wp\/v2\/product_cat?post=743"},{"taxonomy":"product_tag","embeddable":true,"href":"https:\/\/meditapes.com\/es\/wp-json\/wp\/v2\/product_tag?post=743"}],"curies":[{"name":"WP","href":"https:\/\/api.w.org\/{rel}","templated":true}]}}