{"id":613,"date":"2025-12-21T15:29:22","date_gmt":"2025-12-21T15:29:22","guid":{"rendered":"https:\/\/meditapes.com\/?post_type=product&#038;p=613"},"modified":"2025-12-21T15:29:24","modified_gmt":"2025-12-21T15:29:24","slug":"bulk-wholesale-light-elastic-bandage","status":"publish","type":"product","link":"https:\/\/meditapes.com\/es\/product\/bulk-wholesale-light-elastic-bandage\/","title":{"rendered":"Vendaje el\u00e1stico ligero al por mayor \u2013 Cinta adhesiva de rasgado f\u00e1cil para veterinarios"},"content":{"rendered":"<h1 id=\"bulk-wholesale-light-elastic-bandage-easy-tear-adhesive-tape-for-vets\">Vendaje el\u00e1stico ligero al por mayor \u2013 Cinta adhesiva de rasgado f\u00e1cil para veterinarios<\/h1>\n<p><strong>Seguro para mascotas. Suave con la piel. La elecci\u00f3n de los profesionales para el cuidado veterinario.<\/strong><\/p>\n<p>En <strong>Cintas m\u00e9dicas<\/strong>, reconocemos que los profesionales veterinarios y distribuidores m\u00e9dicos requieren suministros que combinen la eficiencia con la comodidad del paciente. Nuestra <strong>Venda el\u00e1stica ligera al por mayor<\/strong> est\u00e1 dise\u00f1ada espec\u00edficamente para satisfacer estas necesidades. A menudo denominada \u201cVet Wrap\u201d o <strong>cinta veterinaria<\/strong>, este producto ofrece una soluci\u00f3n vers\u00e1til y autoadherente que es esencial para cada cl\u00ednica de animales, establo y hospital.<\/p>\n<p>Como fabricante l\u00edder en la <strong>industria de suministros m\u00e9dicos<\/strong> , MediTapes proporciona vendas de alta calidad que garantizan un poder de sujeci\u00f3n seguro sin el trauma asociado con los adhesivos tradicionales. Ya sea que est\u00e9 tratando el menudillo de un caballo de carreras o la pata de un gato dom\u00e9stico, nuestra venda ofrece la fiabilidad que necesita.<\/p>\n<hr \/>\n<h2 id=\"why-our-light-elastic-bandage-is-the-preferred-vet-tape\">Por qu\u00e9 nuestra venda el\u00e1stica ligera es la cinta veterinaria preferida<\/h2>\n<p>La qu\u00edmica \u00fanica de nuestra <strong>cinta veterinaria<\/strong> la diferencia de las cintas adhesivas est\u00e1ndar. Est\u00e1 dise\u00f1ada para ser \u201cautoadhesiva\u201d o <strong>venda cohesiva<\/strong>, lo que significa que se une fuertemente a s\u00ed misma pero no se pega a otras superficies.<\/p>\n<h3 id=\"1-fur-friendly-and-pain-free-removal\">1. Respetuosa con el pelaje y retiro sin dolor<\/h3>\n<p>El principal desaf\u00edo en la medicina veterinaria es la aplicaci\u00f3n de vendas sobre el pelaje. Las cintas adhesivas tradicionales tiran del pelo y causan malestar al retirarlas. Nuestra <strong>cinta adhesiva de f\u00e1cil rasgado para veterinarios<\/strong> resuelve este problema. Esta <strong>no se adhiere al pelaje, la piel ni el pelo<\/strong>, lo que garantiza un proceso de retirada sin dolor. Esta caracter\u00edstica reduce dr\u00e1sticamente el estr\u00e9s de los pacientes animales y ahorra tiempo a los veterinarios, que ya no necesitan afeitar grandes \u00e1reas antes de aplicar la cinta.<\/p>\n<h3 id=\"2-hand-tearable-for-rapid-application\">2. Rasgable a mano para una aplicaci\u00f3n r\u00e1pida<\/h3>\n<p>En situaciones de emergencia o al tratar con animales inquietos, la rapidez es fundamental. Nuestra <strong>Venda El\u00e1stica Ligera<\/strong> est\u00e1 fabricada con un material especial de tela no tejida o mezcla de algod\u00f3n que se rasga f\u00e1cilmente a mano. No se requieren tijeras. Esta caracter\u00edstica de rasgado f\u00e1cil permite cortes r\u00e1pidos y limpios, lo que facilita un vendaje fluido incluso con guantes quir\u00fargicos.<\/p>\n<h3 id=\"3-breathable-and-lightweight-protection\">3. Protecci\u00f3n transpirable y ligera<\/h3>\n<p>El control de infecciones es primordial en el cuidado de heridas. La estructura porosa de nuestra cinta permite que la piel respire, evitando la acumulaci\u00f3n de humedad y la maceraci\u00f3n bajo el vendaje. Proporciona una barrera protectora ligera que mantiene fuera la suciedad y las bacterias, al tiempo que permite la circulaci\u00f3n del aire, lo que favorece una curaci\u00f3n m\u00e1s r\u00e1pida.<\/p>\n<h3 id=\"4-controlled-compression-non-constricting-\">4. Compresi\u00f3n controlada (no constrictiva)<\/h3>\n<p>Nuestra cinta <strong>Venda El\u00e1stica al por Mayor<\/strong> ofrece una excelente elasticidad y memoria de recuperaci\u00f3n. Proporciona una compresi\u00f3n ligera controlada para detener hemorragias o controlar la inflamaci\u00f3n (edema) sin actuar como un torniquete. La venda se adapta perfectamente a contornos anat\u00f3micos dif\u00edciles, como corvejones, cascos y articulaciones, sin deslizarse.<\/p>\n<hr \/>\n<h2 id=\"product-specifications\">Especificaciones del producto<\/h2>\n<p>Ofrecemos una amplia gama de opciones de personalizaci\u00f3n para adaptarse a sus necesidades de distribuci\u00f3n. A continuaci\u00f3n, se presentan los par\u00e1metros t\u00e9cnicos de nuestra <strong>Vendaje adhesivo el\u00e1stico Tear-Light<\/strong>:<\/p>\n<table>\n<thead>\n<tr>\n<th style=\"text-align: left;\">Especificaci\u00f3n<\/th>\n<th style=\"text-align: left;\">Detalles<\/th>\n<\/tr>\n<\/thead>\n<tbody>\n<tr>\n<td style=\"text-align: left;\"><strong>Nombre del producto<\/strong><\/td>\n<td style=\"text-align: left;\"><strong>Venda El\u00e1stica Adhesiva de Rasgado F\u00e1cil (Cinta Veterinaria)<\/strong><\/td>\n<\/tr>\n<tr>\n<td style=\"text-align: left;\"><strong>Material<\/strong><\/td>\n<td style=\"text-align: left;\">Tela no tejida \/ Mezcla de algod\u00f3n con Spandex (Disponible sin l\u00e1tex)<\/td>\n<\/tr>\n<tr>\n<td style=\"text-align: left;\"><strong>Anchos Disponibles<\/strong><\/td>\n<td style=\"text-align: left;\"><strong>2,5 cm \/ 5 cm \/ 7,5 cm \/ 10 cm<\/strong><\/td>\n<\/tr>\n<tr>\n<td style=\"text-align: left;\"><strong>Longitudes del rollo<\/strong><\/td>\n<td style=\"text-align: left;\"><strong>4,5 m \/ 5,4 m \/ 6,9 m<\/strong> (Longitud estirada)<\/td>\n<\/tr>\n<tr>\n<td style=\"text-align: left;\"><strong>Opciones de color<\/strong><\/td>\n<td style=\"text-align: left;\"><strong>Blanco \/ Piel \/ Negro<\/strong> (Est\u00e1ndar)<br \/>\nImpresi\u00f3n personalizada disponible (por ejemplo, huellas de patas, colores ne\u00f3n, camuflaje)<\/td>\n<\/tr>\n<tr>\n<td style=\"text-align: left;\"><strong>Propiedad adhesiva<\/strong><\/td>\n<td style=\"text-align: left;\">Autoadherente (cohesiva): se pega a s\u00ed misma, no a la piel ni al pelaje<\/td>\n<\/tr>\n<tr>\n<td style=\"text-align: left;\"><strong>Facilidad de corte<\/strong><\/td>\n<td style=\"text-align: left;\">F\u00e1cil rasgado a mano<\/td>\n<\/tr>\n<tr>\n<td style=\"text-align: left;\"><strong>Empaque<\/strong><\/td>\n<td style=\"text-align: left;\"><strong>Seg\u00fan los requisitos del cliente<\/strong> (Cartones a granel, paquetes multicolores, marca blanca)<\/td>\n<\/tr>\n<\/tbody>\n<\/table>\n<p><em>Nota: Para grandes distribuidores, podemos fabricar anchos variados. Por ejemplo, 2.5 cm es ideal para mascotas peque\u00f1as, mientras que 10 cm es perfecto para aplicaciones equinas.<\/em><\/p>\n<hr \/>\n<h2 id=\"versatile-applications-in-medical-veterinary-fields\">Aplicaciones vers\u00e1tiles en los campos m\u00e9dico y veterinario<\/h2>\n<p>Nuestra cinta <strong>venda cohesiva<\/strong> es una herramienta multiuso que se encuentra en kits m\u00e9dicos de todo el mundo:<\/p>\n<ul>\n<li><strong>Cuidado de heridas veterinarias:<\/strong> Se utiliza para sujetar gasas y ap\u00f3sitos en perros, gatos, caballos y otros animales. Asegura que el ap\u00f3sito se mantenga limpio y firme.<\/li>\n<li><strong>Protecci\u00f3n deportiva equina:<\/strong> Ampliamente utilizado como vendaje de trabajo o envoltura de patas para caballos para proporcionar soporte y protecci\u00f3n durante el ejercicio o el transporte.<\/li>\n<li><strong>Uso m\u00e9dico humano:<\/strong> Excelente para asegurar v\u00edas intravenosas, cat\u00e9teres y tubos sin utilizar cinta adhesiva sobre la piel del paciente. Tambi\u00e9n se utiliza para la protecci\u00f3n de dedos y soporte ligero de articulaciones en deportes.<\/li>\n<li><strong>Vendaje de compresi\u00f3n:<\/strong> Eficaz para aplicar presi\u00f3n para controlar hemorragias (hemostasia) o reducir la hinchaz\u00f3n tras esguinces.<\/li>\n<\/ul>\n<hr \/>\n<h2 id=\"why-source-wholesale-elastic-bandage-from-meditapes-\">\u00bfPor qu\u00e9 adquirir vendas el\u00e1sticas al por mayor de MediTapes?<\/h2>\n<p><strong>Cintas m\u00e9dicas<\/strong> es su socio estrat\u00e9gico para un <strong>industria de suministros m\u00e9dicos<\/strong> suministro confiable.<\/p>\n<ol>\n<li><strong>Venta al por mayor directa de f\u00e1brica:<\/strong> Al comprar <strong>Venda El\u00e1stica al por Mayor<\/strong> directamente con nosotros, elimina al intermediario, garantizando los precios m\u00e1s competitivos para su mercado.<\/li>\n<li><strong>Marca personalizada (OEM):<\/strong> Entendemos el valor de su marca. Ofrecemos impresi\u00f3n personalizada del n\u00facleo y embalaje de marca (cajas\/bolsas de polietileno) para ayudar a que su producto destaque en el estante.<\/li>\n<li><strong>Garant\u00eda de Calidad:<\/strong> Nuestro proceso de fabricaci\u00f3n se adhiere estrictamente a los est\u00e1ndares internacionales de calidad. Garantizamos una tensi\u00f3n de desenrollado y una fuerza de adhesi\u00f3n consistentes en cada rollo.<\/li>\n<li><strong>Log\u00edstica global:<\/strong> Contamos con una amplia experiencia exportando a Europa, Am\u00e9rica del Norte y otros mercados clave, asegurando que su pedido llegue a tiempo y en perfectas condiciones.<\/li>\n<\/ol>\n<hr \/>\n<h2 id=\"get-a-quote-for-your-bulk-order-today\">Solicite un presupuesto para su pedido al por mayor hoy mismo<\/h2>\n<p>Actualice su inventario con el m\u00e1s vers\u00e1til <strong>cinta veterinaria<\/strong> del mercado. Ya sea que suministre a cl\u00ednicas veterinarias, hospitales o farmacias minoristas, <strong>Cintas m\u00e9dicas<\/strong> tiene la capacidad de satisfacer sus demandas.<\/p>\n<p>Visite nuestro sitio web para ver nuestro cat\u00e1logo completo: <a href=\"https:\/\/meditapes.com\/es\/\" target=\"_blank\" rel=\"noopener\">https:\/\/meditapes.com\/<\/a><\/p>\n<p><strong>\u00bfEst\u00e1 listo para realizar un pedido o solicitar una muestra?<\/strong><br \/>\nP\u00f3ngase en contacto con nuestro equipo de exportaci\u00f3n a trav\u00e9s de nuestro <strong><a href=\"https:\/\/meditapes.com\/es\/contacto\/\" target=\"_blank\" rel=\"noopener\">P\u00e1gina de contacto<\/a><\/strong> o env\u00edenos un correo electr\u00f3nico directamente a:<br \/>\n<strong><a href=\"mailto:info@meditapes.com\" target=\"_blank\" rel=\"noopener\">info@meditapes.com<\/a><\/strong><\/p>\n<p><em>MediTapes \u2013 Cuidando a los pacientes, apoyando a los profesionales.<\/em><\/p>","protected":false},"excerpt":{"rendered":"<p>Venda el\u00e1stica ligera al por mayor de origen, dise\u00f1ada espec\u00edficamente para uso veterinario y m\u00e9dico. Esta cinta adhesiva de f\u00e1cil rasgado no se adhiere al pelaje ni a la piel, sino que se adhiere fuertemente a s\u00ed misma. Una soluci\u00f3n vers\u00e1til y ligera para asegurar ap\u00f3sitos y proporcionar compresi\u00f3n ligera a animales y pacientes.<\/p>","protected":false},"featured_media":614,"template":"","meta":[],"product_brand":[28],"product_cat":[25,296],"product_tag":[446,449,450,448,447],"class_list":{"0":"post-613","1":"product","2":"type-product","3":"status-publish","4":"has-post-thumbnail","6":"product_brand-meditapes","7":"product_cat-elastic-adhesive-bandages","8":"product_cat-tear-light-elastic-adhesive-bandage","9":"product_tag-bulk-wholesale-light-elastic-bandage","10":"product_tag-cohesive-bandage","11":"product_tag-medical-supply","12":"product_tag-vet-tape","13":"product_tag-wholesale-elastic-bandage","15":"first","16":"instock","17":"shipping-taxable","18":"product-type-simple"},"_links":{"self":[{"href":"https:\/\/meditapes.com\/es\/wp-json\/wp\/v2\/product\/613","targetHints":{"allow":["GET"]}}],"collection":[{"href":"https:\/\/meditapes.com\/es\/wp-json\/wp\/v2\/product"}],"about":[{"href":"https:\/\/meditapes.com\/es\/wp-json\/wp\/v2\/types\/product"}],"wp:featuredmedia":[{"embeddable":true,"href":"https:\/\/meditapes.com\/es\/wp-json\/wp\/v2\/media\/614"}],"wp:attachment":[{"href":"https:\/\/meditapes.com\/es\/wp-json\/wp\/v2\/media?parent=613"}],"wp:term":[{"taxonomy":"product_brand","embeddable":true,"href":"https:\/\/meditapes.com\/es\/wp-json\/wp\/v2\/product_brand?post=613"},{"taxonomy":"product_cat","embeddable":true,"href":"https:\/\/meditapes.com\/es\/wp-json\/wp\/v2\/product_cat?post=613"},{"taxonomy":"product_tag","embeddable":true,"href":"https:\/\/meditapes.com\/es\/wp-json\/wp\/v2\/product_tag?post=613"}],"curies":[{"name":"WP","href":"https:\/\/api.w.org\/{rel}","templated":true}]}}