{"id":609,"date":"2025-12-21T15:21:26","date_gmt":"2025-12-21T15:21:26","guid":{"rendered":"https:\/\/meditapes.com\/?post_type=product&#038;p=609"},"modified":"2025-12-21T15:21:28","modified_gmt":"2025-12-21T15:21:28","slug":"venda-elastica-adhesiva-ligera","status":"publish","type":"product","link":"https:\/\/meditapes.com\/es\/product\/venda-elastica-adhesiva-ligera\/","title":{"rendered":"Vendaje el\u00e1stico adhesivo de f\u00e1cil rasgado \u2013 Cinta deportiva transpirable para tobillos"},"content":{"rendered":"<h1 id=\"tear-light-elastic-adhesive-bandage-breathable-sports-tape-for-ankles\">Vendaje el\u00e1stico adhesivo de f\u00e1cil rasgado \u2013 Cinta deportiva transpirable para tobillos<\/h1>\n<p><strong>Soporte fiable. Aplicaci\u00f3n sin esfuerzo. Grado profesional.<\/strong><\/p>\n<p>En <strong>Cintas m\u00e9dicas<\/strong>, entendemos que en el acelerado mundo de la medicina deportiva y la atenci\u00f3n de emergencias, cada segundo cuenta. Nuestro <strong>Vendaje adhesivo el\u00e1stico Tear-Light<\/strong> (tambi\u00e9n conocido como <strong>Venda el\u00e1stica adhesiva Tear-Light<\/strong>) est\u00e1 dise\u00f1ado para satisfacer las rigurosas exigencias de entrenadores deportivos, fisioterapeutas y profesionales m\u00e9dicos en todo el mundo. Al combinar una elasticidad superior con un dise\u00f1o \u00fanico de rasgado manual, esta cinta ofrece el equilibrio perfecto entre flexibilidad y estabilidad.<\/p>\n<p>Ya sea que est\u00e9 vendando el tobillo de un jugador de rugby antes de un partido o asegurando un ap\u00f3sito en una cl\u00ednica veterinaria, nuestro <strong>Venda el\u00e1stica adhesiva Tear-Light<\/strong> proporciona la compresi\u00f3n constante que necesita sin la molestia de tener que usar tijeras.<\/p>\n<hr \/>\n<h2 id=\"why-choose-meditapes-tear-light-eab-\">\u00bfPor qu\u00e9 elegir el Tear-Light EAB de MediTapes?<\/h2>\n<p>Nuestra cinta <strong>Vendaje adhesivo el\u00e1stico Tear-Light<\/strong> destaca en el mercado debido a su construcci\u00f3n de primera calidad y versatilidad. Es un elemento b\u00e1sico en los maletines m\u00e9dicos de todo el mundo, valorado por su capacidad para adaptarse al contorno del cuerpo permitiendo que la piel respire.<\/p>\n<h3 id=\"1-superior-hand-tearability\">1. Facilidad superior de rasgado manual<\/h3>\n<p>la caracter\u00edstica distintiva de este <strong>Cinta deportiva<\/strong> es su practicidad. El tejido est\u00e1 fabricado con una textura rugosa especial que permite rasgarlo f\u00e1cilmente a mano, tanto a lo largo como a lo ancho. Esto lo convierte en una <strong>Cinta rasgable a mano<\/strong> esencial para tratamientos a pie de campo donde la velocidad es cr\u00edtica. No se requieren tijeras: simplemente rasgue, aplique y vuelva al juego.<\/p>\n<h3 id=\"2-breathable-and-lightweight-design\">2. Dise\u00f1o transpirable y ligero<\/h3>\n<p>A diferencia de las cintas pesadas y r\u00edgidas, nuestro <strong>Vendaje deportivo<\/strong> es ligero y poroso. La mezcla de algod\u00f3n y elastano garantiza una excelente permeabilidad al aire, reduciendo el riesgo de maceraci\u00f3n de la piel durante el uso prolongado. Proporciona un soporte firme sin a\u00f1adir volumen innecesario, lo que lo hace ideal para articulaciones din\u00e1micas como rodillas, mu\u00f1ecas y tobillos.<\/p>\n<h3 id=\"3-excellent-elasticity-and-memory\">3. Excelente elasticidad y memoria<\/h3>\n<p>Lo \u201cel\u00e1stico\u201d en <strong>Vendaje el\u00e1stico adhesivo<\/strong> es clave. Nuestra cinta se estira para adaptarse a contornos corporales dif\u00edciles, garantizando un ajuste ce\u00f1ido que se mueve con el atleta. Proporciona una compresi\u00f3n controlada para gestionar la hinchaz\u00f3n (edema) y dar soporte a los tejidos blandos lesionados sin restringir el rango de movimiento.<\/p>\n<h3 id=\"4-reliable-adhesion\">4. Adhesi\u00f3n confiable<\/h3>\n<p>Nuestra f\u00f3rmula adhesiva patentada garantiza que la cinta permanezca en su lugar, incluso ante el sudor y condiciones dif\u00edciles. Se adhiere de forma segura a la piel o a la espuma de vendaje base, pero se desenrolla suavemente del rollo para una tensi\u00f3n de aplicaci\u00f3n controlada.<\/p>\n<hr \/>\n<h2 id=\"product-specifications\">Especificaciones del producto<\/h2>\n<p>Ofrecemos opciones de fabricaci\u00f3n flexibles para adaptarnos a las necesidades espec\u00edficas de su mercado. A continuaci\u00f3n se presentan los par\u00e1metros t\u00e9cnicos est\u00e1ndar para nuestro <strong>Vendaje adhesivo el\u00e1stico Tear-Light<\/strong>:<\/p>\n<table>\n<thead>\n<tr>\n<th style=\"text-align: left;\">Caracter\u00edstica<\/th>\n<th style=\"text-align: left;\">Detalles de las especificaciones<\/th>\n<\/tr>\n<\/thead>\n<tbody>\n<tr>\n<td style=\"text-align: left;\"><strong>Nombre del producto<\/strong><\/td>\n<td style=\"text-align: left;\"><strong>Vendaje adhesivo el\u00e1stico Tear-Light<\/strong><\/td>\n<\/tr>\n<tr>\n<td style=\"text-align: left;\"><strong>Material<\/strong><\/td>\n<td style=\"text-align: left;\">Mezcla de algod\u00f3n y spandex (Opciones sin l\u00e1tex disponibles)<\/td>\n<\/tr>\n<tr>\n<td style=\"text-align: left;\"><strong>Opciones de ancho<\/strong><\/td>\n<td style=\"text-align: left;\"><strong>2,5 cm \/ 5 cm \/ 7,5 cm \/ 10 cm<\/strong> (Anchos personalizados disponibles)<\/td>\n<\/tr>\n<tr>\n<td style=\"text-align: left;\"><strong>Opciones de longitud<\/strong><\/td>\n<td style=\"text-align: left;\"><strong>4,5 m \/ 5,4 m \/ 6,9 m<\/strong> (Longitud estirada)<\/td>\n<\/tr>\n<tr>\n<td style=\"text-align: left;\"><strong>Colores<\/strong><\/td>\n<td style=\"text-align: left;\"><strong>Blanco \/ Piel (Beige) \/ Negro<\/strong> (Impresi\u00f3n personalizada disponible)<\/td>\n<\/tr>\n<tr>\n<td style=\"text-align: left;\"><strong>Tipo de borde<\/strong><\/td>\n<td style=\"text-align: left;\">Borde suavizado para una aplicaci\u00f3n fluida<\/td>\n<\/tr>\n<tr>\n<td style=\"text-align: left;\"><strong>Adhesivo<\/strong><\/td>\n<td style=\"text-align: left;\">Adhesivo termofusible \/ Adhesivo acr\u00edlico (Hipoalerg\u00e9nico)<\/td>\n<\/tr>\n<tr>\n<td style=\"text-align: left;\"><strong>Empaque<\/strong><\/td>\n<td style=\"text-align: left;\"><strong>Seg\u00fan los requisitos del cliente<\/strong> (Bolsa de polietileno individual, bl\u00edster, caja personalizada)<\/td>\n<\/tr>\n<\/tbody>\n<\/table>\n<p><em>Nota: Como fabricante profesional, <strong>Cintas m\u00e9dicas<\/strong> ofrece servicios completos de OEM\/ODM. Si requiere una marca espec\u00edfica, impresi\u00f3n en el n\u00facleo o dimensiones de embalaje personalizadas, por favor h\u00e1ganoslo saber.<\/em><\/p>\n<hr \/>\n<h2 id=\"key-applications\">Aplicaciones principales<\/h2>\n<p>Esta vers\u00e1til <strong>Venda el\u00e1stica adhesiva Tear-Light<\/strong> se utiliza ampliamente en diversas industrias:<\/p>\n<ul>\n<li><strong>Medicina deportiva:<\/strong> La opci\u00f3n principal para el \u201cspatting\u201d (vendaje sobre los tacos\/botas) en f\u00fatbol y rugby para asegurar el tobillo. Tambi\u00e9n se utiliza para los bloques de levantamiento en los lineouts de rugby.<\/li>\n<li><strong>Estabilizaci\u00f3n articular:<\/strong> Proporciona soporte flexible para esguinces y distensiones en tobillos, rodillas y mu\u00f1ecas. Limita los movimientos perjudiciales mientras permite la actividad funcional.<\/li>\n<li><strong>Vendaje de compresi\u00f3n:<\/strong> Eficaz para asegurar bolsas de hielo o aplicar compresi\u00f3n para reducir la hinchaz\u00f3n tras una lesi\u00f3n aguda.<\/li>\n<li><strong>Uso veterinario:<\/strong> Debido a su naturaleza no restrictiva y propiedades respetuosas con el pelaje (cuando se usa con vendaje base), es muy popular como <strong>Vendaje veterinario<\/strong> para el cuidado de equinos y animales peque\u00f1os.<\/li>\n<\/ul>\n<hr \/>\n<h2 id=\"how-to-apply-tear-light-eab\">C\u00f3mo aplicar Tear-Light EAB<\/h2>\n<p>Para obtener los mejores resultados con nuestro <strong>Cinta rasgable a mano<\/strong>, siga estos sencillos pasos:<\/p>\n<ol>\n<li>Aseg\u00farese de que la piel est\u00e9 limpia y seca. Para pieles sensibles, aplique primero una espuma de pre-vendaje.<\/li>\n<li>Desenrolle una peque\u00f1a secci\u00f3n de la cinta del rollo.<\/li>\n<li>Ancle la cinta sin tensi\u00f3n.<\/li>\n<li>Desenrolle y estire la cinta hasta obtener la tensi\u00f3n deseada (normalmente un estiramiento del 50-70 %) mientras envuelve la articulaci\u00f3n.<\/li>\n<li>Corte la cinta a mano y presione el extremo firmemente para asegurar la fijaci\u00f3n.<\/li>\n<li>Evite aplicar una tensi\u00f3n excesiva al final de la cinta para prevenir la irritaci\u00f3n de la piel.<\/li>\n<\/ol>\n<hr \/>\n<h2 id=\"partner-with-meditapes\">As\u00f3ciese con MediTapes<\/h2>\n<p>En <strong>Cintas m\u00e9dicas<\/strong>, somos m\u00e1s que un simple proveedor; somos su socio estrat\u00e9gico en la industria del cuidado de la salud m\u00e9dica y deportiva. Nos especializamos en exportaciones B2B, atendiendo a distribuidores, mayoristas e instituciones m\u00e9dicas a nivel mundial.<\/p>\n<ul>\n<li><strong>Garant\u00eda de calidad:<\/strong> Todos los productos se someten a un riguroso control de calidad.<\/li>\n<li><strong>Precios competitivos:<\/strong> Precios directos de f\u00e1brica para pedidos al por mayor.<\/li>\n<li><strong>Env\u00edo global:<\/strong> Log\u00edstica eficiente para realizar entregas en su almac\u00e9n.<\/li>\n<\/ul>\n<p><strong>\u00bfEst\u00e1 listo para actualizar su inventario con Tear-Light EAB de alto rendimiento?<\/strong><\/p>\n<p>Visite nuestro sitio web para obtener m\u00e1s informaci\u00f3n: <a href=\"https:\/\/meditapes.com\/es\/\" target=\"_blank\" rel=\"noopener\">https:\/\/meditapes.com\/<\/a><br \/>\nPara consultas, presupuestos o solicitudes de muestras, visite nuestra <strong><a href=\"https:\/\/meditapes.com\/es\/contacto\/\" target=\"_blank\" rel=\"noopener\">Cont\u00e1ctenos<\/a><\/strong> p\u00e1gina o env\u00ede un correo electr\u00f3nico a nuestro equipo de ventas directamente a: <strong><a href=\"mailto:info@meditapes.com\" target=\"_blank\" rel=\"noopener\">info@meditapes.com<\/a><\/strong>.<\/p>\n<p><em>MediTapes \u2013 Su socio de confianza para vendajes y cintas deportivas profesionales.<\/em><\/p>","protected":false},"excerpt":{"rendered":"<p>Vendaje el\u00e1stico adhesivo ligero y f\u00e1cil de rasgar de alta calidad, dise\u00f1ado para brindar un soporte superior. Esta cinta transpirable y ligera se rasga f\u00e1cilmente a mano, lo que la hace perfecta para una aplicaci\u00f3n r\u00e1pida en tobillos y rodillas. Ideal para profesionales de la medicina deportiva que buscan una compresi\u00f3n fiable sin restringir el movimiento.<\/p>","protected":false},"featured_media":610,"template":"","meta":[],"product_brand":[28],"product_cat":[25,296],"product_tag":[441,440,282,439,438],"class_list":{"0":"post-609","1":"product","2":"type-product","3":"status-publish","4":"has-post-thumbnail","6":"product_brand-meditapes","7":"product_cat-elastic-adhesive-bandages","8":"product_cat-tear-light-elastic-adhesive-bandage","9":"product_tag-athletic-bandage","10":"product_tag-hand-tearable-tape","11":"product_tag-sports-tape","12":"product_tag-tear-light-eab","13":"product_tag-tear-light-elastic-adhesive-bandage","15":"first","16":"instock","17":"shipping-taxable","18":"product-type-simple"},"_links":{"self":[{"href":"https:\/\/meditapes.com\/es\/wp-json\/wp\/v2\/product\/609","targetHints":{"allow":["GET"]}}],"collection":[{"href":"https:\/\/meditapes.com\/es\/wp-json\/wp\/v2\/product"}],"about":[{"href":"https:\/\/meditapes.com\/es\/wp-json\/wp\/v2\/types\/product"}],"wp:featuredmedia":[{"embeddable":true,"href":"https:\/\/meditapes.com\/es\/wp-json\/wp\/v2\/media\/610"}],"wp:attachment":[{"href":"https:\/\/meditapes.com\/es\/wp-json\/wp\/v2\/media?parent=609"}],"wp:term":[{"taxonomy":"product_brand","embeddable":true,"href":"https:\/\/meditapes.com\/es\/wp-json\/wp\/v2\/product_brand?post=609"},{"taxonomy":"product_cat","embeddable":true,"href":"https:\/\/meditapes.com\/es\/wp-json\/wp\/v2\/product_cat?post=609"},{"taxonomy":"product_tag","embeddable":true,"href":"https:\/\/meditapes.com\/es\/wp-json\/wp\/v2\/product_tag?post=609"}],"curies":[{"name":"WP","href":"https:\/\/api.w.org\/{rel}","templated":true}]}}