{"id":597,"date":"2025-12-21T08:53:03","date_gmt":"2025-12-21T08:53:03","guid":{"rendered":"https:\/\/meditapes.com\/?post_type=product&#038;p=597"},"modified":"2026-01-14T15:26:57","modified_gmt":"2026-01-14T15:26:57","slug":"bulk-printed-cohesive-bandage-rolls","status":"publish","type":"product","link":"https:\/\/meditapes.com\/es\/product\/bulk-printed-cohesive-bandage-rolls\/","title":{"rendered":"Rollos de vendaje cohesivo impreso a granel \u2013 Venda veterinaria con dise\u00f1os variados"},"content":{"rendered":"<h1 id=\"bulk-printed-cohesive-bandage-rolls-assorted-designs-vet-wrap\">Rollos de vendaje cohesivo impreso a granel \u2013 Venda veterinaria con dise\u00f1os variados<\/h1>\n<h2 id=\"product-overview\">Descripci\u00f3n general del producto<\/h2>\n<p>Maximice la eficiencia de su inventario y ahorre en costes con <strong>Cintas m\u00e9dicas<\/strong>\u2018 <strong>Rollos de vendaje cohesivo impresos al por mayor<\/strong>. Dise\u00f1adas para usuarios y distribuidores de gran volumen, nuestras cajas mixtas ofrecen una amplia selecci\u00f3n de <strong>vendas veterinarias de dise\u00f1os variados<\/strong> para asegurar que est\u00e9 preparado para cualquier preferencia del cliente.<\/p>\n<p>Desde vibrantes colores ne\u00f3n hasta modernas formas geom\u00e9tricas, esta <strong>venda autoadhesiva impresa<\/strong> colecci\u00f3n mantiene su inventario diverso y atractivo. Como proveedor l\u00edder de <strong>cinta al por mayor<\/strong>, <strong>Cintas m\u00e9dicas<\/strong> garantiza que cada rollo en el paquete a granel mantenga nuestros altos est\u00e1ndares de elasticidad y fuerte cohesi\u00f3n.<\/p>\n<h2 id=\"key-features-business-benefits\">Caracter\u00edsticas principales y beneficios comerciales<\/h2>\n<ul>\n<li><strong>Soluci\u00f3n rentable:<\/strong> La compra de nuestro <strong>vendaje veterinario a granel<\/strong> reduce significativamente el coste unitario, convirti\u00e9ndolo en la opci\u00f3n perfecta para hospitales veterinarios, establos y grandes cl\u00ednicas con gran actividad.<\/li>\n<li><strong>Inventario diverso:<\/strong> Cada caja contiene un <strong>vendaje de patrones mixtos<\/strong> selecci\u00f3n. No es necesario pedir m\u00faltiples SKU para obtener variedad; nuestros paquetes surtidos proporcionan una gama \u201clista para la venta\u201d al instante.<\/li>\n<li><strong>Calidad consistente:<\/strong> A pesar de la variedad en el dise\u00f1o, cada rollo ofrece una adhesi\u00f3n y resistencia a la tracci\u00f3n consistentes.<\/li>\n<li><strong>Alta elasticidad:<\/strong> Proporciona un excelente estiramiento y soporte, adecuado para envolver animales activos o asegurar dispositivos m\u00e9dicos.<\/li>\n<\/ul>\n<h2 id=\"product-specifications\">Especificaciones del producto<\/h2>\n<p>Nuestras opciones al por mayor permiten una configuraci\u00f3n flexible basada en sus necesidades de compra.<\/p>\n<table>\n<thead>\n<tr>\n<th style=\"text-align: left;\">Par\u00e1metro<\/th>\n<th style=\"text-align: left;\">Detalles de las especificaciones<\/th>\n<\/tr>\n<\/thead>\n<tbody>\n<tr>\n<td style=\"text-align: left;\"><strong>Nombre del producto<\/strong><\/td>\n<td style=\"text-align: left;\"><strong>Vendaje cohesivo impreso (Paquete surtido al por mayor)<\/strong><\/td>\n<\/tr>\n<tr>\n<td style=\"text-align: left;\"><strong>Material<\/strong><\/td>\n<td style=\"text-align: left;\">Tela no tejida de alta calidad con adhesivo cohesivo<\/td>\n<\/tr>\n<tr>\n<td style=\"text-align: left;\"><strong>Opciones de ancho<\/strong><\/td>\n<td style=\"text-align: left;\"><strong>2,5 cm \/ 5 cm \/ 7,5 cm \/ 10 cm \/ 15 cm<\/strong><\/td>\n<\/tr>\n<tr>\n<td style=\"text-align: left;\"><strong>Longitud<\/strong><\/td>\n<td style=\"text-align: left;\"><strong>4,5 m<\/strong> (Longitud estirada)<\/td>\n<\/tr>\n<tr>\n<td style=\"text-align: left;\"><strong>Color \/ Patr\u00f3n<\/strong><\/td>\n<td style=\"text-align: left;\"><strong>Surtido \/ Mixto<\/strong> (Incluye neones, geom\u00e9tricos, estampados, etc.)<\/td>\n<\/tr>\n<tr>\n<td style=\"text-align: left;\"><strong>Embalaje<\/strong><\/td>\n<td style=\"text-align: left;\"><strong>Caja a granel<\/strong> (p. ej., 12 rollos\/caja, 24 rollos\/caja) o embalaje a granel personalizado<\/td>\n<\/tr>\n<tr>\n<td style=\"text-align: left;\"><strong>Caracter\u00edstica<\/strong><\/td>\n<td style=\"text-align: left;\">Alta elasticidad, desenrollado constante, sin residuos<\/td>\n<\/tr>\n<\/tbody>\n<\/table>\n<h2 id=\"applications\">Aplicaciones<\/h2>\n<p>Nuestra cinta <strong>cinta al por mayor<\/strong> las soluciones son ideales para:<\/p>\n<ol>\n<li><strong>Hospitales veterinarios:<\/strong> Garantizar un suministro constante de vendajes para los procedimientos diarios y el cuidado de heridas.<\/li>\n<li><strong>Centros ecuestres:<\/strong> Uso a gran escala para el vendaje y la protecci\u00f3n de las patas de los caballos.<\/li>\n<li><strong>Minoristas y distribuidores:<\/strong> La <strong>vendaje de patrones mixtos<\/strong> los paquetes est\u00e1n listos para la venta al por menor, ofreciendo a los clientes finales una variedad de opciones sin una gesti\u00f3n de inventario compleja.<\/li>\n<li><strong>Refugios y rescates:<\/strong> Las opciones a granel asequibles ayudan a las organizaciones sin fines de lucro a gestionar los costes de forma eficaz.<\/li>\n<\/ol>\n<h2 id=\"wholesale-inquiries\">Consultas para ventas al por mayor<\/h2>\n<p>As\u00f3ciese con <strong>Cintas m\u00e9dicas<\/strong> para sus necesidades de suministros a granel. Ofrecemos precios competitivos por niveles para grandes pedidos.<\/p>\n<ul>\n<li><strong>Sitio web:<\/strong> <a href=\"https:\/\/meditapes.com\/es\/\" target=\"_blank\" rel=\"noopener\">https:\/\/meditapes.com\/<\/a><\/li>\n<li><strong>P\u00e1gina de contacto:<\/strong> <a href=\"https:\/\/meditapes.com\/es\/contacto\/\" target=\"_blank\" rel=\"noopener\">https:\/\/meditapes.com\/contact-us\/<\/a><\/li>\n<li><strong>Correo electr\u00f3nico:<\/strong> <a href=\"mailto:info@meditapes.com\" target=\"_blank\" rel=\"noopener\">info@meditapes.com<\/a><\/li>\n<\/ul>\n<hr \/>","protected":false},"excerpt":{"rendered":"<p>Ahorre en costes con los rollos de vendaje cohesivo impresos al por mayor. Nuestra caja mixta ofrece vendas veterinarias de dise\u00f1os variados para mantener su inventario diversificado. Desde colores ne\u00f3n hasta formas geom\u00e9tricas, este vendaje autoadhesivo impreso garantiza que siempre tenga el estilo adecuado. Alta elasticidad y fuerte cohesi\u00f3n garantizadas.<\/p>","protected":false},"featured_media":598,"template":"","meta":[],"product_brand":[28],"product_cat":[24,294],"product_tag":[413,414,415,416],"class_list":{"0":"post-597","1":"product","2":"type-product","3":"status-publish","4":"has-post-thumbnail","6":"product_brand-meditapes","7":"product_cat-self-adhesive-bandages","8":"product_cat-printed-cohesive-bandage","9":"product_tag-bulk-printed-cohesive-bandage-rolls","10":"product_tag-bulk-vet-wrap","11":"product_tag-mixed-pattern-bandage","12":"product_tag-wholesale-tape","14":"first","15":"instock","16":"shipping-taxable","17":"product-type-simple"},"_links":{"self":[{"href":"https:\/\/meditapes.com\/es\/wp-json\/wp\/v2\/product\/597","targetHints":{"allow":["GET"]}}],"collection":[{"href":"https:\/\/meditapes.com\/es\/wp-json\/wp\/v2\/product"}],"about":[{"href":"https:\/\/meditapes.com\/es\/wp-json\/wp\/v2\/types\/product"}],"wp:featuredmedia":[{"embeddable":true,"href":"https:\/\/meditapes.com\/es\/wp-json\/wp\/v2\/media\/598"}],"wp:attachment":[{"href":"https:\/\/meditapes.com\/es\/wp-json\/wp\/v2\/media?parent=597"}],"wp:term":[{"taxonomy":"product_brand","embeddable":true,"href":"https:\/\/meditapes.com\/es\/wp-json\/wp\/v2\/product_brand?post=597"},{"taxonomy":"product_cat","embeddable":true,"href":"https:\/\/meditapes.com\/es\/wp-json\/wp\/v2\/product_cat?post=597"},{"taxonomy":"product_tag","embeddable":true,"href":"https:\/\/meditapes.com\/es\/wp-json\/wp\/v2\/product_tag?post=597"}],"curies":[{"name":"WP","href":"https:\/\/api.w.org\/{rel}","templated":true}]}}