{"id":593,"date":"2025-12-21T08:44:42","date_gmt":"2025-12-21T08:44:42","guid":{"rendered":"https:\/\/meditapes.com\/?post_type=product&#038;p=593"},"modified":"2025-12-21T08:44:44","modified_gmt":"2025-12-21T08:44:44","slug":"camouflage-printed-cohesive-wrap","status":"publish","type":"product","link":"https:\/\/meditapes.com\/es\/product\/camouflage-printed-cohesive-wrap\/","title":{"rendered":"Envoltura cohesiva con estampado de camuflaje \u2013 Vendaje autoadherente t\u00e1ctico"},"content":{"rendered":"<h1 id=\"camouflage-printed-cohesive-wrap-tactical-self-adherent-bandage\">Envoltura cohesiva con estampado de camuflaje \u2013 Vendaje autoadherente t\u00e1ctico<\/h1>\n<h2 id=\"product-overview\">Descripci\u00f3n general del producto<\/h2>\n<p>Equ\u00edpese para el aire libre con <strong>Cintas m\u00e9dicas<\/strong>\u2018 duradera <strong>Vendaje cohesivo con estampado de camuflaje<\/strong>. Dise\u00f1ado espec\u00edficamente para entusiastas y profesionales de actividades al aire libre, este <strong>vendaje autoadherente t\u00e1ctico<\/strong> ofrece la combinaci\u00f3n perfecta de ocultaci\u00f3n, protecci\u00f3n y versatilidad.<\/p>\n<p>A diferencia de los adhesivos tradicionales, nuestra <strong>cinta cohesiva impresa<\/strong> se adhiere solo a s\u00ed misma, sin dejar absolutamente ning\u00fan residuo pegajoso en su valioso equipo. Ya sea que busque silenciar su equipo, mejorar el agarre o mimetizarse con el entorno, esta resistente e impermeable <strong>cinta de camuflaje<\/strong> es la soluci\u00f3n definitiva para aplicaciones de caza, tiro y t\u00e1cticas.<\/p>\n<h2 id=\"key-features-benefits\">Caracter\u00edsticas y beneficios clave<\/h2>\n<ul>\n<li><strong>M\u00e1xima ocultaci\u00f3n:<\/strong> Nuestra cinta <strong>vendaje de camuflaje<\/strong> cuenta con una impresi\u00f3n de camuflaje de alta calidad que ayuda a desdibujar el contorno de su equipo, lo que lo hace ideal para cazadores y fot\u00f3grafos de vida silvestre.<\/li>\n<li><strong>Agarre y protecci\u00f3n superiores:<\/strong> La textura no tejida proporciona una superficie antideslizante, mejorando el manejo en condiciones h\u00famedas o de sudoraci\u00f3n. Tambi\u00e9n act\u00faa como una protecci\u00f3n de alta resistencia <strong>envoltura t\u00e1ctica<\/strong>, protegiendo su equipo de ara\u00f1azos, polvo e impactos.<\/li>\n<li><strong>Sin residuos:<\/strong> Envuelva de forma segura sus armas de fuego, binoculares, c\u00e1maras o linternas. La <strong>cinta de caza<\/strong> se retira limpiamente sin da\u00f1ar los acabados de las superficies ni dejar residuos pegajosos.<\/li>\n<li><strong>Resistente al agua y duradero:<\/strong> Fabricado para resistir entornos exteriores adversos, mantiene su adhesi\u00f3n incluso bajo la lluvia o en condiciones de humedad.<\/li>\n<li><strong>Utilidad multiusos:<\/strong> M\u00e1s all\u00e1 de la protecci\u00f3n del equipo, funciona perfectamente como vendaje de compresi\u00f3n para emergencias de primeros auxilios en el campo.<\/li>\n<\/ul>\n<h2 id=\"product-specifications\">Especificaciones del producto<\/h2>\n<p>Ofrecemos una gama completa de tama\u00f1os para adaptarse a todo, desde peque\u00f1as linternas hasta culatas de rifle grandes.<\/p>\n<table>\n<thead>\n<tr>\n<th style=\"text-align: left;\">Par\u00e1metro<\/th>\n<th style=\"text-align: left;\">Detalles de las especificaciones<\/th>\n<\/tr>\n<\/thead>\n<tbody>\n<tr>\n<td style=\"text-align: left;\"><strong>Nombre del producto<\/strong><\/td>\n<td style=\"text-align: left;\"><strong>Vendaje cohesivo impreso (Serie Camuflaje \/ T\u00e1ctica)<\/strong><\/td>\n<\/tr>\n<tr>\n<td style=\"text-align: left;\"><strong>Material<\/strong><\/td>\n<td style=\"text-align: left;\">Tejido no tejido duradero con adhesivo cohesivo con l\u00e1tex o sin l\u00e1tex<\/td>\n<\/tr>\n<tr>\n<td style=\"text-align: left;\"><strong>Opciones de ancho<\/strong><\/td>\n<td style=\"text-align: left;\"><strong>2,5 cm \/ 5 cm \/ 7,5 cm \/ 10 cm \/ 15 cm<\/strong><\/td>\n<\/tr>\n<tr>\n<td style=\"text-align: left;\"><strong>Longitud<\/strong><\/td>\n<td style=\"text-align: left;\"><strong>4,5 m<\/strong> (Longitud estirada)<\/td>\n<\/tr>\n<tr>\n<td style=\"text-align: left;\"><strong>Color \/ Patr\u00f3n<\/strong><\/td>\n<td style=\"text-align: left;\"><strong>Estampado<\/strong> (Camuflaje digital, Woodland, Desierto, etc.)<\/td>\n<\/tr>\n<tr>\n<td style=\"text-align: left;\"><strong>Embalaje<\/strong><\/td>\n<td style=\"text-align: left;\"><strong>Seg\u00fan los requisitos del cliente<\/strong> (Envoltura retr\u00e1ctil, cajas personalizadas para venta al por menor)<\/td>\n<\/tr>\n<tr>\n<td style=\"text-align: left;\"><strong>Propiedades<\/strong><\/td>\n<td style=\"text-align: left;\">Autoadherente, sin residuos, f\u00e1cil de rasgar a mano, aislante<\/td>\n<\/tr>\n<\/tbody>\n<\/table>\n<h2 id=\"applications\">Aplicaciones<\/h2>\n<p>La versatilidad de nuestro <strong>envoltura t\u00e1ctica<\/strong> lo convierte en un elemento imprescindible para:<\/p>\n<ol>\n<li><strong>Caza y tiro:<\/strong> Envoltura de visores, ca\u00f1ones y mangos para reducir el brillo y el ruido (tintineo) al tiempo que proporciona camuflaje.<\/li>\n<li><strong>Equipo para exteriores:<\/strong> Protecci\u00f3n de lentes de c\u00e1mara, patas de tr\u00edpode, bastones y cuadros de bicicleta.<\/li>\n<li><strong>Deporte y gimnasio:<\/strong> Se utiliza en mangos de raquetas, bates o barras de gimnasio para mejorar el agarre y la absorci\u00f3n del sudor.<\/li>\n<li><strong>Primeros auxilios en el campo:<\/strong> Un eficaz recurso m\u00e9dico <strong>vendaje de camuflaje<\/strong> para esguinces e inflamaci\u00f3n durante expediciones al aire libre.<\/li>\n<\/ol>\n<h2 id=\"partner-with-meditapes\">As\u00f3ciese con MediTapes<\/h2>\n<p><strong>Cintas m\u00e9dicas<\/strong> es su socio confiable para soluciones adhesivas de alto rendimiento. Ofrecemos opciones de personalizaci\u00f3n para adaptarse a patrones de camuflaje espec\u00edficos o necesidades de marca.<\/p>\n<ul>\n<li><strong>Sitio web:<\/strong> <a href=\"https:\/\/meditapes.com\/es\/\" target=\"_blank\" rel=\"noopener\">https:\/\/meditapes.com\/<\/a><\/li>\n<li><strong>P\u00e1gina de contacto:<\/strong> <a href=\"https:\/\/meditapes.com\/es\/contacto\/\" target=\"_blank\" rel=\"noopener\">https:\/\/meditapes.com\/contact-us\/<\/a><\/li>\n<li><strong>Correo electr\u00f3nico:<\/strong> <a href=\"mailto:info@meditapes.com\" target=\"_blank\" rel=\"noopener\">info@meditapes.com<\/a><\/li>\n<\/ul>\n<hr \/>","protected":false},"excerpt":{"rendered":"<p>Vendaje cohesivo duradero con estampado de camuflaje dise\u00f1ado para la protecci\u00f3n de equipo t\u00e1ctico y al aire libre. Este vendaje autoadherente t\u00e1ctico proporciona un excelente agarre y ocultaci\u00f3n sin dejar residuos pegajosos. Resistente al agua y fuerte, es la cinta cohesiva impresa ideal para equipos de caza, tiro y deportes.<\/p>","protected":false},"featured_media":594,"template":"","meta":[],"product_brand":[28],"product_cat":[24,294],"product_tag":[365,409,407,408,366],"class_list":{"0":"post-593","1":"product","2":"type-product","3":"status-publish","4":"has-post-thumbnail","6":"product_brand-meditapes","7":"product_cat-self-adhesive-bandages","8":"product_cat-printed-cohesive-bandage","9":"product_tag-camo-bandage","10":"product_tag-camo-tape","11":"product_tag-camouflage-printed-cohesive-wrap","12":"product_tag-hunting-tape","13":"product_tag-tactical-wrap","15":"first","16":"instock","17":"shipping-taxable","18":"product-type-simple"},"_links":{"self":[{"href":"https:\/\/meditapes.com\/es\/wp-json\/wp\/v2\/product\/593","targetHints":{"allow":["GET"]}}],"collection":[{"href":"https:\/\/meditapes.com\/es\/wp-json\/wp\/v2\/product"}],"about":[{"href":"https:\/\/meditapes.com\/es\/wp-json\/wp\/v2\/types\/product"}],"wp:featuredmedia":[{"embeddable":true,"href":"https:\/\/meditapes.com\/es\/wp-json\/wp\/v2\/media\/594"}],"wp:attachment":[{"href":"https:\/\/meditapes.com\/es\/wp-json\/wp\/v2\/media?parent=593"}],"wp:term":[{"taxonomy":"product_brand","embeddable":true,"href":"https:\/\/meditapes.com\/es\/wp-json\/wp\/v2\/product_brand?post=593"},{"taxonomy":"product_cat","embeddable":true,"href":"https:\/\/meditapes.com\/es\/wp-json\/wp\/v2\/product_cat?post=593"},{"taxonomy":"product_tag","embeddable":true,"href":"https:\/\/meditapes.com\/es\/wp-json\/wp\/v2\/product_tag?post=593"}],"curies":[{"name":"WP","href":"https:\/\/api.w.org\/{rel}","templated":true}]}}