{"id":527,"date":"2025-12-19T15:31:16","date_gmt":"2025-12-19T15:31:16","guid":{"rendered":"https:\/\/meditapes.com\/?post_type=product&#038;p=527"},"modified":"2025-12-19T15:31:17","modified_gmt":"2025-12-19T15:31:17","slug":"cinta-adhesiva-de-escayola-de-oxido-de-zinc-poroso","status":"publish","type":"product","link":"https:\/\/meditapes.com\/es\/product\/cinta-adhesiva-de-escayola-de-oxido-de-zinc-poroso\/","title":{"rendered":"Cinta de esparadrapo adhesivo de \u00f3xido de zinc porosa \u2013 F\u00e1cil de rasgar y alta adhesi\u00f3n"},"content":{"rendered":"<h1 id=\"porous-zinc-oxide-adhesive-plaster-tape-easy-tear-high-adhesion\">Cinta de esparadrapo de \u00f3xido de zinc poroso: f\u00e1cil rasgado y alta adhesi\u00f3n<\/h1>\n<p><strong>Marca:<\/strong> Cintas m\u00e9dicas<\/p>\n<hr \/>\n<h3 id=\"product-introduction\">Introducci\u00f3n del producto<\/h3>\n<p>En <strong>Cintas m\u00e9dicas<\/strong>, innovamos para que la atenci\u00f3n m\u00e9dica sea m\u00e1s eficiente. Nuestra <strong>Cinta de esparadrapo de \u00f3xido de zinc poroso<\/strong> est\u00e1 dise\u00f1ada para ofrecer el equilibrio perfecto entre un poder de sujeci\u00f3n seguro y la comodidad del usuario. Desarrollada con una tecnolog\u00eda especial de bordes de \u201cf\u00e1cil rasgado\u201d, esta cinta permite una aplicaci\u00f3n r\u00e1pida y sin tijeras en entornos m\u00e9dicos de ritmo r\u00e1pido.<\/p>\n<p>Como producto de primera calidad <strong>aplicaciones de cinta de fijaci\u00f3n m\u00e9dica<\/strong>, utiliza un adhesivo de \u00f3xido de zinc de alta calidad que garantiza que los ap\u00f3sitos permanezcan firmemente en su lugar, siendo a la vez lo suficientemente suave para minimizar el traumatismo cut\u00e1neo al retirarlo. La exclusiva <strong>estructura perforada<\/strong> crea una barrera transpirable que permite que la piel respire de forma natural y promueve condiciones \u00f3ptimas para la cicatrizaci\u00f3n de heridas.<\/p>\n<h3 id=\"key-features-advantages\">Caracter\u00edsticas clave y ventajas<\/h3>\n<ul>\n<li><strong>Dise\u00f1o poroso y transpirable:<\/strong> La cinta cuenta con perforaciones espaciadas uniformemente que act\u00faan como conductos de ventilaci\u00f3n. Esto la convierte en un <strong>esparadrapo altamente transpirable<\/strong>, que evita la acumulaci\u00f3n de humedad y reduce el riesgo de maceraci\u00f3n de la piel.<\/li>\n<li><strong>Tecnolog\u00eda de f\u00e1cil rasgado:<\/strong> Olv\u00eddese de buscar tijeras. Nuestra <strong>cinta de f\u00e1cil rasgado<\/strong> se puede rasgar limpiamente a mano tanto longitudinal como transversalmente, acelerando significativamente el proceso de vendaje para enfermeros y cuidadores.<\/li>\n<li><strong>Fuerte adhesi\u00f3n de \u00f3xido de zinc:<\/strong> La <strong>cinta de \u00f3xido de zinc porosa<\/strong> ofrece una adhesi\u00f3n inmediata y de alta fijaci\u00f3n que se mantiene firme incluso en zonas del cuerpo con contornos o durante el movimiento.<\/li>\n<li><strong>Aplicaci\u00f3n vers\u00e1til:<\/strong> Ya sea para asegurar ap\u00f3sitos pesados, estabilizar tubos o para primeros auxilios generales, esta cinta es la soluci\u00f3n vers\u00e1til definitiva.<\/li>\n<li><strong>Material respetuoso con la piel:<\/strong> Fabricado a partir de un sustrato de algod\u00f3n suave al tacto y c\u00f3modo para un uso prolongado.<\/li>\n<\/ul>\n<h3 id=\"technical-specifications\">Especificaciones t\u00e9cnicas<\/h3>\n<p>Ofrecemos este producto en varias dimensiones para adaptarse a todos los requisitos cl\u00ednicos.<\/p>\n<table>\n<thead>\n<tr>\n<th style=\"text-align: left;\">Par\u00e1metro<\/th>\n<th style=\"text-align: left;\">Detalles de las especificaciones<\/th>\n<\/tr>\n<\/thead>\n<tbody>\n<tr>\n<td style=\"text-align: left;\"><strong>Nombre del producto<\/strong><\/td>\n<td style=\"text-align: left;\"><strong>Esparadrapo adhesivo perforado<\/strong><\/td>\n<\/tr>\n<tr>\n<td style=\"text-align: left;\"><strong>Material<\/strong><\/td>\n<td style=\"text-align: left;\">Tejido de algod\u00f3n (poroso\/perforado)<\/td>\n<\/tr>\n<tr>\n<td style=\"text-align: left;\"><strong>Adhesivo<\/strong><\/td>\n<td style=\"text-align: left;\">\u00d3xido de zinc (alta adhesi\u00f3n)<\/td>\n<\/tr>\n<tr>\n<td style=\"text-align: left;\"><strong>Anchos Disponibles<\/strong><\/td>\n<td style=\"text-align: left;\"><strong>5 cm \/ 10 cm \/ 12 cm \/ 18 cm<\/strong><\/td>\n<\/tr>\n<tr>\n<td style=\"text-align: left;\"><strong>Longitud est\u00e1ndar<\/strong><\/td>\n<td style=\"text-align: left;\"><strong>5 m<\/strong><\/td>\n<\/tr>\n<tr>\n<td style=\"text-align: left;\"><strong>Opciones de color<\/strong><\/td>\n<td style=\"text-align: left;\"><strong>Piel (Carne) \/ Blanco<\/strong><\/td>\n<\/tr>\n<tr>\n<td style=\"text-align: left;\"><strong>Caracter\u00edstica<\/strong><\/td>\n<td style=\"text-align: left;\"><strong>F\u00e1cil de rasgar<\/strong> (Bidireccional), transpirable<\/td>\n<\/tr>\n<tr>\n<td style=\"text-align: left;\"><strong>Embalaje<\/strong><\/td>\n<td style=\"text-align: left;\"><strong>Seg\u00fan los requisitos del cliente<\/strong> (Individual\/Caja\/Cart\u00f3n)<\/td>\n<\/tr>\n<\/tbody>\n<\/table>\n<h3 id=\"usage-scenarios\">Escenarios de uso<\/h3>\n<p>Esta <strong>esparadrapo adhesivo<\/strong> es un componente esencial en hospitales, cl\u00ednicas y botiquines de primeros auxilios dom\u00e9sticos:<\/p>\n<ol>\n<li><strong>Cuidado general de heridas:<\/strong> Fijaci\u00f3n de gasas y almohadillas no adhesivas sobre cortes y abrasiones.<\/li>\n<li><strong>Respuesta a emergencias:<\/strong> Ideal para kits de emergencia debido a su <strong>cinta de f\u00e1cil rasgado<\/strong> caracter\u00edstica, lo que permite un despliegue r\u00e1pido.<\/li>\n<li><strong>Fijaci\u00f3n de dispositivos m\u00e9dicos:<\/strong> Sujeta de forma fiable cat\u00e9teres y tubos sin restringir el movimiento del paciente.<\/li>\n<li><strong>Soporte posquir\u00fargico:<\/strong> Un producto confiable <strong>aplicaciones de cinta de fijaci\u00f3n m\u00e9dica<\/strong> para cubrir incisiones quir\u00fargicas permitiendo que la piel respire.<\/li>\n<\/ol>\n<h3 id=\"why-choose-meditapes-\">\u00bfPor qu\u00e9 elegir MediTapes?<\/h3>\n<p><strong>Cintas m\u00e9dicas<\/strong> est\u00e1 comprometido con la calidad y la personalizaci\u00f3n. Entendemos que cada mercado tiene necesidades \u00fanicas. Por ello, ofrecemos soluciones de embalaje flexibles\u2014<strong>seg\u00fan los requisitos del cliente<\/strong>\u2014y una gama de tama\u00f1os de 5 cm a 18 cm. Conf\u00ede en nosotros para suministrar <strong>cinta de \u00f3xido de zinc porosa<\/strong> que cumple con los est\u00e1ndares profesionales.<\/p>\n<hr \/>\n<h3 id=\"contact-us\">Cont\u00e1ctenos<\/h3>\n<p>\u00bfNecesita una muestra o una cotizaci\u00f3n de nuestro <strong>esparadrapo altamente transpirable<\/strong>? P\u00f3ngase en contacto con nuestro equipo hoy mismo.<\/p>\n<ul>\n<li><strong>Sitio web:<\/strong> <a href=\"https:\/\/meditapes.com\/es\/\" target=\"_blank\" rel=\"noopener\">https:\/\/meditapes.com\/<\/a><\/li>\n<li><strong>P\u00e1gina de contacto:<\/strong> <a href=\"https:\/\/meditapes.com\/es\/contacto\/\" target=\"_blank\" rel=\"noopener\">https:\/\/meditapes.com\/contact-us\/<\/a><\/li>\n<li><strong>Correo electr\u00f3nico:<\/strong> <a href=\"mailto:info@meditapes.com\" target=\"_blank\" rel=\"noopener\">info@meditapes.com<\/a><\/li>\n<\/ul>\n<hr \/>","protected":false},"excerpt":{"rendered":"<p>Experimente el equilibrio entre una sujeci\u00f3n firme y una extracci\u00f3n sencilla con nuestro esparadrapo de \u00f3xido de zinc poroso. Su estructura perforada garantiza la permeabilidad al aire, favoreciendo la cicatrizaci\u00f3n de las heridas. Los bordes de \u201cf\u00e1cil rasgado\u201d permiten una aplicaci\u00f3n r\u00e1pida sin necesidad de tijeras. Un esparadrapo vers\u00e1til para el cuidado general de heridas.<\/p>","protected":false},"featured_media":528,"template":"","meta":[],"product_brand":[28],"product_cat":[63,22],"product_tag":[291,74,122,289,290],"class_list":{"0":"post-527","1":"product","2":"type-product","3":"status-publish","4":"has-post-thumbnail","6":"product_brand-meditapes","7":"product_cat-perforated-adhesive-plaster","8":"product_cat-surgical-tapes","9":"product_tag-breathable-plaster","10":"product_tag-easy-tear-tape","11":"product_tag-medical-fixation-tape","12":"product_tag-porous-zinc-oxide-adhesive-plaster-tape","13":"product_tag-porous-zinc-oxide-tape","15":"first","16":"instock","17":"shipping-taxable","18":"product-type-simple"},"_links":{"self":[{"href":"https:\/\/meditapes.com\/es\/wp-json\/wp\/v2\/product\/527","targetHints":{"allow":["GET"]}}],"collection":[{"href":"https:\/\/meditapes.com\/es\/wp-json\/wp\/v2\/product"}],"about":[{"href":"https:\/\/meditapes.com\/es\/wp-json\/wp\/v2\/types\/product"}],"wp:featuredmedia":[{"embeddable":true,"href":"https:\/\/meditapes.com\/es\/wp-json\/wp\/v2\/media\/528"}],"wp:attachment":[{"href":"https:\/\/meditapes.com\/es\/wp-json\/wp\/v2\/media?parent=527"}],"wp:term":[{"taxonomy":"product_brand","embeddable":true,"href":"https:\/\/meditapes.com\/es\/wp-json\/wp\/v2\/product_brand?post=527"},{"taxonomy":"product_cat","embeddable":true,"href":"https:\/\/meditapes.com\/es\/wp-json\/wp\/v2\/product_cat?post=527"},{"taxonomy":"product_tag","embeddable":true,"href":"https:\/\/meditapes.com\/es\/wp-json\/wp\/v2\/product_tag?post=527"}],"curies":[{"name":"WP","href":"https:\/\/api.w.org\/{rel}","templated":true}]}}