{"id":519,"date":"2025-12-19T15:08:42","date_gmt":"2025-12-19T15:08:42","guid":{"rendered":"https:\/\/meditapes.com\/?post_type=product&#038;p=519"},"modified":"2025-12-19T15:12:09","modified_gmt":"2025-12-19T15:12:09","slug":"cinta-adhesiva-perforada-transpirable","status":"publish","type":"product","link":"https:\/\/meditapes.com\/es\/product\/cinta-adhesiva-perforada-transpirable\/","title":{"rendered":"Cinta adhesiva perforada transpirable \u2013 Color piel y sin l\u00e1tex"},"content":{"rendered":"<h1 id=\"breathable-perforated-adhesive-tape-skin-color-latex-free\">Cinta adhesiva perforada transpirable \u2013 Color piel y sin l\u00e1tex<\/h1>\n<p><strong>Fabricante:<\/strong> Cintas m\u00e9dicas<\/p>\n<hr \/>\n<h3 id=\"product-introduction\">Introducci\u00f3n del producto<\/h3>\n<p>En <strong>Cintas m\u00e9dicas<\/strong>, priorizamos la seguridad y la comodidad del paciente. Nuestra <strong>Cinta adhesiva perforada transpirable<\/strong> est\u00e1 dise\u00f1ada por expertos para proporcionar una fijaci\u00f3n segura manteniendo la salud de la piel. Distinguido por su f\u00f3rmula adhesiva de \u00f3xido de zinc de alta calidad, este producto es una <strong>cinta adhesiva sin l\u00e1tex<\/strong>, lo que la convierte en la soluci\u00f3n ideal para pacientes con sensibilidad al l\u00e1tex o piel delicada.<\/p>\n<p>Dise\u00f1ado tanto para cl\u00ednicas profesionales como para botiquines de primeros auxilios dom\u00e9sticos, este <strong>esparadrapo poroso<\/strong> cuenta con una estructura perforada \u00fanica que permite que el aire y la humedad pasen libremente. Esta transpirabilidad reduce significativamente el riesgo de maceraci\u00f3n, asegurando que la piel permanezca seca y saludable incluso durante un uso prolongado.<\/p>\n<h3 id=\"key-features-benefits\">Caracter\u00edsticas y beneficios clave<\/h3>\n<ul>\n<li><strong>Hipoalerg\u00e9nico y libre de l\u00e1tex:<\/strong> La seguridad es primordial. Como producto premium <strong>cinta hipoalerg\u00e9nica<\/strong>, minimiza el riesgo de reacciones al\u00e9rgicas e irritaci\u00f3n cut\u00e1nea, lo que lo hace adecuado para la atenci\u00f3n pedi\u00e1trica y geri\u00e1trica.<\/li>\n<li><strong>Apariencia Discreta:<\/strong> La est\u00e9tica <strong>cinta color piel<\/strong> se funde de forma natural con el tono de la piel, proporcionando una apariencia discreta que los pacientes aprecian, especialmente para ap\u00f3sitos visibles en la cara o el cuello.<\/li>\n<li><strong>Transpirabilidad superior:<\/strong> La avanzada <strong>esparadrapo poroso<\/strong> el dise\u00f1o garantiza una excelente permeabilidad al aire, promoviendo un entorno de curaci\u00f3n m\u00e1s r\u00e1pido y saludable para el \u00e1rea de la herida.<\/li>\n<li><strong>Adhesi\u00f3n fuerte y duradera:<\/strong> a pesar de ser suave con la piel, ofrece una fuerza de sujeci\u00f3n fiable para fijar ap\u00f3sitos, cat\u00e9teres y tubos m\u00e9dicos.<\/li>\n<li><strong>F\u00e1cil aplicaci\u00f3n:<\/strong> Dise\u00f1ada para la eficiencia en entornos m\u00e9dicos de ritmo r\u00e1pido, la cinta se rasga f\u00e1cilmente a mano en ambas direcciones, sin necesidad de tijeras.<\/li>\n<\/ul>\n<h3 id=\"technical-specifications\">Especificaciones t\u00e9cnicas<\/h3>\n<p>Ofrecemos una variedad de tama\u00f1os para satisfacer diferentes necesidades cl\u00ednicas. A continuaci\u00f3n se presentan las especificaciones est\u00e1ndar basadas en nuestras capacidades de fabricaci\u00f3n:<\/p>\n<table>\n<thead>\n<tr>\n<th style=\"text-align: left;\">Par\u00e1metro<\/th>\n<th style=\"text-align: left;\">Detalles de las especificaciones<\/th>\n<\/tr>\n<\/thead>\n<tbody>\n<tr>\n<td style=\"text-align: left;\"><strong>Nombre del producto<\/strong><\/td>\n<td style=\"text-align: left;\"><strong>Esparadrapo adhesivo perforado<\/strong><\/td>\n<\/tr>\n<tr>\n<td style=\"text-align: left;\"><strong>Material<\/strong><\/td>\n<td style=\"text-align: left;\">Sustrato de algod\u00f3n (poroso\/perforado)<\/td>\n<\/tr>\n<tr>\n<td style=\"text-align: left;\"><strong>Anchos Disponibles<\/strong><\/td>\n<td style=\"text-align: left;\"><strong>5 cm \/ 10 cm \/ 12 cm \/ 18 cm<\/strong><\/td>\n<\/tr>\n<tr>\n<td style=\"text-align: left;\"><strong>Longitud est\u00e1ndar<\/strong><\/td>\n<td style=\"text-align: left;\"><strong>5 m<\/strong><\/td>\n<\/tr>\n<tr>\n<td style=\"text-align: left;\"><strong>Opciones de color<\/strong><\/td>\n<td style=\"text-align: left;\"><strong>Piel (Carne) \/ Blanco<\/strong><\/td>\n<\/tr>\n<tr>\n<td style=\"text-align: left;\"><strong>Caracter\u00edstica adhesiva<\/strong><\/td>\n<td style=\"text-align: left;\"><strong>Sin l\u00e1tex<\/strong>, a base de \u00f3xido de zinc<\/td>\n<\/tr>\n<tr>\n<td style=\"text-align: left;\"><strong>Embalaje<\/strong><\/td>\n<td style=\"text-align: left;\"><strong>Seg\u00fan los requisitos del cliente<\/strong> (A granel, caja individual, etc.)<\/td>\n<\/tr>\n<\/tbody>\n<\/table>\n<h3 id=\"common-applications\">Aplicaciones comunes<\/h3>\n<p>Esta vers\u00e1til <strong>cinta adhesiva sin l\u00e1tex<\/strong> es una opci\u00f3n de confianza en todo el mundo para:<\/p>\n<ol>\n<li><strong>Cuidado de la piel sensible:<\/strong> Ideal para pacientes que reaccionan negativamente a los adhesivos est\u00e1ndar a base de caucho.<\/li>\n<li><strong>Fijaci\u00f3n de ap\u00f3sitos para heridas:<\/strong> Sujeci\u00f3n segura de gasas, vendajes y compresas en \u00e1reas corporales planas o curvas.<\/li>\n<li><strong>Cuidados postoperatorios:<\/strong> La <strong>cinta color piel<\/strong> es perfecto para cubrir sitios quir\u00fargicos de forma discreta.<\/li>\n<li><strong>Fijaci\u00f3n de dispositivos m\u00e9dicos:<\/strong> Estabilizaci\u00f3n de v\u00edas intravenosas, cat\u00e9teres y sondas sin comprometer la transpirabilidad de la piel.<\/li>\n<\/ol>\n<h3 id=\"why-partner-with-meditapes-\">\u00bfPor qu\u00e9 asociarse con MediTapes?<\/h3>\n<p><strong>Cintas m\u00e9dicas<\/strong> se dedica al suministro de suministros m\u00e9dicos de alto nivel. Entendemos que la flexibilidad es clave para nuestros distribuidores. Por lo tanto, ofrecemos opciones de personalizaci\u00f3n para el embalaje:<strong>seg\u00fan los requisitos del cliente<\/strong>\u2014garantizando que el producto se ajuste a las necesidades espec\u00edficas de su mercado.<\/p>\n<hr \/>\n<h3 id=\"contact-us\">Cont\u00e1ctenos<\/h3>\n<p>Interesado en distribuir nuestro <strong>Cinta hipoalerg\u00e9nica<\/strong> \u00bfo necesita un presupuesto personalizado? P\u00f3ngase en contacto con nuestro equipo de ventas hoy mismo.<\/p>\n<ul>\n<li><strong>Visite nuestro sitio web:<\/strong> <a href=\"https:\/\/meditapes.com\/es\/\" target=\"_blank\" rel=\"noopener\">https:\/\/meditapes.com\/<\/a><\/li>\n<li><strong>P\u00e1gina de contacto:<\/strong> <a href=\"https:\/\/meditapes.com\/es\/contacto\/\" target=\"_blank\" rel=\"noopener\">https:\/\/meditapes.com\/contact-us\/<\/a><\/li>\n<li><strong>Env\u00edenos un correo electr\u00f3nico:<\/strong> <a href=\"mailto:info@meditapes.com\" target=\"_blank\" rel=\"noopener\">info@meditapes.com<\/a><\/li>\n<\/ul>\n<hr \/>","protected":false},"excerpt":{"rendered":"<p>Nuestro esparadrapo adhesivo perforado color piel ofrece una transpirabilidad y comodidad superiores. Su f\u00f3rmula sin l\u00e1tex minimiza las reacciones al\u00e9rgicas, lo que lo hace perfecto para pieles sensibles. Esta cinta m\u00e9dica porosa se rasga f\u00e1cilmente a mano. Una opci\u00f3n de confianza para cl\u00ednicas y botiquines de primeros auxilios en todo el mundo.<\/p>","protected":false},"featured_media":520,"template":"","meta":[],"product_brand":[28],"product_cat":[63,22],"product_tag":[278,65,281,279,280],"class_list":{"0":"post-519","1":"product","2":"type-product","3":"status-publish","4":"has-post-thumbnail","6":"product_brand-meditapes","7":"product_cat-perforated-adhesive-plaster","8":"product_cat-surgical-tapes","9":"product_tag-breathable-perforated-adhesive-tape","10":"product_tag-hypoallergenic-tape","11":"product_tag-latex-free-adhesive-tape","12":"product_tag-porous-plaster","13":"product_tag-skin-color-tape","15":"first","16":"instock","17":"shipping-taxable","18":"product-type-simple"},"_links":{"self":[{"href":"https:\/\/meditapes.com\/es\/wp-json\/wp\/v2\/product\/519","targetHints":{"allow":["GET"]}}],"collection":[{"href":"https:\/\/meditapes.com\/es\/wp-json\/wp\/v2\/product"}],"about":[{"href":"https:\/\/meditapes.com\/es\/wp-json\/wp\/v2\/types\/product"}],"wp:featuredmedia":[{"embeddable":true,"href":"https:\/\/meditapes.com\/es\/wp-json\/wp\/v2\/media\/520"}],"wp:attachment":[{"href":"https:\/\/meditapes.com\/es\/wp-json\/wp\/v2\/media?parent=519"}],"wp:term":[{"taxonomy":"product_brand","embeddable":true,"href":"https:\/\/meditapes.com\/es\/wp-json\/wp\/v2\/product_brand?post=519"},{"taxonomy":"product_cat","embeddable":true,"href":"https:\/\/meditapes.com\/es\/wp-json\/wp\/v2\/product_cat?post=519"},{"taxonomy":"product_tag","embeddable":true,"href":"https:\/\/meditapes.com\/es\/wp-json\/wp\/v2\/product_tag?post=519"}],"curies":[{"name":"WP","href":"https:\/\/api.w.org\/{rel}","templated":true}]}}