{"id":504,"date":"2025-12-19T13:07:38","date_gmt":"2025-12-19T13:07:38","guid":{"rendered":"https:\/\/meditapes.com\/?post_type=product&#038;p=504"},"modified":"2025-12-19T13:22:14","modified_gmt":"2025-12-19T13:22:14","slug":"waterproof-surgical-foam-tape","status":"publish","type":"product","link":"https:\/\/meditapes.com\/es\/product\/waterproof-surgical-foam-tape\/","title":{"rendered":"Cinta de espuma quir\u00fargica impermeable para el cuidado de heridas \u2013 Alta elasticidad"},"content":{"rendered":"<h1 id=\"waterproof-surgical-foam-tape-for-wound-care-high-elasticity\">Cinta de espuma quir\u00fargica impermeable para el cuidado de heridas \u2013 Alta elasticidad<\/h1>\n<p>En <strong>Cintas m\u00e9dicas<\/strong>, priorizamos la comodidad del paciente y la eficiencia cl\u00ednica. Nuestra <strong>Cinta de espuma quir\u00fargica impermeable<\/strong> es un consumible m\u00e9dico de primera calidad dise\u00f1ado para proporcionar una fijaci\u00f3n segura en las zonas anat\u00f3micas m\u00e1s dif\u00edciles. Con un estiramiento multidireccional superior, esta cinta es la soluci\u00f3n ideal para aplicaciones ortop\u00e9dicas y el manejo din\u00e1mico de heridas.<\/p>\n<h2 id=\"product-overview\">Descripci\u00f3n general del producto<\/h2>\n<p>Las cintas tradicionales suelen restringir el movimiento o despegarse cuando se exponen a la humedad. La de MediTapes\u2019 <strong>Cinta de espuma el\u00e1stica<\/strong> est\u00e1 dise\u00f1ada para superar estos problemas. Cuenta con un respaldo de espuma suave de alta densidad que amortigua el sitio de la herida mientras se estira para adaptarse a la hinchaz\u00f3n o al movimiento corporal.<\/p>\n<p>Como una <strong>Cinta para el cuidado de heridas<\/strong>, es altamente transpirable pero resistente al agua, lo que permite a los pacientes ducharse sin comprometer la integridad del ap\u00f3sito. Su discreta <strong>Color piel<\/strong> apariencia ofrece un acabado profesional y est\u00e9ticamente agradable para los pacientes durante su proceso de recuperaci\u00f3n.<\/p>\n<h2 id=\"key-features-benefits\">Caracter\u00edsticas y beneficios clave<\/h2>\n<ul>\n<li><strong>Alta elasticidad y conformabilidad:<\/strong> La exclusiva tecnolog\u00eda de \u201cestiramiento multidireccional\u201d permite que la cinta se mueva con el paciente. Es la <strong>Cinta ortop\u00e9dica<\/strong> perfecta para asegurar ap\u00f3sitos en articulaciones de alta movilidad como rodillas, codos y hombros.<\/li>\n<li><strong>Impermeable y duradera:<\/strong> Proporciona una barrera fiable contra la humedad y los fluidos. Esta <strong>Cinta quir\u00fargica impermeable<\/strong> garantiza que los ap\u00f3sitos se mantengan secos y seguros, reduciendo la frecuencia de los cambios de ap\u00f3sito.<\/li>\n<li><strong>Hipoalerg\u00e9nico y suave:<\/strong> Formulada con un adhesivo de grado m\u00e9dico que es suave con la piel sensible, minimizando el riesgo de irritaci\u00f3n o reacciones al\u00e9rgicas (MARSI).<\/li>\n<li><strong>Protecci\u00f3n amortiguadora:<\/strong> La estructura de espuma proporciona acolchado, protegiendo el \u00e1rea de la herida de la fricci\u00f3n y los impactos externos.<\/li>\n<li><strong>F\u00e1cil aplicaci\u00f3n:<\/strong> Se puede cortar f\u00e1cilmente a medida y se adapta perfectamente a los contornos del cuerpo.<\/li>\n<\/ul>\n<h2 id=\"product-specifications\">Especificaciones del producto<\/h2>\n<p>Ofrecemos est\u00e1ndares de fabricaci\u00f3n de alta calidad para cumplir con los requisitos cl\u00ednicos. A continuaci\u00f3n se detallan los par\u00e1metros de este producto:<\/p>\n<table>\n<thead>\n<tr>\n<th style=\"text-align: left;\">Par\u00e1metro<\/th>\n<th style=\"text-align: left;\">Especificaci\u00f3n<\/th>\n<\/tr>\n<\/thead>\n<tbody>\n<tr>\n<td style=\"text-align: left;\"><strong>Nombre del producto<\/strong><\/td>\n<td style=\"text-align: left;\">Cinta de espuma (Grado quir\u00fargico)<\/td>\n<\/tr>\n<tr>\n<td style=\"text-align: left;\"><strong>Material<\/strong><\/td>\n<td style=\"text-align: left;\">Espuma m\u00e9dica de alta elasticidad<\/td>\n<\/tr>\n<tr>\n<td style=\"text-align: left;\"><strong>Ancho<\/strong><\/td>\n<td style=\"text-align: left;\"><strong>2,5 cm \/ 5 cm<\/strong> (Opciones vers\u00e1tiles para diferentes tama\u00f1os de heridas)<\/td>\n<\/tr>\n<tr>\n<td style=\"text-align: left;\"><strong>Longitud<\/strong><\/td>\n<td style=\"text-align: left;\"><strong>5 m<\/strong> por rollo<\/td>\n<\/tr>\n<tr>\n<td style=\"text-align: left;\"><strong>Color<\/strong><\/td>\n<td style=\"text-align: left;\"><strong>Color piel<\/strong> (Est\u00e9tica discreta)<\/td>\n<\/tr>\n<tr>\n<td style=\"text-align: left;\"><strong>Propiedades<\/strong><\/td>\n<td style=\"text-align: left;\">Impermeable, hipoalerg\u00e9nica, elasticidad multidireccional<\/td>\n<\/tr>\n<tr>\n<td style=\"text-align: left;\"><strong>Empaque<\/strong><\/td>\n<td style=\"text-align: left;\"><strong>Seg\u00fan los requisitos del cliente<\/strong> (Disponible para OEM\/Marca blanca)<\/td>\n<\/tr>\n<\/tbody>\n<\/table>\n<h2 id=\"application-areas\">\u00c1reas de aplicaci\u00f3n<\/h2>\n<p>Esta <strong>Cinta de espuma el\u00e1stica<\/strong> es ampliamente utilizada en hospitales, cl\u00ednicas y entornos de atenci\u00f3n domiciliaria para:<\/p>\n<ul>\n<li><strong>Cirug\u00eda ortop\u00e9dica:<\/strong> Fijaci\u00f3n de ap\u00f3sitos de presi\u00f3n tras intervenciones articulares.<\/li>\n<li><strong>Vendaje de compresi\u00f3n:<\/strong> Provisi\u00f3n de soporte el\u00e1stico sobre vendajes de compresi\u00f3n.<\/li>\n<li><strong>Contornos dif\u00edciles:<\/strong> Vendaje de heridas en partes flexibles del cuerpo donde la cinta r\u00edgida falla.<\/li>\n<li><strong>Cuidado general de heridas:<\/strong> Fijaci\u00f3n segura de tubos, dispositivos y ap\u00f3sitos primarios.<\/li>\n<\/ul>\n<h2 id=\"why-choose-meditapes-\">\u00bfPor qu\u00e9 elegir MediTapes?<\/h2>\n<p><strong>Cintas m\u00e9dicas<\/strong> se dedica a avanzar en la tecnolog\u00eda del cuidado de heridas. Nuestro <strong>Cinta de espuma quir\u00fargica impermeable<\/strong> se somete a pruebas rigurosas para garantizar que cumple con los m\u00e1s altos est\u00e1ndares de seguridad y eficacia. Ofrecemos soluciones flexibles de cadena de suministro, asegurando que los hospitales y distribuidores reciban las especificaciones exactas que necesitan.<\/p>\n<h2 id=\"order-contact-information\">Informaci\u00f3n de contacto y pedidos<\/h2>\n<p>Mejore sus soluciones para el cuidado de heridas con nuestra l\u00ednea premium <strong>Cinta para el cuidado de heridas<\/strong>. Cont\u00e1ctenos hoy mismo para solicitar muestras o precios al por mayor.<\/p>\n<ul>\n<li><strong>Sitio web:<\/strong> <a href=\"https:\/\/meditapes.com\/es\/\" target=\"_blank\" rel=\"noopener\">https:\/\/meditapes.com\/<\/a><\/li>\n<li><strong>Correo electr\u00f3nico:<\/strong> <a href=\"mailto:info@meditapes.com\" target=\"_blank\" rel=\"noopener\">info@meditapes.com<\/a><\/li>\n<li><strong>P\u00e1gina de contacto:<\/strong> <a href=\"https:\/\/meditapes.com\/es\/contacto\/\" target=\"_blank\" rel=\"noopener\">https:\/\/meditapes.com\/contact-us\/<\/a><\/li>\n<\/ul>\n<hr \/>","protected":false},"excerpt":{"rendered":"<p>Nuestra cinta de espuma quir\u00fargica impermeable ofrece un estiramiento multidireccional superior, perfecto para asegurar ap\u00f3sitos en articulaciones. Esta cinta de espuma quir\u00fargica de alta elasticidad es resistente al agua e hipoalerg\u00e9nica, lo que garantiza la comodidad del paciente durante la recuperaci\u00f3n. Ideal para aplicaciones ortop\u00e9dicas exigentes.<\/p>","protected":false},"featured_media":505,"template":"","meta":[],"product_brand":[28],"product_cat":[62,22],"product_tag":[264,265,263,121],"class_list":{"0":"post-504","1":"product","2":"type-product","3":"status-publish","4":"has-post-thumbnail","6":"product_brand-meditapes","7":"product_cat-foam-tape","8":"product_cat-surgical-tapes","9":"product_tag-elastic-foam-tape","10":"product_tag-orthopedic-tape","11":"product_tag-waterproof-surgical-tape","12":"product_tag-wound-care-tape","14":"first","15":"instock","16":"shipping-taxable","17":"product-type-simple"},"_links":{"self":[{"href":"https:\/\/meditapes.com\/es\/wp-json\/wp\/v2\/product\/504","targetHints":{"allow":["GET"]}}],"collection":[{"href":"https:\/\/meditapes.com\/es\/wp-json\/wp\/v2\/product"}],"about":[{"href":"https:\/\/meditapes.com\/es\/wp-json\/wp\/v2\/types\/product"}],"wp:featuredmedia":[{"embeddable":true,"href":"https:\/\/meditapes.com\/es\/wp-json\/wp\/v2\/media\/505"}],"wp:attachment":[{"href":"https:\/\/meditapes.com\/es\/wp-json\/wp\/v2\/media?parent=504"}],"wp:term":[{"taxonomy":"product_brand","embeddable":true,"href":"https:\/\/meditapes.com\/es\/wp-json\/wp\/v2\/product_brand?post=504"},{"taxonomy":"product_cat","embeddable":true,"href":"https:\/\/meditapes.com\/es\/wp-json\/wp\/v2\/product_cat?post=504"},{"taxonomy":"product_tag","embeddable":true,"href":"https:\/\/meditapes.com\/es\/wp-json\/wp\/v2\/product_tag?post=504"}],"curies":[{"name":"WP","href":"https:\/\/api.w.org\/{rel}","templated":true}]}}