{"id":475,"date":"2025-12-18T15:57:55","date_gmt":"2025-12-18T15:57:55","guid":{"rendered":"https:\/\/meditapes.com\/?post_type=product&#038;p=475"},"modified":"2025-12-18T15:57:56","modified_gmt":"2025-12-18T15:57:56","slug":"medical-grade-pu-film-roll","status":"publish","type":"product","link":"https:\/\/meditapes.com\/es\/product\/medical-grade-pu-film-roll\/","title":{"rendered":"Rollo de pel\u00edcula de poliuretano de grado m\u00e9dico para el cuidado posterior del tatuaje y la cicatrizaci\u00f3n de heridas"},"content":{"rendered":"<p>En <strong>Cintas m\u00e9dicas<\/strong>, proporcionamos soluciones avanzadas para la recuperaci\u00f3n de la piel. Nuestro <strong>Rollo de pel\u00edcula de PU de grado m\u00e9dico<\/strong> est\u00e1 dise\u00f1ado por expertos para facilitar el m\u00e9todo de \u201ccuraci\u00f3n h\u00fameda\u201d, lo que lo convierte en la opci\u00f3n preferida para <strong>Cuidado posterior del tatuaje<\/strong> y el manejo de heridas posquir\u00fargicas. Esta <strong>Barrera protectora cut\u00e1nea<\/strong> act\u00faa como una segunda piel flexible, reteniendo los fluidos curativos naturales del cuerpo mientras mantiene fuera los contaminantes externos.<\/p>\n<h2 id=\"product-overview\">Descripci\u00f3n general del producto<\/h2>\n<p>Esta <strong>Cinta de curaci\u00f3n<\/strong> est\u00e1 compuesta por una pel\u00edcula de poliuretano (PU) fina y de alta calidad, recubierta con un adhesivo acr\u00edlico hipoalerg\u00e9nico. Est\u00e1 dise\u00f1ada para ser totalmente impermeable pero transpirable, permitiendo que el ox\u00edgeno llegue a la piel mientras el vapor de humedad escapa. Este equilibrio es fundamental para prevenir la formaci\u00f3n de costras en tatuajes recientes y acelerar el cierre de heridas quir\u00fargicas.<\/p>\n<p>La naturaleza transparente de la pel\u00edcula permite monitorear f\u00e1cilmente el proceso de curaci\u00f3n sin necesidad de retirar el ap\u00f3sito, reduciendo el traumatismo en la piel sensible subyacente.<\/p>\n<h2 id=\"technical-specifications\">Especificaciones t\u00e9cnicas<\/h2>\n<p>Ofrecemos una gama de tama\u00f1os para adaptarse a diversos tama\u00f1os de tatuajes y \u00e1reas de heridas. La personalizaci\u00f3n es una parte fundamental del <strong>Cintas m\u00e9dicas<\/strong> servicio.<\/p>\n<table>\n<thead>\n<tr>\n<th style=\"text-align: left;\">Par\u00e1metro<\/th>\n<th style=\"text-align: left;\">Detalles de las especificaciones<\/th>\n<\/tr>\n<\/thead>\n<tbody>\n<tr>\n<td style=\"text-align: left;\"><strong>Nombre del producto<\/strong><\/td>\n<td style=\"text-align: left;\"><strong>Rollo de ap\u00f3sito de pel\u00edcula de PU \/ Pel\u00edcula para el cuidado posterior del tatuaje<\/strong><\/td>\n<\/tr>\n<tr>\n<td style=\"text-align: left;\"><strong>Material<\/strong><\/td>\n<td style=\"text-align: left;\"><strong>Pel\u00edcula de PU de grado m\u00e9dico<\/strong> (Poliuretano)<\/td>\n<\/tr>\n<tr>\n<td style=\"text-align: left;\"><strong>Color<\/strong><\/td>\n<td style=\"text-align: left;\"><strong>Transparente<\/strong> (Opciones de acabado mate transparente o brillante)<\/td>\n<\/tr>\n<tr>\n<td style=\"text-align: left;\"><strong>Opciones de ancho<\/strong><\/td>\n<td style=\"text-align: left;\"><strong>2,5 cm \/ 5 cm \/ 10 cm \/ 15 cm<\/strong> (Ideal para tatuajes grandes)<\/td>\n<\/tr>\n<tr>\n<td style=\"text-align: left;\"><strong>Opciones de longitud<\/strong><\/td>\n<td style=\"text-align: left;\"><strong>5 m \/ 10 m<\/strong> rollos<\/td>\n<\/tr>\n<tr>\n<td style=\"text-align: left;\"><strong>Adhesivo<\/strong><\/td>\n<td style=\"text-align: left;\">Acr\u00edlico hipoalerg\u00e9nico sensible a la presi\u00f3n<\/td>\n<\/tr>\n<tr>\n<td style=\"text-align: left;\"><strong>Embalaje<\/strong><\/td>\n<td style=\"text-align: left;\"><strong>Seg\u00fan los requisitos del cliente<\/strong> (Cajas de venta al por menor, a granel, etc.)<\/td>\n<\/tr>\n<\/tbody>\n<\/table>\n<h2 id=\"key-features-benefits\">Caracter\u00edsticas y beneficios clave<\/h2>\n<ul>\n<li><strong>Entorno de curaci\u00f3n \u00f3ptimo:<\/strong> Al retener las enzimas curativas y la humedad, este <strong>Film para el cuidado posterior del tatuaje<\/strong> reduce el tiempo de curaci\u00f3n y ayuda a preservar la vitalidad de los colores del tatuaje.<\/li>\n<li><strong>Protecci\u00f3n definitiva:<\/strong> Crea una barrera impenetrable <strong>Barrera protectora cut\u00e1nea<\/strong> contra el agua, la suciedad, las bacterias y la fricci\u00f3n de la ropa.<\/li>\n<li><strong>Comodidad impermeable:<\/strong> Los pacientes y clientes pueden ducharse o nadar sin preocupaciones; el <strong>Pel\u00edcula de PU de grado m\u00e9dico<\/strong> se mantiene firmemente en su lugar incluso cuando est\u00e1 mojado.<\/li>\n<li><strong>Altamente adaptable:<\/strong> El film es ultrafino y el\u00e1stico, se estira con la piel. Es c\u00f3modo de llevar en articulaciones como rodillas, codos y costillas.<\/li>\n<li><strong>Corte a medida:<\/strong> El formato en rollo permite a los usuarios cortar la longitud exacta necesaria, minimizando el desperdicio tanto para tatuadores como para profesionales m\u00e9dicos.<\/li>\n<\/ul>\n<h2 id=\"applications\">Aplicaciones<\/h2>\n<p>Aunque es vers\u00e1til, este producto est\u00e1 optimizado espec\u00edficamente para:<\/p>\n<ol>\n<li><strong>Cuidado posterior del tatuaje:<\/strong> El est\u00e1ndar de oro para la curaci\u00f3n de tinta fresca. Previene la formaci\u00f3n de costras, reduce el picor y protege la obra de infecciones.<\/li>\n<li><strong>Cuidado de heridas quir\u00fargicas:<\/strong> protege incisiones y puntos de sutura del agua y las bacterias despu\u00e9s de la operaci\u00f3n.<\/li>\n<li><strong>Fijaci\u00f3n:<\/strong> Puede utilizarse como <strong>Cinta de curaci\u00f3n<\/strong> para asegurar gasas u otros ap\u00f3sitos primarios.<\/li>\n<li><strong>Impermeabilizaci\u00f3n:<\/strong> Protege la piel sensible o las heridas existentes durante la ducha.<\/li>\n<\/ol>\n<h2 id=\"why-choose-meditapes-\">\u00bfPor qu\u00e9 elegir MediTapes?<\/h2>\n<p><strong>Cintas m\u00e9dicas<\/strong> es un fabricante de confianza comprometido con la seguridad y la calidad. Nuestro <strong>Pel\u00edcula de PU de grado m\u00e9dico<\/strong> se produce en un entorno controlado para garantizar que cumple con estrictas normas de higiene. Entendemos que para los tatuadores y proveedores m\u00e9dicos, la fiabilidad del producto de postratamiento es tan importante como el procedimiento en s\u00ed.<\/p>\n<p>Ofrecemos soluciones de embalaje flexibles, ya sea que necesite etiquetado privado para su marca de suministros de tatuaje o embalaje a granel para uso hospitalario.<\/p>\n<h3 id=\"contact-us\">Cont\u00e1ctenos<\/h3>\n<p>Asegure su suministro de lo mejor <strong>Film para el cuidado posterior del tatuaje<\/strong> del mercado. Cont\u00e1ctenos hoy para obtener presupuestos, muestras y opciones de personalizaci\u00f3n.<\/p>\n<ul>\n<li><strong>Sitio web:<\/strong> <a href=\"https:\/\/meditapes.com\/es\/\" target=\"_blank\" rel=\"noopener\">https:\/\/meditapes.com\/<\/a><\/li>\n<li><strong>P\u00e1gina de contacto:<\/strong> <a href=\"https:\/\/meditapes.com\/es\/contacto\/\" target=\"_blank\" rel=\"noopener\">https:\/\/meditapes.com\/contact-us\/<\/a><\/li>\n<li><strong>Correo electr\u00f3nico:<\/strong> <a href=\"mailto:info@meditapes.com\" target=\"_blank\" rel=\"noopener\">info@meditapes.com<\/a><\/li>\n<\/ul>","protected":false},"excerpt":{"rendered":"<p>Dise\u00f1ado para una curaci\u00f3n \u00f3ptima, este rollo de pel\u00edcula de poliuretano (PU) de grado m\u00e9dico es la soluci\u00f3n perfecta para el cuidado posterior del tatuaje y heridas quir\u00fargicas. Act\u00faa como una segunda piel, reteniendo la humedad y manteniendo fuera la suciedad. Esta pel\u00edcula transparente permite monitorear f\u00e1cilmente el proceso de curaci\u00f3n sin necesidad de retirarla.<\/p>","protected":false},"featured_media":476,"template":"","meta":[],"product_brand":[28],"product_cat":[58,22],"product_tag":[203,200,202,201],"class_list":{"0":"post-475","1":"product","2":"type-product","3":"status-publish","4":"has-post-thumbnail","6":"product_brand-meditapes","7":"product_cat-pu-film-dressing-roll","8":"product_cat-surgical-tapes","9":"product_tag-healing-tape","10":"product_tag-medical-grade-pu-film","11":"product_tag-protective-skin-barrier","12":"product_tag-tattoo-aftercare-film","14":"first","15":"instock","16":"shipping-taxable","17":"product-type-simple"},"_links":{"self":[{"href":"https:\/\/meditapes.com\/es\/wp-json\/wp\/v2\/product\/475","targetHints":{"allow":["GET"]}}],"collection":[{"href":"https:\/\/meditapes.com\/es\/wp-json\/wp\/v2\/product"}],"about":[{"href":"https:\/\/meditapes.com\/es\/wp-json\/wp\/v2\/types\/product"}],"wp:featuredmedia":[{"embeddable":true,"href":"https:\/\/meditapes.com\/es\/wp-json\/wp\/v2\/media\/476"}],"wp:attachment":[{"href":"https:\/\/meditapes.com\/es\/wp-json\/wp\/v2\/media?parent=475"}],"wp:term":[{"taxonomy":"product_brand","embeddable":true,"href":"https:\/\/meditapes.com\/es\/wp-json\/wp\/v2\/product_brand?post=475"},{"taxonomy":"product_cat","embeddable":true,"href":"https:\/\/meditapes.com\/es\/wp-json\/wp\/v2\/product_cat?post=475"},{"taxonomy":"product_tag","embeddable":true,"href":"https:\/\/meditapes.com\/es\/wp-json\/wp\/v2\/product_tag?post=475"}],"curies":[{"name":"WP","href":"https:\/\/api.w.org\/{rel}","templated":true}]}}