{"id":473,"date":"2025-12-18T15:53:18","date_gmt":"2025-12-18T15:53:18","guid":{"rendered":"https:\/\/meditapes.com\/?post_type=product&#038;p=473"},"modified":"2025-12-18T15:53:20","modified_gmt":"2025-12-18T15:53:20","slug":"waterproof-pu-film-dressing-roll","status":"publish","type":"product","link":"https:\/\/meditapes.com\/es\/product\/waterproof-pu-film-dressing-roll\/","title":{"rendered":"Rollo de ap\u00f3sito de pel\u00edcula de poliuretano impermeable \u2013 Cinta transparente de fijaci\u00f3n de heridas"},"content":{"rendered":"<p>En <strong>Cintas m\u00e9dicas<\/strong>, nos dedicamos a ofrecer soluciones de primera calidad para el cuidado de heridas. Nuestro <strong>Rollo de Ap\u00f3sito de Pel\u00edcula de PU Impermeable<\/strong> es un insumo m\u00e9dico vers\u00e1til dise\u00f1ado para ofrecer una protecci\u00f3n superior a los pacientes, manteniendo al mismo tiempo la facilidad de uso para los profesionales de la salud. Al funcionar idealmente como una <strong>Cinta de Fijaci\u00f3n de Heridas Transparente<\/strong>, proporciona una barrera confiable contra los contaminantes externos sin comprometer la salud de la piel.<\/p>\n<h2 id=\"product-overview\">Descripci\u00f3n general del producto<\/h2>\n<p>La <strong>Rollo de Ap\u00f3sito de Pel\u00edcula de PU Impermeable<\/strong> est\u00e1 fabricado con una fina pel\u00edcula de poliuretano semipermeable recubierta con un adhesivo acr\u00edlico de grado m\u00e9dico hipoalerg\u00e9nico. Esta composici\u00f3n lo convierte en una <strong>Cinta M\u00e9dica<\/strong> esencial para hospitales, cl\u00ednicas y entornos de atenci\u00f3n domiciliaria.<\/p>\n<p>A diferencia de las cintas de tela tradicionales, este <strong>Rollo de Ap\u00f3sito Transparente<\/strong> act\u00faa como una \u201csegunda piel\u201d. Es completamente impermeable, lo que permite a los pacientes ducharse o ba\u00f1arse sin retirar el ap\u00f3sito, aunque sigue siendo altamente transpirable (alta Tasa de Transmisi\u00f3n de Vapor de Humedad), lo que evita la acumulaci\u00f3n de sudor y reduce el riesgo de maceraci\u00f3n de la piel.<\/p>\n<h2 id=\"technical-specifications\">Especificaciones t\u00e9cnicas<\/h2>\n<p>Bas\u00e1ndonos en nuestras capacidades de fabricaci\u00f3n est\u00e1ndar, aqu\u00ed se presentan los par\u00e1metros espec\u00edficos del <strong>Cintas m\u00e9dicas<\/strong> Rollo de PU:<\/p>\n<table>\n<thead>\n<tr>\n<th style=\"text-align: left;\">Par\u00e1metro<\/th>\n<th style=\"text-align: left;\">Detalles de las especificaciones<\/th>\n<\/tr>\n<\/thead>\n<tbody>\n<tr>\n<td style=\"text-align: left;\"><strong>Nombre del producto<\/strong><\/td>\n<td style=\"text-align: left;\"><strong>Rollo de Ap\u00f3sito de Pel\u00edcula de PU (PU\u6577\u6599\u5377)<\/strong><\/td>\n<\/tr>\n<tr>\n<td style=\"text-align: left;\"><strong>Material<\/strong><\/td>\n<td style=\"text-align: left;\">Pel\u00edcula de Poliuretano (PU) Impermeable<\/td>\n<\/tr>\n<tr>\n<td style=\"text-align: left;\"><strong>Adhesivo<\/strong><\/td>\n<td style=\"text-align: left;\">Adhesivo Acr\u00edlico M\u00e9dico Hipoalerg\u00e9nico<\/td>\n<\/tr>\n<tr>\n<td style=\"text-align: left;\"><strong>Color<\/strong><\/td>\n<td style=\"text-align: left;\"><strong>Transparente<\/strong><\/td>\n<\/tr>\n<tr>\n<td style=\"text-align: left;\"><strong>Opciones de ancho<\/strong><\/td>\n<td style=\"text-align: left;\"><strong>2,5 cm \/ 5 cm \/ 10 cm \/ 15 cm<\/strong><\/td>\n<\/tr>\n<tr>\n<td style=\"text-align: left;\"><strong>Opciones de longitud<\/strong><\/td>\n<td style=\"text-align: left;\"><strong>5 m \/ 10 m<\/strong><\/td>\n<\/tr>\n<tr>\n<td style=\"text-align: left;\"><strong>Embalaje<\/strong><\/td>\n<td style=\"text-align: left;\"><strong>Seg\u00fan los requisitos del cliente<\/strong> (Disponible embalaje OEM\/Personalizado)<\/td>\n<\/tr>\n<\/tbody>\n<\/table>\n<h2 id=\"key-features-benefits\">Caracter\u00edsticas y beneficios clave<\/h2>\n<ul>\n<li><strong>Protecci\u00f3n impermeable superior:<\/strong> La <strong>Pel\u00edcula de PU impermeable<\/strong> crea una barrera impenetrable contra el agua, la suciedad y las bacterias, reduciendo significativamente el riesgo de infecci\u00f3n en el sitio de la herida.<\/li>\n<li><strong>Alta transpirabilidad:<\/strong> Dise\u00f1ada para permitir la entrada de ox\u00edgeno y la salida de vapor de humedad, esta <strong>Cinta de fijaci\u00f3n de heridas<\/strong> mantiene un ambiente saludable para la piel, permitiendo un uso prolongado (hasta 7 d\u00edas seg\u00fan el protocolo).<\/li>\n<li><strong>Transparencia total:<\/strong> El dise\u00f1o transparente permite al personal m\u00e9dico monitorear la herida o el sitio intravenoso en busca de signos de infecci\u00f3n o flebitis sin retirar el ap\u00f3sito, ahorrando tiempo y reduciendo el desperdicio de material.<\/li>\n<li><strong>Adaptable y flexible:<\/strong> La naturaleza el\u00e1stica de la <strong>Rollo de Ap\u00f3sito Transparente<\/strong> le permite contornearse perfectamente a \u00e1reas dif\u00edciles del cuerpo como rodillas, codos y hombros, asegurando que el ap\u00f3sito se mantenga firme durante el movimiento del paciente.<\/li>\n<li><strong>F\u00e1cil aplicaci\u00f3n con corte en \u201cS\u201d:<\/strong> El papel protector est\u00e1 dise\u00f1ado con un pr\u00e1ctico corte (corte en S) o l\u00edneas de cuadr\u00edcula, lo que facilita el corte a la longitud deseada y su aplicaci\u00f3n uniforme incluso con guantes.<\/li>\n<\/ul>\n<h2 id=\"clinical-applications\">Aplicaciones cl\u00ednicas<\/h2>\n<p>Esta vers\u00e1til <strong>Cinta M\u00e9dica<\/strong> es adecuado para una amplia gama de aplicaciones:<\/p>\n<ol>\n<li><strong>Fijaci\u00f3n de ap\u00f3sitos primarios:<\/strong> Sujeta de forma segura gasas, almohadillas no tejidas, alginatos o hidrogeles en su lugar.<\/li>\n<li><strong>Aseguramiento de cat\u00e9teres y tubos:<\/strong> Proporciona una fijaci\u00f3n fuerte para cat\u00e9teres intravenosos, l\u00edneas venosas centrales y tubos de drenaje.<\/li>\n<li><strong>Blindaje impermeable:<\/strong> Ideal para proteger heridas, incisiones quir\u00fargicas o tatuajes nuevos al ducharse o nadar.<\/li>\n<li><strong>Protecci\u00f3n de la piel:<\/strong> Puede utilizarse para prevenir ampollas por fricci\u00f3n o lesiones por cizallamiento en pieles fr\u00e1giles.<\/li>\n<\/ol>\n<h2 id=\"why-choose-meditapes-\">\u00bfPor qu\u00e9 elegir MediTapes?<\/h2>\n<p><strong>Cintas m\u00e9dicas<\/strong> est\u00e1 comprometido con la calidad y la personalizaci\u00f3n. Ya sea que necesite un pedido est\u00e1ndar al por mayor de <strong>Rollos de ap\u00f3sitos de pel\u00edcula de PU impermeables<\/strong> o un embalaje espec\u00edfico para la distribuci\u00f3n minorista, podemos adaptarnos a sus necesidades. Nuestros productos se someten a pruebas rigurosas para garantizar que sean hipoalerg\u00e9nicos y seguros para pieles sensibles.<\/p>\n<h3 id=\"contact-us-for-pricing-and-samples\">Cont\u00e1ctenos para obtener precios y muestras<\/h3>\n<p>\u00bfEst\u00e1 listo para actualizar su inventario de suministros m\u00e9dicos con nuestro <strong>Cinta de Fijaci\u00f3n de Heridas Transparente<\/strong>?<\/p>\n<ul>\n<li><strong>Visite nuestro sitio web:<\/strong> <a href=\"https:\/\/meditapes.com\/es\/\" target=\"_blank\" rel=\"noopener\">https:\/\/meditapes.com\/<\/a><\/li>\n<li><strong>Contacte con nuestro equipo de ventas:<\/strong> <a href=\"https:\/\/meditapes.com\/es\/contacto\/\" target=\"_blank\" rel=\"noopener\">https:\/\/meditapes.com\/contact-us\/<\/a><\/li>\n<li><strong>Env\u00edenos un correo electr\u00f3nico directamente:<\/strong> <a href=\"mailto:info@meditapes.com\" target=\"_blank\" rel=\"noopener\">info@meditapes.com<\/a><\/li>\n<\/ul>\n<p><strong>Solicite hoy mismo su muestra de pel\u00edcula de PU impermeable y experimente la diferencia de MediTapes.<\/strong><\/p>","protected":false},"excerpt":{"rendered":"<p>Nuestro Rollo de Ap\u00f3sito de Pel\u00edcula de PU Impermeable ofrece una protecci\u00f3n superior contra el agua y las bacterias, permitiendo al mismo tiempo que la piel respire. Se utiliza idealmente como Cinta de Fijaci\u00f3n de Heridas Transparente para asegurar cat\u00e9teres y gasas. Este rollo hipoalerg\u00e9nico es f\u00e1cil de cortar y se adapta a los contornos corporales para brindar el m\u00e1ximo confort al paciente.<\/p>","protected":false},"featured_media":474,"template":"","meta":[],"product_brand":[28],"product_cat":[58,22],"product_tag":[199,198,196,197],"class_list":{"0":"post-473","1":"product","2":"type-product","3":"status-publish","4":"has-post-thumbnail","6":"product_brand-meditapes","7":"product_cat-pu-film-dressing-roll","8":"product_cat-surgical-tapes","9":"product_tag-medical-tape","10":"product_tag-transparent-dressing-roll","11":"product_tag-waterproof-pu-film","12":"product_tag-wound-fixation-tape","14":"first","15":"instock","16":"shipping-taxable","17":"product-type-simple"},"_links":{"self":[{"href":"https:\/\/meditapes.com\/es\/wp-json\/wp\/v2\/product\/473","targetHints":{"allow":["GET"]}}],"collection":[{"href":"https:\/\/meditapes.com\/es\/wp-json\/wp\/v2\/product"}],"about":[{"href":"https:\/\/meditapes.com\/es\/wp-json\/wp\/v2\/types\/product"}],"wp:featuredmedia":[{"embeddable":true,"href":"https:\/\/meditapes.com\/es\/wp-json\/wp\/v2\/media\/474"}],"wp:attachment":[{"href":"https:\/\/meditapes.com\/es\/wp-json\/wp\/v2\/media?parent=473"}],"wp:term":[{"taxonomy":"product_brand","embeddable":true,"href":"https:\/\/meditapes.com\/es\/wp-json\/wp\/v2\/product_brand?post=473"},{"taxonomy":"product_cat","embeddable":true,"href":"https:\/\/meditapes.com\/es\/wp-json\/wp\/v2\/product_cat?post=473"},{"taxonomy":"product_tag","embeddable":true,"href":"https:\/\/meditapes.com\/es\/wp-json\/wp\/v2\/product_tag?post=473"}],"curies":[{"name":"WP","href":"https:\/\/api.w.org\/{rel}","templated":true}]}}