{"id":435,"date":"2025-12-17T06:31:34","date_gmt":"2025-12-17T06:31:34","guid":{"rendered":"https:\/\/meditapes.com\/?post_type=product&#038;p=435"},"modified":"2025-12-17T06:31:36","modified_gmt":"2025-12-17T06:31:36","slug":"professional-surgical-silk-tape-rolls","status":"publish","type":"product","link":"https:\/\/meditapes.com\/es\/product\/professional-surgical-silk-tape-rolls\/","title":{"rendered":"Rollos de cinta quir\u00fargica de seda profesional: suministro a granel para hospitales y cl\u00ednicas, de f\u00e1cil rasgado y sin residuos"},"content":{"rendered":"<p>Optimice su inventario m\u00e9dico con los de MediTapes\u2019 <strong>Rollos de cinta de seda quir\u00fargica profesional<\/strong>, disponible para el <strong>cinta m\u00e9dica a granel<\/strong> suministro a <strong>cinta de seda para hospitales<\/strong> necesidades y <strong>cinta m\u00e9dica para cl\u00ednicas<\/strong> requisitos en todo el mundo. Esta de alta calidad <strong>cinta de seda quir\u00fargica<\/strong> est\u00e1 dise\u00f1ada para la eficiencia, con <strong>cinta de f\u00e1cil rasgado<\/strong> capacidades para una aplicaci\u00f3n r\u00e1pida y <strong>cinta sin residuos<\/strong> remoci\u00f3n que protege la piel del paciente. Su adhesi\u00f3n fuerte y constante garantiza un rendimiento confiable en diversas aplicaciones m\u00e9dicas, desde la fijaci\u00f3n de vendajes hasta tubos. Una opci\u00f3n rentable y esencial como <strong>suministros m\u00e9dicos al por mayor<\/strong>, nuestros <strong>rollos de cinta m\u00e9dica<\/strong> mejoran el flujo operativo y la seguridad del paciente en entornos m\u00e9dicos de gran actividad.<\/p>\n<p>MediTapes sirve como un confiable <strong>distribuidor de cinta quir\u00fargica<\/strong> que ofrece calidad premium <strong>cinta de seda quir\u00fargica al por mayor<\/strong> opciones. Fabricadas con tela similar a la seda (normalmente tejido de ray\u00f3n o acetato con adhesivo hipoalerg\u00e9nico), estas <strong>rollos de cinta m\u00e9dica<\/strong> proporcionan una textura suave y duradera ideal para <strong>cinta de seda para hospitales<\/strong> y <strong>cinta m\u00e9dica para cl\u00ednicas<\/strong> su uso. La construcci\u00f3n porosa favorece la transpirabilidad, mientras que las propiedades repelentes al agua mantienen la sujeci\u00f3n en diversas condiciones. Con <strong>cinta de f\u00e1cil rasgado<\/strong> rasgado bidireccional (no se necesitan tijeras) y <strong>cinta sin residuos<\/strong> una retirada limpia, es perfecto para entornos de ritmo r\u00e1pido que requieren <strong>cinta m\u00e9dica a granel<\/strong> fiabilidad.<\/p>\n<p>Vers\u00e1til para asegurar ap\u00f3sitos, v\u00edas intravenosas, cat\u00e9teres, tubos, sondas y vendajes voluminosos, este <strong>cinta de seda quir\u00fargica<\/strong> facilita el cuidado de heridas, la fijaci\u00f3n postoperatoria y la sujeci\u00f3n de dispositivos. Como elemento esencial <strong>suministros m\u00e9dicos al por mayor<\/strong> de un proveedor de confianza <strong>distribuidor de cinta quir\u00fargica<\/strong>, se adhiere de forma fuerte pero suave, minimizando la irritaci\u00f3n y los residuos en aplicaciones repetidas en hospitales y cl\u00ednicas.<\/p>\n<h3 id=\"key-features-of-our-surgical-silk-tape-rolls\">Caracter\u00edsticas clave de nuestros rollos de cinta de seda quir\u00fargica<\/h3>\n<ul>\n<li><strong>Cinta de rasgado f\u00e1cil<\/strong>: Rasgado bidireccional para un dimensionamiento r\u00e1pido y personalizado sin herramientas; ideal para uso rutinario y de emergencia.<\/li>\n<li><strong>Cinta sin residuos<\/strong>: Retirada limpia con un m\u00ednimo de restos de adhesivo, protegiendo la piel sensible.<\/li>\n<li><strong>Adhesi\u00f3n fuerte y consistente<\/strong>: Sujeci\u00f3n confiable para ap\u00f3sitos medianos a pesados, tubos y dispositivos.<\/li>\n<li><strong>Transpirable e hipoalerg\u00e9nica<\/strong>: El dise\u00f1o poroso permite que la piel respire; sin l\u00e1tex para reducir la irritaci\u00f3n.<\/li>\n<li><strong>Repelente al agua<\/strong>: Mantiene el rendimiento en entornos h\u00famedos.<\/li>\n<li><strong>Rollos de cinta m\u00e9dica conformable<\/strong>: Se adapta a los contornos del cuerpo para una fijaci\u00f3n segura y c\u00f3moda.<\/li>\n<li><strong>Opciones de suministro al por mayor<\/strong>: Rentable <strong>cinta de seda quir\u00fargica al por mayor<\/strong> para <strong>cinta de seda para hospitales<\/strong> y <strong>cinta m\u00e9dica para cl\u00ednicas<\/strong> abastecimiento.<\/li>\n<li><strong>Vers\u00e1til para la venta al por mayor de suministros m\u00e9dicos<\/strong>: Adecuado para el manejo de heridas, fijaci\u00f3n de v\u00edas intravenosas y aplicaciones cl\u00ednicas generales.<\/li>\n<\/ul>\n<h3 id=\"product-specifications\">Especificaciones del producto<\/h3>\n<table>\n<thead>\n<tr>\n<th>Par\u00e1metro<\/th>\n<th>Detalles<\/th>\n<\/tr>\n<\/thead>\n<tbody>\n<tr>\n<td><strong>Nombre del producto<\/strong><\/td>\n<td>Cinta de seda<\/td>\n<\/tr>\n<tr>\n<td><strong>Anchuras<\/strong><\/td>\n<td>1,25 cm \/ 2,5 cm \/ 5 cm \/ 7,5 cm \/ 10 cm<\/td>\n<\/tr>\n<tr>\n<td><strong>Longitudes<\/strong><\/td>\n<td>5Y (yardas, aprox. 4.57 m) \/ 10Y (yardas, aprox. 9.14 m)<\/td>\n<\/tr>\n<tr>\n<td><strong>Colores<\/strong><\/td>\n<td>Blanco \/ Piel<\/td>\n<\/tr>\n<tr>\n<td><strong>Embalaje<\/strong><\/td>\n<td>Seg\u00fan los requisitos del cliente<\/td>\n<\/tr>\n<\/tbody>\n<\/table>\n<p>Estas especificaciones personalizables respaldan <strong>cinta de seda quir\u00fargica al por mayor<\/strong> pedidos, haciendo que nuestro <strong>rollos de cinta m\u00e9dica<\/strong> sea adaptable para diversas <strong>cinta de seda para hospitales<\/strong>, <strong>cinta m\u00e9dica para cl\u00ednicas<\/strong>, y <strong>suministros m\u00e9dicos al por mayor<\/strong> necesidades de un dedicado <strong>distribuidor de cinta quir\u00fargica<\/strong>.<\/p>\n<p>Conf\u00ede en MediTapes para soluciones profesionales <strong>cinta de f\u00e1cil rasgado<\/strong> y <strong>cinta sin residuos<\/strong> soluciones en <strong>cinta m\u00e9dica a granel<\/strong> formatos que priorizan la eficiencia y el cuidado. Para consultas al por mayor o pedidos personalizados, visite nuestro <a href=\"https:\/\/meditapes.com\/es\/contacto\/\" target=\"_blank\" rel=\"noopener\">p\u00e1gina de contacto<\/a> o env\u00ede un correo electr\u00f3nico <a href=\"mailto:info@meditapes.com\" target=\"_blank\" rel=\"noopener\"><strong>info@meditapes.com<\/strong><\/a>.<\/p>\n<p>Explore m\u00e1s productos de calidad en <a href=\"https:\/\/meditapes.com\/es\/\" target=\"_blank\" rel=\"noopener\">https:\/\/meditapes.com\/<\/a>.<\/p>","protected":false},"excerpt":{"rendered":"<p>Optimice su inventario m\u00e9dico con nuestros rollos de cinta de seda quir\u00fargica profesional, disponibles para suministro al por mayor para hospitales y cl\u00ednicas en todo el mundo. Esta cinta de seda quir\u00fargica de alta calidad est\u00e1 dise\u00f1ada para ofrecer eficiencia, con perforaciones de f\u00e1cil rasgado para una aplicaci\u00f3n r\u00e1pida y una remoci\u00f3n sin residuos que protege la piel del paciente. Su adhesi\u00f3n fuerte y constante garantiza un rendimiento confiable en diversas aplicaciones m\u00e9dicas, desde la fijaci\u00f3n de vendajes hasta tubos. Una opci\u00f3n rentable y esencial, nuestra cinta de seda m\u00e9dica mejora el flujo operativo y la seguridad del paciente en entornos m\u00e9dicos de gran actividad.<\/p>","protected":false},"featured_media":436,"template":"","meta":[],"product_brand":[28],"product_cat":[55,22],"product_tag":[76,146,74,145,148,144,142,147,143,149],"class_list":{"0":"post-435","1":"product","2":"type-product","3":"status-publish","4":"has-post-thumbnail","6":"product_brand-meditapes","7":"product_cat-silk-tape","8":"product_cat-surgical-tapes","9":"product_tag-bulk-medical-tape","10":"product_tag-clinic-medical-tape","11":"product_tag-easy-tear-tape","12":"product_tag-hospital-silk-tape","13":"product_tag-medical-supplies-wholesale","14":"product_tag-medical-tape-rolls","15":"product_tag-professional-surgical-silk-tape-rolls","16":"product_tag-residue-free-tape","17":"product_tag-surgical-silk-tape-bulk","18":"product_tag-surgical-tape-distributor","20":"first","21":"instock","22":"shipping-taxable","23":"product-type-simple"},"_links":{"self":[{"href":"https:\/\/meditapes.com\/es\/wp-json\/wp\/v2\/product\/435","targetHints":{"allow":["GET"]}}],"collection":[{"href":"https:\/\/meditapes.com\/es\/wp-json\/wp\/v2\/product"}],"about":[{"href":"https:\/\/meditapes.com\/es\/wp-json\/wp\/v2\/types\/product"}],"wp:featuredmedia":[{"embeddable":true,"href":"https:\/\/meditapes.com\/es\/wp-json\/wp\/v2\/media\/436"}],"wp:attachment":[{"href":"https:\/\/meditapes.com\/es\/wp-json\/wp\/v2\/media?parent=435"}],"wp:term":[{"taxonomy":"product_brand","embeddable":true,"href":"https:\/\/meditapes.com\/es\/wp-json\/wp\/v2\/product_brand?post=435"},{"taxonomy":"product_cat","embeddable":true,"href":"https:\/\/meditapes.com\/es\/wp-json\/wp\/v2\/product_cat?post=435"},{"taxonomy":"product_tag","embeddable":true,"href":"https:\/\/meditapes.com\/es\/wp-json\/wp\/v2\/product_tag?post=435"}],"curies":[{"name":"WP","href":"https:\/\/api.w.org\/{rel}","templated":true}]}}