{"id":400,"date":"2025-12-15T08:59:45","date_gmt":"2025-12-15T08:59:45","guid":{"rendered":"https:\/\/meditapes.com\/?post_type=product&#038;p=400"},"modified":"2025-12-15T08:59:45","modified_gmt":"2025-12-15T08:59:45","slug":"oem-medical-non-woven-tape-rolls","status":"publish","type":"product","link":"https:\/\/meditapes.com\/es\/product\/oem-medical-non-woven-tape-rolls\/","title":{"rendered":"Rollos de cinta m\u00e9dica no tejida OEM | Esparadrapo adhesivo microporoso"},"content":{"rendered":"<p>Como fabricante l\u00edder, <strong>Cintas m\u00e9dicas<\/strong> se especializa en proporcionar alta calidad <strong>Rollos de cinta m\u00e9dica no tejida OEM<\/strong> adaptados a los requisitos espec\u00edficos de su marca. Comprendemos las diversas necesidades de la industria m\u00e9dica y ofrecemos soluciones integrales de <strong>cinta de marca blanca<\/strong> soluciones, asegurando que sus productos cumplan tanto con las demandas del mercado como con los m\u00e1s altos est\u00e1ndares de calidad. Nuestro <strong>esparadrapo adhesivo microporoso<\/strong> est\u00e1 dise\u00f1ado para una comodidad superior del paciente y un rendimiento fiable.<\/p>\n<h3 id=\"product-overview\">Descripci\u00f3n general del producto<\/h3>\n<p>Nuestra cinta <strong>Rollos de cinta m\u00e9dica no tejida OEM<\/strong> est\u00e1n fabricados con tela no tejida de primera calidad, recubierta con un adhesivo hipoalerg\u00e9nico de grado m\u00e9dico. Este <strong>esparadrapo adhesivo<\/strong> presenta una estructura microporosa que garantiza una excelente transpirabilidad, permitiendo que la piel permanezca seca y minimizando el riesgo de maceraci\u00f3n. Ofrece una suave conformidad, adapt\u00e1ndose f\u00e1cilmente a los contornos del cuerpo, y proporciona una adhesi\u00f3n fuerte pero suave para una fijaci\u00f3n segura de ap\u00f3sitos y dispositivos. Fundamentalmente, garantiza una retirada sin dolor, lo que lo hace ideal para pacientes con piel sensible.<\/p>\n<p><strong>Cintas m\u00e9dicas<\/strong> es su socio de confianza para <strong>consumibles quir\u00fargicos<\/strong>, ofreciendo precios directos de f\u00e1brica y opciones de personalizaci\u00f3n flexibles para su <strong>cinta m\u00e9dica OEM<\/strong> necesidades.<\/p>\n<h3 id=\"product-parameters-specifications-\">Par\u00e1metros del producto (especificaciones)<\/h3>\n<p>Ofrecemos opciones altamente personalizables <strong>Rollos de cinta m\u00e9dica no tejida OEM<\/strong> para ajustarse perfectamente a las especificaciones de su marca. A continuaci\u00f3n se presentan los par\u00e1metros est\u00e1ndar de nuestro <strong>esparadrapo adhesivo<\/strong>:<\/p>\n<table>\n<thead>\n<tr>\n<th style=\"text-align: left;\">Par\u00e1metro<\/th>\n<th style=\"text-align: left;\">Detalles de las especificaciones<\/th>\n<\/tr>\n<\/thead>\n<tbody>\n<tr>\n<td style=\"text-align: left;\"><strong>Nombre del producto<\/strong><\/td>\n<td style=\"text-align: left;\"><strong>Rollos de cinta m\u00e9dica no tejida OEM<\/strong> \/ Esparadrapo adhesivo microporoso<\/td>\n<\/tr>\n<tr>\n<td style=\"text-align: left;\"><strong>Material<\/strong><\/td>\n<td style=\"text-align: left;\">Tejido no tejido con adhesivo hipoalerg\u00e9nico de grado m\u00e9dico<\/td>\n<\/tr>\n<tr>\n<td style=\"text-align: left;\"><strong>Opciones de ancho<\/strong><\/td>\n<td style=\"text-align: left;\">1,25 cm \/ 2,5 cm \/ 5 cm \/ 7,5 cm \/ 10 cm (Anchos personalizados disponibles para <strong>cinta m\u00e9dica OEM<\/strong>)<\/td>\n<\/tr>\n<tr>\n<td style=\"text-align: left;\"><strong>Opciones de longitud<\/strong><\/td>\n<td style=\"text-align: left;\">5 yardas \/ 10 yardas (Longitudes personalizadas disponibles)<\/td>\n<\/tr>\n<tr>\n<td style=\"text-align: left;\"><strong>Colores disponibles<\/strong><\/td>\n<td style=\"text-align: left;\">Blanco \/ Piel (Canela\/Beige) (Colores personalizados posibles para <strong>cinta de marca blanca<\/strong>)<\/td>\n<\/tr>\n<tr>\n<td style=\"text-align: left;\"><strong>Transpirabilidad<\/strong><\/td>\n<td style=\"text-align: left;\">Alta (Estructura microporosa para una \u00f3ptima permeabilidad al aire)<\/td>\n<\/tr>\n<tr>\n<td style=\"text-align: left;\"><strong>Hipoalerg\u00e9nico<\/strong><\/td>\n<td style=\"text-align: left;\">S\u00ed, dise\u00f1ado para minimizar la irritaci\u00f3n de la piel<\/td>\n<\/tr>\n<tr>\n<td style=\"text-align: left;\"><strong>Sin l\u00e1tex<\/strong><\/td>\n<td style=\"text-align: left;\">S\u00ed, garantizando la seguridad de todos los pacientes<\/td>\n<\/tr>\n<tr>\n<td style=\"text-align: left;\"><strong>Embalaje<\/strong><\/td>\n<td style=\"text-align: left;\"><strong>Seg\u00fan los requisitos del cliente<\/strong> (A granel, caja individual, embalaje de marca propia, etc.)<\/td>\n<\/tr>\n<\/tbody>\n<\/table>\n<h3 id=\"key-features-benefits-of-our-oem-medical-non-woven-tape\">Caracter\u00edsticas y beneficios clave de nuestra cinta m\u00e9dica de tejido no tejido OEM<\/h3>\n<ul>\n<li><strong>Soluciones OEM personalizables:<\/strong> Ofrecemos servicios <strong>Cinta m\u00e9dica no tejida OEM<\/strong> y <strong>cinta de marca blanca<\/strong> integrales, que le permiten comercializar nuestros productos de alta calidad con su propia marca.<\/li>\n<li><strong>Microporoso y transpirable:<\/strong> La estructura \u00fanica de nuestro <strong>esparadrapo adhesivo<\/strong> promueve la circulaci\u00f3n del aire, reduciendo la maceraci\u00f3n de la piel y mejorando la comodidad del paciente.<\/li>\n<li><strong>Adaptabilidad suave:<\/strong> Se adapta f\u00e1cilmente a contornos corporales dif\u00edciles, garantizando una fijaci\u00f3n segura y c\u00f3moda sin restringir el movimiento.<\/li>\n<li><strong>Adhesi\u00f3n suave pero segura:<\/strong> Proporciona una sujeci\u00f3n fiable para ap\u00f3sitos, cat\u00e9teres y otros dispositivos m\u00e9dicos, garantizando una retirada sin dolor y con un residuo m\u00ednimo.<\/li>\n<li><strong>Hipoalerg\u00e9nico y libre de l\u00e1tex:<\/strong> Formulado para ser suave con todo tipo de pieles, incluidas las sensibles, y libre de l\u00e1tex para prevenir reacciones al\u00e9rgicas.<\/li>\n<li><strong>F\u00e1cil de rasgar:<\/strong> Nuestra cinta <strong>cinta m\u00e9dica OEM<\/strong> puede rasgarse f\u00e1cilmente con la mano, lo que facilita una aplicaci\u00f3n r\u00e1pida y eficaz en entornos cl\u00ednicos.<\/li>\n<li><strong>Precios de f\u00e1brica competitivos:<\/strong> As\u00f3ciese directamente con <strong>Cintas m\u00e9dicas<\/strong> para la fabricaci\u00f3n rentable de sus <strong>consumibles quir\u00fargicos<\/strong>.<\/li>\n<\/ul>\n<h3 id=\"ideal-applications\">Aplicaciones ideales<\/h3>\n<p>Nuestros vers\u00e1tiles <strong>Rollos de cinta m\u00e9dica no tejida OEM<\/strong> son adecuados para una amplia gama de aplicaciones m\u00e9dicas y de atenci\u00f3n sanitaria:<\/p>\n<ol>\n<li><strong>Fijaci\u00f3n general de ap\u00f3sitos:<\/strong> Sujeta de forma segura varios tipos de ap\u00f3sitos y gasas.<\/li>\n<li><strong>Fijaci\u00f3n de dispositivos:<\/strong> Ideal para fijar tubos ligeros, v\u00edas intravenosas, cat\u00e9teres y otros dispositivos m\u00e9dicos.<\/li>\n<li><strong>Cuidados postquir\u00fargicos:<\/strong> Lo suficientemente suave para su uso en pieles delicadas tras una cirug\u00eda.<\/li>\n<li><strong>Etiquetado de marca propia:<\/strong> Ideal para distribuidores m\u00e9dicos, hospitales y proveedores de servicios de salud que buscan ofrecer alta calidad <strong>cinta de marca blanca<\/strong> bajo su propia marca.<\/li>\n<\/ol>\n<h3 id=\"partner-with-meditapes-for-your-oem-needs\">As\u00f3ciese con MediTapes para sus necesidades de OEM<\/h3>\n<p>Elija <strong>Cintas m\u00e9dicas<\/strong> como su socio de fabricaci\u00f3n de alta calidad <strong>Rollos de cinta m\u00e9dica no tejida OEM<\/strong>. Estamos comprometidos con la excelencia en <strong>consumibles quir\u00fargicos<\/strong> con capacidades de fabricaci\u00f3n flexibles y precios competitivos. Perm\u00edtanos ayudarle a hacer crecer su marca con productos fiables y respetuosos con el paciente.<\/p>\n<ul>\n<li><strong>Visite nuestro sitio web:<\/strong> <a href=\"https:\/\/meditapes.com\/es\/\" target=\"_blank\" rel=\"noopener\">https:\/\/meditapes.com\/<\/a><\/li>\n<li><strong>P\u00e1gina de contacto:<\/strong> <a href=\"https:\/\/meditapes.com\/es\/contacto\/\" target=\"_blank\" rel=\"noopener\">https:\/\/meditapes.com\/contact-us\/<\/a><\/li>\n<li><strong>Env\u00edenos un correo electr\u00f3nico:<\/strong> <a href=\"mailto:info@meditapes.com\" target=\"_blank\" rel=\"noopener\">info@meditapes.com<\/a><\/li>\n<\/ul>","protected":false},"excerpt":{"rendered":"<p>Ofrecemos productos personalizables\u00a0<strong>Cinta m\u00e9dica no tejida OEM<\/strong>\u00a0rollos para cumplir con las especificaciones de su marca. Este esparadrapo adhesivo microporoso se caracteriza por su suave conformidad y su retirada sin dolor. As\u00f3ciese con nosotros para obtener\u00a0<strong>cinta m\u00e9dica no tejida<\/strong>\u00a0fabricaci\u00f3n y precios de f\u00e1brica competitivos.<\/p>","protected":false},"featured_media":401,"template":"","meta":[],"product_brand":[28],"product_cat":[54,22],"product_tag":[88,87,79,89,90],"class_list":{"0":"post-400","1":"product","2":"type-product","3":"status-publish","4":"has-post-thumbnail","6":"product_brand-meditapes","7":"product_cat-non-woven-tape","8":"product_cat-surgical-tapes","9":"product_tag-adhesive-plaster","10":"product_tag-oem-medical-non-woven-tape-rolls","11":"product_tag-oem-medical-tape","12":"product_tag-private-label-tape","13":"product_tag-surgical-consumables","15":"first","16":"instock","17":"shipping-taxable","18":"product-type-simple"},"_links":{"self":[{"href":"https:\/\/meditapes.com\/es\/wp-json\/wp\/v2\/product\/400","targetHints":{"allow":["GET"]}}],"collection":[{"href":"https:\/\/meditapes.com\/es\/wp-json\/wp\/v2\/product"}],"about":[{"href":"https:\/\/meditapes.com\/es\/wp-json\/wp\/v2\/types\/product"}],"wp:featuredmedia":[{"embeddable":true,"href":"https:\/\/meditapes.com\/es\/wp-json\/wp\/v2\/media\/401"}],"wp:attachment":[{"href":"https:\/\/meditapes.com\/es\/wp-json\/wp\/v2\/media?parent=400"}],"wp:term":[{"taxonomy":"product_brand","embeddable":true,"href":"https:\/\/meditapes.com\/es\/wp-json\/wp\/v2\/product_brand?post=400"},{"taxonomy":"product_cat","embeddable":true,"href":"https:\/\/meditapes.com\/es\/wp-json\/wp\/v2\/product_cat?post=400"},{"taxonomy":"product_tag","embeddable":true,"href":"https:\/\/meditapes.com\/es\/wp-json\/wp\/v2\/product_tag?post=400"}],"curies":[{"name":"WP","href":"https:\/\/api.w.org\/{rel}","templated":true}]}}