{"id":386,"date":"2025-12-15T05:32:26","date_gmt":"2025-12-15T05:32:26","guid":{"rendered":"https:\/\/meditapes.com\/?post_type=product&#038;p=386"},"modified":"2025-12-15T05:37:55","modified_gmt":"2025-12-15T05:37:55","slug":"cinta-medica-no-tejida","status":"publish","type":"product","link":"https:\/\/meditapes.com\/es\/product\/cinta-medica-no-tejida\/","title":{"rendered":"Fabricante de cinta m\u00e9dica no tejida | Cinta de papel quir\u00fargica transpirable"},"content":{"rendered":"<h1 id=\"medical-non-woven-tape-manufacturer-breathable-surgical-paper-tape\">Fabricante de cinta m\u00e9dica no tejida | Cinta de papel quir\u00fargica transpirable<\/h1>\n<p>En <strong>Cintas m\u00e9dicas<\/strong>, nos especializamos en la fabricaci\u00f3n y el suministro de soluciones de alta calidad para el cuidado de heridas. Nuestro producto insignia <strong>Cinta m\u00e9dica no tejida<\/strong>, a menudo denominado <strong>Cinta de papel quir\u00fargica<\/strong>, est\u00e1 dise\u00f1ada para proporcionar una fijaci\u00f3n segura manteniendo una salud \u00f3ptima de la piel. Ya sea para uso hospitalario, cl\u00ednicas o cuidados en el hogar, nuestra cinta ofrece el equilibrio perfecto entre una fuerte adhesi\u00f3n y una retirada suave.<\/p>\n<h3 id=\"product-overview\">Descripci\u00f3n general del producto<\/h3>\n<p>Nuestra cinta <strong>Cinta m\u00e9dica no tejida<\/strong> es una cinta adhesiva microporosa sensible a la presi\u00f3n. Est\u00e1 dise\u00f1ada espec\u00edficamente para ser altamente transpirable, lo que permite que la humedad se evapore y la piel respire. Esta <strong>Cinta transpirable<\/strong> es un suministro esencial para asegurar ap\u00f3sitos, gasas y dispositivos m\u00e9dicos (como cat\u00e9teres o tubos intravenosos) a la piel, especialmente para pacientes con piel fr\u00e1gil o sensible.<\/p>\n<p>Como fabricante l\u00edder, MediTapes garantiza que cada rollo de <strong>Cinta microporosa<\/strong> cumple con rigurosos est\u00e1ndares de seguridad, ofreciendo propiedades hipoalerg\u00e9nicas que minimizan el riesgo de irritaci\u00f3n o maceraci\u00f3n cut\u00e1nea.<\/p>\n<h3 id=\"product-parameters-specifications-\">Par\u00e1metros del producto (especificaciones)<\/h3>\n<p>Ofrecemos soluciones personalizables para satisfacer requisitos m\u00e9dicos espec\u00edficos. A continuaci\u00f3n se presentan las especificaciones est\u00e1ndar para nuestra <strong>Cinta m\u00e9dica no tejida<\/strong>:<\/p>\n<table>\n<thead>\n<tr>\n<th style=\"text-align: left;\">Par\u00e1metro<\/th>\n<th style=\"text-align: left;\">Detalles de las especificaciones<\/th>\n<\/tr>\n<\/thead>\n<tbody>\n<tr>\n<td style=\"text-align: left;\"><strong>Nombre del producto<\/strong><\/td>\n<td style=\"text-align: left;\"><strong>Cinta m\u00e9dica no tejida<\/strong> \/ Cinta de papel quir\u00fargica<\/td>\n<\/tr>\n<tr>\n<td style=\"text-align: left;\"><strong>Material<\/strong><\/td>\n<td style=\"text-align: left;\">Tela no tejida con adhesivo de grado m\u00e9dico<\/td>\n<\/tr>\n<tr>\n<td style=\"text-align: left;\"><strong>Opciones de ancho<\/strong><\/td>\n<td style=\"text-align: left;\">1,25 cm \/ 2,5 cm \/ 5 cm \/ 7,5 cm \/ 10 cm<\/td>\n<\/tr>\n<tr>\n<td style=\"text-align: left;\"><strong>Opciones de longitud<\/strong><\/td>\n<td style=\"text-align: left;\">5Y (Yardas) \/ 10Y (Yardas)<\/td>\n<\/tr>\n<tr>\n<td style=\"text-align: left;\"><strong>Colores disponibles<\/strong><\/td>\n<td style=\"text-align: left;\">Blanco \/ Piel (Canela\/Beige)<\/td>\n<\/tr>\n<tr>\n<td style=\"text-align: left;\"><strong>Transpirabilidad<\/strong><\/td>\n<td style=\"text-align: left;\">Alta (Estructura microporosa)<\/td>\n<\/tr>\n<tr>\n<td style=\"text-align: left;\"><strong>Hipoalerg\u00e9nico<\/strong><\/td>\n<td style=\"text-align: left;\">S\u00ed, opciones sin l\u00e1tex disponibles<\/td>\n<\/tr>\n<tr>\n<td style=\"text-align: left;\"><strong>Embalaje<\/strong><\/td>\n<td style=\"text-align: left;\"><strong>Seg\u00fan los requisitos del cliente<\/strong> (Granel, caja individual, etc.)<\/td>\n<\/tr>\n<\/tbody>\n<\/table>\n<h3 id=\"key-features-benefits\">Caracter\u00edsticas y beneficios clave<\/h3>\n<ul>\n<li><strong>Transpirabilidad superior:<\/strong> Nuestra cinta <strong>Cinta transpirable<\/strong> cuenta con una estructura microporosa \u00fanica que permite el paso libre de aire y humedad, manteniendo la piel seca y reduciendo el riesgo de infecci\u00f3n.<\/li>\n<li><strong>Adhesi\u00f3n suave:<\/strong> La <strong>Cinta de papel quir\u00fargica<\/strong> se adhiere de forma segura a la piel, pero es lo suficientemente suave como para retirarse sin causar dolor ni da\u00f1ar tejidos delicados.<\/li>\n<li><strong>Hipoalerg\u00e9nico:<\/strong> Ideal para pacientes con piel sensible, beb\u00e9s y ancianos.<\/li>\n<li><strong>F\u00e1cil de rasgar a mano:<\/strong> No se requieren tijeras. Nuestra <strong>Cinta m\u00e9dica no tejida<\/strong> se rasga f\u00e1cilmente en ambas direcciones para una aplicaci\u00f3n r\u00e1pida en situaciones de emergencia.<\/li>\n<li><strong>Adaptable:<\/strong> La cinta se estira ligeramente para adaptarse a los contornos del cuerpo, asegurando que los ap\u00f3sitos permanezcan en su lugar incluso en las articulaciones.<\/li>\n<\/ul>\n<h3 id=\"applications\">Aplicaciones<\/h3>\n<p>Esta <strong>Cinta microporosa<\/strong> es vers\u00e1til y adecuada para una amplia gama de aplicaciones m\u00e9dicas:<\/p>\n<ol>\n<li><strong>Cuidado general de heridas:<\/strong> Fijaci\u00f3n de ap\u00f3sitos no voluminosos y gasas.<\/li>\n<li><strong>Fijaci\u00f3n de dispositivos:<\/strong> Ideal para asegurar tubos ligeros, bolsas de ostom\u00eda y cat\u00e9teres.<\/li>\n<li><strong>\u00c1reas sensibles:<\/strong> Recomendada para aplicaciones repetidas en piel fr\u00e1gil, como ap\u00f3sitos faciales o cuidados pedi\u00e1tricos.<\/li>\n<\/ol>\n<h3 id=\"why-choose-meditapes-\">\u00bfPor qu\u00e9 elegir MediTapes?<\/h3>\n<p><strong>Cintas m\u00e9dicas<\/strong> es su socio de confianza para consumibles m\u00e9dicos. Estamos comprometidos a proporcionar:<\/p>\n<ul>\n<li><strong>Calidad con certificaci\u00f3n CE:<\/strong> Nuestra cinta <strong>Cinta m\u00e9dica no tejida<\/strong> cumple con los est\u00e1ndares m\u00e9dicos internacionales.<\/li>\n<li><strong>Suministro al por mayor:<\/strong> Gestionamos pedidos a gran escala con un control de calidad constante.<\/li>\n<li><strong>Personalizaci\u00f3n:<\/strong> Desde los anchos (de 1,25 cm a 10 cm) hasta el embalaje, fabricamos seg\u00fan sus necesidades espec\u00edficas.<\/li>\n<\/ul>\n<h3 id=\"contact-us-for-a-quote\">Cont\u00e1ctenos para obtener una cotizaci\u00f3n<\/h3>\n<p>\u00bfEst\u00e1 listo para pedir suministros confiables <strong>Cinta de papel quir\u00fargica<\/strong> para su centro m\u00e9dico o negocio de distribuci\u00f3n? P\u00f3ngase en contacto con <strong>Cintas m\u00e9dicas<\/strong> hoy mismo para solicitar precios y muestras.<\/p>\n<ul>\n<li><strong>Visite nuestro sitio web:<\/strong> <a href=\"https:\/\/meditapes.com\/es\/\" target=\"_blank\" rel=\"noopener\">https:\/\/meditapes.com\/<\/a><\/li>\n<li><strong>P\u00e1gina de contacto:<\/strong> <a href=\"https:\/\/meditapes.com\/es\/contacto\/\" target=\"_blank\" rel=\"noopener\">https:\/\/meditapes.com\/contact-us\/<\/a><\/li>\n<li><strong>Env\u00edenos un correo electr\u00f3nico:<\/strong> <a href=\"mailto:info@meditapes.com\" target=\"_blank\" rel=\"noopener\">info@meditapes.com<\/a><\/li>\n<\/ul>\n<hr \/>","protected":false},"excerpt":{"rendered":"<p>Nuestra cinta <strong>Cinta m\u00e9dica no tejida<\/strong> ofrece una transpirabilidad superior y una fuerte adhesi\u00f3n para el cuidado de heridas. Esta cinta de papel quir\u00fargica microporosa es hipoalerg\u00e9nica y suave con la piel sensible. Elija nuestra cinta con certificaci\u00f3n CE <strong>cinta m\u00e9dica no tejida<\/strong>\u00a0para una fijaci\u00f3n fiable de ap\u00f3sitos y suministro mayorista a granel.<\/p>","protected":false},"featured_media":387,"template":"","meta":[],"product_brand":[28],"product_cat":[54,22],"product_tag":[51,49,52,50],"class_list":{"0":"post-386","1":"product","2":"type-product","3":"status-publish","4":"has-post-thumbnail","6":"product_brand-meditapes","7":"product_cat-non-woven-tape","8":"product_cat-surgical-tapes","9":"product_tag-breathable-tape","10":"product_tag-medical-non-woven-tape","11":"product_tag-microporous-tape","12":"product_tag-surgical-paper-tape","14":"first","15":"instock","16":"shipping-taxable","17":"product-type-simple"},"_links":{"self":[{"href":"https:\/\/meditapes.com\/es\/wp-json\/wp\/v2\/product\/386","targetHints":{"allow":["GET"]}}],"collection":[{"href":"https:\/\/meditapes.com\/es\/wp-json\/wp\/v2\/product"}],"about":[{"href":"https:\/\/meditapes.com\/es\/wp-json\/wp\/v2\/types\/product"}],"wp:featuredmedia":[{"embeddable":true,"href":"https:\/\/meditapes.com\/es\/wp-json\/wp\/v2\/media\/387"}],"wp:attachment":[{"href":"https:\/\/meditapes.com\/es\/wp-json\/wp\/v2\/media?parent=386"}],"wp:term":[{"taxonomy":"product_brand","embeddable":true,"href":"https:\/\/meditapes.com\/es\/wp-json\/wp\/v2\/product_brand?post=386"},{"taxonomy":"product_cat","embeddable":true,"href":"https:\/\/meditapes.com\/es\/wp-json\/wp\/v2\/product_cat?post=386"},{"taxonomy":"product_tag","embeddable":true,"href":"https:\/\/meditapes.com\/es\/wp-json\/wp\/v2\/product_tag?post=386"}],"curies":[{"name":"WP","href":"https:\/\/api.w.org\/{rel}","templated":true}]}}