{"id":933,"date":"2025-12-28T14:43:09","date_gmt":"2025-12-28T14:43:09","guid":{"rendered":"https:\/\/meditapes.com\/?post_type=product&#038;p=933"},"modified":"2025-12-28T14:43:10","modified_gmt":"2025-12-28T14:43:10","slug":"medical-grade-nasal-strips","status":"publish","type":"product","link":"https:\/\/meditapes.com\/de\/produkt\/medical-grade-nasal-strips\/","title":{"rendered":"Medizinische Nasenpflaster in gro\u00dfen Mengen \u2013 medikamentenfreie Linderung bei Verstopfung"},"content":{"rendered":"<div class=\"product-description-container\">\n<h2>Nasenpflaster in medizinischer Qualit\u00e4t in Gro\u00dfmengen: Medikamentenfreie Linderung von Verstopfungen<\/h2>\n<p>Willkommen bei <strong>MediTapes<\/strong>, ein vertrauensw\u00fcrdiger globaler Hersteller, der sich der Bereitstellung hochwertiger Atemschutzl\u00f6sungen f\u00fcr den Medizin- und Gesundheitssektor verschrieben hat. Unsere <strong>Nasenpflaster in medizinischer Qualit\u00e4t in Gro\u00dfmengen<\/strong> sind so konzipiert, dass sie die strengen Standards von Krankenh\u00e4usern, Schlafkliniken und Apothekenketten erf\u00fcllen. In einer \u00c4ra, in der Patienten und Anbieter gleicherma\u00dfen nach wirksamen nicht-pharmakologischen Behandlungen suchen, bieten unsere Pflaster sofortige, <strong>medikamentenfreie Linderung<\/strong> von Nasenverstopfung, was sie zu einer unverzichtbaren Erg\u00e4nzung f\u00fcr jedes medizinische Inventar macht.<\/p>\n<p>Wir verstehen, dass medizinische Anbieter mehr als nur ein Produkt ben\u00f6tigen; sie ben\u00f6tigen Konsistenz, Sicherheit und Zuverl\u00e4ssigkeit. MediTapes \u00fcberzeugt an allen Fronten und bietet <strong>medizinische Nasenpflaster<\/strong> die sicher f\u00fcr die Anwendung neben oralen Medikamenten sind, f\u00fcr die Langzeittherapie geeignet und in gro\u00dfen Mengen als <strong>Gro\u00dfmengen-Nasenstreifen<\/strong> Konfigurationen erh\u00e4ltlich sind, um Ihren Beschaffungsprozess zu rationalisieren.<\/p>\n<h3>Der klinische Vorteil: Medikamentenfrei und sicher<\/h3>\n<p>Der Hauptvorteil unserer Nasenpflaster liegt in ihrer mechanischen Wirkungsweise. Im Gegensatz zu abschwellenden Sprays oder Tabletten, die den Blutdruck erh\u00f6hen oder Schl\u00e4frigkeit verursachen k\u00f6nnen, wirken unsere Pflaster physikalisch. Durch das Anhaften am Nasenr\u00fccken versuchen sich die patentierten Federb\u00e4nder zu begradigen und heben so sanft die flexiblen Nasenfl\u00fcgel an.<\/p>\n<p>Dieser Vorgang \u00f6ffnet die Nasenwege und verbessert den Luftstrom um bis zu 31 %. Dies macht unsere <strong>medikamentenfreie Linderung<\/strong> L\u00f6sung ideal f\u00fcr sensible Patientengruppen, einschlie\u00dflich:<\/p>\n<ul>\n<li>Schwangere Frauen, die an Schwangerschaftsschnupfen leiden.<\/li>\n<li>\u00c4ltere Patienten, die mehrere Medikamente einnehmen (Vermeidung von Wechselwirkungen).<\/li>\n<li>Patienten mit Bluthochdruck, die keine herk\u00f6mmlichen abschwellenden Mittel einnehmen k\u00f6nnen.<\/li>\n<\/ul>\n<h3>Hypoallergene Materialien f\u00fcr Patientenkomfort<\/h3>\n<p>In einem klinischen Umfeld ist die Hautsicherheit von gr\u00f6\u00dfter Bedeutung. MediTapes verwendet einen spezialisierten Klebstoff in medizinischer Qualit\u00e4t, der stark und dennoch sanft ist. Unsere <strong>hypoallergenen Nasenpflaster<\/strong> sind darauf ausgelegt, das Risiko von Kontaktdermatitis oder Hautirritationen selbst bei n\u00e4chtlicher Anwendung zu minimieren.<\/p>\n<p>Das por\u00f6se Vliesmaterial l\u00e4sst die Haut atmen und verhindert Feuchtigkeitsansammlungen unter dem Pflaster. Diese Beachtung der Materialwissenschaft stellt sicher, dass Sie, wenn Sie von uns beziehen, <strong>Gro\u00dfmengen-Nasenstreifen<\/strong> Ihren Endanwendern ein Produkt anbieten, das ebenso komfortabel wie effektiv ist.<\/p>\n<h3>Technische Spezifikationen und Parameter<\/h3>\n<p>Wir bieten pr\u00e4zise Abmessungen f\u00fcr verschiedene Patientengruppen an, von der P\u00e4diatrie bis hin zu Erwachsenen. Unsere Fertigungstoleranzen werden streng kontrolliert, um sicherzustellen, dass jedes Pflaster eine konsistente Leistung erbringt.<\/p>\n<table style=\"width: 100%; border-collapse: collapse; margin-bottom: 20px;\" border=\"1\">\n<tbody>\n<tr style=\"background-color: #f2f2f2;\">\n<td style=\"padding: 10px; border: 1px solid #ddd;\"><strong>Produktname<\/strong><\/td>\n<td style=\"padding: 10px; border: 1px solid #ddd;\">Medizinisches Nasenpflaster<\/td>\n<\/tr>\n<tr>\n<td style=\"padding: 10px; border: 1px solid #ddd;\"><strong>Materialzusammensetzung<\/strong><\/td>\n<td style=\"padding: 10px; border: 1px solid #ddd;\">Por\u00f6ses Vliesgewebe, medizinischer Haftklebstoff, PE-Federb\u00e4nder<\/td>\n<\/tr>\n<tr style=\"background-color: #f2f2f2;\">\n<td style=\"padding: 10px; border: 1px solid #ddd;\"><strong>Verf\u00fcgbare Ma\u00dfe (L\u00e4nge)<\/strong><\/td>\n<td style=\"padding: 10px; border: 1px solid #ddd;\">6,6 cm (Erwachsene gro\u00df) \/ 5,5 cm (Erwachsene Standard) \/ 6 cm (Universal)<\/td>\n<\/tr>\n<tr>\n<td style=\"padding: 10px; border: 1px solid #ddd;\"><strong>Verf\u00fcgbare Ma\u00dfe (Breite)<\/strong><\/td>\n<td style=\"padding: 10px; border: 1px solid #ddd;\">1,9 cm \/ 1,6 cm \/ 2,15 cm<\/td>\n<\/tr>\n<tr style=\"background-color: #f2f2f2;\">\n<td style=\"padding: 10px; border: 1px solid #ddd;\"><strong>Farboptionen<\/strong><\/td>\n<td style=\"padding: 10px; border: 1px solid #ddd;\">Hautfarben\/Beige (Standard f\u00fcr medizinische Zwecke), Transparent, kundenspezifische Farben verf\u00fcgbar<\/td>\n<\/tr>\n<tr>\n<td style=\"padding: 10px; border: 1px solid #ddd;\"><strong>Sterilit\u00e4t\/Verpackung<\/strong><\/td>\n<td style=\"padding: 10px; border: 1px solid #ddd;\">Nicht-steril; verpackt nach Kundenwunsch (Gro\u00dfkartons, klinische Spender)<\/td>\n<\/tr>\n<\/tbody>\n<\/table>\n<h3>Anwendungen im Gesundheitswesen<\/h3>\n<p>Unsere <strong>medizinische Nasenpflaster<\/strong> sind vielseitige Hilfsmittel, die in verschiedenen medizinischen Disziplinen eingesetzt werden:<\/p>\n<ul>\n<li><strong>Schlafmedizin:<\/strong> Wird zur Reduzierung der Lautst\u00e4rke und H\u00e4ufigkeit des Schnarchens sowie als Zusatztherapie bei leichter obstruktiver Schlafapnoe (OSA) verwendet.<\/li>\n<li><strong>HNO (Hals, Nase, Ohren):<\/strong> Verschrieben zur Linderung von Symptomen einer Nasenscheidewandverkr\u00fcmmung oder eines chronischen Nasenklappenkollapses.<\/li>\n<li><strong>Allgemeinmedizin:<\/strong> Empfohlen zur Linderung von Verstopfungen bei Erk\u00e4ltung, Grippe und Allergien.<\/li>\n<li><strong>Postoperative Versorgung:<\/strong> Wird gelegentlich zur Unterst\u00fctzung der Atmung nach einer Rhinoplastik verwendet (sobald die \u00e4u\u00dfere Heilung ausreichend fortgeschritten ist).<\/li>\n<\/ul>\n<h3>Warum Nasenpflaster in gro\u00dfen Mengen von MediTapes beziehen?<\/h3>\n<p>MediTapes zeichnet sich als erstklassiger Partner aus f\u00fcr <strong>Gro\u00dfh\u00e4ndler f\u00fcr Medizinprodukte<\/strong> und Beschaffungsabteilungen von Krankenh\u00e4usern durch:<\/p>\n<ol>\n<li><strong>Skalierbare Lieferkette:<\/strong> Ob Sie 10.000 Einheiten f\u00fcr eine lokale Klinik oder 1 Million Einheiten f\u00fcr eine nationale Apothekenkette ben\u00f6tigen, unsere Fabrikkapazit\u00e4t gew\u00e4hrleistet die rechtzeitige Lieferung von <strong>Gro\u00dfmengen-Nasenstreifen<\/strong>.<\/li>\n<li><strong>Flexible Verpackung:<\/strong> Wir verstehen, dass Krankenh\u00e4user andere Verpackungsanforderungen haben als Einzelhandelsgesch\u00e4fte. Wir bieten Verpackungen \u201cnach Kundenwunsch\u201d an, einschlie\u00dflich Bulk-Beuteln f\u00fcr Kosteneffizienz oder verkaufsfertigen Schachteln f\u00fcr Apothekenregale.<\/li>\n<li><strong>Einhaltung gesetzlicher Vorschriften:<\/strong> Wir halten uns an strenge Herstellungsprotokolle, um sicherzustellen, dass unsere <strong>hypoallergenen Nasenpflaster<\/strong> internationale Sicherheitsstandards erf\u00fcllen.<\/li>\n<\/ol>\n<h3>Arbeiten Sie mit uns zusammen f\u00fcr sicherere Atmungsl\u00f6sungen<\/h3>\n<p>Erweitern Sie Ihren medizinischen Lieferkatalog um ein Produkt, das die Lebensqualit\u00e4t der Patienten einfach und effektiv verbessert. MediTapes ist bereit, Ihr langfristiger Herstellungspartner f\u00fcr <strong>medikamentenfreie Linderung<\/strong> Produkte erhalten.<\/p>\n<p>Kontaktieren Sie noch heute unsere Abteilung f\u00fcr medizinischen Vertrieb, um Mengenpreise zu besprechen, technische Datenbl\u00e4tter anzufordern oder Muster zur Bewertung zu bestellen.<\/p>\n<p style=\"text-align: center; font-size: 1.2em; margin-top: 30px;\"><a style=\"background-color: #0056b3; color: #ffffff; padding: 15px 25px; text-decoration: none; border-radius: 5px;\" href=\"https:\/\/meditapes.com\/de\/kontaktieren-sie-uns\/\" target=\"_blank\" rel=\"noopener\"><strong>Angebot f\u00fcr medizinischen Gro\u00dfhandel anfordern<\/strong><\/a><\/p>\n<p style=\"text-align: center; margin-top: 20px;\">Oder kontaktieren Sie uns per E-Mail: <a href=\"mailto:info@meditapes.com\" target=\"_blank\" rel=\"noopener\">info@meditapes.com<\/a><\/p>\n<\/div>","protected":false},"excerpt":{"rendered":"<p>Sichern Sie sich eine sichere, medikamentenfreie Linderung von Verstopfungen mit unseren Nasenpflastern in medizinischer Qualit\u00e4t. Diese hypoallergenen Streifen heben die Nasenwege sanft an, um Schnarchen und Erk\u00e4ltungssymptome zu lindern. Eine vertrauensw\u00fcrdige Wahl f\u00fcr medizinische Anbieter, die gleichbleibende Qualit\u00e4t und flexible Gro\u00dfverpackungsoptionen ben\u00f6tigen.<\/p>","protected":false},"featured_media":934,"template":"","meta":[],"product_brand":[28],"product_cat":[27,758],"product_tag":[976,975,977,974],"class_list":{"0":"post-933","1":"product","2":"type-product","3":"status-publish","4":"has-post-thumbnail","6":"product_brand-meditapes","7":"product_cat-kinesiology-tapes","8":"product_cat-nasal-strip","9":"product_tag-bulk-nose-strips","10":"product_tag-drug-free-relief","11":"product_tag-hypoallergenic-nasal-strips","12":"product_tag-medical-nasal-strips","14":"first","15":"instock","16":"shipping-taxable","17":"product-type-simple"},"_links":{"self":[{"href":"https:\/\/meditapes.com\/de\/wp-json\/wp\/v2\/product\/933","targetHints":{"allow":["GET"]}}],"collection":[{"href":"https:\/\/meditapes.com\/de\/wp-json\/wp\/v2\/product"}],"about":[{"href":"https:\/\/meditapes.com\/de\/wp-json\/wp\/v2\/types\/product"}],"wp:featuredmedia":[{"embeddable":true,"href":"https:\/\/meditapes.com\/de\/wp-json\/wp\/v2\/media\/934"}],"wp:attachment":[{"href":"https:\/\/meditapes.com\/de\/wp-json\/wp\/v2\/media?parent=933"}],"wp:term":[{"taxonomy":"product_brand","embeddable":true,"href":"https:\/\/meditapes.com\/de\/wp-json\/wp\/v2\/product_brand?post=933"},{"taxonomy":"product_cat","embeddable":true,"href":"https:\/\/meditapes.com\/de\/wp-json\/wp\/v2\/product_cat?post=933"},{"taxonomy":"product_tag","embeddable":true,"href":"https:\/\/meditapes.com\/de\/wp-json\/wp\/v2\/product_tag?post=933"}],"curies":[{"name":"WP","href":"https:\/\/api.w.org\/{rel}","templated":true}]}}