{"id":927,"date":"2025-12-28T14:35:23","date_gmt":"2025-12-28T14:35:23","guid":{"rendered":"https:\/\/meditapes.com\/?post_type=product&#038;p=927"},"modified":"2025-12-28T14:35:24","modified_gmt":"2025-12-28T14:35:24","slug":"anti-schnarch-nasenpflaster-fur-den-groshandel","status":"publish","type":"product","link":"https:\/\/meditapes.com\/de\/product\/wholesale-anti-snoring-nasal-strips\/","title":{"rendered":"Anti-Schnarch-Nasenpflaster im Gro\u00dfhandel f\u00fcr bessere Atemerleichterung"},"content":{"rendered":"<div class=\"product-description-container\">\n<h2>Premium-Gro\u00dfhandel f\u00fcr Anti-Schnarch-Nasenpflaster f\u00fcr weltweite Distributoren<\/h2>\n<p>Willkommen bei <strong>MediTapes<\/strong>, Ihr vertrauensw\u00fcrdiger Partner f\u00fcr L\u00f6sungen im Bereich Atemwegspflege. In dem schnell wachsenden Markt f\u00fcr Schlafmittel und Atemwegsentlastung sind unsere <strong>Anti-Schnarch-Nasenpflaster im Gro\u00dfhandel<\/strong> zeichnen sich als erstklassige, medikamentenfreie L\u00f6sung aus. Entwickelt f\u00fcr Apothekenketten, Eigenmarken und medizinische Distributoren, diese Pflaster sind so konzipiert, dass sie sofortige <strong>nasale Entlastung<\/strong> durch mechanische Erweiterung der Naseng\u00e4nge bieten.<\/p>\n<p>Ganz gleich, ob Ihre Kunden unter n\u00e4chtlicher Verstopfung aufgrund von Erk\u00e4ltungen und Allergien leiden oder ob es sich um Sportler handelt, die ihre Sauerstoffaufnahme optimieren m\u00f6chten, unsere <strong>Besser-Atmen-Pflaster<\/strong> bieten ein nicht-invasives, sicheres und wirksames Heilmittel. Durch den Bezug von <strong>Nasenpflastern im Gro\u00dfhandel<\/strong> von MediTapes stellen Sie sicher, dass Ihr Inventar mit stark nachgefragten Produkten best\u00fcckt ist, die greifbare Ergebnisse liefern.<\/p>\n<h3>Wie unsere Nasenpflaster funktionieren: Die Wissenschaft des besseren Atmens<\/h3>\n<p>Im Gegensatz zu oralen Abschwellungsmitteln, die Schl\u00e4frigkeit oder Unruhe verursachen k\u00f6nnen, funktionieren unsere <strong>Anti-Schnarch-Pflaster<\/strong> rein auf mechanischer Basis. Jedes Pflaster enth\u00e4lt flexible, federartige Streifen. Wenn sie korrekt \u00fcber dem Nasenr\u00fccken angebracht werden, versuchen diese Streifen, in ihre urspr\u00fcngliche Form zur\u00fcckzukehren. Diese Wirkung hebt die Seiten der Nase sanft an, weitet die Nasenklappen und verbessert den Luftstrom erheblich.<\/p>\n<p>Dieser einfache, aber effektive Mechanismus macht sie zur idealen Wahl f\u00fcr <strong>nasale Entlastung<\/strong>. Sie reduzieren den Widerstand des Luftstroms in den Naseng\u00e4ngen, was eine Hauptursache f\u00fcr Schnarchen ist. Klinische Studien und Nutzerfeedback zeigen durchweg, dass die Verwendung von hochwertigen <strong>Nasenpflastern<\/strong> die Lautst\u00e4rke und H\u00e4ufigkeit des Schnarchens reduzieren kann, was zu einer besseren Schlafqualit\u00e4t f\u00fcr den Anwender und seinen Partner f\u00fchrt.<\/p>\n<h3>Produktspezifikationen und Parameter<\/h3>\n<p>Bei MediTapes wissen wir, dass eine Einheitsgr\u00f6\u00dfe nicht jedem passt. Wir bieten eine Vielzahl von Abmessungen und Farben an, um verschiedenen Zielgruppen gerecht zu werden, von Kindern bis hin zu Erwachsenen mit gr\u00f6\u00dferen Nasenstrukturen. Nachfolgend finden Sie die detaillierten Spezifikationen f\u00fcr unsere Gro\u00dfgebinde <strong>Nasenpflastern<\/strong>:<\/p>\n<table style=\"width: 100%; border-collapse: collapse; margin-bottom: 20px;\" border=\"1\">\n<tbody>\n<tr style=\"background-color: #f2f2f2;\">\n<td style=\"padding: 10px; border: 1px solid #ddd;\"><strong>Produktname<\/strong><\/td>\n<td style=\"padding: 10px; border: 1px solid #ddd;\">Nasenpflaster (Anti-Schnarch \/ Sport \/ Erleichterung)<\/td>\n<\/tr>\n<tr>\n<td style=\"padding: 10px; border: 1px solid #ddd;\"><strong>Verf\u00fcgbare Breiten<\/strong><\/td>\n<td style=\"padding: 10px; border: 1px solid #ddd;\">1,9 cm \/ 1,6 cm \/ 2,15 cm<\/td>\n<\/tr>\n<tr style=\"background-color: #f2f2f2;\">\n<td style=\"padding: 10px; border: 1px solid #ddd;\"><strong>Verf\u00fcgbare L\u00e4ngen<\/strong><\/td>\n<td style=\"padding: 10px; border: 1px solid #ddd;\">6,6 cm \/ 5,5 cm \/ 6 cm<\/td>\n<\/tr>\n<tr>\n<td style=\"padding: 10px; border: 1px solid #ddd;\"><strong>Farben<\/strong><\/td>\n<td style=\"padding: 10px; border: 1px solid #ddd;\">Hautfarben (Beige), Blau, Schwarz<\/td>\n<\/tr>\n<tr style=\"background-color: #f2f2f2;\">\n<td style=\"padding: 10px; border: 1px solid #ddd;\"><strong>Materialeigenschaften<\/strong><\/td>\n<td style=\"padding: 10px; border: 1px solid #ddd;\">Hypoallergener Klebstoff, por\u00f6ser Vliesstoff, PE-Folie<\/td>\n<\/tr>\n<tr>\n<td style=\"padding: 10px; border: 1px solid #ddd;\"><strong>Verpackungsoptionen<\/strong><\/td>\n<td style=\"padding: 10px; border: 1px solid #ddd;\">Vollst\u00e4ndig anpassbar nach Kundenw\u00fcnschen (Gro\u00dfpackungen, Einzelbeutel, Verkaufsverpackungen)<\/td>\n<\/tr>\n<\/tbody>\n<\/table>\n<h3>Hauptvorteile f\u00fcr Ihre Kunden<\/h3>\n<ul>\n<li><strong>Arzneimittelfreie L\u00f6sung:<\/strong> Sicher f\u00fcr die Anwendung neben anderen Medikamenten. Keine Nebenwirkungen wie Schwindel oder Schlaflosigkeit.<\/li>\n<li><strong>Vielseitige Anwendung:<\/strong> Perfekt zur Reduzierung von Schnarchen, zur Linderung von Verstopfungen durch eine Nasenscheidewandverkr\u00fcmmung oder zur Bew\u00e4ltigung von Allergiesymptomen.<\/li>\n<li><strong>Sportliche Leistungssteigerung:<\/strong> Viele Profisportler verwenden unsere <strong>Besser-Atmen-Pflaster<\/strong> um die Sauerstoffaufnahme bei intensiver k\u00f6rperlicher Aktivit\u00e4t zu maximieren.<\/li>\n<li><strong>Hoher Tragekomfort:<\/strong> Hergestellt aus atmungsaktiven Materialien und hautfreundlichem Klebstoff, der die ganze Nacht \u00fcber h\u00e4lt, sich aber schmerzfrei entfernen l\u00e4sst.<\/li>\n<\/ul>\n<h3>Warum MediTapes f\u00fcr den Gro\u00dfhandel mit Nasenpflastern w\u00e4hlen?<\/h3>\n<p>Als f\u00fchrender Hersteller widmet sich MediTapes der Qualit\u00e4t und Flexibilit\u00e4t. Wir verkaufen nicht nur Produkte, sondern bieten umfassende Lieferkettenl\u00f6sungen. Wenn Sie uns f\u00fcr Ihre <strong>Nasenpflastern im Gro\u00dfhandel<\/strong> Bedarfe entscheiden, profitieren Sie von:<\/p>\n<p><strong>1. OEM\/ODM-Anpassung:<\/strong> Wir verstehen die Kraft des Markenaufbaus. Wir k\u00f6nnen diese <strong>Anti-Schnarch-Pflaster<\/strong> in den von Ihnen angegebenen Farben (Hautfarben, Blau, Schwarz) herstellen und sie genau nach Ihren Designanforderungen verpacken. Ob Sie 10er-Verkaufsverpackungen oder Gro\u00dflieferungen zur Umverpackung ben\u00f6tigen, wir richten uns nach Ihren Bed\u00fcrfnissen.<\/p>\n<p><strong>2. Gleichbleibende Qualit\u00e4t:<\/strong> Unser Herstellungsprozess unterliegt strengen Qualit\u00e4tskontrollstandards. Wir stellen sicher, dass jede Charge von <strong>nasale Entlastung<\/strong> Streifen bieten eine gleichm\u00e4\u00dfige Haftung und Federkraft.<\/p>\n<p><strong>3. Wettbewerbsf\u00e4hige B2B-Preise:<\/strong> Durch den direkten Einkauf bei MediTapes schalten Sie den Zwischenhandel aus und sichern sich die bestm\u00f6gliche Marge f\u00fcr Ihre <strong>Besser-Atmen-Pflaster<\/strong>.<\/p>\n<h3>Zielm\u00e4rkte und Anwendungen<\/h3>\n<p>Unsere <strong>Nasenpflastern im Gro\u00dfhandel<\/strong> sind derzeit in verschiedenen Sektoren sehr gefragt:<\/p>\n<ul>\n<li><strong>Apotheken und Drogeriem\u00e4rkte:<\/strong> Ein Standard-OTC-Produkt f\u00fcr die Erk\u00e4ltungs- und Grippeabteilung.<\/li>\n<li><strong>Schlafkliniken:<\/strong> Empfohlen als nicht-invasive Erstbehandlung bei leichtem Schnarchen.<\/li>\n<li><strong>Sportfachhandel:<\/strong> Vermarktet f\u00fcr L\u00e4ufer, Radfahrer und Fitnessstudio-Besucher, die ihre Leistung steigern m\u00f6chten.<\/li>\n<li><strong>Online-Marktpl\u00e4tze (Amazon\/eBay):<\/strong> Ideal f\u00fcr Private-Label-Verk\u00e4ufer, die ein umsatzstarkes, leichtes Produkt suchen.<\/li>\n<\/ul>\n<h3>Kontaktieren Sie uns noch heute f\u00fcr ein Angebot<\/h3>\n<p>Bereit, Ihre Produktlinie mit dem Besten zu erweitern <strong>Anti-Schnarch-Pflaster<\/strong> auf dem Markt? Werden Sie noch heute Partner von MediTapes und stellen Sie sicher, dass Ihre Kunden das <strong>nasale Entlastung<\/strong> das sie verdienen.<\/p>\n<p>F\u00fcr Muster, Preise und Anpassungsoptionen besuchen Sie bitte unsere Kontaktseite oder senden Sie eine E-Mail direkt an unser Vertriebsteam.<\/p>\n<p style=\"text-align: center; font-size: 1.2em; margin-top: 30px;\"><a style=\"background-color: #0073aa; color: #ffffff; padding: 15px 25px; text-decoration: none; border-radius: 5px;\" href=\"https:\/\/meditapes.com\/de\/kontaktieren-sie-uns\/\" target=\"_blank\" rel=\"noopener\"><strong>Jetzt Angebot anfordern<\/strong><\/a><\/p>\n<p style=\"text-align: center; margin-top: 20px;\">Oder senden Sie uns eine E-Mail an: <a href=\"mailto:info@meditapes.com\" target=\"_blank\" rel=\"noopener\">info@meditapes.com<\/a><\/p>\n<\/div>","protected":false},"excerpt":{"rendered":"<p>Atmen Sie sofort besser mit unseren Premium-Anti-Schnarch-Nasenpflastern. Diese f\u00fcr maximalen Luftstrom konzipierten Pflaster bieten eine medikamentenfreie Linderung bei Verstopfung. Ideal f\u00fcr Apotheken und Schlafkliniken, die eine zuverl\u00e4ssige Gro\u00dfpackung an Nasenpflastern suchen. Anpassbare Gr\u00f6\u00dfen verf\u00fcgbar.<\/p>","protected":false},"featured_media":928,"template":"","meta":[],"product_brand":[28],"product_cat":[27,758],"product_tag":[845,965,963,964],"class_list":{"0":"post-927","1":"product","2":"type-product","3":"status-publish","4":"has-post-thumbnail","6":"product_brand-meditapes","7":"product_cat-kinesiology-tapes","8":"product_cat-nasal-strip","9":"product_tag-anti-snoring-strips","10":"product_tag-breathe-better-strips","11":"product_tag-nasal-relief","12":"product_tag-wholesale-nasal-strips","14":"first","15":"instock","16":"shipping-taxable","17":"product-type-simple"},"_links":{"self":[{"href":"https:\/\/meditapes.com\/de\/wp-json\/wp\/v2\/product\/927","targetHints":{"allow":["GET"]}}],"collection":[{"href":"https:\/\/meditapes.com\/de\/wp-json\/wp\/v2\/product"}],"about":[{"href":"https:\/\/meditapes.com\/de\/wp-json\/wp\/v2\/types\/product"}],"wp:featuredmedia":[{"embeddable":true,"href":"https:\/\/meditapes.com\/de\/wp-json\/wp\/v2\/media\/928"}],"wp:attachment":[{"href":"https:\/\/meditapes.com\/de\/wp-json\/wp\/v2\/media?parent=927"}],"wp:term":[{"taxonomy":"product_brand","embeddable":true,"href":"https:\/\/meditapes.com\/de\/wp-json\/wp\/v2\/product_brand?post=927"},{"taxonomy":"product_cat","embeddable":true,"href":"https:\/\/meditapes.com\/de\/wp-json\/wp\/v2\/product_cat?post=927"},{"taxonomy":"product_tag","embeddable":true,"href":"https:\/\/meditapes.com\/de\/wp-json\/wp\/v2\/product_tag?post=927"}],"curies":[{"name":"WP","href":"https:\/\/api.w.org\/{rel}","templated":true}]}}