{"id":919,"date":"2025-12-28T14:20:34","date_gmt":"2025-12-28T14:20:34","guid":{"rendered":"https:\/\/meditapes.com\/?post_type=product&#038;p=919"},"modified":"2025-12-28T14:20:36","modified_gmt":"2025-12-28T14:20:36","slug":"private-label-anti-wrinkle-face-tape","status":"publish","type":"product","link":"https:\/\/meditapes.com\/de\/produkt\/private-label-anti-wrinkle-face-tape\/","title":{"rendered":"Private-Label-Anti-Falten-Gesichtstape: Gl\u00e4ttungspatches f\u00fcr die Nacht"},"content":{"rendered":"<h1>Private-Label-Anti-Falten-Gesichtstape: Gl\u00e4ttungspatches f\u00fcr die Nacht<\/h1>\n<p>Willkommen bei <strong>MediTapes<\/strong>, die erste Adresse f\u00fcr hochwertige \u00e4sthetische Fertigung. Wir spezialisieren uns darauf, Beauty-Marken, Spas und Einzelh\u00e4ndler dabei zu unterst\u00fctzen, ihre eigenen erfolgreichen Produktlinien auf den Markt zu bringen. Unser Flaggschiff-Angebot, das <strong>Anti-Falten-Gesichtstape<\/strong>, wurde entwickelt, um die wachsende weltweite Nachfrage nach nicht-invasiven Anti-Aging-L\u00f6sungen zu bedienen. Wenn Sie nach einem zuverl\u00e4ssigen Partner f\u00fcr <strong>Private-Label-Hautpflege<\/strong>, verbessern unsere <strong>Overnight-Pflaster<\/strong> bieten die perfekte Kombination aus Wirksamkeit, Sicherheit und Marktf\u00e4higkeit.<\/p>\n<p>Als spezialisierter Hersteller versteht MediTapes, dass Ihre Kunden sichtbare Ergebnisse ohne chirurgischen Eingriff verlangen. Unsere <strong>Zornesfalten-Entferner<\/strong> Pflaster sind darauf ausgelegt, genau das zu liefern: die Gl\u00e4ttung der Haut, w\u00e4hrend Ihre Kunden schlafen.<\/p>\n<h2>Wie unser Anti-Falten-Gesichtstape funktioniert<\/h2>\n<p>Das Konzept hinter unserem <strong>Anti-Falten-Gesichtstape<\/strong> basiert auf bew\u00e4hrter mechanischer Wissenschaft. Gesichtsfalten, insbesondere Glabellafalten (Zornesfalten) und Kr\u00e4henf\u00fc\u00dfe, werden oft durch wiederholte Muskelbewegungen verursacht. Unsere Pflaster fungieren als Schiene f\u00fcr die Haut.<\/p>\n<p>Durch das Auftragen dieser <strong>Overnight-Pflaster<\/strong> vor dem Schlafengehen h\u00e4lt das Tape die Haut straff und schr\u00e4nkt die Kontraktion der Gesichtsmuskeln ein. Dieses \u201cMuskeltraining\u201d erm\u00f6glicht es der Haut, sich zu entspannen und ihre glatte Textur zur\u00fcckzugewinnen. Zus\u00e4tzlich bildet das Pflaster eine okklusive Schicht, die Feuchtigkeit einschlie\u00dft und den transepidermalen Wasserverlust verhindert. Dieser Feuchtigkeitsschub polstert die Haut auf und l\u00e4sst feine Linien bis zum Morgen deutlich weniger sichtbar werden.<\/p>\n<h2>Produktspezifikationen &amp; Parameter<\/h2>\n<p>Pr\u00e4zision ist der Schl\u00fcssel in der Fertigung. Unten aufgef\u00fchrt sind die Standardspezifikationen f\u00fcr unsere Gesichtspflaster. Als <strong>Private-Label-Hautpflege<\/strong> Experte bietet MediTapes vollst\u00e4ndige Anpassungsm\u00f6glichkeiten, aber unsere Standardvorlage ist sofort einsatzbereit.<\/p>\n<table style=\"border-collapse: collapse; width: 100%; border: 1px solid #e0e0e0; margin-bottom: 20px;\">\n<tbody>\n<tr style=\"background-color: #f7f7f7;\">\n<td style=\"padding: 15px; border: 1px solid #e0e0e0; width: 30%;\"><strong>Produktname<\/strong><\/td>\n<td style=\"padding: 15px; border: 1px solid #e0e0e0;\">Gesichtsfalten-Pflaster (Anti-Falten-Gesichtstape)<\/td>\n<\/tr>\n<tr>\n<td style=\"padding: 15px; border: 1px solid #e0e0e0;\"><strong>Abmessungen (Gr\u00f6\u00dfe)<\/strong><\/td>\n<td style=\"padding: 15px; border: 1px solid #e0e0e0;\">Breite: 9,5 cm<br \/>\nL\u00e4nge: 9,5 cm<\/td>\n<\/tr>\n<tr style=\"background-color: #f7f7f7;\">\n<td style=\"padding: 15px; border: 1px solid #e0e0e0;\"><strong>Farbe<\/strong><\/td>\n<td style=\"padding: 15px; border: 1px solid #e0e0e0;\">Hautfarben (Nude\/Beige) \u2013 Nat\u00fcrliches Aussehen f\u00fcr eine diskrete Anwendung.<\/td>\n<\/tr>\n<tr>\n<td style=\"padding: 15px; border: 1px solid #e0e0e0;\"><strong>Verpackung<\/strong><\/td>\n<td style=\"padding: 15px; border: 1px solid #e0e0e0;\"><strong>Gem\u00e4\u00df Kundenanforderungen<\/strong> (Wir unterst\u00fctzen individuelle Schachteln, Folienbeutel und Branding).<\/td>\n<\/tr>\n<tr style=\"background-color: #f7f7f7;\">\n<td style=\"padding: 15px; border: 1px solid #e0e0e0;\"><strong>Anwendung<\/strong><\/td>\n<td style=\"padding: 15px; border: 1px solid #e0e0e0;\">Stirn-, Wangen-, Hals- und Kinnpartien.<\/td>\n<\/tr>\n<\/tbody>\n<\/table>\n<h2>Warum MediTapes f\u00fcr Private-Label-Hautpflege w\u00e4hlen?<\/h2>\n<p>Im wettbewerbsintensiven Beauty-Markt ist es entscheidend, sich abzuheben. MediTapes ist nicht nur ein Lieferant; wir sind Ihr strategischer Partner beim Aufbau einer Marke. Unser <strong>Anti-Falten-Gesichtstape<\/strong> ist aus mehreren Gr\u00fcnden der ideale Kandidat f\u00fcr das Private Labeling:<\/p>\n<h3>1. Exzellente Anpassungsm\u00f6glichkeiten<\/h3>\n<p>W\u00e4hrend unsere Standard-Patch-Gr\u00f6\u00dfe vielseitige 9,5 cm x 9,5 cm betr\u00e4gt, wissen wir, dass unterschiedliche M\u00e4rkte unterschiedliche Bed\u00fcrfnisse haben. Ob Sie spezielle Stanzformen f\u00fcr die Augenpartie oder gro\u00dfe Streifen f\u00fcr den Hals ben\u00f6tigen, wir k\u00f6nnen die Werkzeuge an Ihre Vorstellungen anpassen. Vor allem ist unsere Verpackung vollst\u00e4ndig anpassbar. Von umweltfreundlichen Papierschachteln bis hin zu luxuri\u00f6sen Sachets verpacken wir <strong>gem\u00e4\u00df Kundenanforderungen<\/strong> um sicherzustellen, dass die \u00c4sthetik Ihrer Marke erhalten bleibt.<\/p>\n<h3>2. Bew\u00e4hrte \u201cZornesfalten-Entferner\u201d-Formel<\/h3>\n<p>Marketing ist einfacher, wenn das Produkt funktioniert. Unser Tape wurde speziell entwickelt, um ein wirksames <strong>Zornesfalten-Entferner<\/strong>. Der Klebstoff ist stark genug, um die ganze Nacht \u00fcber festen Halt zu bieten, aber sanft genug, um ohne Ziehen oder Reizen der empfindlichen Gesichtshaut entfernt zu werden. Dieses Gleichgewicht ist schwer zu erreichen, aber MediTapes hat es perfektioniert.<\/p>\n<h3>3. Sichere und hypoallergene Materialien<\/h3>\n<p>Sicherheit hat f\u00fcr uns oberste Priorit\u00e4t. Unsere <strong>Overnight-Pflaster<\/strong> bestehen aus atmungsaktiven, hypoallergenen Materialien, die f\u00fcr empfindliche Haut geeignet sind. Sie sind latexfrei und wurden getestet, um sicherzustellen, dass sie keine Unreinheiten verursachen, was sie zu einer sicheren Erg\u00e4nzung f\u00fcr jede Hautpflegeroutine macht.<\/p>\n<h2>Anwendungshinweise f\u00fcr Ihre Kunden<\/h2>\n<p>Um sicherzustellen, dass Ihre Kunden die besten Ergebnisse mit Ihrem Marken- <strong>Anti-Falten-Gesichtstape<\/strong>, empfehlen wir die folgende Gebrauchsanweisung:<\/p>\n<ul>\n<li><strong>Schritt 1:<\/strong> Reinigen und trocknen Sie das Gesicht gr\u00fcndlich. Das Pflaster haftet am besten auf Haut, die frei von schweren \u00d6len oder dicken Cremes ist.<\/li>\n<li><strong>Schritt 2:<\/strong> Ziehen Sie das Pflaster von der Schutzfolie ab.<\/li>\n<li><strong>Schritt 3:<\/strong> Gl\u00e4tten Sie mit einer Hand sanft die Haut, um die Falte zu ebnen (dehnen Sie die Haut nicht \u00fcberm\u00e4\u00dfig).<\/li>\n<li><strong>Schritt 4:<\/strong> Bringen Sie das Pflaster auf der gew\u00fcnschten Stelle an.<\/li>\n<li><strong>Schritt 5:<\/strong> \u00dcber Nacht einwirken lassen. Die <strong>Overnight-Pflaster<\/strong> wirken am besten, wenn sie 6\u20138 Stunden lang getragen werden.<\/li>\n<li><strong>Schritt 6:<\/strong> Entfernen Sie das Pflaster am Morgen vorsichtig, indem Sie es leicht anfeuchten oder langsam abziehen.<\/li>\n<\/ul>\n<h2>Werden Sie noch heute Partner von MediTapes<\/h2>\n<p>Sind Sie bereit, ein margenstarkes, gefragtes Beauty-Produkt auf den Markt zu bringen? Der Markt f\u00fcr nicht-invasive Anti-Aging-L\u00f6sungen boomt. Durch eine Partnerschaft mit MediTapes erhalten Sie Zugang zu einer erstklassigen Herstellung f\u00fcr <strong>Anti-Falten-Gesichtstape<\/strong> die Ihre Kunden immer wieder zur\u00fcckkommen l\u00e4sst.<\/p>\n<p>Wir bieten flexible Mindestbestellmengen (MOQs) f\u00fcr Start-ups und Mengenrabatte f\u00fcr etablierte Distributoren. Lassen Sie uns Ihnen helfen, das ultimative <strong>Private-Label-Hautpflege<\/strong> Linie.<\/p>\n<p><strong>Angebot einholen oder Muster anfordern:<\/strong><\/p>\n<p>Kontaktieren Sie unser engagiertes B2B-Vertriebsteam, um Ihre Verpackungsanforderungen und Preise zu besprechen.<\/p>\n<p style=\"text-align: center; margin-top: 30px;\"><a style=\"background-color: #2c3e50; color: #ffffff; padding: 15px 30px; text-decoration: none; font-weight: bold; border-radius: 5px;\" href=\"https:\/\/meditapes.com\/de\/kontaktieren-sie-uns\/\" target=\"_blank\" rel=\"noopener\">KONTAKTIEREN SIE UNS JETZT<\/a><\/p>\n<p style=\"text-align: center; margin-top: 20px;\">Oder senden Sie uns direkt eine E-Mail an: <a style=\"color: #2c3e50; font-weight: bold;\" href=\"mailto:info@meditapes.com\">info@meditapes.com<\/a><\/p>\n<p style=\"text-align: center; font-size: 0.9em; color: #666;\">Besuchen Sie unsere Website, um mehr \u00fcber unsere Fertigungskapazit\u00e4ten zu erfahren: <a href=\"https:\/\/meditapes.com\/de\/\" target=\"_blank\" rel=\"noopener\">www.meditapes.com<\/a><\/p>","protected":false},"excerpt":{"rendered":"<p>Erstellen Sie Ihre eigene Marke mit unserem Anti-Falten-Gesichtstape. Diese effektiven Gesichtsfalten-Pflaster zielen auf Zornesfalten und Kr\u00e4henf\u00fc\u00dfe ab, w\u00e4hrend Sie schlafen. Hergestellt aus hautfreundlichen Materialien, spenden sie Feuchtigkeit und straffen die Haut. Ideal f\u00fcr Private-Label-Hautpflegelinien, die nach nachgewiesenen Ergebnissen suchen.<\/p>","protected":false},"featured_media":920,"template":"","meta":[],"product_brand":[28],"product_cat":[27,757],"product_tag":[947,950,948,949],"class_list":{"0":"post-919","1":"product","2":"type-product","3":"status-publish","4":"has-post-thumbnail","6":"product_brand-meditapes","7":"product_cat-kinesiology-tapes","8":"product_cat-facial-wrinkle-patch","9":"product_tag-anti-wrinkle-face-tape","10":"product_tag-frown-line-remover","11":"product_tag-overnight-patches","12":"product_tag-private-label-skincare","14":"first","15":"instock","16":"shipping-taxable","17":"product-type-simple"},"_links":{"self":[{"href":"https:\/\/meditapes.com\/de\/wp-json\/wp\/v2\/product\/919","targetHints":{"allow":["GET"]}}],"collection":[{"href":"https:\/\/meditapes.com\/de\/wp-json\/wp\/v2\/product"}],"about":[{"href":"https:\/\/meditapes.com\/de\/wp-json\/wp\/v2\/types\/product"}],"wp:featuredmedia":[{"embeddable":true,"href":"https:\/\/meditapes.com\/de\/wp-json\/wp\/v2\/media\/920"}],"wp:attachment":[{"href":"https:\/\/meditapes.com\/de\/wp-json\/wp\/v2\/media?parent=919"}],"wp:term":[{"taxonomy":"product_brand","embeddable":true,"href":"https:\/\/meditapes.com\/de\/wp-json\/wp\/v2\/product_brand?post=919"},{"taxonomy":"product_cat","embeddable":true,"href":"https:\/\/meditapes.com\/de\/wp-json\/wp\/v2\/product_cat?post=919"},{"taxonomy":"product_tag","embeddable":true,"href":"https:\/\/meditapes.com\/de\/wp-json\/wp\/v2\/product_tag?post=919"}],"curies":[{"name":"WP","href":"https:\/\/api.w.org\/{rel}","templated":true}]}}