{"id":917,"date":"2025-12-28T14:15:34","date_gmt":"2025-12-28T14:15:34","guid":{"rendered":"https:\/\/meditapes.com\/?post_type=product&#038;p=917"},"modified":"2025-12-28T14:15:36","modified_gmt":"2025-12-28T14:15:36","slug":"wholesale-facial-wrinkle-patches","status":"publish","type":"product","link":"https:\/\/meditapes.com\/de\/produkt\/wholesale-facial-wrinkle-patches\/","title":{"rendered":"Gro\u00dfhandel Gesichtsfalten-Pflaster: Anti-Aging-Pads f\u00fcr glatte Haut in Gro\u00dfmengen"},"content":{"rendered":"<h1>Gro\u00dfhandel Gesichtsfalten-Pflaster: Anti-Aging-Pads f\u00fcr glatte Haut in Gro\u00dfmengen<\/h1>\n<p>Willkommen bei <strong>MediTapes<\/strong>, Ihr vertrauensw\u00fcrdiger Partner f\u00fcr \u00e4sthetische L\u00f6sungen in Profiqualit\u00e4t. Als f\u00fchrender Hersteller in der Sch\u00f6nheitsbranche sind wir stolz darauf, unser Flaggschiffprodukt vorzustellen: das <strong>Gesichtsfalten-Patch<\/strong>. Diese wurden f\u00fcr B2B-Distributoren, Sch\u00f6nheitssalons und Eigenmarken entwickelt und sind <strong>Anti-Aging-Pads<\/strong> bieten eine nicht-invasive, hochwirksame L\u00f6sung zur Bek\u00e4mpfung der Zeichen der Hautalterung.<\/p>\n<p>Egal, ob Sie Ihr <strong>Hautpflege-Gro\u00dfhandelssortiment<\/strong> erweitern oder Ihre eigene Marke f\u00fcr <strong>hautgl\u00e4ttende Pflaster<\/strong>, einf\u00fchren m\u00f6chten, unser Produkt liefert die Qualit\u00e4t und Best\u00e4ndigkeit, die Ihre Kunden verlangen.<\/p>\n<h2>Die Wissenschaft hinter dem Gesichtsfalten-Pflaster<\/h2>\n<p>Unsere <strong>Gesichtsfalten-Pflaster<\/strong> funktionieren nach einem wissenschaftlich belegten mechanischen Prinzip. Im Gegensatz zu Cremes, die nur die Oberfl\u00e4che behandeln, wirken diese Pflaster wie eine Schiene f\u00fcr die Gesichtsmuskulatur. Indem das Pflaster die Haut straff h\u00e4lt und verhindert, dass sich die Muskeln tief in die Dermisschichten zusammenziehen \u2013 insbesondere w\u00e4hrend des Schlafs \u2013, \u201ctrainiert\u201d es die Muskeln effektiv zur Entspannung. Dieser Prozess gl\u00e4ttet bestehende Mimikfalten und verhindert die Entstehung neuer Falten.<\/p>\n<p>Dar\u00fcber hinaus schafft das Pflaster eine okklusive Umgebung. Dieses Mikroklima zieht Feuchtigkeit aus den unteren Hautschichten an die Oberfl\u00e4che (das Stratum corneum), was zu einer tiefen Hydratisierung und einem prallen, verj\u00fcngten Aussehen am n\u00e4chsten Morgen f\u00fchrt.<\/p>\n<h2>Produktspezifikationen &amp; Parameter<\/h2>\n<p>Bei MediTapes glauben wir an Transparenz und Pr\u00e4zision. Nachfolgend finden Sie die spezifischen technischen Parameter f\u00fcr unser quadratisches Standard- <strong>Gesichtsfalten-Patch<\/strong>. Bitte beachten Sie, dass diese Spezifikationen f\u00fcr OEM-Auftr\u00e4ge angepasst werden k\u00f6nnen.<\/p>\n<table style=\"border-collapse: collapse; width: 100%; max-width: 600px; border: 1px solid #ddd;\">\n<tbody>\n<tr style=\"background-color: #f9f9f9;\">\n<td style=\"padding: 12px; border: 1px solid #ddd;\"><strong>Produktname<\/strong><\/td>\n<td style=\"padding: 12px; border: 1px solid #ddd;\">Gesichtsfalten-Pflaster (Anti-Aging-Gl\u00e4ttungspads)<\/td>\n<\/tr>\n<tr>\n<td style=\"padding: 12px; border: 1px solid #ddd;\"><strong>Abmessungen (Gr\u00f6\u00dfe)<\/strong><\/td>\n<td style=\"padding: 12px; border: 1px solid #ddd;\">Breite: 9,5 cm<br \/>\nL\u00e4nge: 9,5 cm<\/td>\n<\/tr>\n<tr style=\"background-color: #f9f9f9;\">\n<td style=\"padding: 12px; border: 1px solid #ddd;\"><strong>Farbe<\/strong><\/td>\n<td style=\"padding: 12px; border: 1px solid #ddd;\">Hautfarben (Nude\/Beige) \u2013 Entwickelt, um dezent mit dem Hautton zu verschmelzen.<\/td>\n<\/tr>\n<tr>\n<td style=\"padding: 12px; border: 1px solid #ddd;\"><strong>Verpackung<\/strong><\/td>\n<td style=\"padding: 12px; border: 1px solid #ddd;\"><strong>Gem\u00e4\u00df Kundenanforderungen<\/strong> (Gro\u00dfpackung, OPP-Beutel, Faltschachtel oder Eigenmarken-Anpassung).<\/td>\n<\/tr>\n<tr style=\"background-color: #f9f9f9;\">\n<td style=\"padding: 12px; border: 1px solid #ddd;\"><strong>Material<\/strong><\/td>\n<td style=\"padding: 12px; border: 1px solid #ddd;\">Hypoallergenes Material in medizinischer Qualit\u00e4t (sicher f\u00fcr empfindliche Haut).<\/td>\n<\/tr>\n<\/tbody>\n<\/table>\n<h2>Hauptvorteile unserer hautgl\u00e4ttenden Patches<\/h2>\n<ul>\n<li><strong>Nicht-invasive Alternative:<\/strong> Eine sichere Alternative zu Botox oder injizierbaren Fillern. Diese <strong>Anti-Aging-Pads<\/strong> gl\u00e4tten die Haut physisch ohne Nadeln oder Chemikalien.<\/li>\n<li><strong>Regeneration \u00fcber Nacht:<\/strong> Entwickelt f\u00fcr das Tragen w\u00e4hrend des Schlafs, um die Ruhezeit in eine aktive Sch\u00f6nheitsbehandlung zu verwandeln.<\/li>\n<li><strong>Gezielte Wirkung:<\/strong> Die Gr\u00f6\u00dfe von 9,5 cm x 9,5 cm ist vielseitig einsetzbar. Sie kann auf der Stirn zur Behandlung von Glabellafalten (Zornesfalten) verwendet oder in kleinere Streifen f\u00fcr Kr\u00e4henf\u00fc\u00dfe und Nasolabialfalten geschnitten werden.<\/li>\n<li><strong>Hypoallergene Haftung:<\/strong> Wir verwenden medizinischen Klebstoff, der stark genug ist, um die ganze Nacht \u00fcber zu halten, aber sanft genug, um ohne Irritationen entfernt zu werden.<\/li>\n<\/ul>\n<h2>Warum MediTapes f\u00fcr den Gro\u00dfhandel mit Hautpflegeprodukten w\u00e4hlen?<\/h2>\n<p>Die Beschaffung <strong>Gro\u00dfhandel f\u00fcr Gesichtsfalten-Patches<\/strong> erfordert einen Partner, der Fertigungsstandards und internationale Markttrends versteht. Hier erfahren Sie, warum MediTapes der bevorzugte Lieferant f\u00fcr globale Marken ist:<\/p>\n<h3>1. Anpassung und Eigenmarke (OEM\/ODM)<\/h3>\n<p>Wir wissen, dass das Branding entscheidend ist. W\u00e4hrend unser Standard <strong>Gesichtsfalten-Patch<\/strong> im quadratischen Format von 9,5 cm geliefert wird, bieten wir umfassende Anpassungsdienstleistungen an. Wir k\u00f6nnen Form, Gr\u00f6\u00dfe und Farbe an Ihre Markenidentit\u00e4t anpassen. Wichtiger noch, wie in unseren Produktparametern angegeben, die <strong>Verpackung erfolgt \u201cgem\u00e4\u00df den Kundenanforderungen\u201d.\u201d<\/strong> Ob Sie einen luxuri\u00f6sen Folienbeutel, eine minimalistische Papierschachtel oder eine Gro\u00dfverpackung f\u00fcr den professionellen Salongebrauch ben\u00f6tigen \u2013 wir k\u00f6nnen Ihre Anforderungen erf\u00fcllen.<\/p>\n<h3>2. Fertigung mit hoher Kapazit\u00e4t<\/h3>\n<p>Unsere Anlage ist darauf ausgelegt, Gro\u00dfauftr\u00e4ge mit kurzen Vorlaufzeiten abzuwickeln. Ganz gleich, ob Sie ein Startup sind, das eine Testbestellung mit niedriger Mindestbestellmenge (MOQ) sucht, oder ein gro\u00dfer Einzelh\u00e4ndler, der Containerladungen von <strong>hautgl\u00e4ttende Pflaster<\/strong>, ben\u00f6tigt, MediTapes garantiert gleichbleibende Qualit\u00e4t und termingerechte Lieferung.<\/p>\n<h3>3. Engagierter Support<\/h3>\n<p>Vom Moment Ihres Besuchs an <a href=\"https:\/\/meditapes.com\/de\/\" target=\"_blank\" rel=\"noopener\">meditapes.com<\/a> bis zur endg\u00fcltigen Lieferung Ihrer Waren steht Ihnen unser Team zur Seite. Wir unterst\u00fctzen Sie bei Design, Logistik und Exportdokumentation, um eine reibungslose Abwicklung zu gew\u00e4hrleisten.<\/p>\n<h2>Anwendungshinweise<\/h2>\n<p>Um die besten Ergebnisse mit den <strong>Gesichtsfalten-Patch<\/strong>, zu erzielen, empfehlen wir Ihnen, Ihren Endkunden die folgenden Schritte zu raten:<\/p>\n<ol>\n<li>Reinigen Sie das Gesicht gr\u00fcndlich und trocknen Sie es vollst\u00e4ndig ab. Das Pflaster haftet am besten auf sauberer, trockener Haut, die frei von schweren \u00d6len ist.<\/li>\n<li>Ziehen Sie das Pflaster von der Schutzfolie ab.<\/li>\n<li>Gl\u00e4tten Sie den Zielbereich (z. B. die Stirn) vorsichtig mit den Fingern, um die Falte zu ebnen.<\/li>\n<li>Bringen Sie das Pflaster auf der gegl\u00e4tteten Haut an. Dehnen Sie das Pflaster nicht; lassen Sie es nat\u00fcrlich aufliegen.<\/li>\n<li>\u00dcber Nacht tragen (6\u20138 Stunden empfohlen).<\/li>\n<li>Entfernen Sie das Pflaster am Morgen vorsichtig, indem Sie die Haut straff halten und es langsam abziehen.<\/li>\n<\/ol>\n<h2>Kontaktieren Sie uns noch heute f\u00fcr ein Angebot<\/h2>\n<p>Bereit, Ihre Produktlinie mit gefragten <strong>Gesichtsfalten-Pflaster<\/strong>aufzuwerten? Verpassen Sie nicht den boomenden Markt f\u00fcr nicht-chirurgische Anti-Aging-L\u00f6sungen.<\/p>\n<p>F\u00fcr Preise, Muster oder um Ihre Private-Label-Anforderungen zu besprechen, wenden Sie sich bitte direkt an unser Verkaufsteam.<\/p>\n<p><strong>E-Mail an uns:<\/strong> <a href=\"mailto:info@meditapes.com\">info@meditapes.com<\/a><br \/>\n<strong>Besuchen Sie unsere Kontaktseite:<\/strong> <a href=\"https:\/\/meditapes.com\/de\/kontaktieren-sie-uns\/\" target=\"_blank\" rel=\"noopener\">Klicken Sie hier, um ein Angebot anzufordern<\/a><\/p>\n<p>W\u00e4hlen Sie <strong>MediTapes<\/strong> \u2013 Ihr Experten-Hersteller f\u00fcr <strong>Hautpflege-Gro\u00dfhandelssortiment<\/strong> und <strong>Anti-Aging-Pads<\/strong>.<\/p>","protected":false},"excerpt":{"rendered":"<p>Suchen Sie nach hochwertigen Gesichtsfalten-Pflastern? Unsere Pflaster gl\u00e4tten feine Linien und Falten \u00fcber Nacht. Diese Anti-Aging-Hautpads wurden f\u00fcr Stirn- und Gesichtspartien entwickelt und bieten eine nicht-invasive L\u00f6sung. Erh\u00e4ltlich in gro\u00dfen Mengen mit individuellen Verpackungsoptionen f\u00fcr Ihre Marke.<\/p>","protected":false},"featured_media":918,"template":"","meta":[],"product_brand":[28],"product_cat":[27,757],"product_tag":[944,943,945,946],"class_list":{"0":"post-917","1":"product","2":"type-product","3":"status-publish","4":"has-post-thumbnail","6":"product_brand-meditapes","7":"product_cat-kinesiology-tapes","8":"product_cat-facial-wrinkle-patch","9":"product_tag-anti-aging-pads","10":"product_tag-facial-wrinkle-patch","11":"product_tag-skin-smoothing-patches","12":"product_tag-wholesale-skincare","14":"first","15":"instock","16":"shipping-taxable","17":"product-type-simple"},"_links":{"self":[{"href":"https:\/\/meditapes.com\/de\/wp-json\/wp\/v2\/product\/917","targetHints":{"allow":["GET"]}}],"collection":[{"href":"https:\/\/meditapes.com\/de\/wp-json\/wp\/v2\/product"}],"about":[{"href":"https:\/\/meditapes.com\/de\/wp-json\/wp\/v2\/types\/product"}],"wp:featuredmedia":[{"embeddable":true,"href":"https:\/\/meditapes.com\/de\/wp-json\/wp\/v2\/media\/918"}],"wp:attachment":[{"href":"https:\/\/meditapes.com\/de\/wp-json\/wp\/v2\/media?parent=917"}],"wp:term":[{"taxonomy":"product_brand","embeddable":true,"href":"https:\/\/meditapes.com\/de\/wp-json\/wp\/v2\/product_brand?post=917"},{"taxonomy":"product_cat","embeddable":true,"href":"https:\/\/meditapes.com\/de\/wp-json\/wp\/v2\/product_cat?post=917"},{"taxonomy":"product_tag","embeddable":true,"href":"https:\/\/meditapes.com\/de\/wp-json\/wp\/v2\/product_tag?post=917"}],"curies":[{"name":"WP","href":"https:\/\/api.w.org\/{rel}","templated":true}]}}