{"id":909,"date":"2025-12-28T13:59:31","date_gmt":"2025-12-28T13:59:31","guid":{"rendered":"https:\/\/meditapes.com\/?post_type=product&#038;p=909"},"modified":"2025-12-28T13:59:32","modified_gmt":"2025-12-28T13:59:32","slug":"custom-cross-kinesiology-tape","status":"publish","type":"product","link":"https:\/\/meditapes.com\/de\/produkt\/custom-cross-kinesiology-tape\/","title":{"rendered":"Individuelles Cross-Kinesiologie-Gittertape f\u00fcr die Regeneration beim Sport \u2013 Eigenmarke"},"content":{"rendered":"<p><!-- Product Introduction --><\/p>\n<h2>Ma\u00dfgeschneidertes Cross-Kinesiologie-Tape Gittertape f\u00fcr die sportliche Erholung \u2013 Ihr Private-Label-Partner<\/h2>\n<p>Willkommen bei <strong>MediTapes<\/strong>, der branchenf\u00fchrende Hersteller f\u00fcr sportmedizinische L\u00f6sungen. Wir sind stolz darauf, unser erstklassiges <strong>ma\u00dfgeschneidertes Cross-Kinesiologie-Tape<\/strong>, anzubieten, das speziell f\u00fcr Marken entwickelt wurde, die ihr Portfolio im Bereich der sportlichen Erholung erweitern m\u00f6chten. Auch bekannt als <strong>Gittertape<\/strong>, ist dieses innovative Produkt ein medikamentenfreies, gitterf\u00f6rmiges Tape, das f\u00fcr Athleten, die eine schnelle Erholung und Schmerzbehandlung ohne chemische Intervention suchen, unverzichtbar geworden ist.<\/p>\n<p>Bei MediTapes verstehen wir, dass Ihre Markenidentit\u00e4t von entscheidender Bedeutung ist. Deshalb haben wir uns auf <strong>Private-Label-Tape-<\/strong> Services spezialisiert und bieten Ihnen voll anpassbare <strong>OEM-Kinesiologie-Tape<\/strong> L\u00f6sungen an. Egal, ob Sie Fitnessstudios, Physiotherapiepraxen oder Sportgesch\u00e4fte beliefern, unsere Direktvertriebskapazit\u00e4ten ab Werk stellen sicher, dass Sie ein hochwertiges Produkt erhalten, das Ihr einzigartiges Branding tr\u00e4gt.<\/p>\n<p><!-- Mechanism of Action --><\/p>\n<h3>Warum sollten Sie sich f\u00fcr Gittertape zur sportlichen Erholung entscheiden?<\/h3>\n<p><strong>Cross-Kinesiologie-Tape<\/strong> funktioniert nach einem anderen Prinzip als herk\u00f6mmliche elastische therapeutische Tapes. Es wird direkt auf Triggerpunkte, Akupunkturpunkte oder Bereiche mit hoher Muskelspannung aufgetragen. Das Gittermuster ist darauf ausgelegt, das bioelektrische Gleichgewicht des K\u00f6rpers wiederherzustellen und die Haut mikroskopisch anzuheben. F\u00fcr Ihre Kunden, die sich auf <strong>Sport-Erholungstape<\/strong>, konzentrieren, umfassen die Vorteile:<\/p>\n<ul>\n<li><strong>Gezielte Schmerzlinderung:<\/strong> Behandelt effektiv lokale Schmerzpunkte und Muskelknoten.<\/li>\n<li><strong>Verbesserte Mobilit\u00e4t:<\/strong> Lindert Verspannungen, ohne den Bewegungsspielraum einzuschr\u00e4nken, und ist damit ideal f\u00fcr aktive Athleten.<\/li>\n<li><strong>Nicht-invasive Therapie:<\/strong> Eine wirkstofffreie L\u00f6sung, die die nat\u00fcrlichen Heilungsprozesse des K\u00f6rpers unterst\u00fctzt.<\/li>\n<li><strong>Wasserbest\u00e4ndige Haltbarkeit:<\/strong> Unser hochwertiger Klebstoff sorgt daf\u00fcr, dass das Tape auch bei intensiven Trainingseinheiten, beim Schwitzen und beim Duschen h\u00e4lt.<\/li>\n<\/ul>\n<p><!-- Product Parameters Table --><\/p>\n<h3>Produktspezifikationen &amp; Anpassungsm\u00f6glichkeiten<\/h3>\n<p>Als professioneller OEM-Hersteller bieten wir eine breite Palette an Spezifikationen an, um den unterschiedlichen Marktanforderungen gerecht zu werden. Nachfolgend finden Sie die technischen Standardparameter f\u00fcr unsere <strong>Cross-Kinesiologie-Tape<\/strong> B\u00f6gen:<\/p>\n<table style=\"border-collapse: collapse; width: 100%; margin-bottom: 20px;\" border=\"1\">\n<tbody>\n<tr style=\"background-color: #f2f2f2;\">\n<td style=\"padding: 10px; width: 35%;\"><strong>Produktname<\/strong><\/td>\n<td style=\"padding: 10px;\"><strong>Individuelles Cross-Kinesiologie-Tape (Cross-Tape)<\/strong><\/td>\n<\/tr>\n<tr>\n<td style=\"padding: 10px;\"><strong>Material<\/strong><\/td>\n<td style=\"padding: 10px;\">Polyester\/Baumwoll-Mischgewebe mit Acrylkleber<\/td>\n<\/tr>\n<tr style=\"background-color: #f2f2f2;\">\n<td style=\"padding: 10px;\"><strong>Optionen f\u00fcr die Bogenbreite<\/strong><\/td>\n<td style=\"padding: 10px;\">5,8 cm \/ 6,2 cm \/ 7,4 cm \/ 7,8 cm<\/td>\n<\/tr>\n<tr>\n<td style=\"padding: 10px;\"><strong>Optionen f\u00fcr die Bogenl\u00e4nge<\/strong><\/td>\n<td style=\"padding: 10px;\">9,7 cm \/ 9,9 cm \/ 9,8 cm<\/td>\n<\/tr>\n<tr style=\"background-color: #f2f2f2;\">\n<td style=\"padding: 10px;\"><strong>Verf\u00fcgbare Farben<\/strong><\/td>\n<td style=\"padding: 10px;\">Hautfarben (Beige), Pink, Blau, Rot, Wei\u00df<\/td>\n<\/tr>\n<tr>\n<td style=\"padding: 10px;\"><strong>Gittergr\u00f6\u00dfen (Typen)<\/strong><\/td>\n<td style=\"padding: 10px;\">Typ A (Klein), Typ B (Mittel), Typ C (Gro\u00df) \u2013 pro Bogen anpassbar<\/td>\n<\/tr>\n<tr style=\"background-color: #f2f2f2;\">\n<td style=\"padding: 10px;\"><strong>Verpackungsservice<\/strong><\/td>\n<td style=\"padding: 10px;\">Verpackung: Nach Kundenwunsch (Individuelle Schachteln, Blisterpackungen, Gro\u00dfgebinde)<\/td>\n<\/tr>\n<\/tbody>\n<\/table>\n<p><!-- Private Label Services --><\/p>\n<h3>Umfassende Private-Label-Tape-Services<\/h3>\n<p>Der Aufbau einer Marke erfordert mehr als nur ein Produkt; er erfordert eine Pr\u00e4sentation, die Ihre Zielgruppe anspricht. MediTapes bietet durchgehende <strong>OEM-Kinesiologie-Tape<\/strong> Unterst\u00fctzung:<\/p>\n<ul>\n<li><strong>Individuelles Verpackungsdesign:<\/strong> Wir k\u00f6nnen verkaufsfertige Schachteln mit Ihrem Logo, Ihren Markenfarben und Anleitungstexten in mehreren Sprachen produzieren.<\/li>\n<li><strong>Bedruckung des Tr\u00e4gerpapiers:<\/strong> Erh\u00f6hen Sie die Markensichtbarkeit, indem Sie Ihr Logo direkt auf das Tr\u00e4gerpapier der Tape-B\u00f6gen drucken.<\/li>\n<li><strong>Flexible Farbauswahl:<\/strong> Kombinieren Sie Farben wie Pink, Blau und Rot, um attraktive Sortimentpackungen f\u00fcr den Einzelhandel zu erstellen.<\/li>\n<li><strong>Optionen mit geringen Mindestbestellmengen (MOQ):<\/strong> Wir arbeiten mit Unternehmen aller Gr\u00f6\u00dfen zusammen, um skalierbare Fertigungsl\u00f6sungen anzubieten.<\/li>\n<\/ul>\n<p><!-- Quality Assurance --><\/p>\n<h3>Warum eine Partnerschaft mit MediTapes?<\/h3>\n<p>Qualit\u00e4t ist die Grundlage von <strong>Sport-Erholungstape<\/strong>. Athleten verlangen Zuverl\u00e4ssigkeit, und unser Herstellungsprozess gew\u00e4hrleistet Konsistenz in jeder Charge. Unser <strong>Gittertape<\/strong> wird mit hypoallergenem, latexfreiem medizinischem Acrylkleber hergestellt, der die Sicherheit f\u00fcr empfindliche Haut gew\u00e4hrleistet und gleichzeitig stark genug ist, um intensiver sportlicher Aktivit\u00e4t standzuhalten.<\/p>\n<p>Wenn Sie sich f\u00fcr MediTapes als Ihren Lieferanten entscheiden, w\u00e4hlen Sie einen Fabrikpartner, der sich zum Ziel gesetzt hat, Ihr Unternehmen durch erstklassige Produktqualit\u00e4t und zuverl\u00e4ssiges Supply-Chain-Management beim Wachstum zu unterst\u00fctzen.<\/p>\n<p><!-- CTA Section --><\/p>\n<p style=\"text-align: center; font-size: 1.2em; margin-top: 30px;\"><strong>Sind Sie bereit, Ihre eigene Marke f\u00fcr Cross-Kinesiology-Tape auf den Markt zu bringen?<\/strong><br \/>\n<a style=\"color: #ffffff; background-color: #d32f2f; padding: 10px 20px; text-decoration: none; border-radius: 5px; display: inline-block; margin-top: 10px;\" href=\"https:\/\/meditapes.com\/de\/kontaktieren-sie-uns\/\" target=\"_blank\" rel=\"noopener\"><strong>Angebot f\u00fcr Private Label anfordern<\/strong><\/a><\/p>\n<p style=\"text-align: center; margin-top: 20px;\">Entdecken Sie unser gesamtes Produktsortiment unter <a href=\"https:\/\/meditapes.com\/de\/\" target=\"_blank\" rel=\"noopener\">https:\/\/meditapes.com\/<\/a> oder kontaktieren Sie unser Vertriebsteam direkt unter <a href=\"mailto:info@meditapes.com\">info@meditapes.com<\/a> um Ihre individuellen Anforderungen zu besprechen.<\/p>","protected":false},"excerpt":{"rendered":"<p>St\u00e4rken Sie Ihre Marke mit unserem ma\u00dfgeschneiderten Cross-Tape. Dieses f\u00fcr die sportliche Erholung konzipierte Gittertape hilft dabei, Muskeln und Gelenke auszubalancieren. Wir bieten umfassende Private-Label-Services f\u00fcr Cross-Kinesiologie-Tape an, einschlie\u00dflich individueller Verpackungen und Farben (Hautfarben, Pink, Blau). Ideal f\u00fcr Sportmarken, die OEM-L\u00f6sungen suchen.<\/p>","protected":false},"featured_media":910,"template":"","meta":[],"product_brand":[28],"product_cat":[27,756],"product_tag":[927,928,762,89,929],"class_list":{"0":"post-909","1":"product","2":"type-product","3":"status-publish","4":"has-post-thumbnail","6":"product_brand-meditapes","7":"product_cat-kinesiology-tapes","8":"product_cat-cross-tape","9":"product_tag-cross-kinesiology-tape","10":"product_tag-grid-tape","11":"product_tag-oem-kinesiology-tape","12":"product_tag-private-label-tape","13":"product_tag-sports-recovery-tape","15":"first","16":"instock","17":"shipping-taxable","18":"product-type-simple"},"_links":{"self":[{"href":"https:\/\/meditapes.com\/de\/wp-json\/wp\/v2\/product\/909","targetHints":{"allow":["GET"]}}],"collection":[{"href":"https:\/\/meditapes.com\/de\/wp-json\/wp\/v2\/product"}],"about":[{"href":"https:\/\/meditapes.com\/de\/wp-json\/wp\/v2\/types\/product"}],"wp:featuredmedia":[{"embeddable":true,"href":"https:\/\/meditapes.com\/de\/wp-json\/wp\/v2\/media\/910"}],"wp:attachment":[{"href":"https:\/\/meditapes.com\/de\/wp-json\/wp\/v2\/media?parent=909"}],"wp:term":[{"taxonomy":"product_brand","embeddable":true,"href":"https:\/\/meditapes.com\/de\/wp-json\/wp\/v2\/product_brand?post=909"},{"taxonomy":"product_cat","embeddable":true,"href":"https:\/\/meditapes.com\/de\/wp-json\/wp\/v2\/product_cat?post=909"},{"taxonomy":"product_tag","embeddable":true,"href":"https:\/\/meditapes.com\/de\/wp-json\/wp\/v2\/product_tag?post=909"}],"curies":[{"name":"WP","href":"https:\/\/api.w.org\/{rel}","templated":true}]}}