{"id":888,"date":"2025-12-27T14:55:47","date_gmt":"2025-12-27T14:55:47","guid":{"rendered":"https:\/\/meditapes.com\/?post_type=product&#038;p=888"},"modified":"2025-12-27T14:55:49","modified_gmt":"2025-12-27T14:55:49","slug":"hypoallergenic-face-lifting-tape","status":"publish","type":"product","link":"https:\/\/meditapes.com\/de\/produkt\/hypoallergenic-face-lifting-tape\/","title":{"rendered":"Hypoallergene Gesichts-Lifting-Tape-Rolle 2,5 cm \u2013 Private-Label-Beauty-Tape"},"content":{"rendered":"<h2>Premium hypoallergenes Facelifting-Tape f\u00fcr professionelle Sch\u00f6nheitsergebnisse<\/h2>\n<p>Willkommen bei <strong>MediTapes<\/strong>, der Branchenf\u00fchrer f\u00fcr nicht-invasive \u00e4sthetische L\u00f6sungen. Wir sind stolz darauf, unser charakteristisches <strong>Hypoallergene Facelifting-Tape-Rolle 2,5 cm<\/strong>, ein revolution\u00e4res Produkt, das entwickelt wurde, um die weltweit wachsende Nachfrage nach sofortigen Anti-Aging- und Konturierungswerkzeugen zu bedienen. Als spezialisierter Hersteller bieten wir dieses Hochleistungsprodukt <strong>Beauty-Tape<\/strong> Gro\u00dfh\u00e4ndlern, Markeninhabern und Kliniken an, die nach sicheren, wirksamen und anpassbaren Produkten suchen.<\/p>\n<p>Unsere <strong>Facelifting-Tape<\/strong> ist darauf ausgelegt, erschlaffte Haut mechanisch anzuheben, Falten zu gl\u00e4tten und die Gesichtsdefinition sofort zu verbessern. Im Gegensatz zu invasiven chirurgischen Eingriffen bietet dieses Tape eine physikalische L\u00f6sung, die die Gesichtsmuskulatur trainiert und den Lymphabfluss verbessert. Ganz gleich, ob Ihre Kunden eine definierte Kinnpartie oder einen glatteren Hals suchen, unser <strong>Halslifting-Tape<\/strong> bietet eine diskrete und komfortable L\u00f6sung, die f\u00fcr alle Hauttypen, einschlie\u00dflich empfindlicher Haut, geeignet ist.<\/p>\n<h3>Produktspezifikationen<\/h3>\n<p>Unser auf Vielseitigkeit und Sicherheit ausgelegtes Tape erf\u00fcllt strenge internationale Qualit\u00e4tsstandards. Nachfolgend finden Sie die detaillierten technischen Parameter:<\/p>\n<table style=\"width: 100%; border-collapse: collapse; margin-bottom: 25px;\" border=\"1\">\n<tbody>\n<tr style=\"height: 35px;\">\n<td style=\"width: 30%; padding: 10px; background-color: #f9f9f9;\"><strong>Produktname<\/strong><\/td>\n<td style=\"width: 70%; padding: 10px;\">Hypoallergenes Facelifting-Tape (Beauty Tape)<\/td>\n<\/tr>\n<tr style=\"height: 35px;\">\n<td style=\"padding: 10px; background-color: #f9f9f9;\"><strong>Breitenoptionen<\/strong><\/td>\n<td style=\"padding: 10px;\">1 cm \/ 2,5 cm (Pr\u00e4zisionsschnitt f\u00fcr Gesichtskonturen)<\/td>\n<\/tr>\n<tr style=\"height: 35px;\">\n<td style=\"padding: 10px; background-color: #f9f9f9;\"><strong>L\u00e4nge<\/strong><\/td>\n<td style=\"padding: 10px;\">5 m pro Rolle (Wirtschaftliches Rollenformat)<\/td>\n<\/tr>\n<tr style=\"height: 35px;\">\n<td style=\"padding: 10px; background-color: #f9f9f9;\"><strong>Farbpalette<\/strong><\/td>\n<td style=\"padding: 10px;\">Hautfarben (Beige), Blau, Rosa, Schwarz usw.<\/td>\n<\/tr>\n<tr style=\"height: 35px;\">\n<td style=\"padding: 10px; background-color: #f9f9f9;\"><strong>Materialzusammensetzung<\/strong><\/td>\n<td style=\"padding: 10px;\">Premium-Baumwolle mit elastischer Spandexfaser<\/td>\n<\/tr>\n<tr style=\"height: 35px;\">\n<td style=\"padding: 10px; background-color: #f9f9f9;\"><strong>Klebstofftyp<\/strong><\/td>\n<td style=\"padding: 10px;\">Medizinischer, latexfreier, hypoallergener Klebstoff<\/td>\n<\/tr>\n<tr style=\"height: 35px;\">\n<td style=\"padding: 10px; background-color: #f9f9f9;\"><strong>Verpackung<\/strong><\/td>\n<td style=\"padding: 10px;\">Anpassbar (Private Label \/ OEM-Unterst\u00fctzung)<\/td>\n<\/tr>\n<\/tbody>\n<\/table>\n<h3>Warum unser hypoallergenes Gesichtstape herausragt<\/h3>\n<p>In dem wettbewerbsintensiven Sch\u00f6nheitsmarkt ist Sicherheit von h\u00f6chster Bedeutung. Unser Produkt wird speziell vermarktet als <strong>Hypoallergenes Gesichtstape<\/strong> da wir einen sanften Acrylatkleber in medizinischer Qualit\u00e4t verwenden. Dies stellt sicher, dass das Tape stundenlang \u2013 oder sogar \u00fcber Nacht \u2013 fest an seinem Platz bleibt, ohne R\u00f6tungen, Juckreiz oder allergische Reaktionen hervorzurufen. Dies macht es zur idealen Wahl <strong>Beauty-Tape<\/strong> f\u00fcr Kunden mit empfindlicher Gesichtshaut, die herk\u00f6mmliche Kinesiologie-Tapes nicht vertragen.<\/p>\n<h4>Hauptvorteile f\u00fcr Ihre Kunden:<\/h4>\n<ul>\n<li><strong>Sofortiger Lifting-Effekt:<\/strong> Liftet effektiv die Faszienschicht und reduziert das Erscheinungsbild von Nasolabialfalten und Schlupflidern.<\/li>\n<li><strong>Atmungsaktives Design:<\/strong> Das Baumwollgewebe verf\u00fcgt \u00fcber einen wellenf\u00f6rmigen Kleber, der Luft und Feuchtigkeit durchl\u00e4sst und so Schwei\u00dfansammlungen verhindert.<\/li>\n<li><strong>Nahtlose Anwendung:<\/strong> Die Breite von 2,5 cm ist perfekt f\u00fcr gr\u00f6\u00dfere Bereiche wie Hals und Kiefer geeignet, w\u00e4hrend die Breite von 1 cm Pr\u00e4zision f\u00fcr die Augenpartie bietet.<\/li>\n<li><strong>Vielseitige Farben:<\/strong> Erh\u00e4ltlich in Hautfarben f\u00fcr Unsichtbarkeit oder in leuchtendem Blau\/Rosa\/Schwarz f\u00fcr Anleitungsvideos und Social-Media-Content-Ersteller.<\/li>\n<\/ul>\n<h3>Die ultimative Neck-Lift-Tape-L\u00f6sung<\/h3>\n<p>Eine der beliebtesten Anwendungen f\u00fcr unser Produkt ist die als <strong>Halslifting-Tape<\/strong>. Der Hals ist oft der erste Bereich, der Anzeichen von Hautalterung zeigt, wie z. B. \u201cTech-Neck\u201d-Falten oder schlaffe Haut. Durch vertikales Auftragen unseres speziellen Tapes entlang der Halsmuskulatur (Platysma) k\u00f6nnen Anwender die Durchblutung anregen und strukturelle Unterst\u00fctzung bieten. Dieses regelm\u00e4\u00dfige Tapen hilft dabei, die Haut im Laufe der Zeit zu straffen und die Vertiefung horizontaler Halsfalten zu verhindern, was es zu einem gefragten Produkt in Anti-Aging-Kliniken macht.<\/p>\n<h3>Private Label &amp; OEM-Services: Ihre Marke, unsere Qualit\u00e4t<\/h3>\n<p>MediTapes ist mehr als nur ein Lieferant; wir sind Ihr strategischer Fertigungspartner. Wir wissen, dass Branding alles ist. Deshalb bieten wir umfassende <strong>Eigenmarke Beauty Tape<\/strong> Dienstleistungen an. Wir erm\u00f6glichen es Ihnen, jeden Aspekt des Produkts individuell an Ihre Markenidentit\u00e4t anzupassen.<\/p>\n<p><strong>Unsere OEM-F\u00e4higkeiten umfassen:<\/strong><\/p>\n<ol>\n<li><strong>Individuelles Box-Design:<\/strong> Wir k\u00f6nnen Ihr Design, Ihr Logo und Ihre Anweisungen auf professionelle Verpackungsschachteln drucken.<\/li>\n<li><strong>Logodruck auf Klebeband:<\/strong> Erh\u00f6hen Sie den Wiedererkennungswert Ihrer Marke, indem Sie Ihr Logo direkt auf das Gewebe des <strong>Facelifting-Tape<\/strong>.<\/li>\n<li><strong>Individuelle Abmessungen:<\/strong> Wenn Ihr Markt spezifische L\u00e4ngen oder Breiten erfordert, die \u00fcber die Standardspezifikationen hinausgehen, k\u00f6nnen wir Ihre Anforderungen erf\u00fcllen.<\/li>\n<li><strong>Flexible Mindestbestellmengen (MOQs):<\/strong> Wir unterst\u00fctzen Unternehmen aller Gr\u00f6\u00dfen, von Start-ups bis hin zu etablierten Kosmetikvertriebsh\u00e4ndlern.<\/li>\n<\/ol>\n<h3>So wenden Sie Face-Lifting-Tape f\u00fcr beste Ergebnisse an<\/h3>\n<p>Um sicherzustellen, dass Ihre Kunden die besten Ergebnisse mit unserem <strong>Facelifting-Tape<\/strong>, empfehlen wir die folgenden Anwendungsschritte:<\/p>\n<ul>\n<li><strong>Reinigen:<\/strong> Stellen Sie sicher, dass das Gesicht vollst\u00e4ndig sauber und trocken ist, frei von \u00d6len oder reichhaltigen Feuchtigkeitscremes.<\/li>\n<li><strong>Messen &amp; Schneiden:<\/strong> Messen Sie das Tape an der Zielstelle ab (z. B. Kieferpartie zum Ohr) und schneiden Sie die gew\u00fcnschte L\u00e4nge zu. Das Abrunden der Ecken des Tapes sorgt f\u00fcr eine l\u00e4ngere Haftung.<\/li>\n<li><strong>Verankern &amp; Heben:<\/strong> Bringen Sie ein Ende des Tapes ohne Dehnung an (der Anker). Heben Sie dann die Haut vorsichtig mit den Fingern an, w\u00e4hrend Sie das Tape mit leichter Spannung (10-15% Dehnung) aufkleben.<\/li>\n<li><strong>Aktivieren:<\/strong> Reiben Sie das Tape nach dem Auftragen sanft ab, um den hitzeempfindlichen Klebstoff f\u00fcr eine sichere Verbindung zu aktivieren.<\/li>\n<\/ul>\n<h3>Kontaktieren Sie MediTapes f\u00fcr Gro\u00dfhandelspreise<\/h3>\n<p>Werten Sie Ihre Produktlinie mit dem Besten <strong>Hypoallergenes Gesichtstape<\/strong> auf dem Markt auf. Egal, ob Sie Besitzer eines Sch\u00f6nheitssalons, Visagist oder ein Einzelh\u00e4ndler sind, MediTapes garantiert gleichbleibende Qualit\u00e4t und wettbewerbsf\u00e4hige Fabrikdirektpreise.<\/p>\n<p>Verpassen Sie nicht den boomenden Face-Taping-Trend. Setzen Sie sich noch heute mit unserem Team in Verbindung, um Ihre Anforderungen zu besprechen und ein kostenloses Muster anzufordern.<\/p>\n<p style=\"text-align: center; margin-top: 30px; margin-bottom: 30px;\"><a style=\"background-color: #d63384; color: #ffffff; padding: 15px 30px; text-decoration: none; border-radius: 4px; font-weight: bold; font-size: 18px; box-shadow: 0 4px 6px rgba(0,0,0,0.1);\" href=\"https:\/\/meditapes.com\/de\/kontaktieren-sie-uns\/\" target=\"_blank\" rel=\"noopener\">Anfrage zu Private-Label-Services<\/a><\/p>\n<p style=\"text-align: center;\">F\u00fcr sofortige Unterst\u00fctzung senden Sie uns bitte direkt eine E-Mail an:<br \/>\n<a style=\"color: #333; font-weight: bold; font-size: 16px;\" href=\"mailto:info@meditapes.com\" target=\"_blank\" rel=\"noopener\">info@meditapes.com<\/a><\/p>","protected":false},"excerpt":{"rendered":"<p>Entdecken Sie unser sanftes Facelifting-Tape, das entwickelt wurde, um erschlaffte Haut sicher anzuheben und Halsfalten zu gl\u00e4tten. Dieses 1 cm\/2,5 cm Facelifting-Tape bietet starke Haftung ohne Reizungen. Als f\u00fchrender Anbieter bieten wir Private-Label-Beauty-Tape-Dienste mit verschiedenen Farboptionen (Hautfarben\/Blau\/Rosa\/Schwarz) an.<\/p>","protected":false},"featured_media":889,"template":"","meta":[],"product_brand":[28],"product_cat":[27,754],"product_tag":[226,891,893,892],"class_list":{"0":"post-888","1":"product","2":"type-product","3":"status-publish","4":"has-post-thumbnail","6":"product_brand-meditapes","7":"product_cat-kinesiology-tapes","8":"product_cat-face-lift-tape","9":"product_tag-beauty-tape","10":"product_tag-face-lifting-tape","11":"product_tag-hypoallergenic-face-tape","12":"product_tag-neck-lift-tape","14":"first","15":"instock","16":"shipping-taxable","17":"product-type-simple"},"_links":{"self":[{"href":"https:\/\/meditapes.com\/de\/wp-json\/wp\/v2\/product\/888","targetHints":{"allow":["GET"]}}],"collection":[{"href":"https:\/\/meditapes.com\/de\/wp-json\/wp\/v2\/product"}],"about":[{"href":"https:\/\/meditapes.com\/de\/wp-json\/wp\/v2\/types\/product"}],"wp:featuredmedia":[{"embeddable":true,"href":"https:\/\/meditapes.com\/de\/wp-json\/wp\/v2\/media\/889"}],"wp:attachment":[{"href":"https:\/\/meditapes.com\/de\/wp-json\/wp\/v2\/media?parent=888"}],"wp:term":[{"taxonomy":"product_brand","embeddable":true,"href":"https:\/\/meditapes.com\/de\/wp-json\/wp\/v2\/product_brand?post=888"},{"taxonomy":"product_cat","embeddable":true,"href":"https:\/\/meditapes.com\/de\/wp-json\/wp\/v2\/product_cat?post=888"},{"taxonomy":"product_tag","embeddable":true,"href":"https:\/\/meditapes.com\/de\/wp-json\/wp\/v2\/product_tag?post=888"}],"curies":[{"name":"WP","href":"https:\/\/api.w.org\/{rel}","templated":true}]}}