{"id":882,"date":"2025-12-27T14:42:21","date_gmt":"2025-12-27T14:42:21","guid":{"rendered":"https:\/\/meditapes.com\/?post_type=product&#038;p=882"},"modified":"2025-12-27T14:42:23","modified_gmt":"2025-12-27T14:42:23","slug":"hypoallergenic-pe-lip-tape","status":"publish","type":"product","link":"https:\/\/meditapes.com\/de\/produkt\/hypoallergenic-pe-lip-tape\/","title":{"rendered":"Hypoallergenes PE-Lippen-Tape f\u00fcr Mundatmer \u2013 Ma\u00dfgeschneiderte Schlaf-Streifen"},"content":{"rendered":"<h2>Hypoallergenes PE-Lippen-Tape f\u00fcr Mundatmer \u2013 Ma\u00dfgeschneiderte Schlaf-Streifen<\/h2>\n<p>Willkommen bei <strong>MediTapes<\/strong>, Ihr vertrauensw\u00fcrdiger Partner in der Herstellung von Produkten f\u00fcr Atemwegsgesundheit und Schlafhygiene. Da der globale Markt f\u00fcr nicht-invasive Schlafhilfen w\u00e4chst, sind wir stolz darauf, unser spezialisiertes <strong>Hypoallergenes PE-Lippenpflaster f\u00fcr Mundatmer<\/strong>. Dieses Produkt wurde speziell f\u00fcr medizinische H\u00e4ndler, Apothekenketten und Eigenmarken entwickelt und bietet eine sichere, effektive und komfortable L\u00f6sung f\u00fcr alle, die ihre Schlafqualit\u00e4t durch Nasenatmung verbessern m\u00f6chten.<\/p>\n<h3>Die L\u00f6sung f\u00fcr Mundatmung<\/h3>\n<p>Chronische Mundatmung w\u00e4hrend des Schlafs ist ein weit verbreitetes Problem, das zu Schnarchen, Komplikationen bei Schlafapnoe, Karies und morgendlicher M\u00fcdigkeit f\u00fchren kann. Unser <strong>Mundpflaster f\u00fcr Mundatmer<\/strong> ist so konzipiert, dass es die Lippen sanft geschlossen h\u00e4lt und den Benutzer darauf trainiert, durch die Nase zu atmen. Nasenatmung ist physiologisch \u00fcberlegen, da sie Staub und Allergene filtert, die eingeatmete Luft befeuchtet und die Sauerstoffaufnahme durch die Produktion von Stickstoffmonoxid in den Nebenh\u00f6hlen steigert.<\/p>\n<p>Durch das Angebot unseres <strong>Lippenpflasters zum Schlafen<\/strong>, bieten Sie Ihren Kunden ein wissenschaftlich fundiertes Instrument zur Verbesserung ihrer n\u00e4chtlichen Ruhe und ihrer allgemeinen Gesundheit. Im Gegensatz zu aggressiven mechanischen Vorrichtungen bietet unser Pflaster einen sanften Ansto\u00df zu besseren Gewohnheiten und gew\u00e4hrleistet eine hohe Benutzerakzeptanz.<\/p>\n<h3>Entwickelt f\u00fcr empfindliche Haut<\/h3>\n<p>Eine der gr\u00f6\u00dften Herausforderungen auf dem Markt f\u00fcr Schlafpflaster sind Hautirritationen, die durch l\u00e4ngeren Kontakt mit dem Klebstoff verursacht werden. MediTapes adressiert dies direkt mit unserem <strong>Mundpflaster f\u00fcr empfindliche Haut<\/strong>. Wir verwenden hochwertiges Polyethylen (PE), ein Material, das aufgrund seiner spezifischen Eigenschaften ausgew\u00e4hlt wurde:<\/p>\n<ul>\n<li><strong>Hypoallergener Klebstoff:<\/strong> Unsere gesch\u00fctzte Klebstoffformel ist stark genug, um die ganze Nacht \u00fcber an ihrem Platz zu bleiben, aber sanft genug, um ohne Schmerzen oder R\u00fcckst\u00e4nde entfernt zu werden. Sie ist ideal f\u00fcr Anwender, die empfindlich auf herk\u00f6mmliche Stoff- oder Gewebepflaster reagiert haben.<\/li>\n<li><strong>Mikroperforation &amp; Atmungsaktivit\u00e4t:<\/strong> Obwohl das Pflaster den Mundschluss f\u00f6rdert, ist das PE-Material so konzipiert, dass es atmungsaktiv und sicher ist.<\/li>\n<li><strong>Transparenz:<\/strong> Die transparente Beschaffenheit des PE-Materials macht den Streifen diskret und reduziert die Befangenheit, die manche Anwender beim Tragen von Schlafhilfen versp\u00fcren.<\/li>\n<\/ul>\n<h3>Produktspezifikationen<\/h3>\n<p>Wir sind stolz auf unsere Transparenz in der Herstellung. Nachfolgend finden Sie die technischen Parameter f\u00fcr unseren Standard <strong>individuelles Mundpflaster<\/strong>. Diese Spezifikationen wurden f\u00fcr die durchschnittliche erwachsene Gesichtsstruktur optimiert.<\/p>\n<table style=\"width: 100%; border-collapse: collapse; margin-top: 20px; margin-bottom: 20px;\" border=\"1\">\n<tbody>\n<tr style=\"background-color: #f0f0f0;\">\n<td style=\"padding: 12px;\"><strong>Parameter<\/strong><\/td>\n<td style=\"padding: 12px;\"><strong>Details<\/strong><\/td>\n<\/tr>\n<tr>\n<td style=\"padding: 12px;\"><strong>Produktname<\/strong><\/td>\n<td style=\"padding: 12px;\">PE-Mundpflaster (Hypoallergene Serie)<\/td>\n<\/tr>\n<tr>\n<td style=\"padding: 12px;\"><strong>Breite<\/strong><\/td>\n<td style=\"padding: 12px;\">3,3 cm<\/td>\n<\/tr>\n<tr>\n<td style=\"padding: 12px;\"><strong>L\u00e4nge<\/strong><\/td>\n<td style=\"padding: 12px;\">5 cm<\/td>\n<\/tr>\n<tr>\n<td style=\"padding: 12px;\"><strong>Farbe<\/strong><\/td>\n<td style=\"padding: 12px;\">Transparent<\/td>\n<\/tr>\n<tr>\n<td style=\"padding: 12px;\"><strong>Material<\/strong><\/td>\n<td style=\"padding: 12px;\">Medizinisches Polyethylen (PE)<\/td>\n<\/tr>\n<tr>\n<td style=\"padding: 12px;\"><strong>Verpackung<\/strong><\/td>\n<td style=\"padding: 12px;\">Nach Kundenanforderungen (Gro\u00dfhandel\/Einzelhandel)<\/td>\n<\/tr>\n<\/tbody>\n<\/table>\n<h3>Gro\u00dfhandels- und Anpassungsdienste<\/h3>\n<p>MediTapes ist mehr als nur ein Hersteller; wir sind ein strategischer Partner f\u00fcr Unternehmen auf der Suche nach <strong>Schlafpflaster-Gro\u00dfhandel<\/strong>. Wir verstehen, dass Branding in einem wettbewerbsintensiven Markt alles ist. Daher bieten wir umfassende OEM-Dienstleistungen (Original Equipment Manufacturer) an.<\/p>\n<p><strong>Erstellen Sie Ihre eigene Marke:<\/strong><\/p>\n<ul>\n<li><strong>Individuelle Gr\u00f6\u00dfen:<\/strong> W\u00e4hrend unser Standardma\u00df von 3,3 cm x 5 cm der Marktfavorit ist, k\u00f6nnen wir Zuschnitte nach Ihren spezifischen Anforderungen anfertigen.<\/li>\n<li><strong>Markenverpackung:<\/strong> Von bedruckten Druckverschlussbeuteln bis hin zu hochwertigen Einzelhandelsverpackungen mit Ihrem Logo und Design wickeln wir den Verpackungsprozess von Anfang bis Ende ab.<\/li>\n<li><strong>Beipackzettel:<\/strong> Wir k\u00f6nnen individuelle Bedienungsanleitungen oder Anleitungskarten in die Verpackung legen, um das Auspackerlebnis des Benutzers zu verbessern.<\/li>\n<\/ul>\n<h3>Warum eine Partnerschaft mit MediTapes?<\/h3>\n<p>Wenn Sie <strong>individuelles Mundpflaster<\/strong> bei uns kaufen Sie direkt ab Werk. Dies gew\u00e4hrleistet drei wesentliche Vorteile: bessere Gewinnmargen f\u00fcr Ihr Unternehmen, direkte Kommunikation bez\u00fcglich der Produktionszeitpl\u00e4ne und eine strikte \u00dcberwachung der Qualit\u00e4tskontrolle. Unser hypoallergenes PE-Lippenpflaster ist nach internationalen Standards gepr\u00fcft, sodass Sie es mit Vertrauen verkaufen k\u00f6nnen.<\/p>\n<p>Um mehr \u00fcber unsere Produktionsst\u00e4tte und unsere Qualit\u00e4tssicherungsprozesse zu erfahren, besuchen Sie bitte unsere Hauptwebsite unter <a href=\"https:\/\/meditapes.com\/de\/\" target=\"_blank\" rel=\"noopener\">https:\/\/meditapes.com\/<\/a>.<\/p>\n<h3>Fordern Sie noch heute ein Angebot an<\/h3>\n<p>Verpassen Sie nicht die Gelegenheit, den Markt mit dem besten <strong>Mundpflaster f\u00fcr empfindliche Haut<\/strong> verf\u00fcgbaren Angebot anzuf\u00fchren. Egal, ob Sie ein Startup oder ein etablierter medizinischer Anbieter sind, unser Team steht Ihnen gerne zur Verf\u00fcgung.<\/p>\n<p>F\u00fcr Anfragen zu Preisen, Mindestbestellmengen und der Verf\u00fcgbarkeit von Mustern kontaktieren Sie uns bitte \u00fcber unsere entsprechende Seite unter <a href=\"https:\/\/meditapes.com\/de\/kontaktieren-sie-uns\/\" target=\"_blank\" rel=\"noopener\">https:\/\/meditapes.com\/contact-us\/<\/a>. Sie k\u00f6nnen unsere Vertriebsabteilung auch direkt per E-Mail erreichen unter <a href=\"mailto:info@meditapes.com\">info@meditapes.com<\/a>. Lassen Sie uns gemeinsam daran arbeiten, der Welt einen besseren Schlaf zu erm\u00f6glichen.<\/p>","protected":false},"excerpt":{"rendered":"<p>Effektives hypoallergenes PE-Lippenpflaster hilft Mundatmern beim \u00dcbergang zur Nasenatmung. Dieses aus weichem, atmungsaktivem Polyethylen gefertigte Lippenpflaster minimiert Hautirritationen. Eine erstklassige Wahl f\u00fcr medizinische H\u00e4ndler, die sichere, nicht-invasive Schlafhilfen suchen. Kontaktieren Sie uns f\u00fcr Sondergr\u00f6\u00dfen und Branding-Optionen.<\/p>","protected":false},"featured_media":883,"template":"","meta":[],"product_brand":[28],"product_cat":[27,753],"product_tag":[882,878,879,880,881],"class_list":{"0":"post-882","1":"product","2":"type-product","3":"status-publish","4":"has-post-thumbnail","6":"product_brand-meditapes","7":"product_cat-kinesiology-tapes","8":"product_cat-pe-mouth-tape","9":"product_tag-custom-mouth-tape","10":"product_tag-lip-tape-for-sleeping","11":"product_tag-mouth-tape-for-mouth-breathers","12":"product_tag-sensitive-skin-mouth-tape","13":"product_tag-sleep-strips-wholesale","15":"first","16":"instock","17":"shipping-taxable","18":"product-type-simple"},"_links":{"self":[{"href":"https:\/\/meditapes.com\/de\/wp-json\/wp\/v2\/product\/882","targetHints":{"allow":["GET"]}}],"collection":[{"href":"https:\/\/meditapes.com\/de\/wp-json\/wp\/v2\/product"}],"about":[{"href":"https:\/\/meditapes.com\/de\/wp-json\/wp\/v2\/types\/product"}],"wp:featuredmedia":[{"embeddable":true,"href":"https:\/\/meditapes.com\/de\/wp-json\/wp\/v2\/media\/883"}],"wp:attachment":[{"href":"https:\/\/meditapes.com\/de\/wp-json\/wp\/v2\/media?parent=882"}],"wp:term":[{"taxonomy":"product_brand","embeddable":true,"href":"https:\/\/meditapes.com\/de\/wp-json\/wp\/v2\/product_brand?post=882"},{"taxonomy":"product_cat","embeddable":true,"href":"https:\/\/meditapes.com\/de\/wp-json\/wp\/v2\/product_cat?post=882"},{"taxonomy":"product_tag","embeddable":true,"href":"https:\/\/meditapes.com\/de\/wp-json\/wp\/v2\/product_tag?post=882"}],"curies":[{"name":"WP","href":"https:\/\/api.w.org\/{rel}","templated":true}]}}