{"id":844,"date":"2025-12-27T13:23:48","date_gmt":"2025-12-27T13:23:48","guid":{"rendered":"https:\/\/meditapes.com\/?post_type=product&#038;p=844"},"modified":"2025-12-27T13:23:49","modified_gmt":"2025-12-27T13:23:49","slug":"bambus-seiden-mundband","status":"publish","type":"product","link":"https:\/\/meditapes.com\/de\/produkt\/bambus-seiden-mundband\/","title":{"rendered":"Gro\u00dfhandel Bambus-Seiden-Mundpflaster f\u00fcr Schlaf &amp; Anti-Schnarchen"},"content":{"rendered":"<p><!-- Product Title (Usually handled by WP Title field, but included here for structure) --><\/p>\n<h1>Gro\u00dfhandel Bambusseiden-Mundpflaster f\u00fcr den Schlaf &amp; gegen Schnarchen<\/h1>\n<p><!-- Introduction \/ Hook --><\/p>\n<p>Suchen Sie nach einer Premium-L\u00f6sung zur Erweiterung Ihrer Produktlinie f\u00fcr Einschlafhilfen? Bei <strong>MediTapes<\/strong>, sind wir auf die Herstellung hochwertiger <strong>Mund-Tape aus Bambusseide<\/strong> spezialisiert, die darauf ausgelegt sind, die Art und Weise, wie Ihre Kunden schlafen, zu revolutionieren. Da das Bewusstsein f\u00fcr die Gefahren der Mundatmung weltweit w\u00e4chst, ist die Nachfrage nach effektiven <strong>Mundpflastern f\u00fcr den Schlaf<\/strong> sprunghaft angestiegen.<\/p>\n<p>Unser spezialisiertes <strong>Anti-Schnarch-Pflaster<\/strong> wird aus luxuri\u00f6sem, medizinischem Bambusseide-Rayon gefertigt. Im Gegensatz zu herk\u00f6mmlichen Baumwoll- oder Kunststoffpflastern bietet unsere Bambusseide eine einzigartige Kombination aus Festigkeit, Atmungsaktivit\u00e4t und einer seidig-glatten Textur, die sich sanft auf der Haut anf\u00fchlt. Ob Sie eine Apothekenkette, eine Schlafklinik oder ein Amazon-FBA-Verk\u00e4ufer sind, unsere <strong>Nasenatmungsstreifen<\/strong> sind die perfekte Erg\u00e4nzung f\u00fcr Ihr Sortiment.<\/p>\n<h2>Warum sollten Sie sich f\u00fcr Bamboo Silk Mundpflaster entscheiden?<\/h2>\n<p>Mundatmung w\u00e4hrend des Schlafs kann zu Schnarchen, Mundtrockenheit, Karies und schlechter Schlafqualit\u00e4t f\u00fchren. Unser <strong>Mund-Tape aus Bambusseide<\/strong> h\u00e4lt die Lippen sanft zusammen, um die Nasenatmung zu f\u00f6rdern, was die Sauerstoffaufnahme erh\u00f6ht und das Schnarchen reduziert.<\/p>\n<ul>\n<li><strong>Premium-Material:<\/strong> Hergestellt aus hochwertiger \u201cBambusseide\u201d (Rayon), bietet es eine \u00fcberlegene Atmungsaktivit\u00e4t im Vergleich zu Standard-PE-Pflastern.<\/li>\n<li><strong>Hypoallergener Klebstoff:<\/strong> Wir verwenden einen medizinischen, latexfreien Klebstoff, der sicherstellt, dass das Pflaster die ganze Nacht \u00fcber an seinem Platz bleibt, aber morgens schmerzfrei und ohne R\u00fcckst\u00e4nde entfernt werden kann.<\/li>\n<li><strong>Ergonomisches Design:<\/strong> Die Struktur ist so konzipiert, dass sie sich der nat\u00fcrlichen W\u00f6lbung der Lippen anpasst und Komfort f\u00fcr alle Gesichtsformen gew\u00e4hrleistet.<\/li>\n<li><strong>Vielseitige Anwendung:<\/strong> Ideal f\u00fcr den t\u00e4glichen Gebrauch, CPAP-Anwender und myofunktionelles Therapietraining.<\/li>\n<\/ul>\n<h2>Produktspezifikationen<\/h2>\n<p>Wir wissen, dass Pr\u00e4zision bei der B2B-Beschaffung entscheidend ist. Im Folgenden finden Sie die detaillierten Parameter unserer Standardausf\u00fchrung <strong>Mund-Tape aus Bambusseide<\/strong>. Als professioneller Hersteller k\u00f6nnen wir diese Spezifikationen auch an Ihre spezifischen Anforderungen anpassen.<\/p>\n<table style=\"width: 100%; border-collapse: collapse; margin-bottom: 20px;\" border=\"1\">\n<tbody>\n<tr style=\"background-color: #f9f9f9;\">\n<td style=\"padding: 10px; font-weight: bold;\">Produktname<\/td>\n<td style=\"padding: 10px;\">Mund-Tape aus Bambusseide<\/td>\n<\/tr>\n<tr>\n<td style=\"padding: 10px; font-weight: bold;\">Abmessungen (Gr\u00f6\u00dfe)<\/td>\n<td style=\"padding: 10px;\"><strong>Breite:<\/strong> 3,8 cm<br \/>\n<strong>L\u00e4nge:<\/strong> 7,6 cm<\/td>\n<\/tr>\n<tr style=\"background-color: #f9f9f9;\">\n<td style=\"padding: 10px; font-weight: bold;\">Verf\u00fcgbare Farben<\/td>\n<td style=\"padding: 10px;\">Blau \/ Hautfarben (Beige) \/ Rosa \/ Schwarz \/ Individuell bedruckte Muster<\/td>\n<\/tr>\n<tr>\n<td style=\"padding: 10px; font-weight: bold;\">Material<\/td>\n<td style=\"padding: 10px;\">Premium-Bambusseide (Viskose) mit medizinischem hypoallergenem Klebstoff<\/td>\n<\/tr>\n<tr style=\"background-color: #f9f9f9;\">\n<td style=\"padding: 10px; font-weight: bold;\">Verpackung<\/td>\n<td style=\"padding: 10px;\">Gem\u00e4\u00df Kundenanforderungen (Gro\u00dfpackung, OPP-Beutel, Papierschachtel, Blisterkarte)<\/td>\n<\/tr>\n<\/tbody>\n<\/table>\n<h2>OEM- &amp; Private-Label-Services f\u00fcr Anti-Schnarch-Pflaster<\/h2>\n<p>Bei <strong>MediTapes<\/strong>, wir sind mehr als nur ein Lieferant; wir sind Ihr strategischer Partner. Wir bieten umfassende OEM\/ODM-Services, um Sie beim Aufbau Ihrer Marke im <strong>Anti-Schnarch-Pflaster<\/strong> Marktes.<\/p>\n<h3>Die Anpassungsoptionen umfassen:<\/h3>\n<p><strong>1. Individuelle Formen &amp; Gr\u00f6\u00dfen:<\/strong> W\u00e4hrend unsere Standardgr\u00f6\u00dfe 3,8 cm x 7,6 cm betr\u00e4gt, k\u00f6nnen wir das Tape in X-Formen, I-Formen oder jede beliebige individuelle Kontur stanzen, um Ihr Produkt zu differenzieren.<\/p>\n<p><strong>2. Markendruck:<\/strong> Wir k\u00f6nnen Ihr Logo oder niedliche Muster direkt auf die <strong>Mund-Tape aus Bambusseide<\/strong> Oberfl\u00e4che drucken, sodass Ihre Marke sofort erkennbar ist.<\/p>\n<p><strong>3. Ma\u00dfgeschneiderte Verpackung:<\/strong> Von minimalistischen, recycelbaren Papierkartons bis hin zu hochwertigen Magnetverschlussboxen entwerfen wir Verpackungen, die im Regal auffallen. Wir \u00fcbernehmen alles vom Design bis zur finalen Produktion.<\/p>\n<h2>Die Wissenschaft hinter Nasenpflastern<\/h2>\n<p>Warum verlagert sich der Markt hin zu <strong>Nasenatmungsstreifen<\/strong>? Das Atmen durch die Nase filtert, erw\u00e4rmt und befeuchtet die Luft, bevor sie die Lungen erreicht. Es steigert zudem die Produktion von Stickstoffmonoxid, einem Molek\u00fcl, das f\u00fcr die Herz-Kreislauf-Gesundheit essenziell ist. Unser <strong>Mundpflastern f\u00fcr den Schlaf<\/strong> ist ein einfaches, nicht-invasives Hilfsmittel, um den K\u00f6rper darauf zu trainieren, diese gesunde Gewohnheit unbewusst w\u00e4hrend des Schlafs beizubehalten.<\/p>\n<h2>FAQ: Bestellung von Bambusseide-Mundpflastern<\/h2>\n<p><strong>F: Ist der Klebstoff sicher f\u00fcr empfindliche Haut?<\/strong><br \/>\nA: Ja, unser Klebstoff ist medizinisch getestet und hypoallergen. Wir empfehlen Anwendern jedoch immer einen Epikutantest durchzuf\u00fchren, wenn sie eine extrem empfindliche Haut haben.<\/p>\n<p><strong>F: Kann ich Muster erhalten, bevor ich eine Gro\u00dfbestellung aufgebe?<\/strong><br \/>\nA: Absolut. Wir ermutigen unsere B2B-Kunden, die Qualit\u00e4t zu testen. Bitte kontaktieren Sie uns, um ein Muster-Kit unserer <strong>Mund-Tape aus Bambusseide<\/strong>.<\/p>\n<p><strong>F: Wie hoch ist die Lieferzeit f\u00fcr Private-Label-Bestellungen?<\/strong><br \/>\nA: In der Regel dauert die Produktion 15\u201325 Tage nach Best\u00e4tigung der Druckvorlage, abh\u00e4ngig von der Bestellmenge.<\/p>\n<div style=\"background-color: #eef7f2; border-left: 5px solid #28a745; padding: 20px; margin-top: 30px;\">\n<h3>Bereit, Ihr Sortiment an Schlafprodukten zu erweitern?<\/h3>\n<p>Verpassen Sie nicht den wachsenden Trend zu gesunden Schlafl\u00f6sungen. Werden Sie Partner von <strong>MediTapes<\/strong> f\u00fcr zuverl\u00e4ssige Qualit\u00e4t und wettbewerbsf\u00e4hige Fabrikpreise f\u00fcr <strong>Mund-Tape aus Bambusseide<\/strong>.<\/p>\n<p>F\u00fcr Anfragen, Kataloganforderungen oder individuelle Angebote besuchen Sie bitte unsere Kontaktseite oder senden Sie uns direkt eine E-Mail.<\/p>\n<p><strong>E-Mail:<\/strong> <a href=\"mailto:info@meditapes.com\" target=\"_blank\" rel=\"noopener\">info@meditapes.com<\/a><br \/>\n<strong>Kontaktseite:<\/strong> <a href=\"https:\/\/meditapes.com\/de\/kontaktieren-sie-uns\/\" target=\"_blank\" rel=\"noopener\">https:\/\/meditapes.com\/contact-us\/<\/a><br \/>\n<strong>Website:<\/strong> <a href=\"https:\/\/meditapes.com\/de\/\" target=\"_blank\" rel=\"noopener\">https:\/\/meditapes.com\/<\/a><\/p>\n<\/div>","protected":false},"excerpt":{"rendered":"<p>Suchen Sie nach erstklassigen Einschlafhilfen? Unser Bamboo Silk Mundpflaster wurde entwickelt, um die Nasenatmung zu f\u00f6rdern und Schnarchen effektiv zu reduzieren. Hergestellt aus sanftem, hypoallergenem Rayon-Material, sorgt dieses Mundpflaster f\u00fcr den Schlaf die ganze Nacht \u00fcber f\u00fcr Komfort. Ideal f\u00fcr Eigenmarken, die nach hochwertigen Anti-Schnarch-L\u00f6sungen suchen.<\/p>","protected":false},"featured_media":845,"template":"","meta":[],"product_brand":[28],"product_cat":[27,750],"product_tag":[827,825,826,828],"class_list":{"0":"post-844","1":"product","2":"type-product","3":"status-publish","4":"has-post-thumbnail","6":"product_brand-meditapes","7":"product_cat-kinesiology-tapes","8":"product_cat-bamboo-silk-mouth-tape","9":"product_tag-anti-snoring-tape","10":"product_tag-bamboo-silk-mouth-tape","11":"product_tag-mouth-tape-for-sleeping","12":"product_tag-nasal-breathing-strips","14":"first","15":"instock","16":"shipping-taxable","17":"product-type-simple"},"_links":{"self":[{"href":"https:\/\/meditapes.com\/de\/wp-json\/wp\/v2\/product\/844","targetHints":{"allow":["GET"]}}],"collection":[{"href":"https:\/\/meditapes.com\/de\/wp-json\/wp\/v2\/product"}],"about":[{"href":"https:\/\/meditapes.com\/de\/wp-json\/wp\/v2\/types\/product"}],"wp:featuredmedia":[{"embeddable":true,"href":"https:\/\/meditapes.com\/de\/wp-json\/wp\/v2\/media\/845"}],"wp:attachment":[{"href":"https:\/\/meditapes.com\/de\/wp-json\/wp\/v2\/media?parent=844"}],"wp:term":[{"taxonomy":"product_brand","embeddable":true,"href":"https:\/\/meditapes.com\/de\/wp-json\/wp\/v2\/product_brand?post=844"},{"taxonomy":"product_cat","embeddable":true,"href":"https:\/\/meditapes.com\/de\/wp-json\/wp\/v2\/product_cat?post=844"},{"taxonomy":"product_tag","embeddable":true,"href":"https:\/\/meditapes.com\/de\/wp-json\/wp\/v2\/product_tag?post=844"}],"curies":[{"name":"WP","href":"https:\/\/api.w.org\/{rel}","templated":true}]}}