{"id":838,"date":"2025-12-27T13:02:48","date_gmt":"2025-12-27T13:02:48","guid":{"rendered":"https:\/\/meditapes.com\/?post_type=product&#038;p=838"},"modified":"2025-12-27T13:02:49","modified_gmt":"2025-12-27T13:02:49","slug":"kinesiology-tape-factory","status":"publish","type":"product","link":"https:\/\/meditapes.com\/de\/produkt\/kinesiology-tape-factory\/","title":{"rendered":"Fabrik f\u00fcr medizinisch zertifiziertes, vorgeschnittenes Kinesiologie-Tape \u2013 Individuelles Logo &amp; Gr\u00f6\u00dfe"},"content":{"rendered":"<h1 id=\"medical-grade-precut-kinesiology-tape-factory-custom-logo-size\">Fabrik f\u00fcr vorgeschnittenes Kinesiologie-Tape in medizinischer Qualit\u00e4t \u2013 Individuelles Logo &amp; Gr\u00f6\u00dfe<\/h1>\n<p><strong>Einleitung:<\/strong><\/p>\n<p>Willkommen bei <strong>MediTapes<\/strong>, ein f\u00fchrender <strong>Hersteller von Kinesiologie-Tapes,<\/strong> der sich der Herstellung leistungsstarker Rehabilitationsl\u00f6sungen widmet. F\u00fcr medizinische Einkaufsleiter und klinische Direktoren, die erstklassige Produkte f\u00fcr die Patientenversorgung suchen, setzt unser <strong>vorgeschnittenes Kinesiologie-Tape in medizinischer Qualit\u00e4t<\/strong> den Standard f\u00fcr Qualit\u00e4t und Zuverl\u00e4ssigkeit.<\/p>\n<p>Speziell f\u00fcr klinische Umgebungen entwickelt, bietet unser <strong>klinisches Tape<\/strong> die pr\u00e4zise Unterst\u00fctzung, die f\u00fcr die postoperative Erholung, das \u00d6demmanagement und die Therapie chronischer Schmerzen erforderlich ist. Als Direkthersteller st\u00e4rkt MediTapes Ihr Unternehmen mit umfangreichen Anpassungsoptionen. Von spezifischen Streifenl\u00e4ngen bis hin zu <strong>individuellem Physio-Tape<\/strong> mit dem Branding Ihrer Klinik bieten wir ma\u00dfgeschneiderte L\u00f6sungen, die den strengen Anforderungen der Gesundheitsbranche entsprechen.<\/p>\n<hr \/>\n<h3 id=\"the-science-of-clinical-recovery\">Die Wissenschaft der klinischen Genesung<\/h3>\n<p>Unsere <strong>Medizinisches Kinesiologie-Tape<\/strong> ist mehr als nur ein Verband; es ist ein therapeutisches Instrument, das entwickelt wurde, um den nat\u00fcrlichen Heilungsprozess des K\u00f6rpers zu unterst\u00fctzen.<\/p>\n<ul>\n<li><strong>Mikro-Lifting-Technologie:<\/strong> Der wellenf\u00f6rmige Klebstoff erzeugt einen mikroskopischen Lifting-Effekt auf der Haut. Dies dekomprimiert den Raum zwischen Haut und Muskel und f\u00f6rdert eine verbesserte Durchblutung und Lymphdrainage \u2013 entscheidend f\u00fcr die Reduzierung von Schwellungen und Bluterg\u00fcssen bei Patienten.<\/li>\n<li><strong>Latexfrei &amp; Hypoallergen:<\/strong> Die Patientensicherheit ist nicht verhandelbar. Unser Tape verwendet einen medizinischen, w\u00e4rmeaktivierten Acrylkleber, der vollst\u00e4ndig latexfrei ist und das Risiko allergischer Reaktionen oder Dermatitis minimiert, selbst bei empfindlichen Hauttypen.<\/li>\n<li><strong>Atmungsaktive Baumwollkonstruktion:<\/strong> Unser Tape besteht aus hochwertigem Baumwollgewebe und l\u00e4sst die Haut atmen. Dies verhindert Feuchtigkeitsansammlungen und Bakterienwachstum, sodass das Tape sicher 3 bis 5 Tage getragen werden kann, ohne die Hauthygiene zu beeintr\u00e4chtigen.<\/li>\n<\/ul>\n<hr \/>\n<h3 id=\"factory-direct-customization-your-brand-your-specs\">Anpassung direkt ab Werk: Ihre Marke, Ihre Spezifikationen<\/h3>\n<p>Als spezialisiertes <strong>Hersteller von Kinesiologie-Tapes,<\/strong>, wir verstehen, dass eine Einheitsgr\u00f6\u00dfe nicht f\u00fcr jeden geeignet ist. Wir bieten eine unvergleichliche Flexibilit\u00e4t bei der Erstellung <strong>individuellem Physio-Tape<\/strong> die mit Ihrer Markenidentit\u00e4t und Ihren klinischen Anforderungen \u00fcbereinstimmt.<\/p>\n<p><strong>1. Ma\u00dfgeschneiderte Gr\u00f6\u00dfen f\u00fcr die Pr\u00e4zisionstherapie:<\/strong><br \/>\nWarum Zeit mit Schneiden verschwenden? Wir bieten vorgeschnittene Patches in spezifischen L\u00e4ngen an, um verschiedenen anatomischen Anforderungen gerecht zu werden. Sie k\u00f6nnen ma\u00dfgeschneiderte Rollen oder Patches in den folgenden L\u00e4ngen bestellen:<\/p>\n<ul>\n<li><strong>10 cm:<\/strong> Ideal f\u00fcr p\u00e4diatrische Anwendungen oder die Handgelenk-\/Handtherapie.<\/li>\n<li><strong>15 cm:<\/strong> Perfekt zur Unterst\u00fctzung von Nacken und Halswirbels\u00e4ule.<\/li>\n<li><strong>20 cm:<\/strong> Die Standardl\u00e4nge f\u00fcr die meisten Anwendungen an den Extremit\u00e4ten.<\/li>\n<li><strong>25 cm:<\/strong> Entwickelt f\u00fcr gr\u00f6\u00dfere Muskelgruppen wie den Quadrizeps oder den R\u00fccken.<\/li>\n<\/ul>\n<p><strong>2. Individuelles Logo &amp; Branding:<\/strong><br \/>\nSteigern Sie das professionelle Image Ihrer Klinik. Wir k\u00f6nnen das Logo Ihrer Einrichtung direkt auf das <strong>Medizinisches Kinesiologie-Tape<\/strong> Gewebe oder das Tr\u00e4gerpapier drucken. Dies dient als wirkungsvolles Marketinginstrument und st\u00e4rkt den Wiedererkennungswert Ihrer Marke jedes Mal, wenn ein Patient Ihr Tape au\u00dferhalb der Klinik tr\u00e4gt.<\/p>\n<hr \/>\n<h3 id=\"product-specifications-parameters\">Produktspezifikationen &amp; Parameter<\/h3>\n<p>Wir halten uns an strenge Herstellungsprotokolle, um eine gleichbleibende Qualit\u00e4t \u00fcber jede Charge von <strong>klinisches Tape<\/strong>.<\/p>\n<table>\n<thead>\n<tr>\n<th style=\"text-align: left;\">Parameter<\/th>\n<th style=\"text-align: left;\">Spezifikation<\/th>\n<\/tr>\n<\/thead>\n<tbody>\n<tr>\n<td style=\"text-align: left;\"><strong>Produktname<\/strong><\/td>\n<td style=\"text-align: left;\"><strong>Vorgeschnittenes Kinesiologie-Tape aus Baumwolle<\/strong><\/td>\n<\/tr>\n<tr>\n<td style=\"text-align: left;\"><strong>Qualit\u00e4tsstufe<\/strong><\/td>\n<td style=\"text-align: left;\"><strong>Medizinische Qualit\u00e4t \/ Klinische Anwendung<\/strong><\/td>\n<\/tr>\n<tr>\n<td style=\"text-align: left;\"><strong>Materialzusammensetzung<\/strong><\/td>\n<td style=\"text-align: left;\">97% atmungsaktive Baumwolle + 3% Spandex (latexfrei)<\/td>\n<\/tr>\n<tr>\n<td style=\"text-align: left;\"><strong>Klebstoff<\/strong><\/td>\n<td style=\"text-align: left;\">Medizinischer hypoallergener Acrylkleber<\/td>\n<\/tr>\n<tr>\n<td style=\"text-align: left;\"><strong>Breite<\/strong><\/td>\n<td style=\"text-align: left;\"><strong>5 cm<\/strong> (Standardbreite f\u00fcr optimale Abdeckung)<\/td>\n<\/tr>\n<tr>\n<td style=\"text-align: left;\"><strong>L\u00e4ngenoptionen<\/strong><\/td>\n<td style=\"text-align: left;\"><strong>5 m<\/strong> (Endlosrolle)<br \/>\n<strong>10 cm \/ 15 cm \/ 20 cm \/ 25 cm<\/strong> (Vorgeschnittene Patches)<\/td>\n<\/tr>\n<tr>\n<td style=\"text-align: left;\"><strong>Verf\u00fcgbare Formen<\/strong><\/td>\n<td style=\"text-align: left;\"><strong>I-Form \/ Y-Form \/ X-Form<\/strong><\/td>\n<\/tr>\n<tr>\n<td style=\"text-align: left;\"><strong>Farben<\/strong><\/td>\n<td style=\"text-align: left;\"><strong>Hautfarben (Beige), Blau, Pink, Schwarz<\/strong>, und Sonderfarben<\/td>\n<\/tr>\n<tr>\n<td style=\"text-align: left;\"><strong>Elastizit\u00e4t<\/strong><\/td>\n<td style=\"text-align: left;\">160% \u2013 170% (ahmt die Elastizit\u00e4t der menschlichen Haut nach)<\/td>\n<\/tr>\n<tr>\n<td style=\"text-align: left;\"><strong>Verpackung<\/strong><\/td>\n<td style=\"text-align: left;\"><strong>Gem\u00e4\u00df Kundenanforderungen<\/strong> (Klinische Gro\u00dfpackungen, steril-fertige Verpackungen, etc.)<\/td>\n<\/tr>\n<\/tbody>\n<\/table>\n<hr \/>\n<h3 id=\"specialized-precut-shapes-for-clinical-efficiency\">Spezialisierte vorgeschnittene Formen f\u00fcr klinische Effizienz<\/h3>\n<p>Zeit ist eine wertvolle Ressource in einer gesch\u00e4ftigen Physiotherapiepraxis. Unsere vorgeschnittenen Formen sind darauf ausgelegt, den Behandlungsprozess zu optimieren:<\/p>\n<ul>\n<li><strong>I-Form:<\/strong> Das prim\u00e4re Hilfsmittel zur Ausrichtung und Unterst\u00fctzung. H\u00e4ufig verwendet f\u00fcr <strong>Karpaltunnelsyndrom<\/strong>, Schienbeinkantensyndrom und Sehnenentz\u00fcndungen der Rotatorenmanschette.<\/li>\n<li><strong>Y-Form:<\/strong> Essenziell f\u00fcr die mechanische Korrektur. Die gespaltenen Enden werden verwendet, um die Patella oder den Muskelbauch zu umschlie\u00dfen, und bieten je nach Applikationsrichtung eine Fazilitierung oder Inhibition des Muskeltonus.<\/li>\n<li><strong>X-Form:<\/strong> Die bevorzugte Form f\u00fcr lokale Schmerzpunkte. Durch das zentrale Anheben der Haut ist die X-Form \u00e4u\u00dferst effektiv bei der Resorption von H\u00e4matomen und der Triggerpunkt-Behandlung im unteren R\u00fccken oder den Oberschenkelr\u00fcckseiten.<\/li>\n<\/ul>\n<hr \/>\n<h3 id=\"why-partner-with-meditapes-\">Warum eine Partnerschaft mit MediTapes?<\/h3>\n<p>Der direkte Bezug von einem <strong>Hersteller von Kinesiologie-Tapes,<\/strong> garantiert Ihnen das beste Preis-Leistungs-Verh\u00e4ltnis.<\/p>\n<ul>\n<li><strong>Produktionskapazit\u00e4t:<\/strong> Wir sind in der Lage, Gro\u00dfauftr\u00e4ge mit kurzen Vorlaufzeiten abzuwickeln.<\/li>\n<li><strong>Qualit\u00e4tssicherung:<\/strong> Unser Herstellungsprozess umfasst strenge Zugpr\u00fcfungen und Pr\u00fcfungen der Klebestabilit\u00e4t, um sicherzustellen, dass jede Rolle medizinischen Standards entspricht.<\/li>\n<li><strong>Globale Exporterfahrung:<\/strong> Wir haben Erfahrung im weltweiten Versand medizinischer Verbrauchsmaterialien und stellen sicher, dass Ihre <strong>individuellem Physio-Tape<\/strong> sicher und p\u00fcnktlich ankommt.<\/li>\n<\/ul>\n<h3 id=\"contact-us-for-a-quote\">Kontaktieren Sie uns f\u00fcr ein Angebot<\/h3>\n<p>Werten Sie Ihren klinischen Bedarf auf mit <strong>MediTapes<\/strong>. Kontaktieren Sie noch heute unser engagiertes B2B-Vertriebsteam, um Ihre Anpassungsw\u00fcnsche zu besprechen und ein Muster unserer <strong>vorgeschnittenes Kinesiologie-Tape in medizinischer Qualit\u00e4t<\/strong>.<\/p>\n<ul>\n<li><strong>Offizielle Website:<\/strong> <a href=\"https:\/\/meditapes.com\/de\/\" target=\"_blank\" rel=\"noopener\">https:\/\/meditapes.com\/<\/a><\/li>\n<li><strong>Angebot anfordern:<\/strong> <a href=\"https:\/\/meditapes.com\/de\/kontaktieren-sie-uns\/\" target=\"_blank\" rel=\"noopener\">https:\/\/meditapes.com\/contact-us\/<\/a><\/li>\n<li><strong>E-Mail an uns:<\/strong> <a href=\"mailto:info@meditapes.com\" target=\"_blank\" rel=\"noopener\">info@meditapes.com<\/a><\/li>\n<\/ul>\n<p><strong>MediTapes \u2013 Ihr zuverl\u00e4ssiger Hersteller f\u00fcr L\u00f6sungen in der klinischen Rehabilitation.<\/strong><\/p>","protected":false},"excerpt":{"rendered":"<p>Direkt ab Werk: Vorgeschnittenes Kinesiologie-Tape in medizinischer Qualit\u00e4t. Entwickelt f\u00fcr den klinischen Einsatz, f\u00f6rdert unser latexfreies Baumwolltape die Durchblutung und Heilung. Wir bieten individuelle Gr\u00f6\u00dfen (10 cm - 25 cm) und Logos auf unseren vorgeschnittenen Kinesiologie-Tape-Rollen und Patches an. Ideal f\u00fcr Physiotherapie-Kliniken.<\/p>","protected":false},"featured_media":839,"template":"","meta":[],"product_brand":[28],"product_cat":[27,749],"product_tag":[817,816,768,815],"class_list":{"0":"post-838","1":"product","2":"type-product","3":"status-publish","4":"has-post-thumbnail","6":"product_brand-meditapes","7":"product_cat-kinesiology-tapes","8":"product_cat-precut-cotton-fabric-kinesiology-tape","9":"product_tag-clinical-tape","10":"product_tag-custom-physio-tape","11":"product_tag-kinesiology-tape-factory","12":"product_tag-medical-kinesiology-tape","14":"first","15":"instock","16":"shipping-taxable","17":"product-type-simple"},"_links":{"self":[{"href":"https:\/\/meditapes.com\/de\/wp-json\/wp\/v2\/product\/838","targetHints":{"allow":["GET"]}}],"collection":[{"href":"https:\/\/meditapes.com\/de\/wp-json\/wp\/v2\/product"}],"about":[{"href":"https:\/\/meditapes.com\/de\/wp-json\/wp\/v2\/types\/product"}],"wp:featuredmedia":[{"embeddable":true,"href":"https:\/\/meditapes.com\/de\/wp-json\/wp\/v2\/media\/839"}],"wp:attachment":[{"href":"https:\/\/meditapes.com\/de\/wp-json\/wp\/v2\/media?parent=838"}],"wp:term":[{"taxonomy":"product_brand","embeddable":true,"href":"https:\/\/meditapes.com\/de\/wp-json\/wp\/v2\/product_brand?post=838"},{"taxonomy":"product_cat","embeddable":true,"href":"https:\/\/meditapes.com\/de\/wp-json\/wp\/v2\/product_cat?post=838"},{"taxonomy":"product_tag","embeddable":true,"href":"https:\/\/meditapes.com\/de\/wp-json\/wp\/v2\/product_tag?post=838"}],"curies":[{"name":"WP","href":"https:\/\/api.w.org\/{rel}","templated":true}]}}