{"id":834,"date":"2025-12-27T11:38:35","date_gmt":"2025-12-27T11:38:35","guid":{"rendered":"https:\/\/meditapes.com\/?post_type=product&#038;p=834"},"modified":"2025-12-27T11:38:36","modified_gmt":"2025-12-27T11:38:36","slug":"precut-kinesiology-tape","status":"publish","type":"product","link":"https:\/\/meditapes.com\/de\/produkt\/precut-kinesiology-tape\/","title":{"rendered":"Vorgeschnittene Kinesiologie-Tape-Streifen f\u00fcr Sport &amp; Therapie \u2013 Gro\u00dfhandel"},"content":{"rendered":"<h1 id=\"precut-kinesiology-tape-strips-for-sports-therapy-bulk-wholesale\">Vorgeschnittene Kinesiologie-Tape-Streifen f\u00fcr Sport &amp; Therapie \u2013 Gro\u00dfhandel<\/h1>\n<p><strong>Produkt\u00fcbersicht:<\/strong><\/p>\n<p>Willkommen bei <strong>MediTapes<\/strong>, Ihr vertrauensw\u00fcrdiger Partner und Hersteller von erstklassigen Rehabilitationsl\u00f6sungen. Unser <strong>vorgeschnittenes Kinesiologie-Tape<\/strong> ist auf Effizienz, Pr\u00e4zision und \u00fcberlegene Leistung ausgelegt. Im Gegensatz zu herk\u00f6mmlichen Endlosrollen, die gemessen und zugeschnitten werden m\u00fcssen, sind unsere <strong>Kinesio-Tape-Streifen<\/strong> vorgeformt und sofort einsatzbereit, was Physiotherapeuten, Sportlern und Trainern wertvolle Zeit spart.<\/p>\n<p>Egal, ob Sie ein medizinischer Fachh\u00e4ndler auf der Suche nach zuverl\u00e4ssigem <strong>therapeutisches Tape<\/strong>, oder eine Sportmarke sind, die <strong>Sporttape in gro\u00dfen Mengen<\/strong> f\u00fcr Private Labeling sucht, MediTapes liefert hochwertige <strong>Vorgeschnittenes Kinesiologie-Tape aus Baumwolle<\/strong> die darauf ausgelegt sind, globale Standards zu erf\u00fcllen.<\/p>\n<hr \/>\n<h3 id=\"why-choose-our-precut-kinesiology-tape-\">Warum sollten Sie unser vorgeschnittenes Kinesiologie-Tape w\u00e4hlen?<\/h3>\n<p>Die Nachfrage nach bequemer, effektiver Muskelunterst\u00fctzung w\u00e4chst. Unser <strong>vorgeschnittenes Kinesiologie-Tape<\/strong> ist aus hochwertigem Baumwollgewebe in Kombination mit einem hypoallergenen Acrylkleber in medizinischer Qualit\u00e4t gefertigt. Es ahmt die Elastizit\u00e4t der menschlichen Haut nach und erm\u00f6glicht volle Bewegungsfreiheit, w\u00e4hrend es Muskeln und Gelenken Stabilit\u00e4t verleiht.<\/p>\n<p><strong>Hauptmerkmale &amp; Vorteile:<\/strong><\/p>\n<ul>\n<li><strong>Komfort &amp; Effizienz:<\/strong> Das \u201cPrecut\u201d-Design macht Scheren \u00fcberfl\u00fcssig. Unsere Streifen sind in standardisierten <strong>I-, Y- und X-Formen erh\u00e4ltlich<\/strong>, was jedes Mal eine konsistente Anwendung gew\u00e4hrleistet. Dies ist ideal f\u00fcr vielbesch\u00e4ftigte Kliniken und sportliche Behandlungen vor Ort.<\/li>\n<li><strong>Premium-Baumwollmaterial:<\/strong> Wir verwenden atmungsaktives, latexfreies Baumwollgewebe, das Feuchtigkeit und Schwei\u00df ableitet. Dies stellt sicher, dass das Tape 3\u20135 Tage lang h\u00e4lt, selbst bei intensiven Trainingseinheiten oder beim Duschen.<\/li>\n<li><strong>Fortgeschrittene therapeutische Unterst\u00fctzung:<\/strong> Durch das mikroskopische Anheben der Haut helfen unsere <strong>Kinesio-Tape-Streifen<\/strong> die Durchblutung und den Lymphabfluss zu verbessern. Dies tr\u00e4gt dazu bei, Entz\u00fcndungen zu reduzieren, Schmerzen zu lindern und die Genesung bei Verletzungen wie L\u00e4uferknie, Tennisarm und Plantarfasziitis zu beschleunigen.<\/li>\n<li><strong>Starker &amp; sanfter Klebstoff:<\/strong> Unser wellenf\u00f6rmiges Klebstoffdesign sorgt f\u00fcr Atmungsaktivit\u00e4t und minimiert Hautirritationen, wodurch es f\u00fcr empfindliche Haut und l\u00e4ngeres Tragen geeignet ist.<\/li>\n<\/ul>\n<hr \/>\n<h3 id=\"versatile-shapes-for-targeted-relief\">Vielseitige Formen f\u00fcr gezielte Entlastung<\/h3>\n<p>Als professioneller Hersteller wissen wir, dass unterschiedliche Verletzungen verschiedene Taping-Techniken erfordern. Deshalb bieten wir ein umfassendes Sortiment an Formen in unserem <strong>Sporttape in gro\u00dfen Mengen<\/strong> Bestand an:<\/p>\n<ol>\n<li><strong>I-Form:<\/strong> Der vielseitigste Streifen. Er wird prim\u00e4r zur Unterst\u00fctzung langer Muskeln (wie Quadrizeps oder Kniesehnen) und zur Ausrichtung von Sehnen verwendet. Er bietet lineare Unterst\u00fctzung und Schmerzlinderung.<\/li>\n<li><strong>Y-Form:<\/strong> Entwickelt, um einen Zielmuskel zu umschlie\u00dfen. Die geteilten Enden erm\u00f6glichen es dem Tape, \u00fcber empfindliche Knochenvorspr\u00fcnge zu f\u00fchren oder spezifische Muskelgruppen zu hemmen bzw. zu unterst\u00fctzen.<\/li>\n<li><strong>X-Form:<\/strong> Ideal f\u00fcr komplexe Gelenke und konzentrierte Schmerzbereiche. Die X-Form zieht zur Mitte hin und bietet gezielte Entlastung f\u00fcr Bereiche wie den Ellbogen oder die Kniekehle.<\/li>\n<\/ol>\n<hr \/>\n<h3 id=\"product-specifications\">Produktspezifikationen<\/h3>\n<p>Bei <strong>MediTapes<\/strong>, bieten wir flexible Fertigungsoptionen an, um Ihren spezifischen Anforderungen gerecht zu werden. Nachfolgend finden Sie die technischen Standardparameter f\u00fcr unsere <strong>Vorgeschnittenes Kinesiologie-Tape aus Baumwolle<\/strong>:<\/p>\n<table>\n<thead>\n<tr>\n<th style=\"text-align: left;\">Parameter<\/th>\n<th style=\"text-align: left;\">Spezifikation<\/th>\n<\/tr>\n<\/thead>\n<tbody>\n<tr>\n<td style=\"text-align: left;\"><strong>Produktname<\/strong><\/td>\n<td style=\"text-align: left;\"><strong>Vorgeschnittenes Kinesiologie-Tape aus Baumwolle<\/strong><\/td>\n<\/tr>\n<tr>\n<td style=\"text-align: left;\"><strong>Material<\/strong><\/td>\n<td style=\"text-align: left;\">Hochwertiges Baumwollgewebe + medizinischer Acrylkleber<\/td>\n<\/tr>\n<tr>\n<td style=\"text-align: left;\"><strong>Breite<\/strong><\/td>\n<td style=\"text-align: left;\"><strong>5 cm<\/strong> (Standard f\u00fcr Rollen &amp; Pflaster)<\/td>\n<\/tr>\n<tr>\n<td style=\"text-align: left;\"><strong>L\u00e4nge<\/strong><\/td>\n<td style=\"text-align: left;\"><strong>5 m<\/strong> (Endlosrolle)<br \/>\n<strong>10 cm \/ 15 cm \/ 20 cm \/ 25 cm<\/strong> (Vorgeschnittene Patches)<\/td>\n<\/tr>\n<tr>\n<td style=\"text-align: left;\"><strong>Verf\u00fcgbare Formen<\/strong><\/td>\n<td style=\"text-align: left;\"><strong>I-Form \/ Y-Form \/ X-Form<\/strong><\/td>\n<\/tr>\n<tr>\n<td style=\"text-align: left;\"><strong>Farben<\/strong><\/td>\n<td style=\"text-align: left;\"><strong>Hautfarben (Beige), Blau, Pink, Schwarz<\/strong>, und weitere auf Anfrage<\/td>\n<\/tr>\n<tr>\n<td style=\"text-align: left;\"><strong>Elastizit\u00e4t<\/strong><\/td>\n<td style=\"text-align: left;\">160% \u2013 170% Dehnbarkeit<\/td>\n<\/tr>\n<tr>\n<td style=\"text-align: left;\"><strong>Zertifizierungen<\/strong><\/td>\n<td style=\"text-align: left;\">CE, ISO, FDA (Bitte best\u00e4tigen Sie spezifische Zertifizierungen mit unserem Vertriebsteam)<\/td>\n<\/tr>\n<tr>\n<td style=\"text-align: left;\"><strong>Verpackung<\/strong><\/td>\n<td style=\"text-align: left;\"><strong>Gem\u00e4\u00df Kundenanforderungen<\/strong> (Einzelkarton, Gro\u00dfpackung, Blisterverpackung)<\/td>\n<\/tr>\n<\/tbody>\n<\/table>\n<hr \/>\n<h3 id=\"applications-usage-scenarios\">Anwendungen &amp; Einsatzszenarien<\/h3>\n<p>Unsere <strong>therapeutisches Tape<\/strong> ist in verschiedenen Sektoren weit verbreitet, was es zu einem umsatzstarken Produkt f\u00fcr Gro\u00dfh\u00e4ndler macht:<\/p>\n<ul>\n<li><strong>Sportmedizin:<\/strong> Unerl\u00e4sslich zur Vorbeugung von Sportverletzungen und zur Leistungssteigerung beim Laufen, Schwimmen, Crossfit und Mannschaftssport.<\/li>\n<li><strong>Rehabilitationskliniken:<\/strong> Physiotherapeuten bevorzugen <strong>vorgeschnittenes Kinesiologie-Tape<\/strong> aufgrund der einfachen Anwendung bei der Behandlung von chronischen Schmerzen, \u00d6demen und der postoperativen Genesung.<\/li>\n<li><strong>Arbeitsmedizin:<\/strong> Hilft dabei, die Belastung durch repetitive Bewegungen oder schlechte K\u00f6rperhaltung bei B\u00fcroangestellten und k\u00f6rperlich Arbeitenden zu reduzieren.<\/li>\n<\/ul>\n<hr \/>\n<h3 id=\"oem-odm-customization-services\">OEM\/ODM &amp; Individualisierungsdienste<\/h3>\n<p><strong>MediTapes<\/strong> ist auf B2B-L\u00f6sungen spezialisiert. Wir wissen, dass Branding f\u00fcr Ihr Unternehmen entscheidend ist. Wir bieten umfassende Anpassungsm\u00f6glichkeiten f\u00fcr unsere <strong>Sporttape in gro\u00dfen Mengen<\/strong>:<\/p>\n<ul>\n<li><strong>Individuelles Branding:<\/strong> Wir k\u00f6nnen Ihr Logo direkt auf das Tape-Gewebe oder das Tr\u00e4gerpapier drucken.<\/li>\n<li><strong>Individuelle Verpackung:<\/strong> Von verkaufsfertigen Schachteln mit Aufh\u00e4ngelaschen bis hin zu wirtschaftlichen Gro\u00dfpackungen f\u00fcr Kliniken verpacken wir nach Ihren spezifischen Designdateien.<\/li>\n<li><strong>Individuelle Gr\u00f6\u00dfen &amp; Formen:<\/strong> \u00dcber die Standard-I\/Y\/X-Formen hinaus k\u00f6nnen wir auf Anfrage spezifische Formen f\u00fcr einzigartige Anwendungen stanzen.<\/li>\n<\/ul>\n<h3 id=\"contact-us-for-a-quote\">Kontaktieren Sie uns f\u00fcr ein Angebot<\/h3>\n<p>Bereit, Premium-Ware auf Lager zu nehmen <strong>vorgeschnittenes Kinesiologie-Tape<\/strong>? Werden Sie Partner von <strong>MediTapes<\/strong> f\u00fcr Preise direkt ab Werk und zuverl\u00e4ssige Qualit\u00e4t.<\/p>\n<ul>\n<li><strong>Besuchen Sie unsere Website:<\/strong> <a href=\"https:\/\/meditapes.com\/de\/\" target=\"_blank\" rel=\"noopener\">https:\/\/meditapes.com\/<\/a><\/li>\n<li><strong>Angebot anfordern:<\/strong> <a href=\"https:\/\/meditapes.com\/de\/kontaktieren-sie-uns\/\" target=\"_blank\" rel=\"noopener\">https:\/\/meditapes.com\/contact-us\/<\/a><\/li>\n<li><strong>E-Mail an uns:<\/strong> <a href=\"mailto:info@meditapes.com\" target=\"_blank\" rel=\"noopener\">info@meditapes.com<\/a><\/li>\n<\/ul>\n<p><strong>Erweitern Sie Ihr Produktsortiment mit den besten Kinesio-Tape-Streifen auf dem Markt. Kontaktieren Sie uns noch heute!<\/strong><\/p>","protected":false},"excerpt":{"rendered":"<p>Maximieren Sie die Genesung mit unserem vorgeschnittenen Kinesiologie-Tape. Dieses f\u00fcr die sofortige Anwendung konzipierte Baumwollgewebe-Tape bietet erstklassige Unterst\u00fctzung bei Sportverletzungen. Als f\u00fchrender Hersteller bieten wir vorgeschnittenes Kinesiologie-Tape in gro\u00dfen Mengen in I-, Y- und X-Formen an, um unterschiedliche Therapieanforderungen zu erf\u00fcllen.<\/p>","protected":false},"featured_media":835,"template":"","meta":[],"product_brand":[28],"product_cat":[27,749],"product_tag":[638,811,810,765],"class_list":{"0":"post-834","1":"product","2":"type-product","3":"status-publish","4":"has-post-thumbnail","6":"product_brand-meditapes","7":"product_cat-kinesiology-tapes","8":"product_cat-precut-cotton-fabric-kinesiology-tape","9":"product_tag-bulk-sports-tape","10":"product_tag-kinesio-tape-strips","11":"product_tag-precut-kinesiology-tape","12":"product_tag-therapeutic-tape","14":"first","15":"instock","16":"shipping-taxable","17":"product-type-simple"},"_links":{"self":[{"href":"https:\/\/meditapes.com\/de\/wp-json\/wp\/v2\/product\/834","targetHints":{"allow":["GET"]}}],"collection":[{"href":"https:\/\/meditapes.com\/de\/wp-json\/wp\/v2\/product"}],"about":[{"href":"https:\/\/meditapes.com\/de\/wp-json\/wp\/v2\/types\/product"}],"wp:featuredmedia":[{"embeddable":true,"href":"https:\/\/meditapes.com\/de\/wp-json\/wp\/v2\/media\/835"}],"wp:attachment":[{"href":"https:\/\/meditapes.com\/de\/wp-json\/wp\/v2\/media?parent=834"}],"wp:term":[{"taxonomy":"product_brand","embeddable":true,"href":"https:\/\/meditapes.com\/de\/wp-json\/wp\/v2\/product_brand?post=834"},{"taxonomy":"product_cat","embeddable":true,"href":"https:\/\/meditapes.com\/de\/wp-json\/wp\/v2\/product_cat?post=834"},{"taxonomy":"product_tag","embeddable":true,"href":"https:\/\/meditapes.com\/de\/wp-json\/wp\/v2\/product_tag?post=834"}],"curies":[{"name":"WP","href":"https:\/\/api.w.org\/{rel}","templated":true}]}}