{"id":831,"date":"2025-12-27T11:29:53","date_gmt":"2025-12-27T11:29:53","guid":{"rendered":"https:\/\/meditapes.com\/?post_type=product&#038;p=831"},"modified":"2025-12-27T11:29:55","modified_gmt":"2025-12-27T11:29:55","slug":"pre-cut-printed-kinesiology-tape","status":"publish","type":"product","link":"https:\/\/meditapes.com\/de\/produkt\/pre-cut-printed-kinesiology-tape\/","title":{"rendered":"Vorgeschnittene bedruckte Kinesio-Tape-Streifen \u2013 Einfache Anwendung beim Sport"},"content":{"rendered":"<h1 id=\"pre-cut-printed-kinesiology-tape-strips-easy-application-for-sports\">Vorgeschnittene bedruckte Kinesio-Tape-Streifen \u2013 Einfache Anwendung beim Sport<\/h1>\n<h2 id=\"the-ultimate-convenience-ready-to-use-cotton-therapeutic-strips\">Der ultimative Komfort: Gebrauchsfertige therapeutische Baumwollstreifen<\/h2>\n<p>In der schnelllebigen Welt des Sports und der Rehabilitation ist Zeit ein wertvolles Gut. Athleten am Spielfeldrand und Physiotherapeuten in gut besuchten Kliniken haben nicht immer die Zeit, Tape-Rollen abzumessen und zuzuschneiden. <strong>MediTapes<\/strong> pr\u00e4sentiert die perfekte L\u00f6sung: unsere <strong>Vorgeschnittenen bedruckten Kinesiologie-Tape-Streifen<\/strong>.<\/p>\n<p>Konzipiert f\u00fcr den sofortigen Einsatz, machen diese <strong>Einfach anzuwendenden Sport-Tapes<\/strong> Streifen Scheren \u00fcberfl\u00fcssig und bieten ein problemloses Taping-Erlebnis, ohne Kompromisse bei der professionellen Unterst\u00fctzung einzugehen. Als direkter Fabrikant bieten wir diese <strong>Vorgeschnittenen Kinesiologie-Tape-L\u00f6sungen<\/strong> globalen Distributoren an, die ihren Kunden die ultimative Kombination aus Komfort, Stil und therapeutischer Wirksamkeit bieten m\u00f6chten.<\/p>\n<hr \/>\n<h3 id=\"why-switch-to-pre-cut-k-tape-strips-\">Warum auf vorgeschnittene K-Tape-Streifen umsteigen?<\/h3>\n<p>Standardrollen eignen sich hervorragend f\u00fcr individuelle Anpassungen, aber <strong>Vorgeschnittenen Kinesiologie-Tape-L\u00f6sungen<\/strong> bietet deutliche Vorteile, die ein massives Marktsegment ansprechen:<\/p>\n<h4 id=\"1-precision-and-consistency\">1. Pr\u00e4zision und Konsistenz<\/h4>\n<p>Jeder Streifen wird maschinell nach exakten Spezifikationen (typischerweise 25 cm L\u00e4nge) zugeschnitten. Dies gew\u00e4hrleistet jedes Mal eine gleichm\u00e4\u00dfige Spannungsanwendung. Dar\u00fcber hinaus verf\u00fcgen unsere <strong>K-Tape-Streifen<\/strong> \u00fcber maschinell abgerundete Ecken. Im Gegensatz zu handgeschnittenen quadratischen Ecken, die an der Kleidung h\u00e4ngen bleiben und sich leicht abl\u00f6sen, bleiben unsere abgerundeten Kanten tagelang sicher und verl\u00e4ngern die Tragezeit erheblich.<\/p>\n<h4 id=\"2-no-scissors-required-easy-application\">2. Keine Schere erforderlich \u2013 Einfache Anwendung<\/h4>\n<p>Dies ist die ma\u00dfgebliche <strong>Einfach anzuwendenden Sport-Tapes<\/strong>. Das Tr\u00e4gerpapier ist zum einfachen Abrei\u00dfen perforiert, sodass Benutzer das Tape \u00fcberall anbringen k\u00f6nnen \u2013 in der Umkleidekabine, im Fitnessstudio oder auf dem Spielfeld \u2013 ohne zus\u00e4tzliches Werkzeug zu ben\u00f6tigen. Es erm\u00f6glicht Patienten, sich zu Hause effektiv selbst zu tapen, was die Einhaltung von Rehabilitationsprotokollen verbessert.<\/p>\n<h4 id=\"3-targeted-support-for-key-areas\">3. Gezielte Unterst\u00fctzung f\u00fcr Schl\u00fcsselbereiche<\/h4>\n<p>Unsere <strong>Therapeutische Baumwollstreifen<\/strong> sind vielseitig einsetzbar. Sie sind bereits auf die ideale L\u00e4nge f\u00fcr g\u00e4ngige Verletzungen zugeschnitten.<\/p>\n<ul>\n<li><strong>Knie:<\/strong> Ideal bei L\u00e4uferknie und Patellagleitst\u00f6rungen.<\/li>\n<li><strong>Schultern:<\/strong> perfekt dimensioniert zur Unterst\u00fctzung der Rotatorenmanschette.<\/li>\n<li><strong>R\u00fccken:<\/strong> Einfach kombinierbar zu einem \u201cX\u201d- oder \u201cH\u201d-Muster zur Linderung von Schmerzen im unteren R\u00fcckenbereich.<\/li>\n<\/ul>\n<h4 id=\"4-printed-designs-for-branding\">4. Bedruckte Designs f\u00fcr das Branding<\/h4>\n<p>Genau wie unsere Rollen werden diese Streifen aus unserem hochwertigen <strong>Bedrucktes Kinesiologie-Tape aus Baumwolle<\/strong>. Wir k\u00f6nnen Markierungen mit Anwendungshinweisen direkt auf das Tape drucken, um die Anwendung zu erleichtern, oder Ihr Markenlogo zur Steigerung der Sichtbarkeit.<\/p>\n<hr \/>\n<h3 id=\"product-specifications\">Produktspezifikationen<\/h3>\n<p>Unsere vorgeschnittenen Streifen bieten die gleiche hohe Qualit\u00e4t wie unsere Standardrollen, jedoch mit zus\u00e4tzlichem Komfort.<\/p>\n<table>\n<thead>\n<tr>\n<th style=\"text-align: left;\">Spezifikation<\/th>\n<th style=\"text-align: left;\">Details<\/th>\n<\/tr>\n<\/thead>\n<tbody>\n<tr>\n<td style=\"text-align: left;\"><strong>Produktname<\/strong><\/td>\n<td style=\"text-align: left;\"><strong>Bedrucktes Kinesiologie-Tape aus Baumwolle<\/strong><\/td>\n<\/tr>\n<tr>\n<td style=\"text-align: left;\"><strong>Material<\/strong><\/td>\n<td style=\"text-align: left;\">97% Baumwolle + 3% Elasthan (Atmungsaktiv &amp; Elastisch)<\/td>\n<\/tr>\n<tr>\n<td style=\"text-align: left;\"><strong>Klebstoff<\/strong><\/td>\n<td style=\"text-align: left;\">Hypoallergener medizinischer Acrylkleber (Wellenmuster)<\/td>\n<\/tr>\n<tr>\n<td style=\"text-align: left;\"><strong>Abmessungen der Streifen<\/strong><\/td>\n<td style=\"text-align: left;\">Standard <strong>5 cm x 25 cm<\/strong> (I-Streifen)<\/td>\n<\/tr>\n<tr>\n<td style=\"text-align: left;\"><strong>Verf\u00fcgbare Formen<\/strong><\/td>\n<td style=\"text-align: left;\">I-Streifen (Standard), Y-Streifen, X-Streifen, F\u00e4cherschnitt (Anpassbar)<\/td>\n<\/tr>\n<tr>\n<td style=\"text-align: left;\"><strong>Ecken<\/strong><\/td>\n<td style=\"text-align: left;\"><strong>Abgerundete Ecken<\/strong> um ein Abl\u00f6sen zu verhindern<\/td>\n<\/tr>\n<tr>\n<td style=\"text-align: left;\"><strong>Farben\/Muster<\/strong><\/td>\n<td style=\"text-align: left;\">Hautfarben, Blau, Rosa, Schwarz, Individuelle Drucke<\/td>\n<\/tr>\n<tr>\n<td style=\"text-align: left;\"><strong>Verpackung<\/strong><\/td>\n<td style=\"text-align: left;\">Verkaufsverpackung (z. B. 20 Streifen\/Box) oder Spenderbox. <strong>Gem\u00e4\u00df Kundenanforderungen<\/strong><\/td>\n<\/tr>\n<tr>\n<td style=\"text-align: left;\"><strong>Elastizit\u00e4t<\/strong><\/td>\n<td style=\"text-align: left;\">160% \u2013 170% Stretch<\/td>\n<\/tr>\n<\/tbody>\n<\/table>\n<hr \/>\n<h3 id=\"application-scenarios-who-needs-pre-cut-strips-\">Anwendungsszenarien: Wer ben\u00f6tigt vorgeschnittene Streifen?<\/h3>\n<ul>\n<li><strong>Endverbraucher:<\/strong> Heimanwender, die das Zuschneiden von Rollen als schwierig empfinden. Unsere verkaufsfertigen Verpackungen machen dieses Produkt zu einem Bestseller in Apotheken und Sportgesch\u00e4ften.<\/li>\n<li><strong>Personal Trainer:<\/strong> Erm\u00f6glicht es Trainern, einen Kunden w\u00e4hrend einer Einheit schnell zu tapen, ohne Zeit mit der Vorbereitung zu verlieren.<\/li>\n<li><strong>Sanit\u00e4tsdienst bei Veranstaltungen:<\/strong> F\u00fcr Marathons oder Triathlons, bei denen Sanit\u00e4ter Hunderte von Athleten schnell tapen m\u00fcssen, <strong>Vorgeschnittenen Kinesiologie-Tape-L\u00f6sungen<\/strong> ist eine logistische Rettung.<\/li>\n<\/ul>\n<h3 id=\"factory-direct-advantages-from-meditapes\">Vorteile direkt ab Werk von MediTapes<\/h3>\n<p>Die Beschaffung <strong>Vorgeschnittenen Kinesiologie-Tape-L\u00f6sungen<\/strong> direkt von MediTapes verschafft Ihnen einen Wettbewerbsvorteil.<\/p>\n<ol>\n<li><strong>Kosteneffizienz:<\/strong> Der Vorschnitt erfolgt auf unseren automatisierten Industrieanlagen, wodurch die Lohnkosten im Vergleich zum manuellen Schneiden gesenkt werden. Diese Einsparungen geben wir an Sie weiter.<\/li>\n<li><strong>Individuelle Verpackung:<\/strong> Wir zeichnen uns durch die Erstellung von verkaufsfertigen Einzelhandelsverpackungen aus. Wir k\u00f6nnen 10, 20 oder 100 Streifen pro Box verpacken, individuell gestaltet mit Ihrem Markendesign und Ihren Bedienungsanleitungen.<\/li>\n<li><strong>Qualit\u00e4tskontrolle:<\/strong> Wir stellen sicher, dass die Perforation des Tr\u00e4gerpapiers pr\u00e4zise ist, was den \u201cAbrei\u00dfen-und-Aufkleben\u201d-Prozess f\u00fcr den Endverbraucher reibungslos macht.<\/li>\n<\/ol>\n<hr \/>\n<h3 id=\"frequently-asked-questions-faq-\">H\u00e4ufig gestellte Fragen (FAQ)<\/h3>\n<p><strong>F: Sind vorgeschnittene Streifen genauso effektiv wie Rollen?<\/strong><br \/>\nA: Ja, absolut. Sie verwenden genau das gleiche <strong>Therapeutische Baumwollstreifen<\/strong> Material und den gleichen medizinischen Klebstoff. Der einzige Unterschied ist der Komfort des Zuschnitts.<\/p>\n<p><strong>F: Kann ich vorgeschnittene Streifen in \u201cY\u201d- oder \u201cX\u201d-Form erhalten?<\/strong><br \/>\nA: Ja. W\u00e4hrend der Standard-\u201cI\u201d-Streifen (5 cm x 25 cm) am beliebtesten ist, k\u00f6nnen wir \u201cY\u201d-, \u201cX\u201d- oder \u201cF\u00e4cher\u201d-Schnitte basierend auf Ihren OEM-Anforderungen herstellen.<\/p>\n<p><strong>F: Wie wende ich sie an?<\/strong><br \/>\nA: Es ist ganz einfach. Rei\u00dfen Sie das Tr\u00e4gerpapier in der Mitte oder an einem Ende (dem Anker) ein, bringen Sie den Anker mit 0% Dehnung an, applizieren Sie die therapeutische Zone mit der gew\u00fcnschten Dehnung und schlie\u00dfen Sie das Ende mit 0% Dehnung ab.<\/p>\n<hr \/>\n<h3 id=\"request-a-sample-kit\">Muster-Kit anfordern<\/h3>\n<p>Erleben Sie den Komfort aus erster Hand. Kontaktieren Sie <strong>MediTapes<\/strong> noch heute, um Muster unserer <strong>Einfach anzuwendenden Sport-Tapes<\/strong> zu bestellen und Ihre Eigenmarken-Anforderungen zu besprechen.<\/p>\n<ul>\n<li><strong>Website:<\/strong> <a href=\"https:\/\/meditapes.com\/de\/\" target=\"_blank\" rel=\"noopener\">https:\/\/meditapes.com\/<\/a><\/li>\n<li><strong>Kontaktseite:<\/strong> <a href=\"https:\/\/meditapes.com\/de\/kontaktieren-sie-uns\/\" target=\"_blank\" rel=\"noopener\">https:\/\/meditapes.com\/contact-us\/<\/a><\/li>\n<li><strong>E-Mail:<\/strong> <a href=\"mailto:info@meditapes.com\" target=\"_blank\" rel=\"noopener\">info@meditapes.com<\/a><\/li>\n<\/ul>\n<hr \/>","protected":false},"excerpt":{"rendered":"<p>Sparen Sie Zeit mit vorgeschnittenem bedrucktem Kinesiologie-Tape. Diese gebrauchsfertigen Baumwoll-Tape-Streifen sind f\u00fcr die einfache Anwendung an Knien, Schultern und R\u00fccken konzipiert. Unser bedrucktes Sport-Tape bietet gleichm\u00e4\u00dfige Spannung und zuverl\u00e4ssigen Halt. Der Bezug von vorgeschnittenem Kinesiologie-Tape direkt ab Werk garantiert beste Preise.<\/p>","protected":false},"featured_media":832,"template":"","meta":[],"product_brand":[28],"product_cat":[27,748],"product_tag":[809,807,808,771],"class_list":{"0":"post-831","1":"product","2":"type-product","3":"status-publish","4":"has-post-thumbnail","6":"product_brand-meditapes","7":"product_cat-kinesiology-tapes","8":"product_cat-cotton-fabric-printed-kinesiology-tape","9":"product_tag-cotton-therapeutic-strips","10":"product_tag-easy-apply-sports-tape","11":"product_tag-k-tape-strips","12":"product_tag-pre-cut-kinesiology-tape","14":"first","15":"instock","16":"shipping-taxable","17":"product-type-simple"},"_links":{"self":[{"href":"https:\/\/meditapes.com\/de\/wp-json\/wp\/v2\/product\/831","targetHints":{"allow":["GET"]}}],"collection":[{"href":"https:\/\/meditapes.com\/de\/wp-json\/wp\/v2\/product"}],"about":[{"href":"https:\/\/meditapes.com\/de\/wp-json\/wp\/v2\/types\/product"}],"wp:featuredmedia":[{"embeddable":true,"href":"https:\/\/meditapes.com\/de\/wp-json\/wp\/v2\/media\/832"}],"wp:attachment":[{"href":"https:\/\/meditapes.com\/de\/wp-json\/wp\/v2\/media?parent=831"}],"wp:term":[{"taxonomy":"product_brand","embeddable":true,"href":"https:\/\/meditapes.com\/de\/wp-json\/wp\/v2\/product_brand?post=831"},{"taxonomy":"product_cat","embeddable":true,"href":"https:\/\/meditapes.com\/de\/wp-json\/wp\/v2\/product_cat?post=831"},{"taxonomy":"product_tag","embeddable":true,"href":"https:\/\/meditapes.com\/de\/wp-json\/wp\/v2\/product_tag?post=831"}],"curies":[{"name":"WP","href":"https:\/\/api.w.org\/{rel}","templated":true}]}}