{"id":819,"date":"2025-12-27T11:04:23","date_gmt":"2025-12-27T11:04:23","guid":{"rendered":"https:\/\/meditapes.com\/?post_type=product&#038;p=819"},"modified":"2025-12-27T11:12:36","modified_gmt":"2025-12-27T11:12:36","slug":"custom-logo-synthetic-sports-tape","status":"publish","type":"product","link":"https:\/\/meditapes.com\/de\/produkt\/custom-logo-synthetic-sports-tape\/","title":{"rendered":"Synthetisches Sport-Tape mit individuellem Logo \u2013 Atmungsaktives Rayon-Physio-Tape"},"content":{"rendered":"<h1 id=\"custom-logo-synthetic-sports-tape-breathable-rayon-physio-tape\">Synthetisches Sport-Tape mit individuellem Logo \u2013 Atmungsaktives Rayon-Physio-Tape<\/h1>\n<p>In der wettbewerbsintensiven Welt des Sports und der Rehabilitation muss sich Ihre Marke abheben. Bei <strong>MediTapes<\/strong>, bieten wir die ultimative Branding-L\u00f6sung: <strong>Synthetisches Sporttape mit individuellem Logo<\/strong>. Wir kombinieren die Hochleistungsmechanik von erstklassigem Synthetikgewebe mit modernster Drucktechnologie, damit Sie ein Produkt erstellen k\u00f6nnen, das nicht nur therapeutisch wirksam, sondern auch ein leistungsstarkes Marketinginstrument ist.<\/p>\n<p>Egal, ob Sie ein Sportverein, ein Physiotherapie-Franchise oder ein Einzelh\u00e4ndler f\u00fcr Fitnessger\u00e4te sind, unsere <strong>OEM-Kinesiologie-Tape-<\/strong> Dienstleistungen bieten Ihnen eine \u201claufende Werbefl\u00e4che\u201d auf den Muskeln von Spitzensportlern.<\/p>\n<h2 id=\"why-choose-synthetic-rayon-for-your-brand-\">Warum sollten Sie synthetische Viskose f\u00fcr Ihre Marke w\u00e4hlen?<\/h2>\n<p>Beim Aufbau einer Premium-Produktlinie ist das Material entscheidend. W\u00e4hrend Baumwolle Standard ist, <strong>synthetische Viskose<\/strong> ist Elite. Unser <strong>atmungsaktives Physio-Tape<\/strong> wird aus hochwertigen synthetischen Mikrofasern hergestellt, die ein glattes, gl\u00e4nzendes Finish bieten. Diese erstklassige \u00c4sthetik ist perfekt f\u00fcr den Druck scharfer, lebendiger Logos, die weder verblassen noch sich verzerren.<\/p>\n<ul>\n<li><strong>\u00dcberlegene Druckqualit\u00e4t:<\/strong> Die glatte Oberfl\u00e4che unseres <strong>synthetischen Physio-Tapes<\/strong> erm\u00f6glicht einen h\u00f6her aufl\u00f6senden Druck im Vergleich zur faserigen Textur von Baumwolle. Ihr <strong>Sporttape mit individuellem Logo<\/strong> wird gestochen scharf, professionell und hochwertig aussehen.<\/li>\n<li><strong>Atmungsaktiv &amp; schnelltrocknend:<\/strong> Die synthetischen Fasern sind so konzipiert, dass sie Wasser abweisen und Schwei\u00df effizient ableiten. Dies macht das Tape hochgradig atmungsaktiv und verhindert Hautmazerationen selbst bei intensiven Trainingseinheiten oder beim Schwimmen.<\/li>\n<li><strong>Konstante Spannung:<\/strong> Im Gegensatz zu Baumwolle, die mit der Zeit ausleiern kann, beh\u00e4lt synthetisches Rayon seine Elastizit\u00e4t (R\u00fcckstellkraft) w\u00e4hrend der gesamten Tragedauer bei und gew\u00e4hrleistet so eine gleichbleibende Unterst\u00fctzung f\u00fcr Ihre Kunden.<\/li>\n<\/ul>\n<h2 id=\"comprehensive-private-label-solutions\">Umfassende Private-Label-L\u00f6sungen<\/h2>\n<p><strong>MediTapes<\/strong> ist ein weltweit f\u00fchrender Anbieter von <strong>Rayon-Tape-Eigenmarken<\/strong> Herstellung. Wir verkaufen nicht nur Tape; wir helfen Ihnen, eine Marke aufzubauen. Wir verstehen die Herausforderungen bei der Beschaffung und bieten Ihnen daher Folgendes an:<\/p>\n<h3 id=\"1-flexible-customization-options\">1. Flexible Anpassungsm\u00f6glichkeiten<\/h3>\n<p>Wir bieten mehrere Ebenen des Brandings f\u00fcr Ihr <strong>OEM-Kinesiologie-Tape-<\/strong>:<\/p>\n<ul>\n<li><strong>Stoffbedruckung:<\/strong> Drucken Sie Ihr Logo oder ein individuelles Muster direkt auf das gl\u00e4nzende Rayon-Gewebe. Wir bieten einfarbige, sich wiederholende Logos oder mehrfarbige Designs an.<\/li>\n<li><strong>Tr\u00e4gerpapier:<\/strong> Individualisieren Sie das Trennpapier mit Ihrer Website, Anleitungen oder einem Logo-Wasserzeichen.<\/li>\n<li><strong>Verpackung:<\/strong> Von Einzelrollenschachteln bis hin zu klinischen Spendern und Blisterpackungen entwerfen wir Verpackungen, die im Verkaufsregal auffallen.<\/li>\n<\/ul>\n<h3 id=\"2-flexible-moqs-minimum-order-quantities-\">2. Flexible Mindestbestellmengen (MOQs)<\/h3>\n<p>Wir legen Wert darauf, Unternehmen aller Gr\u00f6\u00dfen zu unterst\u00fctzen. Ganz gleich, ob Sie eine kleine Charge f\u00fcr eine Werbeveranstaltung oder eine Containerladung f\u00fcr den weltweiten Vertrieb ben\u00f6tigen, wir bieten flexible MOQ-Konditionen, um Ihr <strong>Sporttape mit individuellem Logo<\/strong> Projekt zu starten.<\/p>\n<h3 id=\"3-fast-global-shipping\">3. Schneller weltweiter Versand<\/h3>\n<p>Zeit ist Geld. Unser optimierter Herstellungsprozess stellt sicher, dass Ihre kundenspezifischen Auftr\u00e4ge schnell produziert und an Ihr Lager versandt werden, damit Ihnen nie der Vorrat ausgeht.<\/p>\n<h2 id=\"product-specifications\">Produktspezifikationen<\/h2>\n<p>Unsere <strong>Synthetisches Sporttape mit individuellem Logo<\/strong> wird nach professionellen medizinischen Standards gefertigt. Nachfolgend finden Sie die auf unsere OEM-Kunden zugeschnittenen technischen Parameter:<\/p>\n<table>\n<thead>\n<tr>\n<th style=\"text-align: left;\">Parameter<\/th>\n<th style=\"text-align: left;\">Spezifikationsdetails<\/th>\n<\/tr>\n<\/thead>\n<tbody>\n<tr>\n<td style=\"text-align: left;\"><strong>Produktname<\/strong><\/td>\n<td style=\"text-align: left;\"><strong>Kinesiologie-Tape aus Synthetikgewebe<\/strong><\/td>\n<\/tr>\n<tr>\n<td style=\"text-align: left;\"><strong>Material<\/strong><\/td>\n<td style=\"text-align: left;\">Hochwertiges synthetisches Rayon (gl\u00e4nzende\/reflektierende Oberfl\u00e4che)<\/td>\n<\/tr>\n<tr>\n<td style=\"text-align: left;\"><strong>Klebstoff<\/strong><\/td>\n<td style=\"text-align: left;\">Medizinisches, hitzeaktiviertes Acryl (latexfrei)<\/td>\n<\/tr>\n<tr>\n<td style=\"text-align: left;\"><strong>Anpassungsm\u00f6glichkeiten<\/strong><\/td>\n<td style=\"text-align: left;\"><strong>Sport-Tape mit individuellem Logo<\/strong> (Druck auf Stoff, Papier, Kern, Schachtel)<\/td>\n<\/tr>\n<tr>\n<td style=\"text-align: left;\"><strong>Breitenoptionen<\/strong><\/td>\n<td style=\"text-align: left;\"><strong>2,5 cm \/ 3,8 cm \/ 5 cm \/ 7,5 cm<\/strong> (Sonderbreiten verf\u00fcgbar)<\/td>\n<\/tr>\n<tr>\n<td style=\"text-align: left;\"><strong>L\u00e4nge<\/strong><\/td>\n<td style=\"text-align: left;\"><strong>5 m<\/strong> (Einzelhandelsstandard) oder individuelle L\u00e4ngen<\/td>\n<\/tr>\n<tr>\n<td style=\"text-align: left;\"><strong>Farben<\/strong><\/td>\n<td style=\"text-align: left;\"><strong>Hautfarben \/ Blau \/ Pink \/ Schwarz<\/strong> (Oder individuelle Pantone-Farbanpassung)<\/td>\n<\/tr>\n<tr>\n<td style=\"text-align: left;\"><strong>Elastizit\u00e4t<\/strong><\/td>\n<td style=\"text-align: left;\">160% \u2013 170% (Hohe Zugfestigkeit)<\/td>\n<\/tr>\n<tr>\n<td style=\"text-align: left;\"><strong>Atmungsaktivit\u00e4t<\/strong><\/td>\n<td style=\"text-align: left;\">Hoch (Synthetikfasern leiten Feuchtigkeit schnell ab)<\/td>\n<\/tr>\n<tr>\n<td style=\"text-align: left;\"><strong>Verpackung<\/strong><\/td>\n<td style=\"text-align: left;\"><strong>Gem\u00e4\u00df Kundenanforderungen<\/strong> (Vollst\u00e4ndiger OEM-Design-Support)<\/td>\n<\/tr>\n<\/tbody>\n<\/table>\n<h2 id=\"the-business-value-of-branded-tape\">Der gesch\u00e4ftliche Wert von Marken-Tapes<\/h2>\n<p>Warum in <strong>Rayon-Tape-Eigenmarken<\/strong> Produkte?<\/p>\n<ol>\n<li><strong>Markensichtbarkeit:<\/strong> Jedes Mal, wenn ein Athlet Ihr Tape im Fitnessstudio, bei einem Marathon oder einem CrossFit-Wettbewerb tr\u00e4gt, wirbt er bei einer relevanten Zielgruppe f\u00fcr Ihre Marke.<\/li>\n<li><strong>Kundenloyalit\u00e4t:<\/strong> Die Bereitstellung einer hohen Qualit\u00e4t, <strong>atmungsaktives Physio-Tape<\/strong> schafft Vertrauen. Wenn Anwender den \u00fcberlegenen Komfort und die Langlebigkeit unseres synthetischen Materials erleben, assoziieren sie diese Qualit\u00e4t mit Ihrem Markennamen.<\/li>\n<li><strong>H\u00f6here Margen:<\/strong> Der Verkauf Ihres eigenen Eigenmarkenprodukts erm\u00f6glicht es Ihnen, Preise und Margen besser zu kontrollieren als beim Wiederverkauf von Generika-Marken.<\/li>\n<\/ol>\n<h2 id=\"applications\">Anwendungen<\/h2>\n<p>Unsere <strong>Kinesiologie-Tape aus Synthetikgewebe<\/strong> ist vielseitig und eignet sich f\u00fcr:<\/p>\n<ul>\n<li><strong>Sportkliniken:<\/strong> Verbessern Sie Ihr professionelles Image, indem Sie Tape mit Klinik-Branding bei Patienten verwenden.<\/li>\n<li><strong>Fitnessstudios &amp; CrossFit-Boxen:<\/strong> Verkaufen Sie gebrandetes Tape am Empfang an Ihre Mitglieder.<\/li>\n<li><strong>Marathon- &amp; Triathlon-Veranstaltungen:<\/strong> Perfekt f\u00fcr Event-Merchandise dank seiner wasser- und schwei\u00dffesten Eigenschaften.<\/li>\n<\/ul>\n<h2 id=\"start-your-custom-order-today\">Starten Sie noch heute Ihre individuelle Bestellung<\/h2>\n<p>Bereit, Ihre eigene Premium-Linie zu lancieren <strong>atmungsaktives Physio-Tape<\/strong>? <strong>MediTapes<\/strong> ist hier, um Sie durch den gesamten Prozess zu begleiten, vom Design bis zur Lieferung.<\/p>\n<p>Geben Sie sich nicht mit Standardprodukten zufrieden. Werten Sie Ihr Unternehmen auf mit <strong>Synthetisches Sporttape mit individuellem Logo<\/strong> das so gut funktioniert, wie es aussieht.<\/p>\n<p><strong>Kontaktieren Sie uns f\u00fcr ein Angebot und einen Entwurf:<\/strong><\/p>\n<ul>\n<li><strong>E-Mail:<\/strong> <a href=\"mailto:info@meditapes.com\" target=\"_blank\" rel=\"noopener\">info@meditapes.com<\/a><\/li>\n<li><strong>Website:<\/strong> <a href=\"https:\/\/meditapes.com\/de\/\" target=\"_blank\" rel=\"noopener\">https:\/\/meditapes.com\/<\/a><\/li>\n<li><strong>Kontaktseite:<\/strong> <a href=\"https:\/\/meditapes.com\/de\/kontaktieren-sie-uns\/\" target=\"_blank\" rel=\"noopener\">https:\/\/meditapes.com\/contact-us\/<\/a><\/li>\n<\/ul>\n<p><strong>MediTapes<\/strong> \u2013 Ihr vertrauensw\u00fcrdiger Partner f\u00fcr <strong>OEM-Kinesiologie-Tape<\/strong> Herstellung.<\/p>","protected":false},"excerpt":{"rendered":"<p>St\u00e4rken Sie Ihre Marke mit synthetischem Sporttape mit individuellem Logo. Dieses aus atmungsaktiver Viskose gefertigte synthetische Physio-Tape bietet ein erstklassiges Tragegef\u00fchl und \u00fcberlegene Spannung. Wir bieten flexible Mindestbestellmengen und schnellen Versand f\u00fcr globale B2B-K\u00e4ufer. Kontaktieren Sie uns noch heute, um Ihr gebrandetes synthetisches Kinesiologie-Tape zu bestellen.<\/p>","protected":false},"featured_media":820,"template":"","meta":[],"product_brand":[28],"product_cat":[27,747],"product_tag":[791,790,762,792],"class_list":{"0":"post-819","1":"product","2":"type-product","3":"status-publish","4":"has-post-thumbnail","6":"product_brand-meditapes","7":"product_cat-kinesiology-tapes","8":"product_cat-synthetic-fabric-kinesiology-tape","9":"product_tag-breathable-physio-tape","10":"product_tag-custom-logo-sports-tape","11":"product_tag-oem-kinesiology-tape","12":"product_tag-rayon-tape-private-label","14":"first","15":"instock","16":"shipping-taxable","17":"product-type-simple"},"_links":{"self":[{"href":"https:\/\/meditapes.com\/de\/wp-json\/wp\/v2\/product\/819","targetHints":{"allow":["GET"]}}],"collection":[{"href":"https:\/\/meditapes.com\/de\/wp-json\/wp\/v2\/product"}],"about":[{"href":"https:\/\/meditapes.com\/de\/wp-json\/wp\/v2\/types\/product"}],"wp:featuredmedia":[{"embeddable":true,"href":"https:\/\/meditapes.com\/de\/wp-json\/wp\/v2\/media\/820"}],"wp:attachment":[{"href":"https:\/\/meditapes.com\/de\/wp-json\/wp\/v2\/media?parent=819"}],"wp:term":[{"taxonomy":"product_brand","embeddable":true,"href":"https:\/\/meditapes.com\/de\/wp-json\/wp\/v2\/product_brand?post=819"},{"taxonomy":"product_cat","embeddable":true,"href":"https:\/\/meditapes.com\/de\/wp-json\/wp\/v2\/product_cat?post=819"},{"taxonomy":"product_tag","embeddable":true,"href":"https:\/\/meditapes.com\/de\/wp-json\/wp\/v2\/product_tag?post=819"}],"curies":[{"name":"WP","href":"https:\/\/api.w.org\/{rel}","templated":true}]}}