{"id":811,"date":"2025-12-27T08:55:54","date_gmt":"2025-12-27T08:55:54","guid":{"rendered":"https:\/\/meditapes.com\/?post_type=product&#038;p=811"},"modified":"2025-12-27T08:55:55","modified_gmt":"2025-12-27T08:55:55","slug":"wholesale-synthetic-kinesiology-tape","status":"publish","type":"product","link":"https:\/\/meditapes.com\/de\/produkt\/wholesale-synthetic-kinesiology-tape\/","title":{"rendered":"Gro\u00dfhandel f\u00fcr Synthetik-Kinesiologie-Tape zur Unterst\u00fctzung im Elitesport"},"content":{"rendered":"<h1 id=\"wholesale-synthetic-kinesiology-tape-for-elite-sports-support\">Gro\u00dfhandel f\u00fcr Synthetik-Kinesiologie-Tape zur Unterst\u00fctzung im Elitesport<\/h1>\n<p>Bei <strong>MediTapes<\/strong>, wir verstehen, dass Profisportler und Mediziner mehr als nur Standardunterst\u00fctzung verlangen \u2013 sie ben\u00f6tigen leistungssteigernde Haltbarkeit. Unser <strong>synthetisches Kinesiologie-Tape<\/strong> wurde genau f\u00fcr diesen Zweck entwickelt. Im Gegensatz zu herk\u00f6mmlichen Baumwolltapes besteht dieses fortschrittliche <strong>Viskose-Sporttape<\/strong> aus synthetischen Mikrofasern und bietet \u00fcberlegene Festigkeit, ein elegantes, gl\u00e4nzendes Finish und au\u00dfergew\u00f6hnliche feuchtigkeitsableitende Eigenschaften.<\/p>\n<p>Egal, ob Sie eine Sportklinik, ein Physiotherapiezentrum oder ein medizinischer H\u00e4ndler sind, unser <strong>Kinesiologie-Tape aus Synthetikgewebe<\/strong> ist die ultimative L\u00f6sung f\u00fcr hochintensive Sportanwendungen, einschlie\u00dflich Schwimmen, Marathon und CrossFit.<\/p>\n<h2 id=\"why-choose-synthetic-over-cotton-\">Warum Synthetik statt Baumwolle w\u00e4hlen?<\/h2>\n<p>W\u00e4hrend Baumwolltapes hervorragend f\u00fcr den t\u00e4glichen Gebrauch geeignet sind, <strong>synthetisches Kinesiologie-Tape<\/strong> ist der Goldstandard f\u00fcr Elite-Leistungen. Der Hauptunterschied liegt im Material. Unser Tape besteht aus hochwertigem <strong>synthetischem Viskosegewebe<\/strong>, das die Eigenschaften von Seide imitiert.<\/p>\n<ul>\n<li><strong>H\u00f6here Elastizit\u00e4t:<\/strong> Die synthetischen Fasern bieten einen st\u00e4rkeren R\u00fccksto\u00df- oder Snap-Back-Effekt und bieten eine erh\u00f6hte dynamische Unterst\u00fctzung f\u00fcr Muskeln und Gelenke, ohne den Bewegungsspielraum einzuschr\u00e4nken.<\/li>\n<li><strong>\u00dcberlegene Wasserbest\u00e4ndigkeit:<\/strong> Baumwolle absorbiert Wasser; Viskose weist es ab. Dies macht unser <strong>synthetisches Tape<\/strong> schnelltrocknend und ideal f\u00fcr Wassersport oder starke Schwei\u00dfbildung.<\/li>\n<li><strong>L\u00e4ngere Tragezeit:<\/strong> Dank seiner feuchtigkeitsableitenden Eigenschaften und des fortschrittlichen Klebers h\u00e4lt dieses Tape bis zu 5-7 Tage lang sicher, selbst bei Duschen und intensiven Trainingseinheiten.<\/li>\n<li><strong>Elegante \u00c4sthetik:<\/strong> Die <strong>gl\u00e4nzendes Rayon<\/strong> Oberfl\u00e4che verleiht dem Tape ein hochwertiges, professionelles Aussehen, das auf dem Spielfeld hervorsticht.<\/li>\n<\/ul>\n<h2 id=\"key-features-benefits\">Hauptmerkmale &amp; Vorteile<\/h2>\n<h3 id=\"1-advanced-synthetic-rayon-material\">1. Hochentwickeltes synthetisches Rayon-Material<\/h3>\n<p>Unsere <strong>synthetisches Kinesiologie-Tape<\/strong> besteht aus 100% synthetischen Fasern. Dieses Material ist von Natur aus antimikrobiell und weniger volumin\u00f6s als Baumwolle und bietet ein Gef\u00fchl wie eine zweite Haut, das die Reibung an der Kleidung verringert. Die <strong>Viskose-Sporttape<\/strong> Konstruktion sorgt daf\u00fcr, dass das Tape seine Spannung und St\u00fctzwirkung \u00fcber l\u00e4ngere Zeitr\u00e4ume beibeh\u00e4lt.<\/p>\n<h3 id=\"2-medical-grade-acrylic-adhesive\">2. Medizinischer Acrylkleber<\/h3>\n<p>Die Haftung ist entscheidend f\u00fcr <strong>Physiotape im Gro\u00dfhandel<\/strong>. Wir verwenden einen w\u00e4rmeaktivierten, latexfreien Acrylkleber in medizinischer Qualit\u00e4t, der in einem Wellenmuster aufgetragen wird. Dieses Design erm\u00f6glicht es der Haut zu atmen und Feuchtigkeit zu entweichen, was eine Hautmazeration verhindert. Die Klebekraft ist optimiert f\u00fcr das <strong>synthetische Gewebe<\/strong>, was sicherstellt, dass es sich nicht vorzeitig abl\u00f6st, und es zu einem zuverl\u00e4ssigen <strong>Tape f\u00fcr Profisportler macht<\/strong>.<\/p>\n<h3 id=\"3-therapeutic-efficacy\">3. Therapeutische Wirksamkeit<\/h3>\n<p>Dieses Tape ist so konzipiert, dass es die Elastizit\u00e4t der menschlichen Haut nachahmt (Dehnung bis zu 160-170%). Durch mikroskopisches Anheben der Haut verbessert unser <strong>synthetisches Kinesiologie-Tape<\/strong> die Durchblutung und den Lymphabfluss und reduziert so effektiv Entz\u00fcndungen und Schmerzen in Muskeln und Gelenken.<\/p>\n<h3 id=\"4-versatile-applications\">4. Vielseitige Anwendungen<\/h3>\n<p>Perfekt f\u00fcr die Behandlung h\u00e4ufiger Sportverletzungen wie:<\/p>\n<ul>\n<li>L\u00e4uferknie<\/li>\n<li>Impingement-Syndrom der Schulter<\/li>\n<li>Plantarfasziitis<\/li>\n<li>Tennisarm<\/li>\n<li>Schienbeinkantensyndrom<\/li>\n<\/ul>\n<h2 id=\"product-specifications\">Produktspezifikationen<\/h2>\n<p>Wir bieten flexible Anpassungsm\u00f6glichkeiten, um den vielf\u00e4ltigen Anforderungen unserer B2B-Kunden gerecht zu werden. Nachfolgend finden Sie die technischen Standardparameter f\u00fcr unsere <strong>Kinesiologie-Tape aus Synthetikgewebe<\/strong>:<\/p>\n<table>\n<thead>\n<tr>\n<th style=\"text-align: left;\">Parameter<\/th>\n<th style=\"text-align: left;\">Spezifikation<\/th>\n<\/tr>\n<\/thead>\n<tbody>\n<tr>\n<td style=\"text-align: left;\"><strong>Produktname<\/strong><\/td>\n<td style=\"text-align: left;\"><strong>Kinesiologie-Tape aus Synthetikgewebe<\/strong><\/td>\n<\/tr>\n<tr>\n<td style=\"text-align: left;\"><strong>Material<\/strong><\/td>\n<td style=\"text-align: left;\">Hochwertige synthetische Rayonfasern (gl\u00e4nzendes Finish)<\/td>\n<\/tr>\n<tr>\n<td style=\"text-align: left;\"><strong>Klebstoff<\/strong><\/td>\n<td style=\"text-align: left;\">Medizinischer, latexfreier, hypoallergener Acrylkleber<\/td>\n<\/tr>\n<tr>\n<td style=\"text-align: left;\"><strong>Breite<\/strong><\/td>\n<td style=\"text-align: left;\"><strong>2,5 cm \/ 3,8 cm \/ 5 cm \/ 7,5 cm<\/strong> (Individuelle Gr\u00f6\u00dfen verf\u00fcgbar)<\/td>\n<\/tr>\n<tr>\n<td style=\"text-align: left;\"><strong>L\u00e4nge<\/strong><\/td>\n<td style=\"text-align: left;\"><strong>5 m<\/strong> (Standardrolle) oder ma\u00dfgeschneiderte Gro\u00dfrollen<\/td>\n<\/tr>\n<tr>\n<td style=\"text-align: left;\"><strong>Farboptionen<\/strong><\/td>\n<td style=\"text-align: left;\"><strong>Hautfarben \/ Blau \/ Pink \/ Schwarz<\/strong> (Weitere Farben auf Anfrage erh\u00e4ltlich)<\/td>\n<\/tr>\n<tr>\n<td style=\"text-align: left;\"><strong>Elastizit\u00e4t<\/strong><\/td>\n<td style=\"text-align: left;\">160% \u2013 170% Dehnf\u00e4higkeit<\/td>\n<\/tr>\n<tr>\n<td style=\"text-align: left;\"><strong>Wasserbest\u00e4ndigkeit<\/strong><\/td>\n<td style=\"text-align: left;\">Hoch (schnelltrocknend, zum Schwimmen geeignet)<\/td>\n<\/tr>\n<tr>\n<td style=\"text-align: left;\"><strong>Verpackung<\/strong><\/td>\n<td style=\"text-align: left;\"><strong>Gem\u00e4\u00df Kundenanforderungen<\/strong> (OEM\/ODM-Box-Design verf\u00fcgbar)<\/td>\n<\/tr>\n<tr>\n<td style=\"text-align: left;\"><strong>Zertifizierungen<\/strong><\/td>\n<td style=\"text-align: left;\">CE, ISO13485, FDA<\/td>\n<\/tr>\n<\/tbody>\n<\/table>\n<h2 id=\"customization-oem-services-private-label-\">Anpassungs- &amp; OEM-Dienstleistungen (Private Label)<\/h2>\n<p><strong>MediTapes<\/strong> spezialisiert sich auf OEM- und ODM-Dienstleistungen. Wir sind nicht nur ein Lieferant; wir sind Ihr Markenpartner.<\/p>\n<ul>\n<li><strong>Individueller Druck:<\/strong> Wir k\u00f6nnen Ihr Logo direkt auf das <strong>synthetisches Tape<\/strong> Gewebe oder das Tr\u00e4gerpapier drucken.<\/li>\n<li><strong>Individuelle Verpackung:<\/strong> Von Einzelrollenkartons bis hin zu klinischen Spendern mit mehreren Rollen entwerfen wir Verpackungen, die Ihren Einzelhandels- oder Vertriebsanforderungen entsprechen.<\/li>\n<li><strong>Farbanpassung:<\/strong> Ben\u00f6tigen Sie eine bestimmte Teamfarbe? Wir k\u00f6nnen <strong>Viskose-Sporttape<\/strong> in Pantone-Farben herstellen, die Ihrer Markenidentit\u00e4t entsprechen.<\/li>\n<\/ul>\n<h2 id=\"application-instructions\">Anwendungshinweise<\/h2>\n<p>Um die besten Ergebnisse mit unserem <strong>synthetisches Kinesiologie-Tape<\/strong>, zu erzielen, befolgen Sie diese Tipps:<\/p>\n<ol>\n<li><strong>Haut reinigen:<\/strong> Stellen Sie sicher, dass der Bereich frei von Lotionen, \u00d6len und Schmutz ist.<\/li>\n<li><strong>Haare trimmen:<\/strong> F\u00fcr eine bessere Haftung trimmen Sie \u00fcbersch\u00fcssiges Haar im Anwendungsbereich.<\/li>\n<li><strong>Ecken abrunden:<\/strong> Schneiden Sie die Ecken des Tapes rund zu, um ein Abl\u00f6sen zu verhindern.<\/li>\n<li><strong>Klebstoff aktivieren:<\/strong> Reiben Sie das Tape nach dem Auftragen kr\u00e4ftig ab, um den hitzeempfindlichen Kleber zu aktivieren.<\/li>\n<li><strong>Vorsichtig entfernen:<\/strong> Ziehen Sie das Tape langsam in Haarwuchsrichtung ab, verwenden Sie bei Bedarf Baby\u00f6l.<\/li>\n<\/ol>\n<h2 id=\"partner-with-meditapes\">Werden Sie Partner von MediTapes<\/h2>\n<p>Als f\u00fchrender Hersteller von <strong>Physiotape im Gro\u00dfhandel<\/strong>, <strong>MediTapes<\/strong> verpflichtet sich zu Qualit\u00e4t, Best\u00e4ndigkeit und wettbewerbsf\u00e4higen Preisen. Egal, ob Sie einen Krankenhausbestand auff\u00fcllen oder Ihre eigene Sporttape-Marke einf\u00fchren m\u00f6chten, wir verf\u00fcgen \u00fcber die entsprechenden Produktionskapazit\u00e4ten.<\/p>\n<p>Bereit, Ihre Produktlinie aufzuwerten mit erstklassiger <strong>Kinesiologie-Tape aus Synthetikgewebe<\/strong>?<\/p>\n<ul>\n<li><strong>E-Mail f\u00fcr ein Angebot:<\/strong> <a href=\"mailto:info@meditapes.com\">info@meditapes.com<\/a><\/li>\n<li><strong>Besuchen Sie unsere Kontaktseite:<\/strong> <a href=\"https:\/\/meditapes.com\/de\/kontaktieren-sie-uns\/\" target=\"_blank\" rel=\"noopener\">https:\/\/meditapes.com\/contact-us\/<\/a><\/li>\n<li><strong>Website:<\/strong> <a href=\"https:\/\/meditapes.com\/de\/\" target=\"_blank\" rel=\"noopener\">https:\/\/meditapes.com\/<\/a><\/li>\n<\/ul>\n<p>Geben Sie sich nicht mit durchschnittlichem Support zufrieden. W\u00e4hlen Sie <strong>MediTapes<\/strong> f\u00fcr das Beste in der <strong>synthetischen Kinesiologie-Tape-<\/strong> Technologie dar.<\/p>","protected":false},"excerpt":{"rendered":"<p>Synthetisches Kinesiologie-Tape bietet erstklassige Unterst\u00fctzung f\u00fcr Sportler. Hergestellt aus hochwertiger, gl\u00e4nzender Viskose, ist dieses synthetische Tape hochgradig atmungsaktiv und schnelltrocknend. Ideal f\u00fcr harte Trainingseinheiten, gew\u00e4hrleistet es eine lang anhaltende Haftung. Perfekt f\u00fcr Sportkliniken, die langlebige, leistungsstarke Bandagierungsl\u00f6sungen suchen.<\/p>","protected":false},"featured_media":812,"template":"","meta":[],"product_brand":[28],"product_cat":[27,747],"product_tag":[777,776,775,778],"class_list":{"0":"post-811","1":"product","2":"type-product","3":"status-publish","4":"has-post-thumbnail","6":"product_brand-meditapes","7":"product_cat-kinesiology-tapes","8":"product_cat-synthetic-fabric-kinesiology-tape","9":"product_tag-elite-athlete-tape","10":"product_tag-rayon-sports-tape","11":"product_tag-synthetic-kinesiology-tape","12":"product_tag-wholesale-physio-tape","14":"first","15":"instock","16":"shipping-taxable","17":"product-type-simple"},"_links":{"self":[{"href":"https:\/\/meditapes.com\/de\/wp-json\/wp\/v2\/product\/811","targetHints":{"allow":["GET"]}}],"collection":[{"href":"https:\/\/meditapes.com\/de\/wp-json\/wp\/v2\/product"}],"about":[{"href":"https:\/\/meditapes.com\/de\/wp-json\/wp\/v2\/types\/product"}],"wp:featuredmedia":[{"embeddable":true,"href":"https:\/\/meditapes.com\/de\/wp-json\/wp\/v2\/media\/812"}],"wp:attachment":[{"href":"https:\/\/meditapes.com\/de\/wp-json\/wp\/v2\/media?parent=811"}],"wp:term":[{"taxonomy":"product_brand","embeddable":true,"href":"https:\/\/meditapes.com\/de\/wp-json\/wp\/v2\/product_brand?post=811"},{"taxonomy":"product_cat","embeddable":true,"href":"https:\/\/meditapes.com\/de\/wp-json\/wp\/v2\/product_cat?post=811"},{"taxonomy":"product_tag","embeddable":true,"href":"https:\/\/meditapes.com\/de\/wp-json\/wp\/v2\/product_tag?post=811"}],"curies":[{"name":"WP","href":"https:\/\/api.w.org\/{rel}","templated":true}]}}