{"id":807,"date":"2025-12-27T08:16:00","date_gmt":"2025-12-27T08:16:00","guid":{"rendered":"https:\/\/meditapes.com\/?post_type=product&#038;p=807"},"modified":"2025-12-27T08:16:02","modified_gmt":"2025-12-27T08:16:02","slug":"kinesiologieband-mit-eigenem-logo","status":"publish","type":"product","link":"https:\/\/meditapes.com\/de\/produkt\/kinesiologieband-mit-eigenem-logo\/","title":{"rendered":"Kinesiologie-Tape aus Baumwolle mit individuellem Logo \u2013 Latexfreies Band zur Muskelunterst\u00fctzung"},"content":{"rendered":"<h1 id=\"custom-logo-kinesiology-tape-cotton-latex-free-muscle-support-tape\">Kinesiologie-Tape aus Baumwolle mit individuellem Logo \u2013 Latexfreies Band zur Muskelunterst\u00fctzung<\/h1>\n<p>Im wettbewerbsintensiven Markt der Sportmedizin ist Ihre Markenidentit\u00e4t Ihr st\u00e4rkstes Kapital. Bei <strong>MediTapes<\/strong>, unterst\u00fctzen wir Unternehmen dabei, diese Identit\u00e4t mit unseren erstklassigen <strong>individuellen Kinesiologie-Tape-<\/strong> Dienstleistungen aufzubauen. Wir sind nicht nur ein Hersteller; wir sind Ihr Partner bei der Erstellung eines Eigenmarkenprodukts, das im Regal auff\u00e4llt und auf dem Spielfeld \u00fcberzeugt.<\/p>\n<p>Durch die Kombination hochwertiger Materialien mit fortschrittlichen Anpassungsm\u00f6glichkeiten bieten wir ein <strong>Latexfreies Tape<\/strong> an, das eine \u00fcberlegene <strong>Muskelunterst\u00fctzung<\/strong> bietet und gleichzeitig Ihr einzigartiges Markenlogo pr\u00e4sentiert.<\/p>\n<h2 id=\"build-your-brand-comprehensive-private-label-solutions\">Bauen Sie Ihre Marke auf: Umfassende Eigenmarkenl\u00f6sungen<\/h2>\n<p>Warum generische Produkte verkaufen, wenn Sie Markenwert aufbauen k\u00f6nnen? Als spezialisierte Fabrik bietet MediTapes durchg\u00e4ngige <strong>Private-Label-Tape-<\/strong> L\u00f6sungen an. Wir erm\u00f6glichen es Ihnen, jeden Aspekt des Produkts anzupassen, um es mit Ihrer Corporate Identity in Einklang zu bringen.<\/p>\n<h3 id=\"1-custom-logo-printing-on-fabric\">1. Individueller Logodruck auf Stoff<\/h3>\n<p>Machen Sie Ihre Marke mit jedem angebrachten Streifen sichtbar. Wir verwenden fortschrittliche Drucktechnologie, um Ihr Logo direkt auf das Baumwollgewebe des Tapes aufzubringen.<\/p>\n<ul>\n<li><strong>Dezent oder auff\u00e4llig:<\/strong> W\u00e4hlen Sie zwischen diskreten Wiederholungsmustern oder markanten Einzelplatzierungen des Logos.<\/li>\n<li><strong>Farbanpassung:<\/strong> Wir stellen sicher, dass die Tintenfarben Ihren Branding-Richtlinien entsprechen und gleichzeitig sicher f\u00fcr den Hautkontakt sind.<\/li>\n<\/ul>\n<h3 id=\"2-branded-packaging-presentation\">2. Markengerechte Verpackung &amp; Pr\u00e4sentation<\/h3>\n<p>Das Auspackerlebnis ist entscheidend. Unsere <strong>Gro\u00dfhandel-Tape<\/strong> unser Service umfasst vollst\u00e4ndig anpassbare Verpackungsoptionen:<\/p>\n<ul>\n<li><strong>Innenkern:<\/strong> Drucken Sie Ihr Logo in den Papprollenkern.<\/li>\n<li><strong>Tr\u00e4gerpapier:<\/strong> Individueller Druck Ihres Logos oder von Gitterlinien auf dem Tr\u00e4gerpapier f\u00fcr ein professionelles Finish.<\/li>\n<li><strong>Verkaufsverpackungen:<\/strong> Von Einzelrollen-Kartons bis hin zu Mehrfachpack-Spendern produzieren wir Verpackungen <strong>gem\u00e4\u00df Kundenanforderungen<\/strong>.<\/li>\n<\/ul>\n<hr \/>\n<h2 id=\"premium-quality-latex-free-muscle-support\">Premium-Qualit\u00e4t: Latexfrei &amp; Muskelunterst\u00fctzung<\/h2>\n<p>W\u00e4hrend das Branding die Aufmerksamkeit der Kunden gewinnt, sorgt die Qualit\u00e4t daf\u00fcr, dass sie wiederkommen. Unser <strong>individuellen Kinesiologie-Tape-<\/strong> basiert auf der Grundlage unserer bew\u00e4hrten Technologie in medizinischer Qualit\u00e4t.<\/p>\n<ul>\n<li><strong>Sicherheit an erster Stelle (latexfrei):<\/strong> Haftung ist ein wichtiges Anliegen f\u00fcr Marken. Unser Tape verwendet einen Acrylkleber in medizinischer Qualit\u00e4t, der 100% ist <strong>Latexfrei<\/strong>. Dies stellt sicher, dass Ihr Markenprodukt hypoallergen und sicher f\u00fcr Anwender mit empfindlicher Haut ist, wodurch der Ruf Ihrer Marke gesch\u00fctzt wird.<\/li>\n<li><strong>Fortschrittliche Muskelunterst\u00fctzung:<\/strong> Die Kernfunktion unseres Tapes ist die Leistung. Hergestellt aus einer Mischung aus 97% Baumwolle und 3% Elasthan, bietet es eine Elastizit\u00e4t von 130-140%. Diese spezifische Spannung ahmt die menschliche Haut nach und bietet effektive <strong>Muskelunterst\u00fctzung<\/strong> und Gelenkstabilit\u00e4t f\u00fcr Sportler, die sich von einer Verletzung erholen oder ihre Leistung steigern m\u00f6chten.<\/li>\n<li><strong>Atmungsaktive Baumwolle:<\/strong> Das hochwertige Baumwollgewebe ist luftdurchl\u00e4ssig und feuchtigkeitsableitend, sodass das Tape auch bei Schwei\u00df und Duschen 3\u20135 Tage lang h\u00e4lt.<\/li>\n<\/ul>\n<hr \/>\n<h2 id=\"technical-specifications-customization-parameters\">Technische Spezifikationen &amp; Anpassungsparameter<\/h2>\n<p>Wir bieten eine breite Palette an Spezifikationen f\u00fcr Ihre Marktnische an. Nachfolgend finden Sie die anpassbaren Parameter f\u00fcr unser <strong>individuellen Kinesiologie-Tape-<\/strong>:<\/p>\n<table>\n<thead>\n<tr>\n<th style=\"text-align: left;\">Parameter<\/th>\n<th style=\"text-align: left;\">Spezifikation<\/th>\n<\/tr>\n<\/thead>\n<tbody>\n<tr>\n<td style=\"text-align: left;\"><strong>Produktname<\/strong><\/td>\n<td style=\"text-align: left;\"><strong>Kinesiologie-Tape aus Baumwollgewebe<\/strong><\/td>\n<\/tr>\n<tr>\n<td style=\"text-align: left;\"><strong>Material<\/strong><\/td>\n<td style=\"text-align: left;\">Premium-Baumwolle (97%) + Elasthan (3%)<\/td>\n<\/tr>\n<tr>\n<td style=\"text-align: left;\"><strong>Art der Individualisierung<\/strong><\/td>\n<td style=\"text-align: left;\"><strong>OEM \/ ODM \/ Eigenmarke<\/strong><\/td>\n<\/tr>\n<tr>\n<td style=\"text-align: left;\"><strong>Logo-Optionen<\/strong><\/td>\n<td style=\"text-align: left;\">Stoffdruck \/ Pappkerndruck \/ Tr\u00e4gerpapierdruck<\/td>\n<\/tr>\n<tr>\n<td style=\"text-align: left;\"><strong>Standardgr\u00f6\u00dfen<\/strong><\/td>\n<td style=\"text-align: left;\"><strong>2,5 cm \/ 3,8 cm \/ 5 cm \/ 7,5 cm<\/strong> (Breite) x <strong>5 m<\/strong> (L\u00e4nge)<\/td>\n<\/tr>\n<tr>\n<td style=\"text-align: left;\"><strong>Farboptionen<\/strong><\/td>\n<td style=\"text-align: left;\"><strong>Hautfarben \/ Blau \/ Pink \/ Schwarz<\/strong> (Individuelle Pantone-Anpassung m\u00f6glich)<\/td>\n<\/tr>\n<tr>\n<td style=\"text-align: left;\"><strong>Klebstoff<\/strong><\/td>\n<td style=\"text-align: left;\">Medizinischer Acrylkleber (<strong>Latexfrei<\/strong>)<\/td>\n<\/tr>\n<tr>\n<td style=\"text-align: left;\"><strong>Elastizit\u00e4t<\/strong><\/td>\n<td style=\"text-align: left;\">130% \u2013 140% Dehnung<\/td>\n<\/tr>\n<tr>\n<td style=\"text-align: left;\"><strong>Verpackung<\/strong><\/td>\n<td style=\"text-align: left;\"><strong>Gem\u00e4\u00df Kundenanforderungen<\/strong> (Unterst\u00fctzung bei individuellem Verpackungsdesign)<\/td>\n<\/tr>\n<\/tbody>\n<\/table>\n<hr \/>\n<h2 id=\"why-choose-meditapes-for-wholesale-tape-\">Warum MediTapes f\u00fcr den Klebeband-Gro\u00dfhandel w\u00e4hlen?<\/h2>\n<p>Die Beschaffung <strong>individuellen Kinesiologie-Tape-<\/strong> kann komplex sein, aber MediTapes vereinfacht den Prozess.<\/p>\n<ol>\n<li><strong>Preise direkt ab Werk:<\/strong> Durch den direkten Kontakt mit dem Hersteller vermeiden Sie H\u00e4ndleraufschl\u00e4ge. Unsere <strong>Gro\u00dfhandel-Tape<\/strong> Angebote sind darauf ausgelegt, Ihre Gewinnspannen zu maximieren.<\/li>\n<li><strong>Niedrige Mindestbestellmengen (MOQs) f\u00fcr das Branding:<\/strong> Wir verstehen, dass der Start einer Eigenmarkenlinie einsch\u00fcchternd sein kann. Wir bieten flexible Mindestbestellmengen (MOQs) an, damit Sie den Markt mit Ihrem Markenprodukt testen k\u00f6nnen.<\/li>\n<li><strong>Design-Unterst\u00fctzung:<\/strong> Sie haben kein Design-Team? Unsere hauseigenen Designer k\u00f6nnen Ihnen beim Layout Ihrer Verpackung und der Platzierung Ihres Logos helfen, um sicherzustellen, dass alles vor Produktionsbeginn professionell aussieht.<\/li>\n<\/ol>\n<h2 id=\"target-markets-for-private-label-tape\">Zielm\u00e4rkte f\u00fcr Private-Label-Tapes<\/h2>\n<p>Unsere <strong>Private-Label-Tape-<\/strong> Der Service ist ideal f\u00fcr:<\/p>\n<ul>\n<li><strong>Physiotherapie-Ketten:<\/strong> Verbessern Sie Ihr professionelles Image durch die Verwendung von Eigenmarken-Tapes bei Patienten.<\/li>\n<li><strong>CrossFit-Studios &amp; Sportteams:<\/strong> Verkaufen Sie Marken-Merchandise an Mitglieder.<\/li>\n<li><strong>E-Commerce-Verk\u00e4ufer (Amazon\/Shopify):<\/strong> Erstellen Sie ein einzigartiges Angebot, das Wettbewerber nicht kopieren k\u00f6nnen.<\/li>\n<li><strong>Medizinische H\u00e4ndler:<\/strong> Erweitern Sie Ihren Katalog um eine eigene Hausmarke.<\/li>\n<\/ul>\n<hr \/>\n<h2 id=\"start-your-custom-order-today\">Starten Sie noch heute Ihre individuelle Bestellung<\/h2>\n<p>Bereit, Ihre Vision in die Realit\u00e4t umzusetzen? Kontaktieren Sie <strong>MediTapes<\/strong> heute, um Ihre Designideen zu besprechen und ein wettbewerbsf\u00e4higes Angebot zu erhalten f\u00fcr <strong>individuellen Kinesiologie-Tape-<\/strong>. Lassen Sie uns die <strong>Muskelunterst\u00fctzung<\/strong> liefern, die Ihre Kunden ben\u00f6tigen, mit dem Branding, das Ihr Unternehmen verdient.<\/p>\n<p><strong>Holen Sie sich Ihr individuelles Angebot:<\/strong><\/p>\n<ul>\n<li><strong>Besuchen Sie unsere Website:<\/strong> <a href=\"https:\/\/meditapes.com\/de\/\" target=\"_blank\" rel=\"noopener\">https:\/\/meditapes.com\/<\/a><\/li>\n<li><strong>Kontaktieren Sie uns:<\/strong> <a href=\"https:\/\/meditapes.com\/de\/kontaktieren-sie-uns\/\" target=\"_blank\" rel=\"noopener\">https:\/\/meditapes.com\/contact-us\/<\/a><\/li>\n<li><strong>E-Mail:<\/strong> <a href=\"mailto:info@meditapes.com\" target=\"_blank\" rel=\"noopener\">info@meditapes.com<\/a><\/li>\n<\/ul>\n<p><strong>MediTapes \u2013 Ihr Partner f\u00fcr Private-Label-Sportmedizin.<\/strong><\/p>","protected":false},"excerpt":{"rendered":"<p>St\u00e4rken Sie Ihre Marke mit Kinesiologie-Tape mit individuellem Logo. Unser latexfreies Baumwolltape bietet exzellente Muskelunterst\u00fctzung ohne Irritationen. Wir sind auf die Eigenmarkenherstellung spezialisiert. W\u00e4hlen Sie aus verschiedenen Farben und Gr\u00f6\u00dfen. Kontaktieren Sie uns f\u00fcr Angebote zu Kinesiologie-Tape im Gro\u00dfhandel.<\/p>","protected":false},"featured_media":808,"template":"","meta":[],"product_brand":[28],"product_cat":[27,746],"product_tag":[769,85,770,89,416],"class_list":{"0":"post-807","1":"product","2":"type-product","3":"status-publish","4":"has-post-thumbnail","6":"product_brand-meditapes","7":"product_cat-kinesiology-tapes","8":"product_cat-cotton-fabric-kinesiology-tape","9":"product_tag-custom-kinesiology-tape","10":"product_tag-latex-free-tape","11":"product_tag-muscle-support","12":"product_tag-private-label-tape","13":"product_tag-wholesale-tape","15":"first","16":"instock","17":"shipping-taxable","18":"product-type-simple"},"_links":{"self":[{"href":"https:\/\/meditapes.com\/de\/wp-json\/wp\/v2\/product\/807","targetHints":{"allow":["GET"]}}],"collection":[{"href":"https:\/\/meditapes.com\/de\/wp-json\/wp\/v2\/product"}],"about":[{"href":"https:\/\/meditapes.com\/de\/wp-json\/wp\/v2\/types\/product"}],"wp:featuredmedia":[{"embeddable":true,"href":"https:\/\/meditapes.com\/de\/wp-json\/wp\/v2\/media\/808"}],"wp:attachment":[{"href":"https:\/\/meditapes.com\/de\/wp-json\/wp\/v2\/media?parent=807"}],"wp:term":[{"taxonomy":"product_brand","embeddable":true,"href":"https:\/\/meditapes.com\/de\/wp-json\/wp\/v2\/product_brand?post=807"},{"taxonomy":"product_cat","embeddable":true,"href":"https:\/\/meditapes.com\/de\/wp-json\/wp\/v2\/product_cat?post=807"},{"taxonomy":"product_tag","embeddable":true,"href":"https:\/\/meditapes.com\/de\/wp-json\/wp\/v2\/product_tag?post=807"}],"curies":[{"name":"WP","href":"https:\/\/api.w.org\/{rel}","templated":true}]}}