{"id":764,"date":"2025-12-25T13:21:40","date_gmt":"2025-12-25T13:21:40","guid":{"rendered":"https:\/\/meditapes.com\/?post_type=product&#038;p=764"},"modified":"2025-12-25T13:21:41","modified_gmt":"2025-12-25T13:21:41","slug":"rayon-rigid-tape-manufacturer","status":"publish","type":"product","link":"https:\/\/meditapes.com\/de\/produkt\/rayon-rigid-tape-manufacturer\/","title":{"rendered":"Hersteller f\u00fcr hautfarbenes Rayon-Starrtape \u2013 Atmungsaktives St\u00fctztape"},"content":{"rendered":"<h1 id=\"skin-color-rayon-rigid-tape-manufacturer-breathable-support-tape\">Hersteller f\u00fcr hautfarbenes Rayon-Starrtape \u2013 Atmungsaktives St\u00fctztape<\/h1>\n<p>Bei <strong>MediTapes<\/strong>, erkennen wir an, dass professionelle Sportmedizin mehr als nur Funktionalit\u00e4t erfordert; sie erfordert Pr\u00e4zision, Komfort und Anpassungsf\u00e4higkeit. Als erstklassiger <strong>Hersteller von Rayon-Starrtapes<\/strong>, sind wir stolz darauf, unser leistungsstarkes <strong>hautfarbenes Rayon-Starrtape<\/strong>. vorzustellen. Entwickelt f\u00fcr die diskrete Anwendung und \u00fcberragende Unterst\u00fctzung, ist dieses Produkt die ideale L\u00f6sung f\u00fcr Physiotherapiepraxen, Sportmannschaften und medizinische H\u00e4ndler, die ein zuverl\u00e4ssiges <strong>atmungsaktives St\u00fctztape suchen.<\/strong>.<\/p>\n<p>Ob Ihre Kunden Turner sind, die eine dezente Gelenkunterst\u00fctzung ben\u00f6tigen, oder Rugbyspieler, die eine starke Ruhigstellung brauchen \u2013 unser Rayon-Tape bietet die Zugfestigkeit eines starren Gurtes mit dem \u00e4sthetischen Vorteil eines neutralen Hauttons.<\/p>\n<h2 id=\"the-meditapes-difference-high-tensile-rayon-fabric\">Der MediTapes-Unterschied: Hochfestes Rayon-Gewebe<\/h2>\n<p>Im Gegensatz zu Standard-Baumwolltapes ist unser <strong>Rayon-Starrtape<\/strong> wird aus hochwertigen Rayon-Fasern (Viskose) hergestellt. Dieses halbsynthetische Material ist im medizinischen Bereich f\u00fcr sein au\u00dfergew\u00f6hnliches Verh\u00e4ltnis von Festigkeit zu Gewicht bekannt.<\/p>\n<ul>\n<li><strong>Keine Dehnung:<\/strong> Das entscheidende Merkmal unseres Tapes ist seine Starrheit. Es dehnt sich unter Spannung nicht, was es perfekt f\u00fcr die Korrektur der Gelenkausrichtung und die Begrenzung gef\u00e4hrlicher Bewegungsbereiche macht.<\/li>\n<li><strong>\u00dcberlegene Haltbarkeit:<\/strong> Rayon-Fasern sind resistent gegen Ausfransen und behalten ihre strukturelle Integrit\u00e4t selbst bei intensivstem k\u00f6rperlichem Kontakt bei.<\/li>\n<\/ul>\n<h2 id=\"key-features-of-our-skin-color-sports-tape\">Hauptmerkmale unseres hautfarbenen Sporttapes<\/h2>\n<h3 id=\"1-discrete-and-professional-aesthetics\">1. Diskrete und professionelle \u00c4sthetik<\/h3>\n<p>Unsere <strong>Hautfarbenes Sporttape<\/strong> (oft als tan- oder beigefarbenes Tape bezeichnet) ist speziell darauf ausgelegt, mit dem nat\u00fcrlichen Hautton zu verschmelzen. Dies macht es zur bevorzugten Wahl f\u00fcr:<\/p>\n<ul>\n<li><strong>\u00c4sthetische Sportarten:<\/strong> Eiskunstlauf, Gymnastik und Tanz, bei denen sichtbares wei\u00dfes Tape von der Darbietung ablenken k\u00f6nnte.<\/li>\n<li><strong>Allt\u00e4gliche Physiotherapie:<\/strong> Patienten, die f\u00fcr t\u00e4gliche Aktivit\u00e4ten St\u00fctzverb\u00e4nde ben\u00f6tigen, bevorzugen oft eine unauff\u00e4lligere Farbe als das herk\u00f6mmliche helle Wei\u00df.<\/li>\n<\/ul>\n<h3 id=\"2-advanced-breathability-and-comfort\">2. Fortgeschrittene Atmungsaktivit\u00e4t und Komfort<\/h3>\n<p>Eine der gr\u00f6\u00dften Herausforderungen bei starren Tapes ist die Hautmazeration (Aufweichen der Haut durch eingeschlossene Feuchtigkeit). Als spezialisierter <strong>Hersteller von atmungsaktiven Tapes<\/strong>, hat MediTapes eine por\u00f6se Gewebestruktur entwickelt. Diese erm\u00f6glicht es Schwei\u00df und Feuchtigkeit, durch das Tape zu verdunsten, wodurch die darunter liegende Haut trocken und gesund bleibt. Diese Eigenschaft ist entscheidend f\u00fcr das langfristige Tragen oder f\u00fcr Athleten, die in hei\u00dfen, feuchten Umgebungen antreten.<\/p>\n<h3 id=\"3-medical-grade-adhesion\">3. Medizinische Klebekraft<\/h3>\n<p>Wir verwenden einen leistungsstarken, hypoallergenen Klebstoff (typischerweise auf Zinkoxidbasis), der sicherstellt, dass das Tape vom ersten Anpfiff bis zum abschlie\u00dfenden Cooldown fixiert bleibt.<\/p>\n<ul>\n<li><strong>Schwei\u00dfresistent:<\/strong> Die Klebeverbindung verst\u00e4rkt sich durch K\u00f6rperw\u00e4rme und h\u00e4lt Schwei\u00df stand, ohne sich zu l\u00f6sen.<\/li>\n<li><strong>Sichere Fixierung:<\/strong> Es bietet den n\u00f6tigen \u201cHalt\u201d f\u00fcr McConnell-Taping-Techniken, insbesondere f\u00fcr die Patellaf\u00fchrung (Knie) und die Schulterstabilit\u00e4t.<\/li>\n<\/ul>\n<h3 id=\"4-user-friendly-serrated-edge\">4. Benutzerfreundlicher Zackenrand<\/h3>\n<p>Effizienz ist entscheidend. Unser <strong>Rayon-Starrtape<\/strong> verf\u00fcgt \u00fcber einen pr\u00e4zisen <strong>gezackten Rand<\/strong> (Zickzack-Schnitt). Dies erm\u00f6glicht es Trainern und Therapeuten, das Tape leicht von Hand zu rei\u00dfen \u2013 sowohl l\u00e4ngs als auch quer \u2013 ohne nach einer Schere suchen zu m\u00fcssen, was den Taping-Prozess erheblich rationalisiert.<\/p>\n<h2 id=\"product-specifications\">Produktspezifikationen<\/h2>\n<p>Wir bieten vollst\u00e4ndige Anpassungen an Ihre Marktanforderungen an. Nachfolgend finden Sie die detaillierten technischen Parameter unseres <strong>Sporttape aus Viskosegewebe<\/strong>:<\/p>\n<table>\n<thead>\n<tr>\n<th style=\"text-align: left;\">Merkmal<\/th>\n<th style=\"text-align: left;\">Spezifikationsdetails<\/th>\n<\/tr>\n<\/thead>\n<tbody>\n<tr>\n<td style=\"text-align: left;\"><strong>Produktname<\/strong><\/td>\n<td style=\"text-align: left;\"><strong>Rayon-Gewebe-Sporttape \/ Starres Rayon-Tape<\/strong><\/td>\n<\/tr>\n<tr>\n<td style=\"text-align: left;\"><strong>Material<\/strong><\/td>\n<td style=\"text-align: left;\">Hochzugfestes Viskosegewebe (Rayon)<\/td>\n<\/tr>\n<tr>\n<td style=\"text-align: left;\"><strong>Breitenoptionen<\/strong><\/td>\n<td style=\"text-align: left;\"><strong>1,25 cm \/ 2,5 cm \/ 3,8 cm \/ 5 cm<\/strong><\/td>\n<\/tr>\n<tr>\n<td style=\"text-align: left;\"><strong>L\u00e4nge<\/strong><\/td>\n<td style=\"text-align: left;\"><strong>13,7 m<\/strong> (Standard)<\/td>\n<\/tr>\n<tr>\n<td style=\"text-align: left;\"><strong>Kantentyp<\/strong><\/td>\n<td style=\"text-align: left;\"><strong>Gezackter Rand<\/strong> (Leicht rei\u00dfbar)<\/td>\n<\/tr>\n<tr>\n<td style=\"text-align: left;\"><strong>Farben<\/strong><\/td>\n<td style=\"text-align: left;\"><strong>Hautfarben (Tan\/Beige) \/ Wei\u00df<\/strong><\/td>\n<\/tr>\n<tr>\n<td style=\"text-align: left;\"><strong>Klebstoff<\/strong><\/td>\n<td style=\"text-align: left;\">Zinkoxid \/ Hotmelt (stark, langlebig)<\/td>\n<\/tr>\n<tr>\n<td style=\"text-align: left;\"><strong>Atmungsaktivit\u00e4t<\/strong><\/td>\n<td style=\"text-align: left;\">Hoch (por\u00f6se Gewebestruktur)<\/td>\n<\/tr>\n<tr>\n<td style=\"text-align: left;\"><strong>Verpackung<\/strong><\/td>\n<td style=\"text-align: left;\"><strong>Gem\u00e4\u00df Kundenanforderungen<\/strong> (OEM-Karton, kundenspezifischer Kern)<\/td>\n<\/tr>\n<\/tbody>\n<\/table>\n<h2 id=\"oem-private-label-services\">OEM &amp; Eigenmarken-Services<\/h2>\n<p><strong>MediTapes<\/strong> ist nicht nur ein Lieferant; wir sind Ihr Fertigungspartner. Wir verstehen, dass Branding f\u00fcr Ihr Gesch\u00e4ftswachstum essenziell ist. Als erfahrener <strong>Hersteller von Rayon-Starrtapes<\/strong>, bieten wir umfassende OEM-L\u00f6sungen an:<\/p>\n<ul>\n<li><strong>Individueller Kerndruck:<\/strong> Pr\u00e4sentieren Sie Ihr Logo im Inneren jeder Klebebandrolle.<\/li>\n<li><strong>Ma\u00dfgeschneiderte Verpackung:<\/strong> Wir k\u00f6nnen Schachteln, Blisterpackungen oder Umkartons entwerfen und produzieren, die Ihrer Markenidentit\u00e4t entsprechen.<\/li>\n<li><strong>Flexible Mengen:<\/strong> Egal, ob Sie ein Startup sind, das kleine Mindestbestellmengen sucht, oder ein multinationaler Distributor, der Containerladungen ben\u00f6tigt \u2013 wir skalieren unsere Produktion nach Ihren Bed\u00fcrfnissen.<\/li>\n<\/ul>\n<h2 id=\"applications\">Anwendungen<\/h2>\n<p>Unsere <strong>Hautfarbenes Sporttape<\/strong> ist vielseitig einsetzbar und unverzichtbar f\u00fcr:<\/p>\n<ul>\n<li><strong>Gelenkimmobilisierung:<\/strong> Kn\u00f6chel, Knie, Finger und Handgelenke.<\/li>\n<li><strong>Bandunterst\u00fctzung:<\/strong> Schutz von AC-Gelenken sowie MCL\/LCL-B\u00e4ndern.<\/li>\n<li><strong>Korrektur-Taping:<\/strong> Ideal f\u00fcr unelastische Taping-Techniken, die eine starke mechanische Kraft erfordern, um die K\u00f6rperhaltung oder die Gelenkf\u00fchrung zu korrigieren.<\/li>\n<\/ul>\n<h2 id=\"partner-with-a-trusted-manufacturer\">Arbeiten Sie mit einem vertrauensw\u00fcrdigen Hersteller zusammen<\/h2>\n<p>Geben Sie sich nicht mit Standardqualit\u00e4t zufrieden. W\u00e4hlen Sie <strong>MediTapes<\/strong> f\u00fcr ein <strong>atmungsaktives St\u00fctztape suchen.<\/strong> , auf das sich Ihre Kunden verlassen k\u00f6nnen. Wir kombinieren Fertigungskompetenz mit dem Engagement f\u00fcr exzellenten Kundenservice, um eine nahtlose Lieferkette zu gew\u00e4hrleisten.<\/p>\n<p><strong>Bereit, Ihre Marke mit unserem erstklassigen Rayon Rigid Tape aufzubauen?<\/strong><\/p>\n<ul>\n<li><strong>Besuchen Sie unsere Website:<\/strong> <a href=\"https:\/\/meditapes.com\/de\/\" target=\"_blank\" rel=\"noopener\">https:\/\/meditapes.com\/<\/a><\/li>\n<li><strong>Kontaktieren Sie unser Vertriebsteam:<\/strong> <a href=\"https:\/\/meditapes.com\/de\/kontaktieren-sie-uns\/\" target=\"_blank\" rel=\"noopener\">https:\/\/meditapes.com\/contact-us\/<\/a><\/li>\n<li><strong>Schreiben Sie uns direkt per E-Mail:<\/strong> <a href=\"mailto:info@meditapes.com\" target=\"_blank\" rel=\"noopener\">info@meditapes.com<\/a><\/li>\n<\/ul>\n<p><strong>MediTapes<\/strong> \u2013 Ihr Expertenpartner f\u00fcr hochleistungsf\u00e4higes medizinisches Strapping.<\/p>","protected":false},"excerpt":{"rendered":"<p>Als f\u00fchrender Hersteller von Rayon-Starrtapes bieten wir ma\u00dfgeschneiderte Verpackungen f\u00fcr hautfarbenes Tape an. Dieses atmungsaktive St\u00fctztape verhindert Feuchtigkeitsansammlungen bei gleichzeitiger Beibehaltung der Festigkeit. Werden Sie unser Partner f\u00fcr erstklassige OEM-Rayon-Starrtape-L\u00f6sungen f\u00fcr Ihre Marke.<\/p>","protected":false},"featured_media":765,"template":"","meta":[],"product_brand":[28],"product_cat":[23,634],"product_tag":[688,686,685,687],"class_list":{"0":"post-764","1":"product","2":"type-product","3":"status-publish","4":"has-post-thumbnail","6":"product_brand-meditapes","7":"product_cat-sports-tapes","8":"product_cat-rayon-fabric-sports-tape","9":"product_tag-breathable-tape-manufacturer","10":"product_tag-rayon-rigid-tape","11":"product_tag-skin-color-rayon-rigid-tape","12":"product_tag-skin-color-sports-tape","14":"first","15":"instock","16":"shipping-taxable","17":"product-type-simple"},"_links":{"self":[{"href":"https:\/\/meditapes.com\/de\/wp-json\/wp\/v2\/product\/764","targetHints":{"allow":["GET"]}}],"collection":[{"href":"https:\/\/meditapes.com\/de\/wp-json\/wp\/v2\/product"}],"about":[{"href":"https:\/\/meditapes.com\/de\/wp-json\/wp\/v2\/types\/product"}],"wp:featuredmedia":[{"embeddable":true,"href":"https:\/\/meditapes.com\/de\/wp-json\/wp\/v2\/media\/765"}],"wp:attachment":[{"href":"https:\/\/meditapes.com\/de\/wp-json\/wp\/v2\/media?parent=764"}],"wp:term":[{"taxonomy":"product_brand","embeddable":true,"href":"https:\/\/meditapes.com\/de\/wp-json\/wp\/v2\/product_brand?post=764"},{"taxonomy":"product_cat","embeddable":true,"href":"https:\/\/meditapes.com\/de\/wp-json\/wp\/v2\/product_cat?post=764"},{"taxonomy":"product_tag","embeddable":true,"href":"https:\/\/meditapes.com\/de\/wp-json\/wp\/v2\/product_tag?post=764"}],"curies":[{"name":"WP","href":"https:\/\/api.w.org\/{rel}","templated":true}]}}