{"id":758,"date":"2025-12-25T13:08:05","date_gmt":"2025-12-25T13:08:05","guid":{"rendered":"https:\/\/meditapes.com\/?post_type=product&#038;p=758"},"modified":"2025-12-25T13:08:07","modified_gmt":"2025-12-25T13:08:07","slug":"sportband-aus-viskose-im-groshandel","status":"publish","type":"product","link":"https:\/\/meditapes.com\/de\/produkt\/sportband-aus-viskose-im-groshandel\/","title":{"rendered":"Hochbelastbares Viskose-Sporttape Gro\u00dfhandel \u2013 Starres Tape zur Gelenkstabilisierung"},"content":{"rendered":"<h1 id=\"heavy-duty-rayon-sports-tape-wholesale-rigid-strapping-for-joints\">Hochbelastbares Viskose-Sporttape Gro\u00dfhandel \u2013 Starres Tape zur Gelenkstabilisierung<\/h1>\n<p>Bei <strong>MediTapes<\/strong>, wir verstehen, dass Profisportler und Physiotherapeuten ein H\u00f6chstma\u00df an Unterst\u00fctzung verlangen. Unser <strong>strapazierf\u00e4higes Rayon-Sporttape<\/strong> wurde entwickelt, um diese strengen Standards zu erf\u00fcllen. Als erstklassige <strong>Rayon-Sporttape-Gro\u00dfhandelsl\u00f6sung<\/strong> ist dieses Produkt der Goldstandard f\u00fcr die starre Immobilisierung. Es ist darauf ausgelegt, st\u00e4rksten physischen Belastungen standzuhalten und gleichzeitig eine zuverl\u00e4ssige Gelenkstabilisierung zu gew\u00e4hrleisten.<\/p>\n<p>Im Gegensatz zu Standard-Baumwolltapes ist unser <strong>unelastisches Strapping-Tape<\/strong> wird aus hochfestem Rayon-Gewebe hergestellt. Diese Materialwahl ist entscheidend f\u00fcr Anwendungen, die keinerlei Dehnung erfordern, wie etwa das ber\u00fchmte <strong>McConnell-Taping<\/strong> zur Korrektur des Patellalaufs (Knie) oder bei Schulterinstabilit\u00e4t. Ob Sie ein medizinischer Gro\u00dfh\u00e4ndler, ein Sportvereinsausstatter oder eine Eigenmarke sind \u2013 MediTapes liefert die Qualit\u00e4t, der Ihre Kunden vertrauen k\u00f6nnen.<\/p>\n<h2 id=\"why-choose-rayon-over-cotton-\">Warum Rayon statt Baumwolle?<\/h2>\n<p>Bei der Beschaffung von <strong>strapazierf\u00e4higem Sporttape<\/strong>, macht das Material den entscheidenden Unterschied. Rayon (Kunstseide) bietet eine deutlich h\u00f6here Zugfestigkeit im Vergleich zu Baumwolle.<\/p>\n<ul>\n<li><strong>\u00dcberlegene Festigkeit:<\/strong> Es dehnt sich unter Spannung nicht, wodurch sichergestellt wird, dass das getapte Gelenk strikt immobilisiert bleibt.<\/li>\n<li><strong>Atmungsaktivit\u00e4t:<\/strong> Das por\u00f6se Gewebe l\u00e4sst Schwei\u00df verdunsten und reduziert so Hautmazerationen bei l\u00e4ngerem Gebrauch.<\/li>\n<li><strong>Haltbarkeit:<\/strong> Es ist resistent gegen Ausfransen und beh\u00e4lt seine strukturelle Integrit\u00e4t auch unter nassen oder feuchten Bedingungen bei.<\/li>\n<\/ul>\n<h2 id=\"key-features-of-meditapes-rayon-rigid-tape\">Hauptmerkmale von MediTapes Rayon Rigid Tape<\/h2>\n<h3 id=\"1-high-performance-zinc-oxide-adhesive\">1. Hochleistungs-Zinkoxid-Klebstoff<\/h3>\n<p>Unser Tape verwendet eine hochwertige Klebstoffformulierung (oft als Zinkoxid-Tape bezeichnet). Dies gew\u00e4hrleistet eine starke Anfangshaftung und langanhaltenden Halt. Es ist so konzipiert, dass es bei schwei\u00dftreibenden Aktivit\u00e4ten wie Rugby, Fu\u00dfball oder Marathonl\u00e4ufen an Ort und Stelle bleibt, aber dennoch sanft genug ist, um Hautreizungen beim Entfernen zu minimieren.<\/p>\n<h3 id=\"2-serrated-edge-for-quick-application\">2. Gezackter Rand f\u00fcr schnelle Anwendung<\/h3>\n<p>Effizienz ist am Spielfeldrand entscheidend. Unser <strong>Rayon-Sporttape<\/strong> verf\u00fcgt \u00fcber einen Pr\u00e4zisionsschnitt <strong>gezackten Rand<\/strong>. Dies erm\u00f6glicht es Athletiktrainern und Physiotherapeuten, das Tape von Hand zu rei\u00dfen \u2013 sowohl l\u00e4ngs als auch quer \u2013, ohne eine Schere zu ben\u00f6tigen. Diese \u201cEasy Tear\u201d-Funktion beschleunigt den Taping-Prozess erheblich.<\/p>\n<h3 id=\"3-versatile-application\">3. Vielseitige Anwendung<\/h3>\n<p>Dies <strong>starres Strapping-Tape<\/strong> wird prim\u00e4r verwendet f\u00fcr:<\/p>\n<ul>\n<li><strong>Gelenkfixierung:<\/strong> Ruhigstellung von Kn\u00f6cheln, Knien, Fingern und Schultern zur Vorbeugung von Verstauchungen.<\/li>\n<li><strong>Korrektur-Taping:<\/strong> Ideal f\u00fcr McConnell-Taping-Techniken zur Korrektur des Patellalaufs.<\/li>\n<li><strong>Bandunterst\u00fctzung:<\/strong> Bereitstellung eines externen \u201cBandes\u201d zum Schutz von gesch\u00e4digtem Gewebe w\u00e4hrend der Erholung.<\/li>\n<\/ul>\n<h2 id=\"product-specifications\">Produktspezifikationen<\/h2>\n<p>Nachfolgend finden Sie die detaillierten technischen Parameter unseres <strong>Sporttape aus Viskosegewebe<\/strong>. Wir bieten umfassende Anpassungsm\u00f6glichkeiten an, um Ihren Marktanforderungen gerecht zu werden.<\/p>\n<table>\n<thead>\n<tr>\n<th style=\"text-align: left;\">Parameter<\/th>\n<th style=\"text-align: left;\">Spezifikationsdetails<\/th>\n<\/tr>\n<\/thead>\n<tbody>\n<tr>\n<td style=\"text-align: left;\"><strong>Produktname<\/strong><\/td>\n<td style=\"text-align: left;\"><strong>Viskose-Sporttape \/ Starres St\u00fctztape<\/strong><\/td>\n<\/tr>\n<tr>\n<td style=\"text-align: left;\"><strong>Material<\/strong><\/td>\n<td style=\"text-align: left;\">Hochzugfestes Viskosegewebe (unelastisch)<\/td>\n<\/tr>\n<tr>\n<td style=\"text-align: left;\"><strong>Breitenoptionen<\/strong><\/td>\n<td style=\"text-align: left;\">1,25 cm, 2,5 cm, 3,8 cm, 5 cm (anpassbar)<\/td>\n<\/tr>\n<tr>\n<td style=\"text-align: left;\"><strong>L\u00e4nge<\/strong><\/td>\n<td style=\"text-align: left;\">13,7 m (Standard) oder individuelle L\u00e4nge<\/td>\n<\/tr>\n<tr>\n<td style=\"text-align: left;\"><strong>Kantentyp<\/strong><\/td>\n<td style=\"text-align: left;\"><strong>Gezackter Rand<\/strong> (Zick-Zack-Schnitt f\u00fcr einfaches Abrei\u00dfen)<\/td>\n<\/tr>\n<tr>\n<td style=\"text-align: left;\"><strong>Verf\u00fcgbare Farben<\/strong><\/td>\n<td style=\"text-align: left;\"><strong>Wei\u00df \/ Hautfarben (Tan\/Beige)<\/strong><\/td>\n<\/tr>\n<tr>\n<td style=\"text-align: left;\"><strong>Klebstoff<\/strong><\/td>\n<td style=\"text-align: left;\">Hot Melt oder Zinkoxid (latexfreie Optionen verf\u00fcgbar)<\/td>\n<\/tr>\n<tr>\n<td style=\"text-align: left;\"><strong>Verpackung<\/strong><\/td>\n<td style=\"text-align: left;\"><strong>Gem\u00e4\u00df Kundenanforderungen<\/strong> (Einzelkarton, Blisterpackung, Gro\u00dfverpackung)<\/td>\n<\/tr>\n<\/tbody>\n<\/table>\n<h2 id=\"oem-private-label-services\">OEM &amp; Eigenmarken-Services<\/h2>\n<p>Als engagierter B2B-Partner, <strong>MediTapes<\/strong> spezialisiert auf <strong>Rayon-Sporttape-Gro\u00dfhandelsl\u00f6sung<\/strong> Bestellungen. Wir verkaufen nicht nur Klebeband; wir bauen Marken auf.<\/p>\n<ul>\n<li><strong>Individueller Kerndruck:<\/strong> Wir k\u00f6nnen Ihr Logo auf die Innenseite des Pappkerns des Klebebandes drucken.<\/li>\n<li><strong>Individuelle Verpackung:<\/strong> Von Einzelkartons bis hin zu Umkartons entwerfen wir Verpackungen, die im Regal auffallen.<\/li>\n<li><strong>Flexible Gr\u00f6\u00dfen:<\/strong> W\u00e4hrend unsere Standardl\u00e4nge 13,7 m betr\u00e4gt und die Breiten von 1,25 cm bis 5 cm reichen, k\u00f6nnen wir diese Abmessungen an spezifische medizinische oder sportliche Anforderungen anpassen.<\/li>\n<\/ul>\n<h2 id=\"comparison-rayon-rigid-tape-vs-kinesiology-tape\">Vergleich: Rayon Rigid Tape vs. Kinesiologie-Tape<\/h2>\n<p>F\u00fcr Gro\u00dfh\u00e4ndler ist es wichtig, ihre Kunden \u00fcber den Unterschied aufzukl\u00e4ren.<\/p>\n<ul>\n<li><strong>Kinesiologie-Tape:<\/strong> Elastisch, ahmt die Haut nach, entwickelt zur F\u00f6rderung von Bewegung und Durchblutung.<\/li>\n<li><strong>Rayon Rigid Strapping Tape (Unser Produkt):<\/strong> Nicht elastisch, hohe Zugfestigkeit, entwickelt um <strong>einzuschr\u00e4nken<\/strong> Bewegung und Gelenke zu stabilisieren.<br \/>\nWenn Ihre Kunden auf der Suche nach <strong>hochbelastbarem Sporttape<\/strong> sind, um ein Gelenk zu fixieren, ist Rayon die einzige professionelle Wahl.<\/li>\n<\/ul>\n<h2 id=\"application-guide-for-wholesalers\">Anwendungsleitfaden f\u00fcr Gro\u00dfh\u00e4ndler<\/h2>\n<p>Um die Leistungsf\u00e4higkeit unseres Tapes zu maximieren, empfehlen wir, den Endanwendern Folgendes zu raten:<\/p>\n<ol>\n<li>Reinigen und trocknen Sie die Haut vor der Anwendung.<\/li>\n<li>Verwenden Sie eine Schaumstoff-Unterwicklung, wenn der Sportler empfindliche Haut hat.<\/li>\n<li>Bringen Sie das Tape fest an und streichen Sie es glatt, um den Klebstoff zu aktivieren.<\/li>\n<\/ol>\n<h2 id=\"partner-with-meditapes\">Werden Sie Partner von MediTapes<\/h2>\n<p>Sichern Sie Ihre Lieferkette mit einem Hersteller, der Qualit\u00e4t und Best\u00e4ndigkeit priorisiert. Ganz gleich, ob Sie eine Containerladung <strong>wei\u00dfes Rayon-Tape<\/strong> oder eine Testbestellung von <strong>hautfarbenem starrem Tape<\/strong>, ben\u00f6tigen, MediTapes ist bereit, Ihr Gesch\u00e4ftswachstum zu unterst\u00fctzen.<\/p>\n<p><strong>Bereit, eine Bestellung aufzugeben oder ein Muster anzufordern?<\/strong><\/p>\n<ul>\n<li><strong>Besuchen Sie unsere Website:<\/strong> <a href=\"https:\/\/meditapes.com\/de\/\" target=\"_blank\" rel=\"noopener\">https:\/\/meditapes.com\/<\/a><\/li>\n<li><strong>Kontaktieren Sie unser Vertriebsteam:<\/strong> <a href=\"https:\/\/meditapes.com\/de\/kontaktieren-sie-uns\/\" target=\"_blank\" rel=\"noopener\">https:\/\/meditapes.com\/contact-us\/<\/a><\/li>\n<li><strong>Schreiben Sie uns direkt per E-Mail:<\/strong> <a href=\"mailto:info@meditapes.com\" target=\"_blank\" rel=\"noopener\">info@meditapes.com<\/a><\/li>\n<\/ul>\n<p>Gehen Sie keine Kompromisse bei der Sicherheit der Spieler ein. W\u00e4hlen Sie <strong>MediTapes<\/strong> f\u00fcr professionelle Qualit\u00e4t <strong>unelastisches Strapping-Tape<\/strong>.<\/p>","protected":false},"excerpt":{"rendered":"<p>Unser strapazierf\u00e4higes Rayon-Sporttape bietet eine \u00fcberlegene Zugfestigkeit zur Gelenkstabilisierung. Dieses starre Tape ist ideal f\u00fcr Gro\u00dfh\u00e4ndler und verf\u00fcgt \u00fcber einen Zick-Zack-Rand f\u00fcr eine einfache Anwendung. Sichern Sie sich noch heute Ihren Bestand mit unserem leistungsstarken Rayon-Sporttape.<\/p>","protected":false},"featured_media":759,"template":"","meta":[],"product_brand":[28],"product_cat":[23,634],"product_tag":[679,677,678,283],"class_list":{"0":"post-758","1":"product","2":"type-product","3":"status-publish","4":"has-post-thumbnail","6":"product_brand-meditapes","7":"product_cat-sports-tapes","8":"product_cat-rayon-fabric-sports-tape","9":"product_tag-heavy-duty-athletic-tape","10":"product_tag-heavy-duty-rayon-sports-tape","11":"product_tag-rayon-sports-tape-wholesale","12":"product_tag-rigid-strapping-tape","14":"first","15":"instock","16":"shipping-taxable","17":"product-type-simple"},"_links":{"self":[{"href":"https:\/\/meditapes.com\/de\/wp-json\/wp\/v2\/product\/758","targetHints":{"allow":["GET"]}}],"collection":[{"href":"https:\/\/meditapes.com\/de\/wp-json\/wp\/v2\/product"}],"about":[{"href":"https:\/\/meditapes.com\/de\/wp-json\/wp\/v2\/types\/product"}],"wp:featuredmedia":[{"embeddable":true,"href":"https:\/\/meditapes.com\/de\/wp-json\/wp\/v2\/media\/759"}],"wp:attachment":[{"href":"https:\/\/meditapes.com\/de\/wp-json\/wp\/v2\/media?parent=758"}],"wp:term":[{"taxonomy":"product_brand","embeddable":true,"href":"https:\/\/meditapes.com\/de\/wp-json\/wp\/v2\/product_brand?post=758"},{"taxonomy":"product_cat","embeddable":true,"href":"https:\/\/meditapes.com\/de\/wp-json\/wp\/v2\/product_cat?post=758"},{"taxonomy":"product_tag","embeddable":true,"href":"https:\/\/meditapes.com\/de\/wp-json\/wp\/v2\/product_tag?post=758"}],"curies":[{"name":"WP","href":"https:\/\/api.w.org\/{rel}","templated":true}]}}